{"id":514,"date":"2025-10-14T06:19:24","date_gmt":"2025-10-14T06:19:24","guid":{"rendered":"https:\/\/origin-of-cigar.com\/?page_id=514"},"modified":"2025-11-27T14:01:39","modified_gmt":"2025-11-27T14:01:39","slug":"kubanische-zigarren-geschichte","status":"publish","type":"page","link":"https:\/\/origin-of-cigar.com\/fr\/kubanische-zigarren-geschichte\/","title":{"rendered":"Kubanische Zigarren \u2013 Geschichte, Reviews und Erlebnisse"},"content":{"rendered":"<h3 class=\"wp-block-heading\">Kubanische Zigarren: Erhalten Sie einzigartige Einblicke in die Geschichte und Welt der kubanischen Zigarren! F\u00fcr alle, die ihre Leidenschaft vertiefen und Hintergr\u00fcnde verstehen m\u00f6chten. \u27a1\ufe0f <a href=\"https:\/\/origin-of-cigar.com\/fr\/subscribe\/\">Jetzt VIP Newsletter entdecken<\/a><\/h3>\n\n\n\n<div style=\"height:35px\" aria-hidden=\"true\" class=\"wp-block-spacer\"><\/div>\n\n\n\n<p class=\"has-background\" style=\"background-color:#d0d0d0\">Tipp: Lese unsere <strong>Serie \u201eHistory Kuba Zigarren\u201c \u2013 Eine 6-teilige dokumentarische Reise durch die Geschichte der Habanos.<\/strong> <strong>\ud83d\udc49<a href=\"https:\/\/origin-of-cigar.com\/fr\/histoire-cuba-cigares-serie-start\/\">Vers l'aper\u00e7u g\u00e9n\u00e9ral de la s\u00e9rie<\/a><\/strong>.<\/p>\n\n\n\n<div style=\"height:35px\" aria-hidden=\"true\" class=\"wp-block-spacer\"><\/div>\n\n\n\n<h2 class=\"wp-block-heading\">Mehr als ein Online-Magazin \u2013 eine Zeitreise<\/h2>\n\n\n\n<p>Von den Tabakfeldern in Pinar del R\u00edo bis zu den Salons Havannas: Origin Of Cigar bringt Ihnen Geschichten, historische Dokumente und spannende Hintergr\u00fcnde, die sonst verborgen bleiben.<\/p>\n\n\n\n<div style=\"height:50px\" aria-hidden=\"true\" class=\"wp-block-spacer\"><\/div>\n\n\n\n<figure class=\"wp-block-image size-full\"><img loading=\"lazy\" decoding=\"async\" width=\"1000\" height=\"666\" src=\"https:\/\/origin-of-cigar.com\/wp-content\/uploads\/2025\/10\/Claudia-und-Vasilij_\u00a9csf-321_0030_b_2.jpg\" alt=\"Kubanische Zigarren \/ Vasilij Ratej &amp; Claudia Puszkar, das Herausgeberduo von Origin Of Cigar. \" class=\"wp-image-955\" srcset=\"https:\/\/origin-of-cigar.com\/wp-content\/uploads\/2025\/10\/Claudia-und-Vasilij_\u00a9csf-321_0030_b_2.jpg 1000w, https:\/\/origin-of-cigar.com\/wp-content\/uploads\/2025\/10\/Claudia-und-Vasilij_\u00a9csf-321_0030_b_2-300x200.jpg 300w, https:\/\/origin-of-cigar.com\/wp-content\/uploads\/2025\/10\/Claudia-und-Vasilij_\u00a9csf-321_0030_b_2-768x511.jpg 768w, https:\/\/origin-of-cigar.com\/wp-content\/uploads\/2025\/10\/Claudia-und-Vasilij_\u00a9csf-321_0030_b_2-18x12.jpg 18w, https:\/\/origin-of-cigar.com\/wp-content\/uploads\/2025\/10\/Claudia-und-Vasilij_\u00a9csf-321_0030_b_2-624x416.jpg 624w\" sizes=\"auto, (max-width: 1000px) 100vw, 1000px\" \/><\/figure>\n\n\n\n<div style=\"height:10px\" aria-hidden=\"true\" class=\"wp-block-spacer\"><\/div>\n\n\n\n<h5 class=\"wp-block-heading\">Claudia Puszkar &amp; Vasilij Ratej, das Herausgeberduo von <em>Origin Of Cigar<\/em>. <\/h5>\n\n\n\n<div style=\"height:50px\" aria-hidden=\"true\" class=\"wp-block-spacer\"><\/div>\n\n\n\n<h2 class=\"wp-block-heading\">Warum Origin Of Cigar?<\/h2>\n\n\n\n<p>\u2705 <strong>Markengeschichten<\/strong> \u2013 wie Legenden wie Partag\u00e1s, Cohiba oder Montecristo entstanden.<br>\u2705 <strong>Historische Einblicke<\/strong> \u2013 seltene Dokumente, tiefe Recherchen, spannende Fakten.<br>\u2705 <strong>Tiefe statt Oberfl\u00e4che<\/strong> \u2013 wir beleuchten die Seele der kubanischen Zigarre.<br>\u2705 <strong>Community-Charakter<\/strong> \u2013 werden Sie Teil einer weltweiten Bewegung von Kuba-Zigarren Aficionados.<\/p>\n\n\n\n<h2 class=\"wp-block-heading\">F\u00fcr wen ist Origin Of Cigar gedacht?<\/h2>\n\n\n\n<ul class=\"wp-block-list\">\n<li>F\u00fcr Genie\u00dfer, die mehr wollen als nur rauchen.<\/li>\n\n\n\n<li>F\u00fcr Einsteiger, die den wahren Wert einer Zigarre verstehen m\u00f6chten.<\/li>\n\n\n\n<li>F\u00fcr alle, die sp\u00fcren: Eine Zigarre ist mehr als Tabak \u2013 sie ist Kultur, Geschichte und Emotion.<\/li>\n<\/ul>\n\n\n\n<h2 class=\"wp-block-heading\">Tauchen Sie tiefer in die Welt der Habanos ein<\/h2>\n\n\n\n<p>Lesen Sie die neuesten Markengeschichten, entdecken Sie spannende Hintergr\u00fcnde und erleben Sie Kuba Zigarren mit v\u00f6llig neuen Augen.<\/p>\n\n\n\n<p>\u27a1\ufe0f <a href=\"https:\/\/origin-of-cigar.com\/fr\/jour\/marques\/\">Jetzt die Artikel lesen<\/a><\/p>\n\n\n\n<h2 class=\"wp-block-heading\">Bleiben Sie am Puls der Zigarre<\/h2>\n\n\n\n<p>Melden Sie sich f\u00fcr den <strong>Origin Of Cigar Newsletter<\/strong> an und verpassen Sie keine neuen Entdeckungen.<br>Als Dankesch\u00f6n erhalten Sie das <strong>kostenlose Tasting-Tool-PDF<\/strong>, mit dem Sie Zigarren klarer und intensiver analysiersen.<\/p>\n\n\n\n<p>\u27a1\ufe0f <a href=\"https:\/\/origin-of-cigar.com\/fr\/subscribe\/\">Newsletter abonnieren und Tasting-Tool sichern<\/a><\/p>\n\n\n\n<p><\/p>","protected":false},"excerpt":{"rendered":"<p>Kubanische Zigarren: Erhalten Sie einzigartige Einblicke in die Geschichte und Welt der kubanischen Zigarren! F\u00fcr alle, die ihre Leidenschaft vertiefen und Hintergr\u00fcnde verstehen m\u00f6chten. \u27a1\ufe0f&hellip;<\/p>","protected":false},"author":2,"featured_media":0,"parent":0,"menu_order":0,"comment_status":"closed","ping_status":"closed","template":"","meta":{"om_disable_all_campaigns":false,"_glsr_average":0,"_glsr_ranking":0,"_glsr_reviews":0,"footnotes":""},"class_list":["post-514","page","type-page","status-publish","hentry"],"jetpack_sharing_enabled":true,"_links":{"self":[{"href":"https:\/\/origin-of-cigar.com\/fr\/wp-json\/wp\/v2\/pages\/514","targetHints":{"allow":["GET"]}}],"collection":[{"href":"https:\/\/origin-of-cigar.com\/fr\/wp-json\/wp\/v2\/pages"}],"about":[{"href":"https:\/\/origin-of-cigar.com\/fr\/wp-json\/wp\/v2\/types\/page"}],"author":[{"embeddable":true,"href":"https:\/\/origin-of-cigar.com\/fr\/wp-json\/wp\/v2\/users\/2"}],"replies":[{"embeddable":true,"href":"https:\/\/origin-of-cigar.com\/fr\/wp-json\/wp\/v2\/comments?post=514"}],"version-history":[{"count":15,"href":"https:\/\/origin-of-cigar.com\/fr\/wp-json\/wp\/v2\/pages\/514\/revisions"}],"predecessor-version":[{"id":1817,"href":"https:\/\/origin-of-cigar.com\/fr\/wp-json\/wp\/v2\/pages\/514\/revisions\/1817"}],"wp:attachment":[{"href":"https:\/\/origin-of-cigar.com\/fr\/wp-json\/wp\/v2\/media?parent=514"}],"curies":[{"name":"wp","href":"https:\/\/api.w.org\/{rel}","templated":true}]}}