{"id":2773,"date":"2026-04-24T14:58:07","date_gmt":"2026-04-24T14:58:07","guid":{"rendered":"https:\/\/origin-of-cigar.com\/?page_id=2773"},"modified":"2026-04-24T15:03:22","modified_gmt":"2026-04-24T15:03:22","slug":"photos-histoire-de-bolivar","status":"publish","type":"page","link":"https:\/\/origin-of-cigar.com\/fr\/fotos-geschichte-kubanischer-zigarrenmarken\/fotos-bolivar-geschichte\/","title":{"rendered":"Photos Histoire de Bol\u00edvar"},"content":{"rendered":"<h2 class=\"wp-block-heading\">Photos<\/h2>\n\n\n\n<p>Les cigares Bol\u00edvar sont synonymes d'ar\u00f4mes intenses, de m\u00e9langes de tabac puissants et d'une longue tradition \u00e0 La Havane. Leur fabrication se fait encore aujourd'hui dans la manufacture Partag\u00e1s. Le lien avec l'histoire de Sim\u00f3n Bol\u00edvar ainsi que leur force caract\u00e9ristique en font l'une des marques les plus distinctives parmi les Habanos.<\/p>\n\n\n\n<figure class=\"wp-block-image size-full\"><img loading=\"lazy\" decoding=\"async\" width=\"1000\" height=\"894\" src=\"https:\/\/origin-of-cigar.com\/wp-content\/uploads\/2026\/04\/OOC-Bolivar-0-Logo-1.jpg\" alt=\"Sim\u00f3n Bol\u00edvar, El Libertador, le lib\u00e9rateur de l&#039;Am\u00e9rique du Sud ou de l&#039;Am\u00e9rique latine. Par son effigie sur les bo\u00eetes de cigares, il est encore pr\u00e9sent aujourd&#039;hui.\" class=\"wp-image-2742\" srcset=\"https:\/\/origin-of-cigar.com\/wp-content\/uploads\/2026\/04\/OOC-Bolivar-0-Logo-1.jpg 1000w, https:\/\/origin-of-cigar.com\/wp-content\/uploads\/2026\/04\/OOC-Bolivar-0-Logo-1-300x268.jpg 300w, https:\/\/origin-of-cigar.com\/wp-content\/uploads\/2026\/04\/OOC-Bolivar-0-Logo-1-768x687.jpg 768w, https:\/\/origin-of-cigar.com\/wp-content\/uploads\/2026\/04\/OOC-Bolivar-0-Logo-1-13x12.jpg 13w, https:\/\/origin-of-cigar.com\/wp-content\/uploads\/2026\/04\/OOC-Bolivar-0-Logo-1-624x558.jpg 624w\" sizes=\"auto, (max-width: 1000px) 100vw, 1000px\" \/><\/figure>\n\n\n\n<h2 class=\"wp-block-heading\">Histoire<\/h2>\n\n\n\n<p>La marque Bol\u00edvar a \u00e9t\u00e9 enregistr\u00e9e officiellement en 1921, bien que ses origines remontent \u00e0 1900. Apr\u00e8s son rachat par la famille Cifuentes, elle s'est d\u00e9velopp\u00e9e pour devenir une marque de cigares de renomm\u00e9e internationale. Sa production a \u00e9t\u00e9 transf\u00e9r\u00e9e \u00e0 la manufacture Partag\u00e1s et fa\u00e7onne encore aujourd'hui sa r\u00e9putation.<\/p>\n\n\n\n<p>\ud83d\udc49 <strong><a href=\"https:\/\/origin-of-cigar.com\/fr\/histoire-de-bolivar\/\">Lisez maintenant \ud83d\udc49 Cigares Bol\u00edvar \u2013 une ic\u00f4ne puissante du monde des Habanos avec une histoire fascinante<\/a><\/strong><\/p>\n\n\n<style type=\"text\/css\">\n#foogallery-gallery-2756.fg-masonry .fg-item { width: 250px; }\n#foogallery-gallery-2756.fg-masonry { --fg-gutter: 10px; }<\/style>\n\t\t\t<div class=\"foogallery foogallery-container foogallery-masonry foogallery-lightbox-foogallery fg-center fg-masonry fg-ready fg-dark fg-border-medium fg-round-small fg-shadow-outline fg-loading-default fg-loaded-fade-in fg-hover-semi-zoomed fg-captions-bottom fg-hover-fade fg-hover-zoom4 fg-fixed\" id=\"foogallery-gallery-2756\" data-foogallery=\"{&quot;panel&quot;:{&quot;buttons&quot;:{&quot;download&quot;:false}},&quot;item&quot;:{&quot;showCaptionTitle&quot;:true,&quot;showCaptionDescription&quot;:true},&quot;lazy&quot;:true,&quot;template&quot;:{&quot;columnWidth&quot;:250,&quot;gutter&quot;:10}}\" data-foogallery-lightbox=\"{&quot;theme&quot;:&quot;fg-dark&quot;,&quot;thumbs&quot;:&quot;bottom&quot;,&quot;thumbsCaptions&quot;:false,&quot;thumbsBestFit&quot;:false,&quot;thumbsSmall&quot;:false,&quot;thumbsCaptionsAlign&quot;:&quot;default&quot;,&quot;info&quot;:&quot;bottom&quot;,&quot;infoVisible&quot;:true,&quot;infoOverlay&quot;:true,&quot;infoAlign&quot;:&quot;default&quot;,&quot;transition&quot;:&quot;fade&quot;,&quot;hoverButtons&quot;:false,&quot;fitMedia&quot;:false,&quot;noScrollbars&quot;:true,&quot;preserveButtonSpace&quot;:true,&quot;buttons&quot;:{&quot;fullscreen&quot;:true,&quot;info&quot;:true,&quot;thumbs&quot;:false,&quot;download&quot;:false},&quot;video&quot;:{&quot;autoPlay&quot;:true}}\" style=\"--fg-title-line-clamp: 1; --fg-description-line-clamp: 2;\" >\n\t\t<div class=\"fg-item fg-type-image fg-idle\"><figure class=\"fg-item-inner\"><a href=\"https:\/\/origin-of-cigar.com\/wp-content\/uploads\/2026\/04\/OOC-Bolivar-0-Logo-1.jpg\" data-caption-desc=\"Sim\u00f3n Bol\u00edvar, El Libertador, der Befreier S\u00fcd- oder Lateinamerikas. Durch seine Abbildung auf den Zigarrenkisten ist er auch heute noch pr\u00e4sent.\" data-attachment-id=\"2742\" data-type=\"image\" class=\"fg-thumb\"><span class=\"fg-image-wrap\"><img fetchpriority=\"high\" decoding=\"async\" alt=\"Sim\u00f3n Bol\u00edvar, El Libertador, le lib\u00e9rateur de l&#039;Am\u00e9rique du Sud ou de l&#039;Am\u00e9rique latine. Par son effigie sur les bo\u00eetes de cigares, il est encore pr\u00e9sent aujourd&#039;hui.\" width=\"250\" height=\"224\" class=\"skip-lazy fg-image\" data-src-fg=\"https:\/\/origin-of-cigar.com\/wp-content\/uploads\/cache\/2026\/04\/OOC-Bolivar-0-Logo-1\/3918460154.jpg\" src=\"data:image\/svg+xml,%3Csvg%20xmlns%3D%22http%3A%2F%2Fwww.w3.org%2F2000%2Fsvg%22%20width%3D%22250%22%20height%3D%22224%22%20viewBox%3D%220%200%20250%20224%22%3E%3C%2Fsvg%3E\" loading=\"eager\"><\/span><span class=\"fg-image-overlay\"><\/span><\/a><figcaption class=\"fg-caption\"><div class=\"fg-caption-inner\"><div class=\"fg-caption-desc\">Sim\u00f3n Bol\u00edvar, El Libertador, le lib\u00e9rateur de l'Am\u00e9rique du Sud ou de l'Am\u00e9rique latine. Par son effigie sur les bo\u00eetes de cigares, il est encore pr\u00e9sent aujourd'hui.<\/div><\/div><\/figcaption><\/figure><div class=\"fg-loader\"><\/div><\/div><div class=\"fg-item fg-type-image fg-idle\"><figure class=\"fg-item-inner\"><a href=\"https:\/\/origin-of-cigar.com\/wp-content\/uploads\/2026\/04\/OOC-Bolivar-0-Logo-2.jpg\" data-caption-desc=\"Die Marke Bol\u00edvar wurde offiziell 1921 registriert.\" data-attachment-id=\"2743\" data-type=\"image\" class=\"fg-thumb\"><span class=\"fg-image-wrap\"><img decoding=\"async\" alt=\"La marque Bol\u00edvar a \u00e9t\u00e9 officiellement enregistr\u00e9e en 1921.\" width=\"250\" height=\"151\" class=\"skip-lazy fg-image\" data-src-fg=\"https:\/\/origin-of-cigar.com\/wp-content\/uploads\/cache\/2026\/04\/OOC-Bolivar-0-Logo-2\/1533321204.jpg\" src=\"data:image\/svg+xml,%3Csvg%20xmlns%3D%22http%3A%2F%2Fwww.w3.org%2F2000%2Fsvg%22%20width%3D%22250%22%20height%3D%22151%22%20viewBox%3D%220%200%20250%20151%22%3E%3C%2Fsvg%3E\" loading=\"eager\"><\/span><span class=\"fg-image-overlay\"><\/span><\/a><figcaption class=\"fg-caption\"><div class=\"fg-caption-inner\"><div class=\"fg-caption-desc\">La marque Bol\u00edvar a \u00e9t\u00e9 officiellement enregistr\u00e9e en 1921.<\/div><\/div><\/figcaption><\/figure><div class=\"fg-loader\"><\/div><\/div><div class=\"fg-item fg-type-image fg-idle\"><figure class=\"fg-item-inner\"><a href=\"https:\/\/origin-of-cigar.com\/wp-content\/uploads\/2026\/04\/OOC-Bolivar-1-Zigarren-1.jpg\" data-caption-desc=\"Von der Marke Bol\u00edvar gibt es eine ganze Reihe von Sondereditionen, wie diese Reserva von 2016; aber auch f\u00fcr eine Edici\u00f3n Regional, bisher schon mehr als 30 mal, wird die Marke Bol\u00edvar gern genommen.\" data-attachment-id=\"2744\" data-type=\"image\" class=\"fg-thumb\"><span class=\"fg-image-wrap\"><img decoding=\"async\" alt=\"La marque Bol\u00edvar compte toute une s\u00e9rie d&#039;\u00e9ditions sp\u00e9ciales, comme cette Reserva de 2016 ; mais pour une Edici\u00f3n Regional, d\u00e9j\u00e0 plus de 30 fois, la marque Bol\u00edvar est \u00e9galement appr\u00e9ci\u00e9e.\" width=\"250\" height=\"378\" class=\"skip-lazy fg-image\" data-src-fg=\"https:\/\/origin-of-cigar.com\/wp-content\/uploads\/cache\/2026\/04\/OOC-Bolivar-1-Zigarren-1\/3391126794.jpg\" src=\"data:image\/svg+xml,%3Csvg%20xmlns%3D%22http%3A%2F%2Fwww.w3.org%2F2000%2Fsvg%22%20width%3D%22250%22%20height%3D%22378%22%20viewBox%3D%220%200%20250%20378%22%3E%3C%2Fsvg%3E\" loading=\"eager\"><\/span><span class=\"fg-image-overlay\"><\/span><\/a><figcaption class=\"fg-caption\"><div class=\"fg-caption-inner\"><div class=\"fg-caption-desc\">La marque Bol\u00edvar compte toute une s\u00e9rie d'\u00e9ditions sp\u00e9ciales, comme cette Reserva de 2016 ; mais pour une Edici\u00f3n Regional, d\u00e9j\u00e0 plus de 30 fois, la marque Bol\u00edvar est \u00e9galement appr\u00e9ci\u00e9e.<\/div><\/div><\/figcaption><\/figure><div class=\"fg-loader\"><\/div><\/div><div class=\"fg-item fg-type-image fg-idle\"><figure class=\"fg-item-inner\"><a href=\"https:\/\/origin-of-cigar.com\/wp-content\/uploads\/2026\/04\/OOC-Bolivar-1-Zigarren-2.jpg\" data-caption-desc=\"Die Bol\u00edvar Belicosos Finos, eine Piramide mit 52er Ringma\u00df und 140 mm L\u00e4nge, geh\u00f6rt mit zu den absoluten Klassikern der Marke.\" data-attachment-id=\"2745\" data-type=\"image\" class=\"fg-thumb\"><span class=\"fg-image-wrap\"><img decoding=\"async\" alt=\"Les Bol\u00edvar Belicosos Finos, une pyramide avec un calibre 52 et 140 mm de long, font partie des classiques absolus de la marque.\" width=\"250\" height=\"290\" class=\"skip-lazy fg-image\" data-src-fg=\"https:\/\/origin-of-cigar.com\/wp-content\/uploads\/cache\/2026\/04\/OOC-Bolivar-1-Zigarren-2\/3639886088.jpg\" src=\"data:image\/svg+xml,%3Csvg%20xmlns%3D%22http%3A%2F%2Fwww.w3.org%2F2000%2Fsvg%22%20width%3D%22250%22%20height%3D%22290%22%20viewBox%3D%220%200%20250%20290%22%3E%3C%2Fsvg%3E\" loading=\"eager\"><\/span><span class=\"fg-image-overlay\"><\/span><\/a><figcaption class=\"fg-caption\"><div class=\"fg-caption-inner\"><div class=\"fg-caption-desc\">Les Bol\u00edvar Belicosos Finos, une pyramide avec un calibre 52 et 140 mm de long, font partie des classiques absolus de la marque.<\/div><\/div><\/figcaption><\/figure><div class=\"fg-loader\"><\/div><\/div><div class=\"fg-item fg-type-image fg-idle\"><figure class=\"fg-item-inner\"><a href=\"https:\/\/origin-of-cigar.com\/wp-content\/uploads\/2026\/04\/OOC-Bolivar-1-Zigarren-3.jpg\" data-caption-desc=\"Auch f\u00fcr Sonderserien f\u00fcr die \u201eLa Casa del Habano\u201c wird die Marke Bol\u00edvar gerne genutzt.\" data-attachment-id=\"2746\" data-type=\"image\" class=\"fg-thumb\"><span class=\"fg-image-wrap\"><img decoding=\"async\" alt=\"La marque Bol\u00edvar est \u00e9galement souvent utilis\u00e9e pour les s\u00e9ries sp\u00e9ciales destin\u00e9es aux \u201e La Casa del Habano \u201c.\" width=\"250\" height=\"166\" class=\"skip-lazy fg-image\" data-src-fg=\"https:\/\/origin-of-cigar.com\/wp-content\/uploads\/cache\/2026\/04\/OOC-Bolivar-1-Zigarren-3\/1807879156.jpg\" src=\"data:image\/svg+xml,%3Csvg%20xmlns%3D%22http%3A%2F%2Fwww.w3.org%2F2000%2Fsvg%22%20width%3D%22250%22%20height%3D%22166%22%20viewBox%3D%220%200%20250%20166%22%3E%3C%2Fsvg%3E\" loading=\"eager\"><\/span><span class=\"fg-image-overlay\"><\/span><\/a><figcaption class=\"fg-caption\"><div class=\"fg-caption-inner\"><div class=\"fg-caption-desc\">La marque Bol\u00edvar est \u00e9galement souvent utilis\u00e9e pour les s\u00e9ries sp\u00e9ciales destin\u00e9es aux \u201e La Casa del Habano \u201c.<\/div><\/div><\/figcaption><\/figure><div class=\"fg-loader\"><\/div><\/div><div class=\"fg-item fg-type-image fg-idle\"><figure class=\"fg-item-inner\"><a href=\"https:\/\/origin-of-cigar.com\/wp-content\/uploads\/2026\/04\/OOC-Bolivar-1-Zigarren-4.jpg\" data-caption-desc=\"Edici\u00f3n Limitadas der Marke Bol\u00edvar hat es schon mehrere gegeben, diese ist aus dem Jahr 2014.\" data-attachment-id=\"2747\" data-type=\"image\" class=\"fg-thumb\"><span class=\"fg-image-wrap\"><img decoding=\"async\" alt=\"Il y a eu plusieurs \u00e9ditions limit\u00e9es de la marque Bol\u00edvar, celle-ci est de 2014.\" width=\"250\" height=\"199\" class=\"skip-lazy fg-image\" data-src-fg=\"https:\/\/origin-of-cigar.com\/wp-content\/uploads\/cache\/2026\/04\/OOC-Bolivar-1-Zigarren-4\/4250679564.jpg\" src=\"data:image\/svg+xml,%3Csvg%20xmlns%3D%22http%3A%2F%2Fwww.w3.org%2F2000%2Fsvg%22%20width%3D%22250%22%20height%3D%22199%22%20viewBox%3D%220%200%20250%20199%22%3E%3C%2Fsvg%3E\" loading=\"eager\"><\/span><span class=\"fg-image-overlay\"><\/span><\/a><figcaption class=\"fg-caption\"><div class=\"fg-caption-inner\"><div class=\"fg-caption-desc\">Il y a eu plusieurs \u00e9ditions limit\u00e9es de la marque Bol\u00edvar, celle-ci est de 2014.<\/div><\/div><\/figcaption><\/figure><div class=\"fg-loader\"><\/div><\/div><div class=\"fg-item fg-type-image fg-idle\"><figure class=\"fg-item-inner\"><a href=\"https:\/\/origin-of-cigar.com\/wp-content\/uploads\/2026\/04\/OOC-Bolivar-2-Miguel-1.jpg\" data-caption-desc=\"Der erste Firmensitz der Marke Bol\u00edvar befand sich auf der Calle San Miguel No. 100. Auch Por Larra\u00f1aga, Partag\u00e1s und H. Upmann hatten ihren ersten eingetragenen Firmensitz auf dieser Stra\u00dfe. Im Laufe der Jahre gab es in dieser Stra\u00dfe mehr als 20 verschiedene Manufakturen, allerdings in der Regel kleinere.\" data-attachment-id=\"2748\" data-type=\"image\" class=\"fg-thumb\"><span class=\"fg-image-wrap\"><img decoding=\"async\" alt=\"Le premier si\u00e8ge social de la marque Bol\u00edvar \u00e9tait situ\u00e9 Calle San Miguel n\u00b0 100. Por Larra\u00f1aga, Partag\u00e1s et H. Upmann avaient \u00e9galement leur premier si\u00e8ge enregistr\u00e9 dans cette rue. Au fil des ans, plus de 20 manufactures diff\u00e9rentes ont \u00e9t\u00e9 pr\u00e9sentes dans cette rue, bien qu&#039;elles soient g\u00e9n\u00e9ralement plus petites.\" width=\"250\" height=\"188\" class=\"skip-lazy fg-image\" data-src-fg=\"https:\/\/origin-of-cigar.com\/wp-content\/uploads\/cache\/2026\/04\/OOC-Bolivar-2-Miguel-1\/3182255700.jpg\" src=\"data:image\/svg+xml,%3Csvg%20xmlns%3D%22http%3A%2F%2Fwww.w3.org%2F2000%2Fsvg%22%20width%3D%22250%22%20height%3D%22188%22%20viewBox%3D%220%200%20250%20188%22%3E%3C%2Fsvg%3E\" loading=\"eager\"><\/span><span class=\"fg-image-overlay\"><\/span><\/a><figcaption class=\"fg-caption\"><div class=\"fg-caption-inner\"><div class=\"fg-caption-desc\">Le premier si\u00e8ge social de la marque Bol\u00edvar \u00e9tait situ\u00e9 Calle San Miguel n\u00b0 100. Por Larra\u00f1aga, Partag\u00e1s et H. Upmann avaient \u00e9galement leur premier si\u00e8ge enregistr\u00e9 dans cette rue. Au fil des ans, plus de 20 manufactures diff\u00e9rentes ont \u00e9t\u00e9 pr\u00e9sentes dans cette rue, bien qu'elles soient g\u00e9n\u00e9ralement plus petites.<\/div><\/div><\/figcaption><\/figure><div class=\"fg-loader\"><\/div><\/div><div class=\"fg-item fg-type-image fg-idle\"><figure class=\"fg-item-inner\"><a href=\"https:\/\/origin-of-cigar.com\/wp-content\/uploads\/2026\/04\/OOC-Bolivar-3-Industria-1.jpg\" data-caption-desc=\"Wahrscheinlich 1954 kaufte die Cifuentes-Familie, damals Besitzer der Marke Partag\u00e1s die Marke Bol\u00edvar. Die Fabrik befand sich direkt hinter dem Capitol auf der Calle Industria No. 520.\" data-attachment-id=\"2749\" data-type=\"image\" class=\"fg-thumb\"><span class=\"fg-image-wrap\"><img decoding=\"async\" alt=\"Probablement en 1954, la famille Cifuentes, alors propri\u00e9taire de la marque Partag\u00e1s, acheta la marque Bol\u00edvar. L&#039;usine \u00e9tait situ\u00e9e juste derri\u00e8re le Capitole, au Calle Industria n\u00b0 520.\" width=\"250\" height=\"183\" class=\"skip-lazy fg-image\" data-src-fg=\"https:\/\/origin-of-cigar.com\/wp-content\/uploads\/cache\/2026\/04\/OOC-Bolivar-3-Industria-1\/4212774269.jpg\" src=\"data:image\/svg+xml,%3Csvg%20xmlns%3D%22http%3A%2F%2Fwww.w3.org%2F2000%2Fsvg%22%20width%3D%22250%22%20height%3D%22183%22%20viewBox%3D%220%200%20250%20183%22%3E%3C%2Fsvg%3E\" loading=\"eager\"><\/span><span class=\"fg-image-overlay\"><\/span><\/a><figcaption class=\"fg-caption\"><div class=\"fg-caption-inner\"><div class=\"fg-caption-desc\">Probablement en 1954, la famille Cifuentes, alors propri\u00e9taire de la marque Partag\u00e1s, acheta la marque Bol\u00edvar. L'usine \u00e9tait situ\u00e9e juste derri\u00e8re le Capitole, au Calle Industria n\u00b0 520.<\/div><\/div><\/figcaption><\/figure><div class=\"fg-loader\"><\/div><\/div><div class=\"fg-item fg-type-image fg-idle\"><figure class=\"fg-item-inner\"><a href=\"https:\/\/origin-of-cigar.com\/wp-content\/uploads\/2026\/04\/OOC-Bolivar-3-Industria-2.jpg\" data-caption-desc=\"Im Hause Partag\u00e1s wurde die Marke Bol\u00edvar richtig erfolgreich. In der Fabrik auf der Calle Industria No. 520 wurden die Bol\u00edvar-Zigarren bis 2012 gefertigt.\" data-attachment-id=\"2750\" data-type=\"image\" class=\"fg-thumb\"><span class=\"fg-image-wrap\"><img decoding=\"async\" alt=\"Chez Partag\u00e1s, la marque Bol\u00edvar a connu un succ\u00e8s consid\u00e9rable. Les cigares Bol\u00edvar ont \u00e9t\u00e9 fabriqu\u00e9s dans l&#039;usine situ\u00e9e Calle Industria n\u00b0 520 jusqu&#039;en 2012.\" width=\"250\" height=\"218\" class=\"skip-lazy fg-image\" data-src-fg=\"https:\/\/origin-of-cigar.com\/wp-content\/uploads\/cache\/2026\/04\/OOC-Bolivar-3-Industria-2\/1582349684.jpg\" src=\"data:image\/svg+xml,%3Csvg%20xmlns%3D%22http%3A%2F%2Fwww.w3.org%2F2000%2Fsvg%22%20width%3D%22250%22%20height%3D%22218%22%20viewBox%3D%220%200%20250%20218%22%3E%3C%2Fsvg%3E\" loading=\"eager\"><\/span><span class=\"fg-image-overlay\"><\/span><\/a><figcaption class=\"fg-caption\"><div class=\"fg-caption-inner\"><div class=\"fg-caption-desc\">Chez Partag\u00e1s, la marque Bol\u00edvar a connu un succ\u00e8s consid\u00e9rable. Les cigares Bol\u00edvar ont \u00e9t\u00e9 fabriqu\u00e9s dans l'usine situ\u00e9e Calle Industria n\u00b0 520 jusqu'en 2012.<\/div><\/div><\/figcaption><\/figure><div class=\"fg-loader\"><\/div><\/div><div class=\"fg-item fg-type-image fg-idle\"><figure class=\"fg-item-inner\"><a href=\"https:\/\/origin-of-cigar.com\/wp-content\/uploads\/2026\/04\/OOC-Bolivar-4-Carlos-1.jpg\" data-caption-desc=\"Seit 2012 werden die Zigarren der Marke Bol\u00edvar in der auch heute noch aktuellen Partag\u00e1s-Fabrik auf der Calle San Carlos No. 816 gefertigt.\" data-attachment-id=\"2751\" data-type=\"image\" class=\"fg-thumb\"><span class=\"fg-image-wrap\"><img decoding=\"async\" alt=\"Depuis 2012, les cigares de la marque Bol\u00edvar sont produits dans l&#039;usine Partag\u00e1s, toujours d&#039;actualit\u00e9, situ\u00e9e Calle San Carlos No. 816.\" width=\"250\" height=\"331\" class=\"skip-lazy fg-image\" data-src-fg=\"https:\/\/origin-of-cigar.com\/wp-content\/uploads\/cache\/2026\/04\/OOC-Bolivar-4-Carlos-1\/259230326.jpg\" src=\"data:image\/svg+xml,%3Csvg%20xmlns%3D%22http%3A%2F%2Fwww.w3.org%2F2000%2Fsvg%22%20width%3D%22250%22%20height%3D%22331%22%20viewBox%3D%220%200%20250%20331%22%3E%3C%2Fsvg%3E\" loading=\"eager\"><\/span><span class=\"fg-image-overlay\"><\/span><\/a><figcaption class=\"fg-caption\"><div class=\"fg-caption-inner\"><div class=\"fg-caption-desc\">Depuis 2012, les cigares de la marque Bol\u00edvar sont produits dans l'usine Partag\u00e1s, toujours d'actualit\u00e9, situ\u00e9e Calle San Carlos No. 816.<\/div><\/div><\/figcaption><\/figure><div class=\"fg-loader\"><\/div><\/div><div class=\"fg-item fg-type-image fg-idle\"><figure class=\"fg-item-inner\"><a href=\"https:\/\/origin-of-cigar.com\/wp-content\/uploads\/2026\/04\/OOC-Bolivar-4-Carlos-2.jpg\" data-caption-desc=\"Die aktuelle Partag\u00e1s-Fabrik, in der auch die Bol\u00edvar-Zigarren gefertigt werden, war urspr\u00fcnglich einmal ein gro\u00dfes Tabaklagerhaus.\" data-attachment-id=\"2752\" data-type=\"image\" class=\"fg-thumb\"><span class=\"fg-image-wrap\"><img decoding=\"async\" alt=\"L&#039;usine actuelle de Partag\u00e1s, o\u00f9 les cigares Bol\u00edvar sont \u00e9galement fabriqu\u00e9s, \u00e9tait \u00e0 l&#039;origine un grand entrep\u00f4t de tabac.\" width=\"250\" height=\"333\" class=\"skip-lazy fg-image\" data-src-fg=\"https:\/\/origin-of-cigar.com\/wp-content\/uploads\/cache\/2026\/04\/OOC-Bolivar-4-Carlos-2\/2130942528.jpg\" src=\"data:image\/svg+xml,%3Csvg%20xmlns%3D%22http%3A%2F%2Fwww.w3.org%2F2000%2Fsvg%22%20width%3D%22250%22%20height%3D%22333%22%20viewBox%3D%220%200%20250%20333%22%3E%3C%2Fsvg%3E\" loading=\"eager\"><\/span><span class=\"fg-image-overlay\"><\/span><\/a><figcaption class=\"fg-caption\"><div class=\"fg-caption-inner\"><div class=\"fg-caption-desc\">L'usine actuelle de Partag\u00e1s, o\u00f9 les cigares Bol\u00edvar sont \u00e9galement fabriqu\u00e9s, \u00e9tait \u00e0 l'origine un grand entrep\u00f4t de tabac.<\/div><\/div><\/figcaption><\/figure><div class=\"fg-loader\"><\/div><\/div><div class=\"fg-item fg-type-image fg-idle\"><figure class=\"fg-item-inner\"><a href=\"https:\/\/origin-of-cigar.com\/wp-content\/uploads\/2026\/04\/OOC-Bolivar-4-Carlos-3.jpg\" data-caption-desc=\"Die Marken Bol\u00edvar und Partag\u00e1s geh\u00f6ren seit Jahrzehnten zusammen: auch in dieser Sammlung alter Zigarrenkisten in der Partag\u00e1s-Fabrik auf der Calle San Carlos No. 816.\" data-attachment-id=\"2753\" data-type=\"image\" class=\"fg-thumb\"><span class=\"fg-image-wrap\"><img decoding=\"async\" alt=\"Les marques Bol\u00edvar et Partag\u00e1s appartiennent l&#039;une \u00e0 l&#039;autre depuis des d\u00e9cennies : m\u00eame dans cette collection de vieilles bo\u00eetes de cigares dans la fabrique Partag\u00e1s, Calle San Carlos n\u00b0 816.\" width=\"250\" height=\"333\" class=\"skip-lazy fg-image\" data-src-fg=\"https:\/\/origin-of-cigar.com\/wp-content\/uploads\/cache\/2026\/04\/OOC-Bolivar-4-Carlos-3\/3858983021.jpg\" src=\"data:image\/svg+xml,%3Csvg%20xmlns%3D%22http%3A%2F%2Fwww.w3.org%2F2000%2Fsvg%22%20width%3D%22250%22%20height%3D%22333%22%20viewBox%3D%220%200%20250%20333%22%3E%3C%2Fsvg%3E\" loading=\"eager\"><\/span><span class=\"fg-image-overlay\"><\/span><\/a><figcaption class=\"fg-caption\"><div class=\"fg-caption-inner\"><div class=\"fg-caption-desc\">Les marques Bol\u00edvar et Partag\u00e1s appartiennent l'une \u00e0 l'autre depuis des d\u00e9cennies : m\u00eame dans cette collection de vieilles bo\u00eetes de cigares dans la fabrique Partag\u00e1s, Calle San Carlos n\u00b0 816.<\/div><\/div><\/figcaption><\/figure><div class=\"fg-loader\"><\/div><\/div><div class=\"fg-item fg-type-image fg-idle\"><figure class=\"fg-item-inner\"><a href=\"https:\/\/origin-of-cigar.com\/wp-content\/uploads\/2026\/04\/OOC-Bolivar-4-Carlos-4.jpg\" data-caption-desc=\"Die Galera in der Partg\u00e1s-Fabrik auf der Calle San Carlos No. 816, in der auch die Zigarren der Marke Bol\u00edvar gefertigt werden.\" data-attachment-id=\"2754\" data-type=\"image\" class=\"fg-thumb\"><span class=\"fg-image-wrap\"><img decoding=\"async\" alt=\"La galera de la fabrique Partag\u00e1s sur la Calle San Carlos n\u00b0 816, o\u00f9 sont \u00e9galement fabriqu\u00e9s les cigares de la marque Bol\u00edvar.\" width=\"250\" height=\"333\" class=\"skip-lazy fg-image\" data-src-fg=\"https:\/\/origin-of-cigar.com\/wp-content\/uploads\/cache\/2026\/04\/OOC-Bolivar-4-Carlos-4\/2682501676.jpg\" src=\"data:image\/svg+xml,%3Csvg%20xmlns%3D%22http%3A%2F%2Fwww.w3.org%2F2000%2Fsvg%22%20width%3D%22250%22%20height%3D%22333%22%20viewBox%3D%220%200%20250%20333%22%3E%3C%2Fsvg%3E\" loading=\"eager\"><\/span><span class=\"fg-image-overlay\"><\/span><\/a><figcaption class=\"fg-caption\"><div class=\"fg-caption-inner\"><div class=\"fg-caption-desc\">La galera de la fabrique Partag\u00e1s sur la Calle San Carlos n\u00b0 816, o\u00f9 sont \u00e9galement fabriqu\u00e9s les cigares de la marque Bol\u00edvar.<\/div><\/div><\/figcaption><\/figure><div class=\"fg-loader\"><\/div><\/div><div class=\"fg-item fg-type-image fg-idle\"><figure class=\"fg-item-inner\"><a href=\"https:\/\/origin-of-cigar.com\/wp-content\/uploads\/2026\/04\/OOC-Bolivar-4-Carlos-5.jpg\" data-caption-desc=\"Diese Bol\u00edvar-Kisten in der Partag\u00e1s-Fabrik auf der Calle San Carlos No. 816 in Havanna warten darauf, mit Zigarren bef\u00fcllt zu werden.\" data-attachment-id=\"2755\" data-type=\"image\" class=\"fg-thumb\"><span class=\"fg-image-wrap\"><img decoding=\"async\" alt=\"Ces caisses de Bol\u00edvar dans l&#039;usine Partag\u00e1s, situ\u00e9e Calle San Carlos No. 816 \u00e0 La Havane, attendent d&#039;\u00eatre remplies de cigares.\" width=\"250\" height=\"344\" class=\"skip-lazy fg-image\" data-src-fg=\"https:\/\/origin-of-cigar.com\/wp-content\/uploads\/cache\/2026\/04\/OOC-Bolivar-4-Carlos-5\/115558401.jpg\" src=\"data:image\/svg+xml,%3Csvg%20xmlns%3D%22http%3A%2F%2Fwww.w3.org%2F2000%2Fsvg%22%20width%3D%22250%22%20height%3D%22344%22%20viewBox%3D%220%200%20250%20344%22%3E%3C%2Fsvg%3E\" loading=\"eager\"><\/span><span class=\"fg-image-overlay\"><\/span><\/a><figcaption class=\"fg-caption\"><div class=\"fg-caption-inner\"><div class=\"fg-caption-desc\">Ces caisses de Bol\u00edvar dans l'usine Partag\u00e1s, situ\u00e9e Calle San Carlos No. 816 \u00e0 La Havane, attendent d'\u00eatre remplies de cigares.<\/div><\/div><\/figcaption><\/figure><div class=\"fg-loader\"><\/div><\/div><\/div>\n\n\n\n<div style=\"height:41px\" aria-hidden=\"true\" class=\"wp-block-spacer\"><\/div>\n\n\n\n<p><strong>Site web externe :<\/strong> <a href=\"https:\/\/www.google.com\/search?q=bolivar+geschichte\" target=\"_blank\" rel=\"noopener\">Rechercher l'histoire de Bolivar sur Google<\/a><\/p>","protected":false},"excerpt":{"rendered":"<p>Fotos Bol\u00edvar Zigarren stehen f\u00fcr intensive Aromen, kr\u00e4ftige Tabakmischungen und eine lange Tradition in Havanna. Ihre Herstellung erfolgt bis heute in der Partag\u00e1s-Manufaktur. Die Verbindung&hellip;<\/p>","protected":false},"author":4,"featured_media":0,"parent":1915,"menu_order":0,"comment_status":"closed","ping_status":"closed","template":"","meta":{"om_disable_all_campaigns":false,"_glsr_average":0,"_glsr_ranking":0,"_glsr_reviews":0,"footnotes":""},"class_list":["post-2773","page","type-page","status-publish","hentry"],"jetpack_sharing_enabled":true,"_links":{"self":[{"href":"https:\/\/origin-of-cigar.com\/fr\/wp-json\/wp\/v2\/pages\/2773","targetHints":{"allow":["GET"]}}],"collection":[{"href":"https:\/\/origin-of-cigar.com\/fr\/wp-json\/wp\/v2\/pages"}],"about":[{"href":"https:\/\/origin-of-cigar.com\/fr\/wp-json\/wp\/v2\/types\/page"}],"author":[{"embeddable":true,"href":"https:\/\/origin-of-cigar.com\/fr\/wp-json\/wp\/v2\/users\/4"}],"replies":[{"embeddable":true,"href":"https:\/\/origin-of-cigar.com\/fr\/wp-json\/wp\/v2\/comments?post=2773"}],"version-history":[{"count":7,"href":"https:\/\/origin-of-cigar.com\/fr\/wp-json\/wp\/v2\/pages\/2773\/revisions"}],"predecessor-version":[{"id":2786,"href":"https:\/\/origin-of-cigar.com\/fr\/wp-json\/wp\/v2\/pages\/2773\/revisions\/2786"}],"up":[{"embeddable":true,"href":"https:\/\/origin-of-cigar.com\/fr\/wp-json\/wp\/v2\/pages\/1915"}],"wp:attachment":[{"href":"https:\/\/origin-of-cigar.com\/fr\/wp-json\/wp\/v2\/media?parent=2773"}],"curies":[{"name":"wp","href":"https:\/\/api.w.org\/{rel}","templated":true}]}}