{"id":2376,"date":"2026-01-15T09:20:57","date_gmt":"2026-01-15T09:20:57","guid":{"rendered":"https:\/\/origin-of-cigar.com\/?page_id=2376"},"modified":"2026-01-15T09:21:00","modified_gmt":"2026-01-15T09:21:00","slug":"photos-trinidad-histoire","status":"publish","type":"page","link":"https:\/\/origin-of-cigar.com\/fr\/fotos-geschichte-kubanischer-zigarrenmarken\/fotos-trinidad-geschichte\/","title":{"rendered":"Photos histoire de Trinidad"},"content":{"rendered":"<h2 class=\"wp-block-heading\">Photos<\/h2>\n\n\n\n<p>La Sant\u00edsima Trinidad avec ses toits de tuiles rouges, ses rues pav\u00e9es, ses places et ses escaliers ; El Laguito comme ancienne villa d'un baron du sucre \u00e0 Cubanac\u00e1n ; et la manufacture \u00abFrancisco Donatien\u00bb \u00e0 Pinar del Rio, un b\u00e2timent de 1868 qui fut \u00e0 la fois h\u00f4pital, prison et probablement \u00e9cole d'art. Une marque entre la ville, les manufactures et les cadeaux de l'\u00c9tat.<\/p>\n\n\n\n<figure class=\"wp-block-image size-full\"><img loading=\"lazy\" decoding=\"async\" width=\"980\" height=\"1000\" src=\"https:\/\/origin-of-cigar.com\/wp-content\/uploads\/2026\/01\/OOC-Trinidad-0-Logo-1.jpg\" alt=\"Le logo actuel de la marque Trinidad : \u201eTTT\u201c, \u00e9galement appel\u00e9 Triple-T. Photos de l&#039;histoire de Trinidad.\" class=\"wp-image-2361\" srcset=\"https:\/\/origin-of-cigar.com\/wp-content\/uploads\/2026\/01\/OOC-Trinidad-0-Logo-1.jpg 980w, https:\/\/origin-of-cigar.com\/wp-content\/uploads\/2026\/01\/OOC-Trinidad-0-Logo-1-294x300.jpg 294w, https:\/\/origin-of-cigar.com\/wp-content\/uploads\/2026\/01\/OOC-Trinidad-0-Logo-1-768x784.jpg 768w, https:\/\/origin-of-cigar.com\/wp-content\/uploads\/2026\/01\/OOC-Trinidad-0-Logo-1-12x12.jpg 12w, https:\/\/origin-of-cigar.com\/wp-content\/uploads\/2026\/01\/OOC-Trinidad-0-Logo-1-624x637.jpg 624w\" sizes=\"auto, (max-width: 980px) 100vw, 980px\" \/><\/figure>\n\n\n\n<h2 class=\"wp-block-heading\">Histoire<\/h2>\n\n\n\n<p>Trinidad est un \u201eenfant de la r\u00e9volution\u201c : officiellement disponible depuis 1969, longtemps en quantit\u00e9 limit\u00e9e et non en vente libre, utilis\u00e9 comme cadeau pour les diplomates et les hommes politiques \u00e9trangers. Le lancement international n'a eu lieu qu'en 1997 avec la Fundadores et un nouveau blend ; d'autres formats ont suivi \u00e0 partir de 2004, puis la Vigia.<\/p>\n\n\n\n<p>\ud83d\udc49 <strong><a href=\"https:\/\/origin-of-cigar.com\/fr\/trinidad-histoire\/\">Lire maintenant \ud83d\udc49 <strong>L'histoire de Trinidad : Pourquoi la marque est toujours rest\u00e9e dans l'ombre de Cohiba<\/strong><\/a><\/strong><\/p>\n\n\n<style type=\"text\/css\">\n#foogallery-gallery-2375.fg-masonry .fg-item { width: 250px; }\n#foogallery-gallery-2375.fg-masonry { --fg-gutter: 10px; }<\/style>\n\t\t\t<div class=\"foogallery foogallery-container foogallery-masonry foogallery-lightbox-foogallery fg-center fg-masonry fg-ready fg-dark fg-border-medium fg-round-small fg-shadow-outline fg-loading-default fg-loaded-fade-in fg-hover-semi-zoomed fg-captions-bottom fg-hover-fade fg-hover-zoom4 fg-fixed\" id=\"foogallery-gallery-2375\" data-foogallery=\"{&quot;item&quot;:{&quot;showCaptionTitle&quot;:true,&quot;showCaptionDescription&quot;:true},&quot;lazy&quot;:true,&quot;template&quot;:{&quot;columnWidth&quot;:250,&quot;gutter&quot;:10}}\" data-foogallery-lightbox=\"{&quot;theme&quot;:&quot;fg-dark&quot;,&quot;thumbs&quot;:&quot;bottom&quot;,&quot;thumbsCaptions&quot;:false,&quot;thumbsBestFit&quot;:false,&quot;thumbsSmall&quot;:false,&quot;thumbsCaptionsAlign&quot;:&quot;default&quot;,&quot;info&quot;:&quot;bottom&quot;,&quot;infoVisible&quot;:true,&quot;infoOverlay&quot;:true,&quot;infoAlign&quot;:&quot;default&quot;,&quot;transition&quot;:&quot;fade&quot;,&quot;hoverButtons&quot;:false,&quot;fitMedia&quot;:false,&quot;noScrollbars&quot;:true,&quot;preserveButtonSpace&quot;:true,&quot;buttons&quot;:{&quot;fullscreen&quot;:true,&quot;info&quot;:true,&quot;thumbs&quot;:false},&quot;video&quot;:{&quot;autoPlay&quot;:true}}\" style=\"--fg-title-line-clamp: 1; --fg-description-line-clamp: 2;\" >\n\t\t<div class=\"fg-item fg-type-image fg-idle\"><figure class=\"fg-item-inner\"><a href=\"https:\/\/origin-of-cigar.com\/wp-content\/uploads\/2026\/01\/OOC-Trinidad-0-Logo-1.jpg\" data-caption-desc=\"Das aktuelle Logo der Marke Trinidad: \u201eTTT\u201c, auch Triple-T genannt\" data-attachment-id=\"2361\" data-type=\"image\" class=\"fg-thumb\"><span class=\"fg-image-wrap\"><img fetchpriority=\"high\" decoding=\"async\" alt=\"Le logo actuel de la marque Trinidad : \u201eTTT\u201c, \u00e9galement appel\u00e9 Triple-T\" width=\"250\" height=\"255\" class=\"skip-lazy fg-image\" data-src-fg=\"https:\/\/origin-of-cigar.com\/wp-content\/uploads\/cache\/2026\/01\/OOC-Trinidad-0-Logo-1\/1762157196.jpg\" src=\"data:image\/svg+xml,%3Csvg%20xmlns%3D%22http%3A%2F%2Fwww.w3.org%2F2000%2Fsvg%22%20width%3D%22250%22%20height%3D%22255%22%20viewBox%3D%220%200%20250%20255%22%3E%3C%2Fsvg%3E\" loading=\"eager\"><\/span><span class=\"fg-image-overlay\"><\/span><\/a><figcaption class=\"fg-caption\"><div class=\"fg-caption-inner\"><div class=\"fg-caption-desc\">Le logo actuel de la marque Trinidad : \u201eTTT\u201c, \u00e9galement appel\u00e9 Triple-T<\/div><\/div><\/figcaption><\/figure><div class=\"fg-loader\"><\/div><\/div><div class=\"fg-item fg-type-image fg-idle\"><figure class=\"fg-item-inner\"><a href=\"https:\/\/origin-of-cigar.com\/wp-content\/uploads\/2026\/01\/OOC-Trinidad-0-Logo-2.jpg\" data-attachment-id=\"2362\" data-type=\"image\" class=\"fg-thumb\"><span class=\"fg-image-wrap\"><img decoding=\"async\" alt=\"Le logo original de la marque \u00e9tait \u00e9galement compos\u00e9 des trois \u201eT\u201c, mais deux d&#039;entre eux \u00e9taient \u00e0 l&#039;envers. Ce logo a \u00e9t\u00e9 utilis\u00e9 jusqu&#039;en 2003 environ, date \u00e0 laquelle de nouveaux formats et un relookage du design ont \u00e9t\u00e9 mis en place.\" width=\"250\" height=\"308\" class=\"skip-lazy fg-image\" data-src-fg=\"https:\/\/origin-of-cigar.com\/wp-content\/uploads\/cache\/2026\/01\/OOC-Trinidad-0-Logo-2\/1602121685.jpg\" src=\"data:image\/svg+xml,%3Csvg%20xmlns%3D%22http%3A%2F%2Fwww.w3.org%2F2000%2Fsvg%22%20width%3D%22250%22%20height%3D%22308%22%20viewBox%3D%220%200%20250%20308%22%3E%3C%2Fsvg%3E\" loading=\"eager\"><\/span><span class=\"fg-image-overlay\"><\/span><\/a><\/figure><div class=\"fg-loader\"><\/div><\/div><div class=\"fg-item fg-type-image fg-idle\"><figure class=\"fg-item-inner\"><a href=\"https:\/\/origin-of-cigar.com\/wp-content\/uploads\/2026\/01\/OOC-Trinidad-0-Stadt-1.jpg\" data-caption-desc=\"Mit ihren roten Ziegeld\u00e4chern, kopfsteingepflasterten Stra\u00dfen, Pl\u00e4tzen und Treppen ist die Stadt Trinidad einer der gr\u00f6\u00dften historischen Sch\u00e4tze Kubas.\" data-attachment-id=\"2391\" data-type=\"image\" class=\"fg-thumb\"><span class=\"fg-image-wrap\"><img decoding=\"async\" alt=\"Avec ses toits de tuiles rouges, ses rues pav\u00e9es, ses places et ses escaliers, la ville de Trinidad est l&#039;un des plus grands tr\u00e9sors historiques de Cuba.\" width=\"250\" height=\"188\" class=\"skip-lazy fg-image\" data-src-fg=\"https:\/\/origin-of-cigar.com\/wp-content\/uploads\/cache\/2026\/01\/OOC-Trinidad-0-Stadt-1\/1557781867.jpg\" src=\"data:image\/svg+xml,%3Csvg%20xmlns%3D%22http%3A%2F%2Fwww.w3.org%2F2000%2Fsvg%22%20width%3D%22250%22%20height%3D%22188%22%20viewBox%3D%220%200%20250%20188%22%3E%3C%2Fsvg%3E\" loading=\"eager\"><\/span><span class=\"fg-image-overlay\"><\/span><\/a><figcaption class=\"fg-caption\"><div class=\"fg-caption-inner\"><div class=\"fg-caption-desc\">Avec ses toits de tuiles rouges, ses rues pav\u00e9es, ses places et ses escaliers, la ville de Trinidad est l'un des plus grands tr\u00e9sors historiques de Cuba.<\/div><\/div><\/figcaption><\/figure><div class=\"fg-loader\"><\/div><\/div><div class=\"fg-item fg-type-image fg-idle\"><figure class=\"fg-item-inner\"><a href=\"https:\/\/origin-of-cigar.com\/wp-content\/uploads\/2026\/01\/OOC-Trinidad-1-Zigarren-1.jpg\" data-caption-desc=\"Heute zieren die drei \u201eT\u201c auch den Zigarrenring. Fr\u00fcher stand auf den Zigarrenringen einfach der Name: Trinidad.\" data-attachment-id=\"2363\" data-type=\"image\" class=\"fg-thumb\"><span class=\"fg-image-wrap\"><img decoding=\"async\" alt=\"Aujourd&#039;hui, les trois \u201eT\u201c ornent \u00e9galement la bague du cigare. Auparavant, les bagues de cigares portaient simplement le nom : Trinidad.\" width=\"250\" height=\"166\" class=\"skip-lazy fg-image\" data-src-fg=\"https:\/\/origin-of-cigar.com\/wp-content\/uploads\/cache\/2026\/01\/OOC-Trinidad-1-Zigarren-1\/4084583701.jpg\" src=\"data:image\/svg+xml,%3Csvg%20xmlns%3D%22http%3A%2F%2Fwww.w3.org%2F2000%2Fsvg%22%20width%3D%22250%22%20height%3D%22166%22%20viewBox%3D%220%200%20250%20166%22%3E%3C%2Fsvg%3E\" loading=\"eager\"><\/span><span class=\"fg-image-overlay\"><\/span><\/a><figcaption class=\"fg-caption\"><div class=\"fg-caption-inner\"><div class=\"fg-caption-desc\">Aujourd'hui, les trois \u201eT\u201c ornent \u00e9galement la bague du cigare. Auparavant, les bagues de cigares portaient simplement le nom : Trinidad.<\/div><\/div><\/figcaption><\/figure><div class=\"fg-loader\"><\/div><\/div><div class=\"fg-item fg-type-image fg-idle\"><figure class=\"fg-item-inner\"><a href=\"https:\/\/origin-of-cigar.com\/wp-content\/uploads\/2026\/01\/OOC-Trinidad-1-Zigarren-2.jpg\" data-caption-desc=\"Besondere Zigarren der Marke Trinidad gab es schon immer f\u00fcr besondere Anl\u00e4sse, hier ein Jubil\u00e4umshumidor zum 55. Geburtstag der Marke 2024.\" data-attachment-id=\"2364\" data-type=\"image\" class=\"fg-thumb\"><span class=\"fg-image-wrap\"><img decoding=\"async\" alt=\"Des cigares sp\u00e9ciaux de la marque Trinidad ont toujours exist\u00e9 pour des occasions particuli\u00e8res, ici une cave anniversaire pour le 55e anniversaire de la marque en 2024.\" width=\"250\" height=\"383\" class=\"skip-lazy fg-image\" data-src-fg=\"https:\/\/origin-of-cigar.com\/wp-content\/uploads\/cache\/2026\/01\/OOC-Trinidad-1-Zigarren-2\/916290846.jpg\" src=\"data:image\/svg+xml,%3Csvg%20xmlns%3D%22http%3A%2F%2Fwww.w3.org%2F2000%2Fsvg%22%20width%3D%22250%22%20height%3D%22383%22%20viewBox%3D%220%200%20250%20383%22%3E%3C%2Fsvg%3E\" loading=\"eager\"><\/span><span class=\"fg-image-overlay\"><\/span><\/a><figcaption class=\"fg-caption\"><div class=\"fg-caption-inner\"><div class=\"fg-caption-desc\">Des cigares sp\u00e9ciaux de la marque Trinidad ont toujours exist\u00e9 pour des occasions particuli\u00e8res, ici une cave anniversaire pour le 55e anniversaire de la marque en 2024.<\/div><\/div><\/figcaption><\/figure><div class=\"fg-loader\"><\/div><\/div><div class=\"fg-item fg-type-image fg-idle\"><figure class=\"fg-item-inner\"><a href=\"https:\/\/origin-of-cigar.com\/wp-content\/uploads\/2026\/01\/OOC-Trinidad-1-Zigarren-3.jpg\" data-attachment-id=\"2365\" data-type=\"image\" class=\"fg-thumb\"><span class=\"fg-image-wrap\"><img decoding=\"async\" alt=\"Il ne s&#039;agit pas forc\u00e9ment d&#039;un nouveau format de la marque Trinidad, mais par exemple du degr\u00e9 de maturation : cigares Vintage Trinidad pour le 55e anniversaire .\" width=\"250\" height=\"381\" class=\"skip-lazy fg-image\" data-src-fg=\"https:\/\/origin-of-cigar.com\/wp-content\/uploads\/cache\/2026\/01\/OOC-Trinidad-1-Zigarren-3\/765916245.jpg\" src=\"data:image\/svg+xml,%3Csvg%20xmlns%3D%22http%3A%2F%2Fwww.w3.org%2F2000%2Fsvg%22%20width%3D%22250%22%20height%3D%22381%22%20viewBox%3D%220%200%20250%20381%22%3E%3C%2Fsvg%3E\" loading=\"eager\"><\/span><span class=\"fg-image-overlay\"><\/span><\/a><\/figure><div class=\"fg-loader\"><\/div><\/div><div class=\"fg-item fg-type-image fg-idle\"><figure class=\"fg-item-inner\"><a href=\"https:\/\/origin-of-cigar.com\/wp-content\/uploads\/2026\/01\/OOC-Trinidad-2-Laguito-1.jpg\" data-caption-desc=\"Die Trinidad Geschichte beginnt in der ber\u00fchmten Manufaktur El Laguito.\" data-attachment-id=\"2366\" data-type=\"image\" class=\"fg-thumb\"><span class=\"fg-image-wrap\"><img decoding=\"async\" alt=\"L&#039;histoire de Trinidad commence dans la c\u00e9l\u00e8bre manufacture El Laguito.\" width=\"250\" height=\"166\" class=\"skip-lazy fg-image\" data-src-fg=\"https:\/\/origin-of-cigar.com\/wp-content\/uploads\/cache\/2026\/01\/OOC-Trinidad-2-Laguito-1\/3204904852.jpg\" src=\"data:image\/svg+xml,%3Csvg%20xmlns%3D%22http%3A%2F%2Fwww.w3.org%2F2000%2Fsvg%22%20width%3D%22250%22%20height%3D%22166%22%20viewBox%3D%220%200%20250%20166%22%3E%3C%2Fsvg%3E\" loading=\"eager\"><\/span><span class=\"fg-image-overlay\"><\/span><\/a><figcaption class=\"fg-caption\"><div class=\"fg-caption-inner\"><div class=\"fg-caption-desc\">L'histoire de Trinidad commence dans la c\u00e9l\u00e8bre manufacture El Laguito.<\/div><\/div><\/figcaption><\/figure><div class=\"fg-loader\"><\/div><\/div><div class=\"fg-item fg-type-image fg-idle\"><figure class=\"fg-item-inner\"><a href=\"https:\/\/origin-of-cigar.com\/wp-content\/uploads\/2026\/01\/OOC-Trinidad-2-Laguito-2.jpg\" data-caption-desc=\"In der Cohiba-Manufaktur El Laguito ist man auf die Fertigung langer schlanker Formate spezialisiert, damals wie heute, so auch f\u00fcr die erste Trinidad-Zigarre, die seit 1969 gefertigt wurde.\" data-attachment-id=\"2367\" data-type=\"image\" class=\"fg-thumb\"><span class=\"fg-image-wrap\"><img decoding=\"async\" alt=\"La manufacture Cohiba El Laguito s&#039;est sp\u00e9cialis\u00e9e dans la fabrication de longs formats fins, hier comme aujourd&#039;hui, y compris pour le premier cigare Trinidad, fabriqu\u00e9 depuis 1969.\" width=\"250\" height=\"310\" class=\"skip-lazy fg-image\" data-src-fg=\"https:\/\/origin-of-cigar.com\/wp-content\/uploads\/cache\/2026\/01\/OOC-Trinidad-2-Laguito-2\/2916273046.jpg\" src=\"data:image\/svg+xml,%3Csvg%20xmlns%3D%22http%3A%2F%2Fwww.w3.org%2F2000%2Fsvg%22%20width%3D%22250%22%20height%3D%22310%22%20viewBox%3D%220%200%20250%20310%22%3E%3C%2Fsvg%3E\" loading=\"eager\"><\/span><span class=\"fg-image-overlay\"><\/span><\/a><figcaption class=\"fg-caption\"><div class=\"fg-caption-inner\"><div class=\"fg-caption-desc\">La manufacture Cohiba El Laguito s'est sp\u00e9cialis\u00e9e dans la fabrication de longs formats fins, hier comme aujourd'hui, y compris pour le premier cigare Trinidad, fabriqu\u00e9 depuis 1969.<\/div><\/div><\/figcaption><\/figure><div class=\"fg-loader\"><\/div><\/div><div class=\"fg-item fg-type-image fg-idle\"><figure class=\"fg-item-inner\"><a href=\"https:\/\/origin-of-cigar.com\/wp-content\/uploads\/2026\/01\/OOC-Trinidad-2-Laguito-3.jpg\" data-caption-desc=\"Fluch und\/oder Segen? Die Trinidad steht auch heute noch im Schatten ihrer \u201egro\u00dfen Schwester\u201c, ist aber auch weltweit bekannt und erfreut ihre Liebhaber.\" data-attachment-id=\"2368\" data-type=\"image\" class=\"fg-thumb\"><span class=\"fg-image-wrap\"><img decoding=\"async\" alt=\"Mal\u00e9diction et\/ou b\u00e9n\u00e9diction ? Si la Trinidad reste aujourd&#039;hui encore dans l&#039;ombre de sa \u201egrande s\u0153ur\u201c, elle est aussi connue dans le monde entier et fait le bonheur de ses amateurs.\" width=\"250\" height=\"333\" class=\"skip-lazy fg-image\" data-src-fg=\"https:\/\/origin-of-cigar.com\/wp-content\/uploads\/cache\/2026\/01\/OOC-Trinidad-2-Laguito-3\/1004842659.jpg\" src=\"data:image\/svg+xml,%3Csvg%20xmlns%3D%22http%3A%2F%2Fwww.w3.org%2F2000%2Fsvg%22%20width%3D%22250%22%20height%3D%22333%22%20viewBox%3D%220%200%20250%20333%22%3E%3C%2Fsvg%3E\" loading=\"eager\"><\/span><span class=\"fg-image-overlay\"><\/span><\/a><figcaption class=\"fg-caption\"><div class=\"fg-caption-inner\"><div class=\"fg-caption-desc\">Mal\u00e9diction et\/ou b\u00e9n\u00e9diction ? Si la Trinidad reste aujourd'hui encore dans l'ombre de sa \u201egrande s\u0153ur\u201c, elle est aussi connue dans le monde entier et fait le bonheur de ses amateurs.<\/div><\/div><\/figcaption><\/figure><div class=\"fg-loader\"><\/div><\/div><div class=\"fg-item fg-type-image fg-idle\"><figure class=\"fg-item-inner\"><a href=\"https:\/\/origin-of-cigar.com\/wp-content\/uploads\/2026\/01\/OOC-Trinidad-2-Laguito-4.jpg\" data-caption-desc=\"Lange und schlanke Formate sind ein wenig aus der Mode gekommen, jedoch stehen die Marken Trinidad und Cohiba in ihrem Ursprung gerade f\u00fcr diese. So auch die erste Trinidad mit einer L\u00e4nge von 192 mm und einem 38er Ringma\u00df.\" data-attachment-id=\"2369\" data-type=\"image\" class=\"fg-thumb\"><span class=\"fg-image-wrap\"><img decoding=\"async\" alt=\"Les formats longs et minces sont un peu pass\u00e9s de mode, mais les marques Trinidad et Cohiba les repr\u00e9sentent justement \u00e0 l&#039;origine. C&#039;est le cas de la premi\u00e8re Trinidad, d&#039;une longueur de 192 mm et d&#039;un indice annulaire de 38.\" width=\"250\" height=\"333\" class=\"skip-lazy fg-image\" data-src-fg=\"https:\/\/origin-of-cigar.com\/wp-content\/uploads\/cache\/2026\/01\/OOC-Trinidad-2-Laguito-4\/2910493787.jpg\" src=\"data:image\/svg+xml,%3Csvg%20xmlns%3D%22http%3A%2F%2Fwww.w3.org%2F2000%2Fsvg%22%20width%3D%22250%22%20height%3D%22333%22%20viewBox%3D%220%200%20250%20333%22%3E%3C%2Fsvg%3E\" loading=\"eager\"><\/span><span class=\"fg-image-overlay\"><\/span><\/a><figcaption class=\"fg-caption\"><div class=\"fg-caption-inner\"><div class=\"fg-caption-desc\">Les formats longs et minces sont un peu pass\u00e9s de mode, mais les marques Trinidad et Cohiba les repr\u00e9sentent justement \u00e0 l'origine. C'est le cas de la premi\u00e8re Trinidad, d'une longueur de 192 mm et d'un indice annulaire de 38.<\/div><\/div><\/figcaption><\/figure><div class=\"fg-loader\"><\/div><\/div><div class=\"fg-item fg-type-image fg-idle\"><figure class=\"fg-item-inner\"><a href=\"https:\/\/origin-of-cigar.com\/wp-content\/uploads\/2026\/01\/OOC-Trinidad-3-Donatien-1.jpg\" data-caption-desc=\"Die heutige Trinidad-Manufaktur in Pinar del Rio, im Herzen der Tabakplantagen.\" data-attachment-id=\"2370\" data-type=\"image\" class=\"fg-thumb\"><span class=\"fg-image-wrap\"><img decoding=\"async\" alt=\"L&#039;actuelle manufacture de Trinidad \u00e0 Pinar del Rio, au c\u0153ur des plantations de tabac.\" width=\"250\" height=\"167\" class=\"skip-lazy fg-image\" data-src-fg=\"https:\/\/origin-of-cigar.com\/wp-content\/uploads\/cache\/2026\/01\/OOC-Trinidad-3-Donatien-1\/2090166599.jpg\" src=\"data:image\/svg+xml,%3Csvg%20xmlns%3D%22http%3A%2F%2Fwww.w3.org%2F2000%2Fsvg%22%20width%3D%22250%22%20height%3D%22167%22%20viewBox%3D%220%200%20250%20167%22%3E%3C%2Fsvg%3E\" loading=\"eager\"><\/span><span class=\"fg-image-overlay\"><\/span><\/a><figcaption class=\"fg-caption\"><div class=\"fg-caption-inner\"><div class=\"fg-caption-desc\">L'actuelle manufacture de Trinidad \u00e0 Pinar del Rio, au c\u0153ur des plantations de tabac.<\/div><\/div><\/figcaption><\/figure><div class=\"fg-loader\"><\/div><\/div><div class=\"fg-item fg-type-image fg-idle\"><figure class=\"fg-item-inner\"><a href=\"https:\/\/origin-of-cigar.com\/wp-content\/uploads\/2026\/01\/OOC-Trinidad-3-Donatien-2.jpg\" data-caption-desc=\"Der offizielle Name der Trinidad-Manufaktur ist \u201eFabrica de Tabacos Francisco Donatien\u201c. Hier werden auch die Zigarren der Marke Vegueros gefertigt.\" data-attachment-id=\"2371\" data-type=\"image\" class=\"fg-thumb\"><span class=\"fg-image-wrap\"><img decoding=\"async\" alt=\"Le nom officiel de la manufacture de Trinidad est \u201eFabrica de Tabacos Francisco Donatien\u201c. C&#039;est \u00e9galement l\u00e0 que sont fabriqu\u00e9s les cigares de la marque Vegueros.\" width=\"250\" height=\"188\" class=\"skip-lazy fg-image\" data-src-fg=\"https:\/\/origin-of-cigar.com\/wp-content\/uploads\/cache\/2026\/01\/OOC-Trinidad-3-Donatien-2\/629925745.jpg\" src=\"data:image\/svg+xml,%3Csvg%20xmlns%3D%22http%3A%2F%2Fwww.w3.org%2F2000%2Fsvg%22%20width%3D%22250%22%20height%3D%22188%22%20viewBox%3D%220%200%20250%20188%22%3E%3C%2Fsvg%3E\" loading=\"eager\"><\/span><span class=\"fg-image-overlay\"><\/span><\/a><figcaption class=\"fg-caption\"><div class=\"fg-caption-inner\"><div class=\"fg-caption-desc\">Le nom officiel de la manufacture de Trinidad est \u201eFabrica de Tabacos Francisco Donatien\u201c. C'est \u00e9galement l\u00e0 que sont fabriqu\u00e9s les cigares de la marque Vegueros.<\/div><\/div><\/figcaption><\/figure><div class=\"fg-loader\"><\/div><\/div><div class=\"fg-item fg-type-image fg-idle\"><figure class=\"fg-item-inner\"><a href=\"https:\/\/origin-of-cigar.com\/wp-content\/uploads\/2026\/01\/OOC-Trinidad-3-Donatien-3.jpg\" data-caption-desc=\"Das Geb\u00e4ude der heutigen Trinidad-Manufaktur mitten in der Stadt war urspr\u00fcnglich ein Hospital, sp\u00e4ter ein Gef\u00e4ngnis. F\u00fcr kurze Zeit soll es auch eine Kunstschule beherbergt haben.\" data-attachment-id=\"2372\" data-type=\"image\" class=\"fg-thumb\"><span class=\"fg-image-wrap\"><img decoding=\"async\" alt=\"Le b\u00e2timent de l&#039;actuelle manufacture de Trinidad, situ\u00e9e en plein centre-ville, \u00e9tait \u00e0 l&#039;origine un h\u00f4pital, puis une prison. Pendant une courte p\u00e9riode, il aurait \u00e9galement abrit\u00e9 une \u00e9cole d&#039;art.\" width=\"250\" height=\"188\" class=\"skip-lazy fg-image\" data-src-fg=\"https:\/\/origin-of-cigar.com\/wp-content\/uploads\/cache\/2026\/01\/OOC-Trinidad-3-Donatien-3\/1256356817.jpg\" src=\"data:image\/svg+xml,%3Csvg%20xmlns%3D%22http%3A%2F%2Fwww.w3.org%2F2000%2Fsvg%22%20width%3D%22250%22%20height%3D%22188%22%20viewBox%3D%220%200%20250%20188%22%3E%3C%2Fsvg%3E\" loading=\"eager\"><\/span><span class=\"fg-image-overlay\"><\/span><\/a><figcaption class=\"fg-caption\"><div class=\"fg-caption-inner\"><div class=\"fg-caption-desc\">Le b\u00e2timent de l'actuelle manufacture de Trinidad, situ\u00e9e en plein centre-ville, \u00e9tait \u00e0 l'origine un h\u00f4pital, puis une prison. Pendant une courte p\u00e9riode, il aurait \u00e9galement abrit\u00e9 une \u00e9cole d'art.<\/div><\/div><\/figcaption><\/figure><div class=\"fg-loader\"><\/div><\/div><div class=\"fg-item fg-type-image fg-idle\"><figure class=\"fg-item-inner\"><a href=\"https:\/\/origin-of-cigar.com\/wp-content\/uploads\/2026\/01\/OOC-Trinidad-3-Donatien-4.jpg\" data-caption-desc=\"Die Galera in der Trinidad-Manufaktur in Pinar del Rio.\" data-attachment-id=\"2373\" data-type=\"image\" class=\"fg-thumb\"><span class=\"fg-image-wrap\"><img decoding=\"async\" alt=\"La Galera dans la manufacture de Trinidad \u00e0 Pinar del Rio.\" width=\"250\" height=\"161\" class=\"skip-lazy fg-image\" data-src-fg=\"https:\/\/origin-of-cigar.com\/wp-content\/uploads\/cache\/2026\/01\/OOC-Trinidad-3-Donatien-4\/2545351453.jpg\" src=\"data:image\/svg+xml,%3Csvg%20xmlns%3D%22http%3A%2F%2Fwww.w3.org%2F2000%2Fsvg%22%20width%3D%22250%22%20height%3D%22161%22%20viewBox%3D%220%200%20250%20161%22%3E%3C%2Fsvg%3E\" loading=\"eager\"><\/span><span class=\"fg-image-overlay\"><\/span><\/a><figcaption class=\"fg-caption\"><div class=\"fg-caption-inner\"><div class=\"fg-caption-desc\">La Galera dans la manufacture de Trinidad \u00e0 Pinar del Rio.<\/div><\/div><\/figcaption><\/figure><div class=\"fg-loader\"><\/div><\/div><div class=\"fg-item fg-type-image fg-idle\"><figure class=\"fg-item-inner\"><a href=\"https:\/\/origin-of-cigar.com\/wp-content\/uploads\/2026\/01\/OOC-Trinidad-3-Donatien-5.jpg\" data-caption-desc=\"Die Torcedores beherrschen auch heute noch die Herstellung langer und schlanker Formate wie die Trinidad Fumadores und genie\u00dfen diese auch, wie man hier sehen kann.\" data-attachment-id=\"2374\" data-type=\"image\" class=\"fg-thumb\"><span class=\"fg-image-wrap\"><img decoding=\"async\" alt=\"Les torcedores ma\u00eetrisent encore aujourd&#039;hui la fabrication de formats longs et \u00e9lanc\u00e9s comme les Trinidad Fumadores et en profitent \u00e9galement, comme on peut le voir ici.\" width=\"250\" height=\"375\" class=\"skip-lazy fg-image\" data-src-fg=\"https:\/\/origin-of-cigar.com\/wp-content\/uploads\/cache\/2026\/01\/OOC-Trinidad-3-Donatien-5\/276515947.jpg\" src=\"data:image\/svg+xml,%3Csvg%20xmlns%3D%22http%3A%2F%2Fwww.w3.org%2F2000%2Fsvg%22%20width%3D%22250%22%20height%3D%22375%22%20viewBox%3D%220%200%20250%20375%22%3E%3C%2Fsvg%3E\" loading=\"eager\"><\/span><span class=\"fg-image-overlay\"><\/span><\/a><figcaption class=\"fg-caption\"><div class=\"fg-caption-inner\"><div class=\"fg-caption-desc\">Les torcedores ma\u00eetrisent encore aujourd'hui la fabrication de formats longs et \u00e9lanc\u00e9s comme les Trinidad Fumadores et en profitent \u00e9galement, comme on peut le voir ici.<\/div><\/div><\/figcaption><\/figure><div class=\"fg-loader\"><\/div><\/div><\/div>\n\n\n\n<div style=\"height:41px\" aria-hidden=\"true\" class=\"wp-block-spacer\"><\/div>\n\n\n\n<p>\ud83d\udc49 <strong><a href=\"https:\/\/origin-of-cigar.com\/fr\/trinidad-histoire\/\">Lire maintenant \ud83d\udc49 <strong>L'histoire de Trinidad : Pourquoi la marque est toujours rest\u00e9e dans l'ombre de Cohiba<\/strong><\/a><\/strong><\/p>\n\n\n\n<p><strong>Site web externe :<\/strong> <a href=\"https:\/\/de.wikipedia.org\/wiki\/Trinidad_(Zigarre)\" target=\"_blank\" rel=\"noreferrer noopener\">Marque de cigares Trinidad, informations sur Wikipedia<\/a><\/p>","protected":false},"excerpt":{"rendered":"<p>Fotos La Sant\u00edsima Trinidad mit roten Ziegeld\u00e4chern, kopfsteingepflasterten Stra\u00dfen, Pl\u00e4tzen und Treppen; El Laguito als ehemalige Villa eines Zuckerbarons in Cubanac\u00e1n; und die Manufaktur \u00abFrancisco&hellip;<\/p>","protected":false},"author":2,"featured_media":0,"parent":1915,"menu_order":0,"comment_status":"closed","ping_status":"closed","template":"","meta":{"om_disable_all_campaigns":false,"_glsr_average":0,"_glsr_ranking":0,"_glsr_reviews":0,"footnotes":""},"class_list":["post-2376","page","type-page","status-publish","hentry"],"jetpack_sharing_enabled":true,"_links":{"self":[{"href":"https:\/\/origin-of-cigar.com\/fr\/wp-json\/wp\/v2\/pages\/2376","targetHints":{"allow":["GET"]}}],"collection":[{"href":"https:\/\/origin-of-cigar.com\/fr\/wp-json\/wp\/v2\/pages"}],"about":[{"href":"https:\/\/origin-of-cigar.com\/fr\/wp-json\/wp\/v2\/types\/page"}],"author":[{"embeddable":true,"href":"https:\/\/origin-of-cigar.com\/fr\/wp-json\/wp\/v2\/users\/2"}],"replies":[{"embeddable":true,"href":"https:\/\/origin-of-cigar.com\/fr\/wp-json\/wp\/v2\/comments?post=2376"}],"version-history":[{"count":6,"href":"https:\/\/origin-of-cigar.com\/fr\/wp-json\/wp\/v2\/pages\/2376\/revisions"}],"predecessor-version":[{"id":2387,"href":"https:\/\/origin-of-cigar.com\/fr\/wp-json\/wp\/v2\/pages\/2376\/revisions\/2387"}],"up":[{"embeddable":true,"href":"https:\/\/origin-of-cigar.com\/fr\/wp-json\/wp\/v2\/pages\/1915"}],"wp:attachment":[{"href":"https:\/\/origin-of-cigar.com\/fr\/wp-json\/wp\/v2\/media?parent=2376"}],"curies":[{"name":"wp","href":"https:\/\/api.w.org\/{rel}","templated":true}]}}