{"id":912,"date":"2025-10-09T14:48:50","date_gmt":"2025-10-09T14:48:50","guid":{"rendered":"https:\/\/origin-of-cigar.com\/?page_id=912"},"modified":"2025-12-10T04:52:07","modified_gmt":"2025-12-10T04:52:07","slug":"faq-puros-cubanos","status":"publish","type":"page","link":"https:\/\/origin-of-cigar.com\/es\/faq-kubanische-zigarren\/","title":{"rendered":"FAQ Puros cubanos - El fascinante mundo de la vitola, el almacenamiento y el a\u00f1ejamiento"},"content":{"rendered":"<p>FAQ cigarros cubanos y bienvenido al <strong>Origen de los puros Preguntas frecuentes<\/strong> - el libro de referencia para cualquiera que realmente quiera entender los puros de Cuba. Aqu\u00ed encontrar\u00e1 respuestas a las preguntas que se hacen incluso los aficionados m\u00e1s experimentados: \u00bfPor qu\u00e9 hay dos <strong>Vitolas<\/strong>? \u00bfQu\u00e9 ocurre en el <strong>Per\u00edodo de enfermedad<\/strong>? \u00bfPor qu\u00e9 el <strong>Tren<\/strong> a veces s\u00f3lido - \u00bfy c\u00f3mo se guardan los puros correctamente?<\/p>\n\n\n\n<p>Nuestro FAQ cigarros cubanos explicar con un enfoque claro y experiencia, <strong>Por qu\u00e9 los puros cubanos viven, respiran y cambian.<\/strong><\/p>\n\n\n\n<div class=\"wp-block-rank-math-toc-block\" id=\"rank-math-toc\"><h2>En nuestro FAQ cigarros cubanos encontrar\u00e1:<\/h2><nav><ul><li class=\"\"><a href=\"#faq-question-1760019795464\">\u00bfPor qu\u00e9 se distingue entre dos vitolas?<\/a><\/li><li class=\"\"><a href=\"#faq-question-1760019839718\">\u00bfQu\u00e9 es el \"periodo de enfermedad\"?<\/a><\/li><li class=\"\"><a href=\"#faq-question-1760019873663\">\u00bfTir\u00f3n firme? Principalmente una cuesti\u00f3n de almacenamiento.<\/a><\/li><li class=\"\"><a href=\"#faq-question-1760019898309\">\u00bfC\u00f3mo se guardan los puros cubanos?<\/a><\/li><li class=\"\"><a href=\"#faq-question-1760019926793\">\u00bfPor qu\u00e9 los puros cubanos j\u00f3venes necesitan un descanso?<\/a><\/li><li class=\"\"><a href=\"#haben-sie-fragen-die-in-unseren-faq-kubanische-zigarren-nicht-beantwortet-werden\">\u00bfTiene alguna pregunta que no est\u00e9 respondida en nuestras FAQ cigarros cubanos?<\/a><\/li><\/ul><\/nav><\/div>\n\n\n\n<div style=\"height:40px\" aria-hidden=\"true\" class=\"wp-block-spacer\"><\/div>\n\n\n<div id=\"rank-math-faq\" class=\"rank-math-block\">\n<div class=\"rank-math-list\">\n<div id=\"faq-question-1760019795464\" class=\"rank-math-list-item\">\n<h3 class=\"rank-math-question\"><strong>\u00bfPor qu\u00e9 se distingue entre dos vitolas?<\/strong><\/h3>\n<div class=\"rank-math-answer\">\n\n<p>Brevemente: <strong>Vitola de galera<\/strong> = Formato de f\u00e1brica (designaci\u00f3n t\u00e9cnica normalizada). <strong>Vitola de salida<\/strong> = nombre comercial\/modelo (as\u00ed es como aparece en la estanter\u00eda y en la caja). <\/p>\n<p>\ud83d\udc49 <strong>Vitola de galera<\/strong>Utilizados en la f\u00e1brica (rodillos, control de calidad, cat\u00e1logos de Habanos). Normalizado <strong>R\u00fabrica de formato para todas las marcas<\/strong>definido <strong>Longitud (mm)<\/strong> y <strong>Tama\u00f1o del anillo<\/strong>. A menudo en el <strong>Plural<\/strong> (por ejemplo <em>Robustos, Marevas, Dalias, Laguito No. 1<\/em>).<\/p>\n<p>\ud83d\udc49 <strong>Vitola de salida<\/strong>: <strong>Nombre comercial<\/strong> para la venta; <strong>Marca y modelo<\/strong>. Se apoya en <strong>Caja, listas de precios, sitios web<\/strong>. En alem\u00e1n se denomina <strong>Formato<\/strong>. En otros idiomas, sin embargo, este t\u00e9rmino es desconocido; all\u00ed se denomina generalmente <em>Vitola<\/em>.<\/p>\n\n<\/div>\n<\/div>\n<div id=\"faq-question-1760019839718\" class=\"rank-math-list-item\">\n<h3 class=\"rank-math-question\"><br><strong>\u00bfQu\u00e9 es el \"periodo de enfermedad\"?<\/strong><\/h3>\n<div class=\"rank-math-answer\">\n\n<p>\u2705 El <em>Per\u00edodo de enfermedad<\/em> (a menudo llamada \"fase enferma\" en alem\u00e1n) describe una fase temporal en la maduraci\u00f3n de un puro en la que su sabor disminuye significativamente. Esta fase suele producirse <strong>varias semanas o meses despu\u00e9s de la producci\u00f3n<\/strong> suelen producirse entre el tercer y el noveno mes despu\u00e9s de la fecha de la caja. La causa es que el tabaco sigue \"trabajando\" despu\u00e9s de liarlo:<\/p>\n<p>\u2705 <strong>Fermentaci\u00f3n residual<\/strong>Los procesos microbiol\u00f3gicos contin\u00faan en las hojas, liberando amon\u00edaco y otros gases.<\/p>\n<p>\u2705 <strong>Sabores desequilibrados<\/strong>Las hojas de tabaco individuales a\u00fan no se han armonizado completamente; las notas de sabor aparecen angulosas o desequilibradas.<\/p>\n<p>\u2705 <strong>Impresi\u00f3n t\u00edpica al fumar<\/strong>El cigarro puede tener un sabor \"duro\", amargo, agrio o incluso plano, a menudo acompa\u00f1ado de un olor ligeramente acre cuando se exprime en fr\u00edo.<\/p>\n<p>\u2705 Despu\u00e9s de esta fase, los sabores se estabilizan de nuevo y el cigarro gana profundidad, complejidad y armon\u00eda con el envejecimiento posterior.<\/p>\n\n<\/div>\n<\/div>\n<div id=\"faq-question-1760019873663\" class=\"rank-math-list-item\">\n<h3 class=\"rank-math-question\"><br><strong>\u00bfTir\u00f3n firme? Principalmente una cuesti\u00f3n de almacenamiento.<\/strong><\/h3>\n<div class=\"rank-math-answer\">\n\n<p>\u2705 A menudo oigo la queja de que los puros cubanos tienen demasiada resistencia al tiro. En mi experiencia, esto ocurre tan raramente que apenas pienso en ello. En la mayor\u00eda de los casos, la causa reside en un almacenamiento excesivamente h\u00famedo.<\/p>\n<p>\u2705 Los puros cubanos se sienten m\u00e1s c\u00f3modos a una humedad relativa de 69 % - 65-69 % a unos 16 \u00b0C es lo \u00f3ptimo. S\u00e9 que estas condiciones no se pueden realizar en un humidor en casa, especialmente cuando se trata de la temperatura.<\/p>\n<p>\u2705 Si un puro tiene un tiro demasiado estrecho, col\u00f3quelo fuera del humidor durante 1-2 horas (no al sol). Durante este tiempo, liberar\u00e1 algo de humedad y la resistencia al tiro mejorar\u00e1 significativamente.<\/p>\n\n<\/div>\n<\/div>\n<div id=\"faq-question-1760019898309\" class=\"rank-math-list-item\">\n<h3 class=\"rank-math-question\"><br><strong>\u00bfC\u00f3mo se guardan los puros cubanos?<\/strong><\/h3>\n<div class=\"rank-math-answer\">\n\n<p>\u2705 <strong>Puede guardar los puros cubanos en la caja original cerrada o en un paquete completo en el humidor.<\/strong> Los puros individuales deben ir en un tubo de aluminio sellado, que luego se coloca en el humidor. Si no dispone de un tubo, guarde el puro en una bolsa transparente, a\u00f1ada un paquete de Boveda 69%, cierre bien la bolsa y col\u00f3quela en el humidor.<em> (Las bolsas Keep-fresh no son permeables al aire y mantienen la humedad constante).<\/em><\/p>\n<p><strong>La raz\u00f3n:<\/strong> Sin esta protecci\u00f3n, los puros pierden gran parte de su sabor en pocos d\u00edas o semanas, un efecto que he notado claramente en mis propios experimentos.<\/p>\n\n<\/div>\n<\/div>\n<div id=\"faq-question-1760019926793\" class=\"rank-math-list-item\">\n<h3 class=\"rank-math-question\"><br><strong>\u00bfPor qu\u00e9 los puros cubanos j\u00f3venes necesitan un descanso?<\/strong><\/h3>\n<div class=\"rank-math-answer\">\n\n<p>\u2705 Esto no es culpa del cigarro. El tabaco cubano no se madura durante tanto tiempo y los puros suelen venderse con tabaco joven. Si los fumas unos 2-4 meses despu\u00e9s de la fecha de la caja, ya pueden tener un sabor excelente. Despu\u00e9s, sin embargo, necesitan una fase de maduraci\u00f3n - dependiendo de la marca y la vitola, entre 1 a\u00f1o y m\u00e1s de 3, 5 o incluso m\u00e1s a\u00f1os.<\/p>\n\n<\/div>\n<\/div>\n<\/div>\n<\/div>\n\n\n<h3 class=\"wp-block-heading\" id=\"haben-sie-fragen-die-in-unseren-faq-kubanische-zigarren-nicht-beantwortet-werden\">\u00bfTiene alguna pregunta que no est\u00e9 respondida en nuestras FAQ cigarros cubanos?<\/h3>\n\n\n\n<p>Escr\u00edbanos, estaremos encantados de tratar su tema y ampliar continuamente nuestra secci\u00f3n de preguntas frecuentes. El resultado es una obra de referencia viva, cada vez m\u00e1s precisa y con respuestas reales, directamente del mundo de los puros cubanos.<\/p>\n\n\n\n<p>\ud83d\udc49 <a href=\"https:\/\/origin-of-cigar.com\/es\/pongase-en-contacto-con\/\" data-type=\"page\" data-id=\"90\">Utilice nuestro formulario de contacto, \u00a1esperamos su pregunta!<\/a><\/p>\n\n\n\n<div style=\"height:50px\" aria-hidden=\"true\" class=\"wp-block-spacer\"><\/div>\n\n\n\n<figure class=\"wp-block-image size-full\"><img loading=\"lazy\" decoding=\"async\" width=\"1000\" height=\"666\" src=\"https:\/\/origin-of-cigar.com\/wp-content\/uploads\/2025\/10\/Claudia-und-Vasilij_\u00a9csf-321_0101_b_2.jpg\" alt=\"FAQ Puros cubanos, Vasilij Ratej y Claudia Puszkar.\" class=\"wp-image-961\" srcset=\"https:\/\/origin-of-cigar.com\/wp-content\/uploads\/2025\/10\/Claudia-und-Vasilij_\u00a9csf-321_0101_b_2.jpg 1000w, https:\/\/origin-of-cigar.com\/wp-content\/uploads\/2025\/10\/Claudia-und-Vasilij_\u00a9csf-321_0101_b_2-300x200.jpg 300w, https:\/\/origin-of-cigar.com\/wp-content\/uploads\/2025\/10\/Claudia-und-Vasilij_\u00a9csf-321_0101_b_2-768x511.jpg 768w, https:\/\/origin-of-cigar.com\/wp-content\/uploads\/2025\/10\/Claudia-und-Vasilij_\u00a9csf-321_0101_b_2-18x12.jpg 18w, https:\/\/origin-of-cigar.com\/wp-content\/uploads\/2025\/10\/Claudia-und-Vasilij_\u00a9csf-321_0101_b_2-624x416.jpg 624w\" sizes=\"auto, (max-width: 1000px) 100vw, 1000px\" \/><\/figure>\n\n\n\n<div style=\"height:10px\" aria-hidden=\"true\" class=\"wp-block-spacer\"><\/div>\n\n\n\n<h5 class=\"wp-block-heading\" id=\"vasilij-ratej-claudia-puszkar-das-herausgeberduo-von-origin-of-cigar\">Vasilij Ratej &amp; Claudia Puszkar, el d\u00fao de editores de <em>Origen del puro<\/em>. El FAQ cigarros cubanos, por supuesto, siempre se actualizar\u00e1. \u00bfLe faltan preguntas y respuestas aqu\u00ed? \u00a1Escr\u00edbanos! <\/h5>\n\n\n\n<p>\ud83d\udc49 <a href=\"https:\/\/origin-of-cigar.com\/es\/pongase-en-contacto-con\/\" data-type=\"page\" data-id=\"90\">Utilice nuestro formulario de contacto, \u00a1esperamos su pregunta!<\/a><\/p>\n\n\n\n<div style=\"height:50px\" aria-hidden=\"true\" class=\"wp-block-spacer\"><\/div>\n\n\n\n<h2 class=\"wp-block-heading\" id=\"ressourcen-zum-thema\">Curado para usted<\/h2>\n\n\n\n<p><strong>En Origen del Cigarro:<\/strong>&nbsp;<a href=\"https:\/\/origin-of-cigar.com\/es\/anejamiento-de-puros-cubanos\/\">Maduraci\u00f3n de puros cubanos: \u00bfc\u00f3mo se hace?<\/a><\/p>\n\n\n\n<p><strong>Sitio web externo:<\/strong>&nbsp;<a href=\"https:\/\/www.zigarren.zone\/zigarren-lagern-ein-kontroverses-thema-mit-vielen-meinungen\/\" target=\"_blank\" rel=\"noreferrer noopener\">Cigars.zone, semana tem\u00e1tica guardando puros<\/a><\/p>","protected":false},"excerpt":{"rendered":"<p>FAQ kubanische Zigarren und willkommen in den Origin Of Cigar FAQs \u2013 dem Nachschlagewerk f\u00fcr alle, die Kubas Zigarren wirklich verstehen wollen. Hier findest du&hellip;<\/p>","protected":false},"author":2,"featured_media":0,"parent":0,"menu_order":0,"comment_status":"closed","ping_status":"closed","template":"","meta":{"om_disable_all_campaigns":false,"_glsr_average":0,"_glsr_ranking":0,"_glsr_reviews":0,"footnotes":""},"class_list":["post-912","page","type-page","status-publish","hentry"],"jetpack_sharing_enabled":true,"_links":{"self":[{"href":"https:\/\/origin-of-cigar.com\/es\/wp-json\/wp\/v2\/pages\/912","targetHints":{"allow":["GET"]}}],"collection":[{"href":"https:\/\/origin-of-cigar.com\/es\/wp-json\/wp\/v2\/pages"}],"about":[{"href":"https:\/\/origin-of-cigar.com\/es\/wp-json\/wp\/v2\/types\/page"}],"author":[{"embeddable":true,"href":"https:\/\/origin-of-cigar.com\/es\/wp-json\/wp\/v2\/users\/2"}],"replies":[{"embeddable":true,"href":"https:\/\/origin-of-cigar.com\/es\/wp-json\/wp\/v2\/comments?post=912"}],"version-history":[{"count":27,"href":"https:\/\/origin-of-cigar.com\/es\/wp-json\/wp\/v2\/pages\/912\/revisions"}],"predecessor-version":[{"id":1914,"href":"https:\/\/origin-of-cigar.com\/es\/wp-json\/wp\/v2\/pages\/912\/revisions\/1914"}],"wp:attachment":[{"href":"https:\/\/origin-of-cigar.com\/es\/wp-json\/wp\/v2\/media?parent=912"}],"curies":[{"name":"wp","href":"https:\/\/api.w.org\/{rel}","templated":true}]}}