{"id":514,"date":"2025-10-14T06:19:24","date_gmt":"2025-10-14T06:19:24","guid":{"rendered":"https:\/\/origin-of-cigar.com\/?page_id=514"},"modified":"2025-11-27T14:01:39","modified_gmt":"2025-11-27T14:01:39","slug":"historia-del-puro-cubano","status":"publish","type":"page","link":"https:\/\/origin-of-cigar.com\/es\/kubanische-zigarren-geschichte\/","title":{"rendered":"Puros cubanos: historia, rese\u00f1as y experiencias"},"content":{"rendered":"<h3 class=\"wp-block-heading\">Puros cubanos: \u00a1obtenga una visi\u00f3n \u00fanica de la historia y el mundo de los puros cubanos! Para todos aquellos que quieran profundizar en su pasi\u00f3n y comprender el trasfondo. \u27a1\ufe0f <a href=\"https:\/\/origin-of-cigar.com\/es\/subscribe\/\">Descubra ahora el Bolet\u00edn VIP<\/a><\/h3>\n\n\n\n<div style=\"height:35px\" aria-hidden=\"true\" class=\"wp-block-spacer\"><\/div>\n\n\n\n<p class=\"has-background\" style=\"background-color:#d0d0d0\">Consejo: Lea nuestro <strong>Serie \u201eHistoria Cuba Cigarros\u201c - Un viaje documental en 6 partes a trav\u00e9s de la historia de los Habanos.<\/strong> <strong>\ud83d\udc49<a href=\"https:\/\/origin-of-cigar.com\/es\/historia-inicio-serie-puros-cuba\/\">Ir al resumen completo de la serie<\/a><\/strong>.<\/p>\n\n\n\n<div style=\"height:35px\" aria-hidden=\"true\" class=\"wp-block-spacer\"><\/div>\n\n\n\n<h2 class=\"wp-block-heading\">M\u00e1s que una revista en l\u00ednea: un viaje en el tiempo<\/h2>\n\n\n\n<p>Desde los campos de tabaco de Pinar del R\u00edo hasta los salones de La Habana: Origin Of Cigar le trae historias, documentos hist\u00f3ricos y apasionante informaci\u00f3n de fondo que, de otro modo, permanecer\u00eda oculta.<\/p>\n\n\n\n<div style=\"height:50px\" aria-hidden=\"true\" class=\"wp-block-spacer\"><\/div>\n\n\n\n<figure class=\"wp-block-image size-full\"><img loading=\"lazy\" decoding=\"async\" width=\"1000\" height=\"666\" src=\"https:\/\/origin-of-cigar.com\/wp-content\/uploads\/2025\/10\/Claudia-und-Vasilij_\u00a9csf-321_0030_b_2.jpg\" alt=\"Puros cubanos \/ Vasilij Ratej &amp; Claudia Puszkar, el d\u00fao editor de Origin Of Cigar. \" class=\"wp-image-955\" srcset=\"https:\/\/origin-of-cigar.com\/wp-content\/uploads\/2025\/10\/Claudia-und-Vasilij_\u00a9csf-321_0030_b_2.jpg 1000w, https:\/\/origin-of-cigar.com\/wp-content\/uploads\/2025\/10\/Claudia-und-Vasilij_\u00a9csf-321_0030_b_2-300x200.jpg 300w, https:\/\/origin-of-cigar.com\/wp-content\/uploads\/2025\/10\/Claudia-und-Vasilij_\u00a9csf-321_0030_b_2-768x511.jpg 768w, https:\/\/origin-of-cigar.com\/wp-content\/uploads\/2025\/10\/Claudia-und-Vasilij_\u00a9csf-321_0030_b_2-18x12.jpg 18w, https:\/\/origin-of-cigar.com\/wp-content\/uploads\/2025\/10\/Claudia-und-Vasilij_\u00a9csf-321_0030_b_2-624x416.jpg 624w\" sizes=\"auto, (max-width: 1000px) 100vw, 1000px\" \/><\/figure>\n\n\n\n<div style=\"height:10px\" aria-hidden=\"true\" class=\"wp-block-spacer\"><\/div>\n\n\n\n<h5 class=\"wp-block-heading\">Claudia Puszkar &amp; Vasilij Ratej, el d\u00fao de editores de <em>Origen del puro<\/em>. <\/h5>\n\n\n\n<div style=\"height:50px\" aria-hidden=\"true\" class=\"wp-block-spacer\"><\/div>\n\n\n\n<h2 class=\"wp-block-heading\">\u00bfPor qu\u00e9 el origen del puro?<\/h2>\n\n\n\n<p>\u2705 <strong>Historias de marcas<\/strong> - c\u00f3mo nacieron leyendas como Partag\u00e1s, Cohiba o Montecristo.<br>\u2705 <strong>Perspectivas hist\u00f3ricas<\/strong> - Documentos raros, investigaciones en profundidad, hechos apasionantes.<br>\u2705 <strong>Profundidad en lugar de superficie<\/strong> - Arrojamos luz sobre el alma del puro cubano.<br>\u2705 <strong>Car\u00e1cter comunitario<\/strong> - formar parte de un movimiento mundial de aficionados a los puros cubanos.<\/p>\n\n\n\n<h2 class=\"wp-block-heading\">\u00bfA qui\u00e9n va dirigido Origin Of Cigar?<\/h2>\n\n\n\n<ul class=\"wp-block-list\">\n<li>Para entendidos que quieren algo m\u00e1s que fumar.<\/li>\n\n\n\n<li>Para principiantes que quieran comprender el verdadero valor de un puro.<\/li>\n\n\n\n<li>Para todos aquellos que consideran que un puro es algo m\u00e1s que tabaco: es cultura, historia y emoci\u00f3n.<\/li>\n<\/ul>\n\n\n\n<h2 class=\"wp-block-heading\">Sum\u00e9rjase en el mundo de los Habanos<\/h2>\n\n\n\n<p>Lea las \u00faltimas historias de la marca, descubra emocionante informaci\u00f3n de fondo y experimente los puros cubanos con ojos completamente nuevos.<\/p>\n\n\n\n<p>\u27a1\ufe0f <a href=\"https:\/\/origin-of-cigar.com\/es\/dia\/marcas\/\">Lea los art\u00edculos ahora<\/a><\/p>\n\n\n\n<h2 class=\"wp-block-heading\">Mant\u00e9n el pulso del cigarro<\/h2>\n\n\n\n<p>Inscr\u00edbete en el <strong>Origen del bolet\u00edn de cigarros<\/strong> y no se pierda ning\u00fan nuevo descubrimiento.<br>Como agradecimiento, recibir\u00e1 el <strong>herramienta de degustaci\u00f3n gratuita PDF<\/strong>, con el que podr\u00e1 analizar los puros de forma m\u00e1s clara e intensa.<\/p>\n\n\n\n<p>\u27a1\ufe0f <a href=\"https:\/\/origin-of-cigar.com\/es\/subscribe\/\">Suscr\u00edbase al bolet\u00edn y obtenga la herramienta de degustaci\u00f3n<\/a><\/p>\n\n\n\n<p><\/p>","protected":false},"excerpt":{"rendered":"<p>Puros cubanos: \u00a1obtenga una visi\u00f3n \u00fanica de la historia y el mundo de los puros cubanos! Para todos aquellos que quieran profundizar en su pasi\u00f3n y comprender el trasfondo. \u27a1\ufe0f...<\/p>","protected":false},"author":2,"featured_media":0,"parent":0,"menu_order":0,"comment_status":"closed","ping_status":"closed","template":"","meta":{"om_disable_all_campaigns":false,"_glsr_average":0,"_glsr_ranking":0,"_glsr_reviews":0,"footnotes":""},"class_list":["post-514","page","type-page","status-publish","hentry"],"jetpack_sharing_enabled":true,"_links":{"self":[{"href":"https:\/\/origin-of-cigar.com\/es\/wp-json\/wp\/v2\/pages\/514","targetHints":{"allow":["GET"]}}],"collection":[{"href":"https:\/\/origin-of-cigar.com\/es\/wp-json\/wp\/v2\/pages"}],"about":[{"href":"https:\/\/origin-of-cigar.com\/es\/wp-json\/wp\/v2\/types\/page"}],"author":[{"embeddable":true,"href":"https:\/\/origin-of-cigar.com\/es\/wp-json\/wp\/v2\/users\/2"}],"replies":[{"embeddable":true,"href":"https:\/\/origin-of-cigar.com\/es\/wp-json\/wp\/v2\/comments?post=514"}],"version-history":[{"count":15,"href":"https:\/\/origin-of-cigar.com\/es\/wp-json\/wp\/v2\/pages\/514\/revisions"}],"predecessor-version":[{"id":1817,"href":"https:\/\/origin-of-cigar.com\/es\/wp-json\/wp\/v2\/pages\/514\/revisions\/1817"}],"wp:attachment":[{"href":"https:\/\/origin-of-cigar.com\/es\/wp-json\/wp\/v2\/media?parent=514"}],"curies":[{"name":"wp","href":"https:\/\/api.w.org\/{rel}","templated":true}]}}