{"id":2773,"date":"2026-04-24T14:58:07","date_gmt":"2026-04-24T14:58:07","guid":{"rendered":"https:\/\/origin-of-cigar.com\/?page_id=2773"},"modified":"2026-04-24T15:03:22","modified_gmt":"2026-04-24T15:03:22","slug":"historia-de-bolivar-fotos","status":"publish","type":"page","link":"https:\/\/origin-of-cigar.com\/es\/fotos-geschichte-kubanischer-zigarrenmarken\/fotos-bolivar-geschichte\/","title":{"rendered":"Fotos Historia de Bol\u00edvar"},"content":{"rendered":"<h2 class=\"wp-block-heading\">Fotos<\/h2>\n\n\n\n<p>Los puros Bol\u00edvar representan sabores intensos, mezclas potentes de tabaco y una larga tradici\u00f3n en La Habana. Hasta el d\u00eda de hoy, su producci\u00f3n se realiza en la f\u00e1brica de Partag\u00e1s. La conexi\u00f3n con la historia de Sim\u00f3n Bol\u00edvar, as\u00ed como su fuerza caracter\u00edstica, los convierten en una de las marcas m\u00e1s distintivas entre los Habanos.<\/p>\n\n\n\n<figure class=\"wp-block-image size-full\"><img loading=\"lazy\" decoding=\"async\" width=\"1000\" height=\"894\" src=\"https:\/\/origin-of-cigar.com\/wp-content\/uploads\/2026\/04\/OOC-Bolivar-0-Logo-1.jpg\" alt=\"Sim\u00f3n Bol\u00edvar, El Libertador, el libertador de Sudam\u00e9rica o Latinoam\u00e9rica. A trav\u00e9s de su imagen en las cajas de puros, todav\u00eda est\u00e1 presente hoy en d\u00eda.\" class=\"wp-image-2742\" srcset=\"https:\/\/origin-of-cigar.com\/wp-content\/uploads\/2026\/04\/OOC-Bolivar-0-Logo-1.jpg 1000w, https:\/\/origin-of-cigar.com\/wp-content\/uploads\/2026\/04\/OOC-Bolivar-0-Logo-1-300x268.jpg 300w, https:\/\/origin-of-cigar.com\/wp-content\/uploads\/2026\/04\/OOC-Bolivar-0-Logo-1-768x687.jpg 768w, https:\/\/origin-of-cigar.com\/wp-content\/uploads\/2026\/04\/OOC-Bolivar-0-Logo-1-13x12.jpg 13w, https:\/\/origin-of-cigar.com\/wp-content\/uploads\/2026\/04\/OOC-Bolivar-0-Logo-1-624x558.jpg 624w\" sizes=\"auto, (max-width: 1000px) 100vw, 1000px\" \/><\/figure>\n\n\n\n<h2 class=\"wp-block-heading\">Historia<\/h2>\n\n\n\n<p>La marca Bol\u00edvar fue registrada oficialmente en 1921, aunque sus or\u00edgenes se remontan a alrededor de 1900. Tras ser adquirida por la familia Cifuentes, se convirti\u00f3 en una marca de cigarros de renombre internacional. Su producci\u00f3n se traslad\u00f3 a la f\u00e1brica de Partag\u00e1s y sigue definiendo su reputaci\u00f3n hasta el d\u00eda de hoy.<\/p>\n\n\n\n<p>\ud83d\udc49 <strong><a href=\"https:\/\/origin-of-cigar.com\/es\/historia-de-bolivar\/\">Lee ahora \ud83d\udc49 Puros Bol\u00edvar \u2013 Ic\u00f3nica potencia del mundo del habano con una historia apasionante<\/a><\/strong><\/p>\n\n\n<style type=\"text\/css\">\n#foogallery-gallery-2756.fg-masonry .fg-item { width: 250px; }\n#foogallery-gallery-2756.fg-masonry { --fg-gutter: 10px; }<\/style>\n\t\t\t<div class=\"foogallery foogallery-container foogallery-masonry foogallery-lightbox-foogallery fg-center fg-masonry fg-ready fg-dark fg-border-medium fg-round-small fg-shadow-outline fg-loading-default fg-loaded-fade-in fg-hover-semi-zoomed fg-captions-bottom fg-hover-fade fg-hover-zoom4 fg-fixed\" id=\"foogallery-gallery-2756\" data-foogallery=\"{&quot;panel&quot;:{&quot;buttons&quot;:{&quot;download&quot;:false}},&quot;item&quot;:{&quot;showCaptionTitle&quot;:true,&quot;showCaptionDescription&quot;:true},&quot;lazy&quot;:true,&quot;template&quot;:{&quot;columnWidth&quot;:250,&quot;gutter&quot;:10}}\" data-foogallery-lightbox=\"{&quot;theme&quot;:&quot;fg-dark&quot;,&quot;thumbs&quot;:&quot;bottom&quot;,&quot;thumbsCaptions&quot;:false,&quot;thumbsBestFit&quot;:false,&quot;thumbsSmall&quot;:false,&quot;thumbsCaptionsAlign&quot;:&quot;default&quot;,&quot;info&quot;:&quot;bottom&quot;,&quot;infoVisible&quot;:true,&quot;infoOverlay&quot;:true,&quot;infoAlign&quot;:&quot;default&quot;,&quot;transition&quot;:&quot;fade&quot;,&quot;hoverButtons&quot;:false,&quot;fitMedia&quot;:false,&quot;noScrollbars&quot;:true,&quot;preserveButtonSpace&quot;:true,&quot;buttons&quot;:{&quot;fullscreen&quot;:true,&quot;info&quot;:true,&quot;thumbs&quot;:false,&quot;download&quot;:false},&quot;video&quot;:{&quot;autoPlay&quot;:true}}\" style=\"--fg-title-line-clamp: 1; --fg-description-line-clamp: 2;\" >\n\t\t<div class=\"fg-item fg-type-image fg-idle\"><figure class=\"fg-item-inner\"><a href=\"https:\/\/origin-of-cigar.com\/wp-content\/uploads\/2026\/04\/OOC-Bolivar-0-Logo-1.jpg\" data-caption-desc=\"Sim\u00f3n Bol\u00edvar, El Libertador, der Befreier S\u00fcd- oder Lateinamerikas. Durch seine Abbildung auf den Zigarrenkisten ist er auch heute noch pr\u00e4sent.\" data-attachment-id=\"2742\" data-type=\"image\" class=\"fg-thumb\"><span class=\"fg-image-wrap\"><img fetchpriority=\"high\" decoding=\"async\" alt=\"Sim\u00f3n Bol\u00edvar, El Libertador, el libertador de Sudam\u00e9rica o Latinoam\u00e9rica. A trav\u00e9s de su imagen en las cajas de puros, todav\u00eda est\u00e1 presente hoy en d\u00eda.\" width=\"250\" height=\"224\" class=\"skip-lazy fg-image\" data-src-fg=\"https:\/\/origin-of-cigar.com\/wp-content\/uploads\/cache\/2026\/04\/OOC-Bolivar-0-Logo-1\/3918460154.jpg\" src=\"data:image\/svg+xml,%3Csvg%20xmlns%3D%22http%3A%2F%2Fwww.w3.org%2F2000%2Fsvg%22%20width%3D%22250%22%20height%3D%22224%22%20viewBox%3D%220%200%20250%20224%22%3E%3C%2Fsvg%3E\" loading=\"eager\"><\/span><span class=\"fg-image-overlay\"><\/span><\/a><figcaption class=\"fg-caption\"><div class=\"fg-caption-inner\"><div class=\"fg-caption-desc\">Sim\u00f3n Bol\u00edvar, El Libertador, el libertador de Sudam\u00e9rica o Latinoam\u00e9rica. A trav\u00e9s de su imagen en las cajas de puros, todav\u00eda est\u00e1 presente hoy en d\u00eda.<\/div><\/div><\/figcaption><\/figure><div class=\"fg-loader\"><\/div><\/div><div class=\"fg-item fg-type-image fg-idle\"><figure class=\"fg-item-inner\"><a href=\"https:\/\/origin-of-cigar.com\/wp-content\/uploads\/2026\/04\/OOC-Bolivar-0-Logo-2.jpg\" data-caption-desc=\"Die Marke Bol\u00edvar wurde offiziell 1921 registriert.\" data-attachment-id=\"2743\" data-type=\"image\" class=\"fg-thumb\"><span class=\"fg-image-wrap\"><img decoding=\"async\" alt=\"La marca Bol\u00edvar se registr\u00f3 oficialmente en 1921.\" width=\"250\" height=\"151\" class=\"skip-lazy fg-image\" data-src-fg=\"https:\/\/origin-of-cigar.com\/wp-content\/uploads\/cache\/2026\/04\/OOC-Bolivar-0-Logo-2\/1533321204.jpg\" src=\"data:image\/svg+xml,%3Csvg%20xmlns%3D%22http%3A%2F%2Fwww.w3.org%2F2000%2Fsvg%22%20width%3D%22250%22%20height%3D%22151%22%20viewBox%3D%220%200%20250%20151%22%3E%3C%2Fsvg%3E\" loading=\"eager\"><\/span><span class=\"fg-image-overlay\"><\/span><\/a><figcaption class=\"fg-caption\"><div class=\"fg-caption-inner\"><div class=\"fg-caption-desc\">La marca Bol\u00edvar se registr\u00f3 oficialmente en 1921.<\/div><\/div><\/figcaption><\/figure><div class=\"fg-loader\"><\/div><\/div><div class=\"fg-item fg-type-image fg-idle\"><figure class=\"fg-item-inner\"><a href=\"https:\/\/origin-of-cigar.com\/wp-content\/uploads\/2026\/04\/OOC-Bolivar-1-Zigarren-1.jpg\" data-caption-desc=\"Von der Marke Bol\u00edvar gibt es eine ganze Reihe von Sondereditionen, wie diese Reserva von 2016; aber auch f\u00fcr eine Edici\u00f3n Regional, bisher schon mehr als 30 mal, wird die Marke Bol\u00edvar gern genommen.\" data-attachment-id=\"2744\" data-type=\"image\" class=\"fg-thumb\"><span class=\"fg-image-wrap\"><img decoding=\"async\" alt=\"De la marca Bol\u00edvar existe toda una serie de ediciones especiales, como esta Reserva de 2016; pero tambi\u00e9n para una Edici\u00f3n Regional, ya m\u00e1s de 30 veces, la marca Bol\u00edvar es muy apreciada.\" width=\"250\" height=\"378\" class=\"skip-lazy fg-image\" data-src-fg=\"https:\/\/origin-of-cigar.com\/wp-content\/uploads\/cache\/2026\/04\/OOC-Bolivar-1-Zigarren-1\/3391126794.jpg\" src=\"data:image\/svg+xml,%3Csvg%20xmlns%3D%22http%3A%2F%2Fwww.w3.org%2F2000%2Fsvg%22%20width%3D%22250%22%20height%3D%22378%22%20viewBox%3D%220%200%20250%20378%22%3E%3C%2Fsvg%3E\" loading=\"eager\"><\/span><span class=\"fg-image-overlay\"><\/span><\/a><figcaption class=\"fg-caption\"><div class=\"fg-caption-inner\"><div class=\"fg-caption-desc\">De la marca Bol\u00edvar existe toda una serie de ediciones especiales, como esta Reserva de 2016; pero tambi\u00e9n para una Edici\u00f3n Regional, ya m\u00e1s de 30 veces, la marca Bol\u00edvar es muy apreciada.<\/div><\/div><\/figcaption><\/figure><div class=\"fg-loader\"><\/div><\/div><div class=\"fg-item fg-type-image fg-idle\"><figure class=\"fg-item-inner\"><a href=\"https:\/\/origin-of-cigar.com\/wp-content\/uploads\/2026\/04\/OOC-Bolivar-1-Zigarren-2.jpg\" data-caption-desc=\"Die Bol\u00edvar Belicosos Finos, eine Piramide mit 52er Ringma\u00df und 140 mm L\u00e4nge, geh\u00f6rt mit zu den absoluten Klassikern der Marke.\" data-attachment-id=\"2745\" data-type=\"image\" class=\"fg-thumb\"><span class=\"fg-image-wrap\"><img decoding=\"async\" alt=\"Los Die Bol\u00edvar Belicosos Finos, una pir\u00e1mide de calibre anular 52 y 140 mm de largo, se encuentran entre los cl\u00e1sicos absolutos de la marca.\" width=\"250\" height=\"290\" class=\"skip-lazy fg-image\" data-src-fg=\"https:\/\/origin-of-cigar.com\/wp-content\/uploads\/cache\/2026\/04\/OOC-Bolivar-1-Zigarren-2\/3639886088.jpg\" src=\"data:image\/svg+xml,%3Csvg%20xmlns%3D%22http%3A%2F%2Fwww.w3.org%2F2000%2Fsvg%22%20width%3D%22250%22%20height%3D%22290%22%20viewBox%3D%220%200%20250%20290%22%3E%3C%2Fsvg%3E\" loading=\"eager\"><\/span><span class=\"fg-image-overlay\"><\/span><\/a><figcaption class=\"fg-caption\"><div class=\"fg-caption-inner\"><div class=\"fg-caption-desc\">Los Die Bol\u00edvar Belicosos Finos, una pir\u00e1mide de calibre anular 52 y 140 mm de largo, se encuentran entre los cl\u00e1sicos absolutos de la marca.<\/div><\/div><\/figcaption><\/figure><div class=\"fg-loader\"><\/div><\/div><div class=\"fg-item fg-type-image fg-idle\"><figure class=\"fg-item-inner\"><a href=\"https:\/\/origin-of-cigar.com\/wp-content\/uploads\/2026\/04\/OOC-Bolivar-1-Zigarren-3.jpg\" data-caption-desc=\"Auch f\u00fcr Sonderserien f\u00fcr die \u201eLa Casa del Habano\u201c wird die Marke Bol\u00edvar gerne genutzt.\" data-attachment-id=\"2746\" data-type=\"image\" class=\"fg-thumb\"><span class=\"fg-image-wrap\"><img decoding=\"async\" alt=\"La marca Bol\u00edvar tambi\u00e9n se utiliza con frecuencia para series especiales de \u201eLa Casa del Habano\u201c.\" width=\"250\" height=\"166\" class=\"skip-lazy fg-image\" data-src-fg=\"https:\/\/origin-of-cigar.com\/wp-content\/uploads\/cache\/2026\/04\/OOC-Bolivar-1-Zigarren-3\/1807879156.jpg\" src=\"data:image\/svg+xml,%3Csvg%20xmlns%3D%22http%3A%2F%2Fwww.w3.org%2F2000%2Fsvg%22%20width%3D%22250%22%20height%3D%22166%22%20viewBox%3D%220%200%20250%20166%22%3E%3C%2Fsvg%3E\" loading=\"eager\"><\/span><span class=\"fg-image-overlay\"><\/span><\/a><figcaption class=\"fg-caption\"><div class=\"fg-caption-inner\"><div class=\"fg-caption-desc\">La marca Bol\u00edvar tambi\u00e9n se utiliza con frecuencia para series especiales de \u201eLa Casa del Habano\u201c.<\/div><\/div><\/figcaption><\/figure><div class=\"fg-loader\"><\/div><\/div><div class=\"fg-item fg-type-image fg-idle\"><figure class=\"fg-item-inner\"><a href=\"https:\/\/origin-of-cigar.com\/wp-content\/uploads\/2026\/04\/OOC-Bolivar-1-Zigarren-4.jpg\" data-caption-desc=\"Edici\u00f3n Limitadas der Marke Bol\u00edvar hat es schon mehrere gegeben, diese ist aus dem Jahr 2014.\" data-attachment-id=\"2747\" data-type=\"image\" class=\"fg-thumb\"><span class=\"fg-image-wrap\"><img decoding=\"async\" alt=\"Ha habido varias Ediciones Limitadas de la marca Bol\u00edvar, esta es del a\u00f1o 2014.\" width=\"250\" height=\"199\" class=\"skip-lazy fg-image\" data-src-fg=\"https:\/\/origin-of-cigar.com\/wp-content\/uploads\/cache\/2026\/04\/OOC-Bolivar-1-Zigarren-4\/4250679564.jpg\" src=\"data:image\/svg+xml,%3Csvg%20xmlns%3D%22http%3A%2F%2Fwww.w3.org%2F2000%2Fsvg%22%20width%3D%22250%22%20height%3D%22199%22%20viewBox%3D%220%200%20250%20199%22%3E%3C%2Fsvg%3E\" loading=\"eager\"><\/span><span class=\"fg-image-overlay\"><\/span><\/a><figcaption class=\"fg-caption\"><div class=\"fg-caption-inner\"><div class=\"fg-caption-desc\">Ha habido varias Ediciones Limitadas de la marca Bol\u00edvar, esta es del a\u00f1o 2014.<\/div><\/div><\/figcaption><\/figure><div class=\"fg-loader\"><\/div><\/div><div class=\"fg-item fg-type-image fg-idle\"><figure class=\"fg-item-inner\"><a href=\"https:\/\/origin-of-cigar.com\/wp-content\/uploads\/2026\/04\/OOC-Bolivar-2-Miguel-1.jpg\" data-caption-desc=\"Der erste Firmensitz der Marke Bol\u00edvar befand sich auf der Calle San Miguel No. 100. Auch Por Larra\u00f1aga, Partag\u00e1s und H. Upmann hatten ihren ersten eingetragenen Firmensitz auf dieser Stra\u00dfe. Im Laufe der Jahre gab es in dieser Stra\u00dfe mehr als 20 verschiedene Manufakturen, allerdings in der Regel kleinere.\" data-attachment-id=\"2748\" data-type=\"image\" class=\"fg-thumb\"><span class=\"fg-image-wrap\"><img decoding=\"async\" alt=\"La primera sede de la marca Bol\u00edvar se encontraba en la Calle San Miguel No. 100. Por Larra\u00f1aga, Partag\u00e1s y H. Upmann tambi\u00e9n tuvieron su primera sede registrada en esta calle. A lo largo de los a\u00f1os, ha habido m\u00e1s de 20 f\u00e1bricas diferentes en esta calle, aunque generalmente eran m\u00e1s peque\u00f1as.\" width=\"250\" height=\"188\" class=\"skip-lazy fg-image\" data-src-fg=\"https:\/\/origin-of-cigar.com\/wp-content\/uploads\/cache\/2026\/04\/OOC-Bolivar-2-Miguel-1\/3182255700.jpg\" src=\"data:image\/svg+xml,%3Csvg%20xmlns%3D%22http%3A%2F%2Fwww.w3.org%2F2000%2Fsvg%22%20width%3D%22250%22%20height%3D%22188%22%20viewBox%3D%220%200%20250%20188%22%3E%3C%2Fsvg%3E\" loading=\"eager\"><\/span><span class=\"fg-image-overlay\"><\/span><\/a><figcaption class=\"fg-caption\"><div class=\"fg-caption-inner\"><div class=\"fg-caption-desc\">La primera sede de la marca Bol\u00edvar se encontraba en la Calle San Miguel No. 100. Por Larra\u00f1aga, Partag\u00e1s y H. Upmann tambi\u00e9n tuvieron su primera sede registrada en esta calle. A lo largo de los a\u00f1os, ha habido m\u00e1s de 20 f\u00e1bricas diferentes en esta calle, aunque generalmente eran m\u00e1s peque\u00f1as.<\/div><\/div><\/figcaption><\/figure><div class=\"fg-loader\"><\/div><\/div><div class=\"fg-item fg-type-image fg-idle\"><figure class=\"fg-item-inner\"><a href=\"https:\/\/origin-of-cigar.com\/wp-content\/uploads\/2026\/04\/OOC-Bolivar-3-Industria-1.jpg\" data-caption-desc=\"Wahrscheinlich 1954 kaufte die Cifuentes-Familie, damals Besitzer der Marke Partag\u00e1s die Marke Bol\u00edvar. Die Fabrik befand sich direkt hinter dem Capitol auf der Calle Industria No. 520.\" data-attachment-id=\"2749\" data-type=\"image\" class=\"fg-thumb\"><span class=\"fg-image-wrap\"><img decoding=\"async\" alt=\"Probablemente en 1954 la familia Cifuentes, entonces due\u00f1a de la marca Partag\u00e1s, compr\u00f3 la marca Bol\u00edvar. La f\u00e1brica estaba situada justo detr\u00e1s del Capitolio, en la calle Industria n\u00ba 520.\" width=\"250\" height=\"183\" class=\"skip-lazy fg-image\" data-src-fg=\"https:\/\/origin-of-cigar.com\/wp-content\/uploads\/cache\/2026\/04\/OOC-Bolivar-3-Industria-1\/4212774269.jpg\" src=\"data:image\/svg+xml,%3Csvg%20xmlns%3D%22http%3A%2F%2Fwww.w3.org%2F2000%2Fsvg%22%20width%3D%22250%22%20height%3D%22183%22%20viewBox%3D%220%200%20250%20183%22%3E%3C%2Fsvg%3E\" loading=\"eager\"><\/span><span class=\"fg-image-overlay\"><\/span><\/a><figcaption class=\"fg-caption\"><div class=\"fg-caption-inner\"><div class=\"fg-caption-desc\">Probablemente en 1954 la familia Cifuentes, entonces due\u00f1a de la marca Partag\u00e1s, compr\u00f3 la marca Bol\u00edvar. La f\u00e1brica estaba situada justo detr\u00e1s del Capitolio, en la calle Industria n\u00ba 520.<\/div><\/div><\/figcaption><\/figure><div class=\"fg-loader\"><\/div><\/div><div class=\"fg-item fg-type-image fg-idle\"><figure class=\"fg-item-inner\"><a href=\"https:\/\/origin-of-cigar.com\/wp-content\/uploads\/2026\/04\/OOC-Bolivar-3-Industria-2.jpg\" data-caption-desc=\"Im Hause Partag\u00e1s wurde die Marke Bol\u00edvar richtig erfolgreich. In der Fabrik auf der Calle Industria No. 520 wurden die Bol\u00edvar-Zigarren bis 2012 gefertigt.\" data-attachment-id=\"2750\" data-type=\"image\" class=\"fg-thumb\"><span class=\"fg-image-wrap\"><img decoding=\"async\" alt=\"En la casa Partag\u00e1s, la marca Bol\u00edvar tuvo un \u00e9xito considerable. En la f\u00e1brica de la calle Industria N.\u00ba 520 se fabricaron los puros Bol\u00edvar hasta 2012.\" width=\"250\" height=\"218\" class=\"skip-lazy fg-image\" data-src-fg=\"https:\/\/origin-of-cigar.com\/wp-content\/uploads\/cache\/2026\/04\/OOC-Bolivar-3-Industria-2\/1582349684.jpg\" src=\"data:image\/svg+xml,%3Csvg%20xmlns%3D%22http%3A%2F%2Fwww.w3.org%2F2000%2Fsvg%22%20width%3D%22250%22%20height%3D%22218%22%20viewBox%3D%220%200%20250%20218%22%3E%3C%2Fsvg%3E\" loading=\"eager\"><\/span><span class=\"fg-image-overlay\"><\/span><\/a><figcaption class=\"fg-caption\"><div class=\"fg-caption-inner\"><div class=\"fg-caption-desc\">En la casa Partag\u00e1s, la marca Bol\u00edvar tuvo un \u00e9xito considerable. En la f\u00e1brica de la calle Industria N.\u00ba 520 se fabricaron los puros Bol\u00edvar hasta 2012.<\/div><\/div><\/figcaption><\/figure><div class=\"fg-loader\"><\/div><\/div><div class=\"fg-item fg-type-image fg-idle\"><figure class=\"fg-item-inner\"><a href=\"https:\/\/origin-of-cigar.com\/wp-content\/uploads\/2026\/04\/OOC-Bolivar-4-Carlos-1.jpg\" data-caption-desc=\"Seit 2012 werden die Zigarren der Marke Bol\u00edvar in der auch heute noch aktuellen Partag\u00e1s-Fabrik auf der Calle San Carlos No. 816 gefertigt.\" data-attachment-id=\"2751\" data-type=\"image\" class=\"fg-thumb\"><span class=\"fg-image-wrap\"><img decoding=\"async\" alt=\"Desde 2012, los cigarros de la marca Bol\u00edvar se elaboran en la f\u00e1brica Partag\u00e1s, a\u00fan vigente, en la calle San Carlos No. 816.\" width=\"250\" height=\"331\" class=\"skip-lazy fg-image\" data-src-fg=\"https:\/\/origin-of-cigar.com\/wp-content\/uploads\/cache\/2026\/04\/OOC-Bolivar-4-Carlos-1\/259230326.jpg\" src=\"data:image\/svg+xml,%3Csvg%20xmlns%3D%22http%3A%2F%2Fwww.w3.org%2F2000%2Fsvg%22%20width%3D%22250%22%20height%3D%22331%22%20viewBox%3D%220%200%20250%20331%22%3E%3C%2Fsvg%3E\" loading=\"eager\"><\/span><span class=\"fg-image-overlay\"><\/span><\/a><figcaption class=\"fg-caption\"><div class=\"fg-caption-inner\"><div class=\"fg-caption-desc\">Desde 2012, los cigarros de la marca Bol\u00edvar se elaboran en la f\u00e1brica Partag\u00e1s, a\u00fan vigente, en la calle San Carlos No. 816.<\/div><\/div><\/figcaption><\/figure><div class=\"fg-loader\"><\/div><\/div><div class=\"fg-item fg-type-image fg-idle\"><figure class=\"fg-item-inner\"><a href=\"https:\/\/origin-of-cigar.com\/wp-content\/uploads\/2026\/04\/OOC-Bolivar-4-Carlos-2.jpg\" data-caption-desc=\"Die aktuelle Partag\u00e1s-Fabrik, in der auch die Bol\u00edvar-Zigarren gefertigt werden, war urspr\u00fcnglich einmal ein gro\u00dfes Tabaklagerhaus.\" data-attachment-id=\"2752\" data-type=\"image\" class=\"fg-thumb\"><span class=\"fg-image-wrap\"><img decoding=\"async\" alt=\"La actual f\u00e1brica de Partag\u00e1s, donde tambi\u00e9n se elaboran los puros Bol\u00edvar, era originalmente un gran almac\u00e9n de tabaco.\" width=\"250\" height=\"333\" class=\"skip-lazy fg-image\" data-src-fg=\"https:\/\/origin-of-cigar.com\/wp-content\/uploads\/cache\/2026\/04\/OOC-Bolivar-4-Carlos-2\/2130942528.jpg\" src=\"data:image\/svg+xml,%3Csvg%20xmlns%3D%22http%3A%2F%2Fwww.w3.org%2F2000%2Fsvg%22%20width%3D%22250%22%20height%3D%22333%22%20viewBox%3D%220%200%20250%20333%22%3E%3C%2Fsvg%3E\" loading=\"eager\"><\/span><span class=\"fg-image-overlay\"><\/span><\/a><figcaption class=\"fg-caption\"><div class=\"fg-caption-inner\"><div class=\"fg-caption-desc\">La actual f\u00e1brica de Partag\u00e1s, donde tambi\u00e9n se elaboran los puros Bol\u00edvar, era originalmente un gran almac\u00e9n de tabaco.<\/div><\/div><\/figcaption><\/figure><div class=\"fg-loader\"><\/div><\/div><div class=\"fg-item fg-type-image fg-idle\"><figure class=\"fg-item-inner\"><a href=\"https:\/\/origin-of-cigar.com\/wp-content\/uploads\/2026\/04\/OOC-Bolivar-4-Carlos-3.jpg\" data-caption-desc=\"Die Marken Bol\u00edvar und Partag\u00e1s geh\u00f6ren seit Jahrzehnten zusammen: auch in dieser Sammlung alter Zigarrenkisten in der Partag\u00e1s-Fabrik auf der Calle San Carlos No. 816.\" data-attachment-id=\"2753\" data-type=\"image\" class=\"fg-thumb\"><span class=\"fg-image-wrap\"><img decoding=\"async\" alt=\"Las marcas Bol\u00edvar y Partag\u00e1s pertenecen juntas desde hace d\u00e9cadas: tambi\u00e9n en esta colecci\u00f3n de viejas cajas de cigarros en la f\u00e1brica Partag\u00e1s, en la Calle San Carlos No. 816.\" width=\"250\" height=\"333\" class=\"skip-lazy fg-image\" data-src-fg=\"https:\/\/origin-of-cigar.com\/wp-content\/uploads\/cache\/2026\/04\/OOC-Bolivar-4-Carlos-3\/3858983021.jpg\" src=\"data:image\/svg+xml,%3Csvg%20xmlns%3D%22http%3A%2F%2Fwww.w3.org%2F2000%2Fsvg%22%20width%3D%22250%22%20height%3D%22333%22%20viewBox%3D%220%200%20250%20333%22%3E%3C%2Fsvg%3E\" loading=\"eager\"><\/span><span class=\"fg-image-overlay\"><\/span><\/a><figcaption class=\"fg-caption\"><div class=\"fg-caption-inner\"><div class=\"fg-caption-desc\">Las marcas Bol\u00edvar y Partag\u00e1s pertenecen juntas desde hace d\u00e9cadas: tambi\u00e9n en esta colecci\u00f3n de viejas cajas de cigarros en la f\u00e1brica Partag\u00e1s, en la Calle San Carlos No. 816.<\/div><\/div><\/figcaption><\/figure><div class=\"fg-loader\"><\/div><\/div><div class=\"fg-item fg-type-image fg-idle\"><figure class=\"fg-item-inner\"><a href=\"https:\/\/origin-of-cigar.com\/wp-content\/uploads\/2026\/04\/OOC-Bolivar-4-Carlos-4.jpg\" data-caption-desc=\"Die Galera in der Partg\u00e1s-Fabrik auf der Calle San Carlos No. 816, in der auch die Zigarren der Marke Bol\u00edvar gefertigt werden.\" data-attachment-id=\"2754\" data-type=\"image\" class=\"fg-thumb\"><span class=\"fg-image-wrap\"><img decoding=\"async\" alt=\"La galera en la f\u00e1brica Partag\u00e1s en la calle San Carlos n\u00famero 816, donde tambi\u00e9n se elaboran los puros de la marca Bol\u00edvar.\" width=\"250\" height=\"333\" class=\"skip-lazy fg-image\" data-src-fg=\"https:\/\/origin-of-cigar.com\/wp-content\/uploads\/cache\/2026\/04\/OOC-Bolivar-4-Carlos-4\/2682501676.jpg\" src=\"data:image\/svg+xml,%3Csvg%20xmlns%3D%22http%3A%2F%2Fwww.w3.org%2F2000%2Fsvg%22%20width%3D%22250%22%20height%3D%22333%22%20viewBox%3D%220%200%20250%20333%22%3E%3C%2Fsvg%3E\" loading=\"eager\"><\/span><span class=\"fg-image-overlay\"><\/span><\/a><figcaption class=\"fg-caption\"><div class=\"fg-caption-inner\"><div class=\"fg-caption-desc\">La galera en la f\u00e1brica Partag\u00e1s en la calle San Carlos n\u00famero 816, donde tambi\u00e9n se elaboran los puros de la marca Bol\u00edvar.<\/div><\/div><\/figcaption><\/figure><div class=\"fg-loader\"><\/div><\/div><div class=\"fg-item fg-type-image fg-idle\"><figure class=\"fg-item-inner\"><a href=\"https:\/\/origin-of-cigar.com\/wp-content\/uploads\/2026\/04\/OOC-Bolivar-4-Carlos-5.jpg\" data-caption-desc=\"Diese Bol\u00edvar-Kisten in der Partag\u00e1s-Fabrik auf der Calle San Carlos No. 816 in Havanna warten darauf, mit Zigarren bef\u00fcllt zu werden.\" data-attachment-id=\"2755\" data-type=\"image\" class=\"fg-thumb\"><span class=\"fg-image-wrap\"><img decoding=\"async\" alt=\"Estas cajas Bol\u00edvar en la f\u00e1brica de Partag\u00e1s en Calle San Carlos No. 816, La Habana, esperan ser llenadas con puros.\" width=\"250\" height=\"344\" class=\"skip-lazy fg-image\" data-src-fg=\"https:\/\/origin-of-cigar.com\/wp-content\/uploads\/cache\/2026\/04\/OOC-Bolivar-4-Carlos-5\/115558401.jpg\" src=\"data:image\/svg+xml,%3Csvg%20xmlns%3D%22http%3A%2F%2Fwww.w3.org%2F2000%2Fsvg%22%20width%3D%22250%22%20height%3D%22344%22%20viewBox%3D%220%200%20250%20344%22%3E%3C%2Fsvg%3E\" loading=\"eager\"><\/span><span class=\"fg-image-overlay\"><\/span><\/a><figcaption class=\"fg-caption\"><div class=\"fg-caption-inner\"><div class=\"fg-caption-desc\">Estas cajas Bol\u00edvar en la f\u00e1brica de Partag\u00e1s en Calle San Carlos No. 816, La Habana, esperan ser llenadas con puros.<\/div><\/div><\/figcaption><\/figure><div class=\"fg-loader\"><\/div><\/div><\/div>\n\n\n\n<div style=\"height:41px\" aria-hidden=\"true\" class=\"wp-block-spacer\"><\/div>\n\n\n\n<p><strong>Sitio web externo:<\/strong> <a href=\"https:\/\/www.google.com\/search?q=bolivar+geschichte\" target=\"_blank\" rel=\"noopener\">Buscar en Google historia de Bol\u00edvar<\/a><\/p>","protected":false},"excerpt":{"rendered":"<p>Fotos Bol\u00edvar Zigarren stehen f\u00fcr intensive Aromen, kr\u00e4ftige Tabakmischungen und eine lange Tradition in Havanna. Ihre Herstellung erfolgt bis heute in der Partag\u00e1s-Manufaktur. Die Verbindung&hellip;<\/p>","protected":false},"author":4,"featured_media":0,"parent":1915,"menu_order":0,"comment_status":"closed","ping_status":"closed","template":"","meta":{"om_disable_all_campaigns":false,"_glsr_average":0,"_glsr_ranking":0,"_glsr_reviews":0,"footnotes":""},"class_list":["post-2773","page","type-page","status-publish","hentry"],"jetpack_sharing_enabled":true,"_links":{"self":[{"href":"https:\/\/origin-of-cigar.com\/es\/wp-json\/wp\/v2\/pages\/2773","targetHints":{"allow":["GET"]}}],"collection":[{"href":"https:\/\/origin-of-cigar.com\/es\/wp-json\/wp\/v2\/pages"}],"about":[{"href":"https:\/\/origin-of-cigar.com\/es\/wp-json\/wp\/v2\/types\/page"}],"author":[{"embeddable":true,"href":"https:\/\/origin-of-cigar.com\/es\/wp-json\/wp\/v2\/users\/4"}],"replies":[{"embeddable":true,"href":"https:\/\/origin-of-cigar.com\/es\/wp-json\/wp\/v2\/comments?post=2773"}],"version-history":[{"count":7,"href":"https:\/\/origin-of-cigar.com\/es\/wp-json\/wp\/v2\/pages\/2773\/revisions"}],"predecessor-version":[{"id":2786,"href":"https:\/\/origin-of-cigar.com\/es\/wp-json\/wp\/v2\/pages\/2773\/revisions\/2786"}],"up":[{"embeddable":true,"href":"https:\/\/origin-of-cigar.com\/es\/wp-json\/wp\/v2\/pages\/1915"}],"wp:attachment":[{"href":"https:\/\/origin-of-cigar.com\/es\/wp-json\/wp\/v2\/media?parent=2773"}],"curies":[{"name":"wp","href":"https:\/\/api.w.org\/{rel}","templated":true}]}}