{"id":2720,"date":"2026-04-21T12:19:15","date_gmt":"2026-04-21T12:19:15","guid":{"rendered":"https:\/\/origin-of-cigar.com\/?page_id=2720"},"modified":"2026-04-24T14:56:54","modified_gmt":"2026-04-24T14:56:54","slug":"fotos-de-la-historia-de-cuaba","status":"publish","type":"page","link":"https:\/\/origin-of-cigar.com\/es\/fotos-geschichte-kubanischer-zigarrenmarken\/fotos-cuaba-geschichte\/","title":{"rendered":"Fotos Cuaba Historia"},"content":{"rendered":"<h2 class=\"wp-block-heading\">Fotos<\/h2>\n\n\n\n<p>Las im\u00e1genes muestran los caracter\u00edsticos figurados dobles de Cuaba, f\u00e1bricas hist\u00f3ricas como Romeo y Julieta y La Corona, as\u00ed como detalles de la elaboraci\u00f3n de puros. Reflejan la evoluci\u00f3n desde una forma casi olvidada hasta una marca especializada desde 1996.<\/p>\n\n\n\n<figure class=\"wp-block-image size-full\"><img loading=\"lazy\" decoding=\"async\" width=\"1000\" height=\"665\" src=\"https:\/\/origin-of-cigar.com\/wp-content\/uploads\/2026\/04\/OOC-Cuaba-1-Zigarren-2.jpg\" alt=\"Para el vig\u00e9simo aniversario de la marca Cuaba, hubo un puro especial, seg\u00fan el formato una Joffres Grande con calibre 56 y 170 mm de longitud.\" class=\"wp-image-2685\" srcset=\"https:\/\/origin-of-cigar.com\/wp-content\/uploads\/2026\/04\/OOC-Cuaba-1-Zigarren-2.jpg 1000w, https:\/\/origin-of-cigar.com\/wp-content\/uploads\/2026\/04\/OOC-Cuaba-1-Zigarren-2-300x200.jpg 300w, https:\/\/origin-of-cigar.com\/wp-content\/uploads\/2026\/04\/OOC-Cuaba-1-Zigarren-2-768x511.jpg 768w, https:\/\/origin-of-cigar.com\/wp-content\/uploads\/2026\/04\/OOC-Cuaba-1-Zigarren-2-18x12.jpg 18w, https:\/\/origin-of-cigar.com\/wp-content\/uploads\/2026\/04\/OOC-Cuaba-1-Zigarren-2-624x415.jpg 624w\" sizes=\"auto, (max-width: 1000px) 100vw, 1000px\" \/><\/figure>\n\n\n\n<h2 class=\"wp-block-heading\">Historia<\/h2>\n\n\n\n<p>Cuaba se lanz\u00f3 en 1996 y se dedica exclusivamente a los figurados dobles. La marca recupera una forma hist\u00f3rica de cigarro, que apenas se hab\u00eda producido desde la d\u00e9cada de 1970, y agrupa esta sofisticada artesan\u00eda en su propia marca.<br><\/p>\n\n\n\n<p>\ud83d\udc49 <strong><a href=\"https:\/\/origin-of-cigar.com\/es\/historia-de-cuaba\/\">Ahora lee \ud83d\udc49 Cuaba Historia \u00fanica: puros de dos cabos.<\/a><\/strong><\/p>\n\n\n<style type=\"text\/css\">\n#foogallery-gallery-2698.fg-masonry .fg-item { width: 250px; }\n#foogallery-gallery-2698.fg-masonry { --fg-gutter: 10px; }<\/style>\n\t\t\t<div class=\"foogallery foogallery-container foogallery-masonry foogallery-lightbox-foogallery fg-center fg-masonry fg-ready fg-dark fg-border-medium fg-round-small fg-shadow-outline fg-loading-default fg-loaded-fade-in fg-hover-semi-zoomed fg-captions-bottom fg-hover-fade fg-hover-zoom4 fg-fixed\" id=\"foogallery-gallery-2698\" data-foogallery=\"{&quot;panel&quot;:{&quot;buttons&quot;:{&quot;download&quot;:false}},&quot;item&quot;:{&quot;showCaptionTitle&quot;:true,&quot;showCaptionDescription&quot;:true},&quot;lazy&quot;:true,&quot;template&quot;:{&quot;columnWidth&quot;:250,&quot;gutter&quot;:10}}\" data-foogallery-lightbox=\"{&quot;theme&quot;:&quot;fg-dark&quot;,&quot;thumbs&quot;:&quot;bottom&quot;,&quot;thumbsCaptions&quot;:false,&quot;thumbsBestFit&quot;:false,&quot;thumbsSmall&quot;:false,&quot;thumbsCaptionsAlign&quot;:&quot;default&quot;,&quot;info&quot;:&quot;bottom&quot;,&quot;infoVisible&quot;:true,&quot;infoOverlay&quot;:true,&quot;infoAlign&quot;:&quot;default&quot;,&quot;transition&quot;:&quot;fade&quot;,&quot;hoverButtons&quot;:false,&quot;fitMedia&quot;:false,&quot;noScrollbars&quot;:true,&quot;preserveButtonSpace&quot;:true,&quot;buttons&quot;:{&quot;fullscreen&quot;:true,&quot;info&quot;:true,&quot;thumbs&quot;:false,&quot;download&quot;:false},&quot;video&quot;:{&quot;autoPlay&quot;:true}}\" style=\"--fg-title-line-clamp: 1; --fg-description-line-clamp: 2;\" >\n\t\t<div class=\"fg-item fg-type-image fg-idle\"><figure class=\"fg-item-inner\"><a href=\"https:\/\/origin-of-cigar.com\/wp-content\/uploads\/2026\/04\/OOC-Cuaba-0-Logo-1.jpg\" data-caption-desc=\"Die Marke Cuaba, 1996 offiziell eingef\u00fchrt.\" data-attachment-id=\"2697\" data-type=\"image\" class=\"fg-thumb\"><span class=\"fg-image-wrap\"><img decoding=\"async\" alt=\"La marca Cuaba, presentada oficialmente en 1996.\" width=\"250\" height=\"121\" class=\"skip-lazy fg-image\" data-src-fg=\"https:\/\/origin-of-cigar.com\/wp-content\/uploads\/cache\/2026\/04\/OOC-Cuaba-0-Logo-1\/2975664233.jpg\" src=\"data:image\/svg+xml,%3Csvg%20xmlns%3D%22http%3A%2F%2Fwww.w3.org%2F2000%2Fsvg%22%20width%3D%22250%22%20height%3D%22121%22%20viewBox%3D%220%200%20250%20121%22%3E%3C%2Fsvg%3E\" loading=\"eager\"><\/span><span class=\"fg-image-overlay\"><\/span><\/a><figcaption class=\"fg-caption\"><div class=\"fg-caption-inner\"><div class=\"fg-caption-desc\">La marca Cuaba, presentada oficialmente en 1996.<\/div><\/div><\/figcaption><\/figure><div class=\"fg-loader\"><\/div><\/div><div class=\"fg-item fg-type-image fg-idle\"><figure class=\"fg-item-inner\"><a href=\"https:\/\/origin-of-cigar.com\/wp-content\/uploads\/2026\/04\/OOC-Cuaba-0-Logo-2.jpg\" data-caption-desc=\"Die Vista der Marke Cuaba, die Marke der Doppelfigurados.\" data-attachment-id=\"2682\" data-type=\"image\" class=\"fg-thumb\"><span class=\"fg-image-wrap\"><img fetchpriority=\"high\" decoding=\"async\" alt=\"El punto de vista de la marca Cuaba, la marca de los doble figurados.\" width=\"250\" height=\"236\" class=\"skip-lazy fg-image\" data-src-fg=\"https:\/\/origin-of-cigar.com\/wp-content\/uploads\/cache\/2026\/04\/OOC-Cuaba-0-Logo-2\/2194762975.jpg\" src=\"data:image\/svg+xml,%3Csvg%20xmlns%3D%22http%3A%2F%2Fwww.w3.org%2F2000%2Fsvg%22%20width%3D%22250%22%20height%3D%22236%22%20viewBox%3D%220%200%20250%20236%22%3E%3C%2Fsvg%3E\" loading=\"eager\"><\/span><span class=\"fg-image-overlay\"><\/span><\/a><figcaption class=\"fg-caption\"><div class=\"fg-caption-inner\"><div class=\"fg-caption-desc\">El punto de vista de la marca Cuaba, la marca de los doble figurados.<\/div><\/div><\/figcaption><\/figure><div class=\"fg-loader\"><\/div><\/div><div class=\"fg-item fg-type-image fg-idle\"><figure class=\"fg-item-inner\"><a href=\"https:\/\/origin-of-cigar.com\/wp-content\/uploads\/2026\/04\/OOC-Cuaba-0-Logo-3.jpg\" data-caption-desc=\"Hier wird der Ursprung des Wortes Cuaba erkl\u00e4rt: \u201eCuaba, Cuaba! The native inhabitants constantly repeated whenever the sacred ritual of the cohoba \u2013 a smoke aimed to drive away the devil \u2013 started.\u201d\" data-attachment-id=\"2683\" data-type=\"image\" class=\"fg-thumb\"><span class=\"fg-image-wrap\"><img decoding=\"async\" alt=\"Aqu\u00ed se explica el origen de la palabra Cuaba: \u201e\u00a1Cuaba, Cuaba! Repet\u00edan constantemente los nativos cada vez que comenzaba el ritual sagrado de la cohoba, un humo destinado a expulsar al diablo\u201d.\u201d\" width=\"250\" height=\"234\" class=\"skip-lazy fg-image\" data-src-fg=\"https:\/\/origin-of-cigar.com\/wp-content\/uploads\/cache\/2026\/04\/OOC-Cuaba-0-Logo-3\/3229385371.jpg\" src=\"data:image\/svg+xml,%3Csvg%20xmlns%3D%22http%3A%2F%2Fwww.w3.org%2F2000%2Fsvg%22%20width%3D%22250%22%20height%3D%22234%22%20viewBox%3D%220%200%20250%20234%22%3E%3C%2Fsvg%3E\" loading=\"eager\"><\/span><span class=\"fg-image-overlay\"><\/span><\/a><figcaption class=\"fg-caption\"><div class=\"fg-caption-inner\"><div class=\"fg-caption-desc\">Aqu\u00ed se explica el origen de la palabra Cuaba: \u201e\u00a1Cuaba, Cuaba! Repet\u00edan constantemente los nativos cada vez que comenzaba el ritual sagrado de la cohoba, un humo destinado a expulsar al diablo\u201d.\u201d<\/div><\/div><\/figcaption><\/figure><div class=\"fg-loader\"><\/div><\/div><div class=\"fg-item fg-type-image fg-idle\"><figure class=\"fg-item-inner\"><a href=\"https:\/\/origin-of-cigar.com\/wp-content\/uploads\/2026\/04\/OOC-Cuaba-1-Zigarren-1.jpg\" data-caption-desc=\"Bei einer Doppelfigurado sind die beiden Enden der Zigarre spitz zulaufend.\" data-attachment-id=\"2684\" data-type=\"image\" class=\"fg-thumb\"><span class=\"fg-image-wrap\"><img decoding=\"async\" alt=\"En una figura doble, ambos extremos del cigarro son puntiagudos.\" width=\"250\" height=\"280\" class=\"skip-lazy fg-image\" data-src-fg=\"https:\/\/origin-of-cigar.com\/wp-content\/uploads\/cache\/2026\/04\/OOC-Cuaba-1-Zigarren-1\/609856385.jpg\" src=\"data:image\/svg+xml,%3Csvg%20xmlns%3D%22http%3A%2F%2Fwww.w3.org%2F2000%2Fsvg%22%20width%3D%22250%22%20height%3D%22280%22%20viewBox%3D%220%200%20250%20280%22%3E%3C%2Fsvg%3E\" loading=\"eager\"><\/span><span class=\"fg-image-overlay\"><\/span><\/a><figcaption class=\"fg-caption\"><div class=\"fg-caption-inner\"><div class=\"fg-caption-desc\">En una figura doble, ambos extremos del cigarro son puntiagudos.<\/div><\/div><\/figcaption><\/figure><div class=\"fg-loader\"><\/div><\/div><div class=\"fg-item fg-type-image fg-idle\"><figure class=\"fg-item-inner\"><a href=\"https:\/\/origin-of-cigar.com\/wp-content\/uploads\/2026\/04\/OOC-Cuaba-1-Zigarren-2.jpg\" data-caption-desc=\"Zum 20-j\u00e4hrigen Jubil\u00e4um der Marke Cuaba gab es eine besondere Zigarre, dem Format nach eine Joffres Grande mit 56er Ringma\u00df und 170mm L\u00e4nge.\" data-attachment-id=\"2685\" data-type=\"image\" class=\"fg-thumb\"><span class=\"fg-image-wrap\"><img decoding=\"async\" alt=\"Para el vig\u00e9simo aniversario de la marca Cuaba, hubo un puro especial, seg\u00fan el formato una Joffres Grande con calibre 56 y 170 mm de longitud.\" width=\"250\" height=\"166\" class=\"skip-lazy fg-image\" data-src-fg=\"https:\/\/origin-of-cigar.com\/wp-content\/uploads\/cache\/2026\/04\/OOC-Cuaba-1-Zigarren-2\/4286340817.jpg\" src=\"data:image\/svg+xml,%3Csvg%20xmlns%3D%22http%3A%2F%2Fwww.w3.org%2F2000%2Fsvg%22%20width%3D%22250%22%20height%3D%22166%22%20viewBox%3D%220%200%20250%20166%22%3E%3C%2Fsvg%3E\" loading=\"eager\"><\/span><span class=\"fg-image-overlay\"><\/span><\/a><figcaption class=\"fg-caption\"><div class=\"fg-caption-inner\"><div class=\"fg-caption-desc\">Para el vig\u00e9simo aniversario de la marca Cuaba, hubo un puro especial, seg\u00fan el formato una Joffres Grande con calibre 56 y 170 mm de longitud.<\/div><\/div><\/figcaption><\/figure><div class=\"fg-loader\"><\/div><\/div><div class=\"fg-item fg-type-image fg-idle\"><figure class=\"fg-item-inner\"><a href=\"https:\/\/origin-of-cigar.com\/wp-content\/uploads\/2026\/04\/OOC-Cuaba-1-Zigarren-3.jpg\" data-caption-desc=\"Weltweit gibt es nur 450 dieser Humidore zum 20. Geburtstag der Marke Cuaba.\" data-attachment-id=\"2686\" data-type=\"image\" class=\"fg-thumb\"><span class=\"fg-image-wrap\"><img decoding=\"async\" alt=\"A nivel mundial, solo existen 450 de estos humidores por el 20.\u00ba aniversario de la marca Cuaba.\" width=\"250\" height=\"192\" class=\"skip-lazy fg-image\" data-src-fg=\"https:\/\/origin-of-cigar.com\/wp-content\/uploads\/cache\/2026\/04\/OOC-Cuaba-1-Zigarren-3\/3442035098.jpg\" src=\"data:image\/svg+xml,%3Csvg%20xmlns%3D%22http%3A%2F%2Fwww.w3.org%2F2000%2Fsvg%22%20width%3D%22250%22%20height%3D%22192%22%20viewBox%3D%220%200%20250%20192%22%3E%3C%2Fsvg%3E\" loading=\"eager\"><\/span><span class=\"fg-image-overlay\"><\/span><\/a><figcaption class=\"fg-caption\"><div class=\"fg-caption-inner\"><div class=\"fg-caption-desc\">A nivel mundial, solo existen 450 de estos humidores por el 20.\u00ba aniversario de la marca Cuaba.<\/div><\/div><\/figcaption><\/figure><div class=\"fg-loader\"><\/div><\/div><div class=\"fg-item fg-type-image fg-idle\"><figure class=\"fg-item-inner\"><a href=\"https:\/\/origin-of-cigar.com\/wp-content\/uploads\/2026\/04\/OOC-Cuaba-1-Zigarren-4.jpg\" data-caption-desc=\"50 Zigarren befinden sich in diesem Cuaba-Jubil\u00e4umshumidor von 2016.\" data-attachment-id=\"2687\" data-type=\"image\" class=\"fg-thumb\"><span class=\"fg-image-wrap\"><img decoding=\"async\" alt=\"50 puros se encuentran en este humidor de jubilaci\u00f3n de Cuaba de 2016.\" width=\"250\" height=\"392\" class=\"skip-lazy fg-image\" data-src-fg=\"https:\/\/origin-of-cigar.com\/wp-content\/uploads\/cache\/2026\/04\/OOC-Cuaba-1-Zigarren-4\/2454106672.jpg\" src=\"data:image\/svg+xml,%3Csvg%20xmlns%3D%22http%3A%2F%2Fwww.w3.org%2F2000%2Fsvg%22%20width%3D%22250%22%20height%3D%22392%22%20viewBox%3D%220%200%20250%20392%22%3E%3C%2Fsvg%3E\" loading=\"eager\"><\/span><span class=\"fg-image-overlay\"><\/span><\/a><figcaption class=\"fg-caption\"><div class=\"fg-caption-inner\"><div class=\"fg-caption-desc\">50 puros se encuentran en este humidor de jubilaci\u00f3n de Cuaba de 2016.<\/div><\/div><\/figcaption><\/figure><div class=\"fg-loader\"><\/div><\/div><div class=\"fg-item fg-type-image fg-idle\"><figure class=\"fg-item-inner\"><a href=\"https:\/\/origin-of-cigar.com\/wp-content\/uploads\/2026\/04\/OOC-Cuaba-1-Zigarren-5.jpg\" data-caption-desc=\"Oben auf dem Kistendeckel findet sich das Logo der Marke Cuaba. Im Innendeckel ist die Erkl\u00e4rung zum Namensursprung.\" data-attachment-id=\"2688\" data-type=\"image\" class=\"fg-thumb\"><span class=\"fg-image-wrap\"><img decoding=\"async\" alt=\"En la tapa de la caja se encuentra el logotipo de la marca Cuaba. En la tapa interior est\u00e1 la explicaci\u00f3n del origen del nombre.\" width=\"250\" height=\"163\" class=\"skip-lazy fg-image\" data-src-fg=\"https:\/\/origin-of-cigar.com\/wp-content\/uploads\/cache\/2026\/04\/OOC-Cuaba-1-Zigarren-5\/3977115309.jpg\" src=\"data:image\/svg+xml,%3Csvg%20xmlns%3D%22http%3A%2F%2Fwww.w3.org%2F2000%2Fsvg%22%20width%3D%22250%22%20height%3D%22163%22%20viewBox%3D%220%200%20250%20163%22%3E%3C%2Fsvg%3E\" loading=\"eager\"><\/span><span class=\"fg-image-overlay\"><\/span><\/a><figcaption class=\"fg-caption\"><div class=\"fg-caption-inner\"><div class=\"fg-caption-desc\">En la tapa de la caja se encuentra el logotipo de la marca Cuaba. En la tapa interior est\u00e1 la explicaci\u00f3n del origen del nombre.<\/div><\/div><\/figcaption><\/figure><div class=\"fg-loader\"><\/div><\/div><div class=\"fg-item fg-type-image fg-idle\"><figure class=\"fg-item-inner\"><a href=\"https:\/\/origin-of-cigar.com\/wp-content\/uploads\/2026\/04\/OOC-Cuaba-1-Zigarren-6.jpg\" data-caption-desc=\"Die Marke Cuaba steht f\u00fcr Doppelfigurados. Alle Zigarren des Portfolios sind Doppelfigurados. Einzige Ausnahme: eine Edicion Limitada von 2008.\" data-attachment-id=\"2689\" data-type=\"image\" class=\"fg-thumb\"><span class=\"fg-image-wrap\"><img decoding=\"async\" alt=\"La marca Cuaba representa los doble figurados. Todos los puros de la cartera son doble figurados. La \u00fanica excepci\u00f3n: una Edici\u00f3n Limitada de 2008.\" width=\"250\" height=\"193\" class=\"skip-lazy fg-image\" data-src-fg=\"https:\/\/origin-of-cigar.com\/wp-content\/uploads\/cache\/2026\/04\/OOC-Cuaba-1-Zigarren-6\/908592125.jpg\" src=\"data:image\/svg+xml,%3Csvg%20xmlns%3D%22http%3A%2F%2Fwww.w3.org%2F2000%2Fsvg%22%20width%3D%22250%22%20height%3D%22193%22%20viewBox%3D%220%200%20250%20193%22%3E%3C%2Fsvg%3E\" loading=\"eager\"><\/span><span class=\"fg-image-overlay\"><\/span><\/a><figcaption class=\"fg-caption\"><div class=\"fg-caption-inner\"><div class=\"fg-caption-desc\">La marca Cuaba representa los doble figurados. Todos los puros de la cartera son doble figurados. La \u00fanica excepci\u00f3n: una Edici\u00f3n Limitada de 2008.<\/div><\/div><\/figcaption><\/figure><div class=\"fg-loader\"><\/div><\/div><div class=\"fg-item fg-type-image fg-idle\"><figure class=\"fg-item-inner\"><a href=\"https:\/\/origin-of-cigar.com\/wp-content\/uploads\/2026\/04\/OOC-Cuaba-1-Zigarren-7.jpg\" data-caption-desc=\"Eine Doppelfigurado ist schwierig zu fertigen, an beiden Enden ist die Zigarre spitz zulaufend. Obwohl sich der Durchmesser drastisch verringert, muss die Zigarre trotzdem ziehen.\" data-attachment-id=\"2690\" data-type=\"image\" class=\"fg-thumb\"><span class=\"fg-image-wrap\"><img decoding=\"async\" alt=\"Una Doble Figurado es dif\u00edcil de fabricar, en ambos extremos el cigarro es afilado. A pesar de que el di\u00e1metro se reduce dr\u00e1sticamente, el cigarro debe seguir fum\u00e1ndose bien.\" width=\"250\" height=\"1207.729468599\" class=\"skip-lazy fg-image\" data-src-fg=\"https:\/\/origin-of-cigar.com\/wp-content\/uploads\/2026\/04\/OOC-Cuaba-1-Zigarren-7.jpg\" src=\"data:image\/svg+xml,%3Csvg%20xmlns%3D%22http%3A%2F%2Fwww.w3.org%2F2000%2Fsvg%22%20width%3D%22250%22%20height%3D%221207.729468599%22%20viewBox%3D%220%200%20250%201207.729468599%22%3E%3C%2Fsvg%3E\" loading=\"eager\"><\/span><span class=\"fg-image-overlay\"><\/span><\/a><figcaption class=\"fg-caption\"><div class=\"fg-caption-inner\"><div class=\"fg-caption-desc\">Una Doble Figurado es dif\u00edcil de fabricar, en ambos extremos el cigarro es afilado. A pesar de que el di\u00e1metro se reduce dr\u00e1sticamente, el cigarro debe seguir fum\u00e1ndose bien.<\/div><\/div><\/figcaption><\/figure><div class=\"fg-loader\"><\/div><\/div><div class=\"fg-item fg-type-image fg-idle\"><figure class=\"fg-item-inner\"><a href=\"https:\/\/origin-of-cigar.com\/wp-content\/uploads\/2026\/04\/OOC-Cuaba-2-Bela-1.jpg\" data-caption-desc=\"1996 eingef\u00fchrt, war die Casa Matriz der Marke Cuaba auf der Calle Belascoain No.852 in Havannas Stadtteil Centro Habana.\" data-attachment-id=\"2691\" data-type=\"image\" class=\"fg-thumb\"><span class=\"fg-image-wrap\"><img decoding=\"async\" alt=\"Introducida en 1996, la Casa Matriz de la marca Cuaba se encontraba en la Calle Belascoa\u00edn No.852 en el barrio de Centro Habana en La Habana.\" width=\"250\" height=\"285\" class=\"skip-lazy fg-image\" data-src-fg=\"https:\/\/origin-of-cigar.com\/wp-content\/uploads\/cache\/2026\/04\/OOC-Cuaba-2-Bela-1\/2786099328.jpg\" src=\"data:image\/svg+xml,%3Csvg%20xmlns%3D%22http%3A%2F%2Fwww.w3.org%2F2000%2Fsvg%22%20width%3D%22250%22%20height%3D%22285%22%20viewBox%3D%220%200%20250%20285%22%3E%3C%2Fsvg%3E\" loading=\"eager\"><\/span><span class=\"fg-image-overlay\"><\/span><\/a><figcaption class=\"fg-caption\"><div class=\"fg-caption-inner\"><div class=\"fg-caption-desc\">Introducida en 1996, la Casa Matriz de la marca Cuaba se encontraba en la Calle Belascoa\u00edn No.852 en el barrio de Centro Habana en La Habana.<\/div><\/div><\/figcaption><\/figure><div class=\"fg-loader\"><\/div><\/div><div class=\"fg-item fg-type-image fg-idle\"><figure class=\"fg-item-inner\"><a href=\"https:\/\/origin-of-cigar.com\/wp-content\/uploads\/2026\/04\/OOC-Cuaba-2-Bela-2.jpg\" data-caption-desc=\"In dieser Zeit beherbergte das Geb\u00e4ude auf der Belascoain No.852 die Romeo y Julieta-Manufaktur. Heute ist es die H.Upmann-Manufaktur.\" data-attachment-id=\"2692\" data-type=\"image\" class=\"fg-thumb\"><span class=\"fg-image-wrap\"><img decoding=\"async\" alt=\"En esa \u00e9poca, el edificio de Belascoain n\u00ba 852 albergaba la f\u00e1brica Romeo y Julieta. Hoy en d\u00eda es la f\u00e1brica H.Upmann.\" width=\"250\" height=\"172\" class=\"skip-lazy fg-image\" data-src-fg=\"https:\/\/origin-of-cigar.com\/wp-content\/uploads\/cache\/2026\/04\/OOC-Cuaba-2-Bela-2\/1642508876.jpg\" src=\"data:image\/svg+xml,%3Csvg%20xmlns%3D%22http%3A%2F%2Fwww.w3.org%2F2000%2Fsvg%22%20width%3D%22250%22%20height%3D%22172%22%20viewBox%3D%220%200%20250%20172%22%3E%3C%2Fsvg%3E\" loading=\"eager\"><\/span><span class=\"fg-image-overlay\"><\/span><\/a><figcaption class=\"fg-caption\"><div class=\"fg-caption-inner\"><div class=\"fg-caption-desc\">En esa \u00e9poca, el edificio de Belascoain n\u00ba 852 albergaba la f\u00e1brica Romeo y Julieta. Hoy en d\u00eda es la f\u00e1brica H.Upmann.<\/div><\/div><\/figcaption><\/figure><div class=\"fg-loader\"><\/div><\/div><div class=\"fg-item fg-type-image fg-idle\"><figure class=\"fg-item-inner\"><a href=\"https:\/\/origin-of-cigar.com\/wp-content\/uploads\/2026\/04\/OOC-Cuaba-2-Corona-1.jpg\" data-caption-desc=\"Heute (Stand 2026) ist die Casa Matriz, das Stammhaus, der Marke Cuaba die La Corona-Manufaktur in Havanna auf der Avenida 20 de Mayo.\" data-attachment-id=\"2693\" data-type=\"image\" class=\"fg-thumb\"><span class=\"fg-image-wrap\"><img decoding=\"async\" alt=\"Hoy (a partir de 2026) la Casa Matriz, la casa matriz, de la marca Cuaba es la f\u00e1brica La Corona en La Habana, en la Avenida 20 de Mayo.\" width=\"250\" height=\"211\" class=\"skip-lazy fg-image\" data-src-fg=\"https:\/\/origin-of-cigar.com\/wp-content\/uploads\/cache\/2026\/04\/OOC-Cuaba-2-Corona-1\/3550578461.jpg\" src=\"data:image\/svg+xml,%3Csvg%20xmlns%3D%22http%3A%2F%2Fwww.w3.org%2F2000%2Fsvg%22%20width%3D%22250%22%20height%3D%22211%22%20viewBox%3D%220%200%20250%20211%22%3E%3C%2Fsvg%3E\" loading=\"eager\"><\/span><span class=\"fg-image-overlay\"><\/span><\/a><figcaption class=\"fg-caption\"><div class=\"fg-caption-inner\"><div class=\"fg-caption-desc\">Hoy (a partir de 2026) la Casa Matriz, la casa matriz, de la marca Cuaba es la f\u00e1brica La Corona en La Habana, en la Avenida 20 de Mayo.<\/div><\/div><\/figcaption><\/figure><div class=\"fg-loader\"><\/div><\/div><div class=\"fg-item fg-type-image fg-idle\"><figure class=\"fg-item-inner\"><a href=\"https:\/\/origin-of-cigar.com\/wp-content\/uploads\/2026\/04\/OOC-Cuaba-2-Corona-2.jpg\" data-caption-desc=\"Neben der Marke Cuaba werden in der La Corona-Manufaktur auch noch die Zigarren der Marke Por Larra\u00f1aga, Romeo y Julieta, San Cristobal de la Habana und Hoyo de Monterrey gefertigt, wie man hier im Konferenzraum der Fabrik erkennen kann.\" data-attachment-id=\"2694\" data-type=\"image\" class=\"fg-thumb\"><span class=\"fg-image-wrap\"><img decoding=\"async\" alt=\"Adem\u00e1s de la marca Cuaba, en la f\u00e1brica La Corona tambi\u00e9n se elaboran los puros de las marcas Por Larra\u00f1aga, Romeo y Julieta, San Cristobal de la Habana y Hoyo de Monterrey, como se puede apreciar aqu\u00ed en la sala de conferencias de la f\u00e1brica.\" width=\"250\" height=\"132\" class=\"skip-lazy fg-image\" data-src-fg=\"https:\/\/origin-of-cigar.com\/wp-content\/uploads\/cache\/2026\/04\/OOC-Cuaba-2-Corona-2\/3893659261.jpg\" src=\"data:image\/svg+xml,%3Csvg%20xmlns%3D%22http%3A%2F%2Fwww.w3.org%2F2000%2Fsvg%22%20width%3D%22250%22%20height%3D%22132%22%20viewBox%3D%220%200%20250%20132%22%3E%3C%2Fsvg%3E\" loading=\"eager\"><\/span><span class=\"fg-image-overlay\"><\/span><\/a><figcaption class=\"fg-caption\"><div class=\"fg-caption-inner\"><div class=\"fg-caption-desc\">Adem\u00e1s de la marca Cuaba, en la f\u00e1brica La Corona tambi\u00e9n se elaboran los puros de las marcas Por Larra\u00f1aga, Romeo y Julieta, San Cristobal de la Habana y Hoyo de Monterrey, como se puede apreciar aqu\u00ed en la sala de conferencias de la f\u00e1brica.<\/div><\/div><\/figcaption><\/figure><div class=\"fg-loader\"><\/div><\/div><div class=\"fg-item fg-type-image fg-idle\"><figure class=\"fg-item-inner\"><a href=\"https:\/\/origin-of-cigar.com\/wp-content\/uploads\/2026\/04\/OOC-Zigarren-Parejo-Figurado.jpg\" data-caption-desc=\"Links eine Parejo, eine Zigarre, die \u00fcber die gesamte L\u00e4nge denselben Durchmesser hat. Rechts eine Figurado, eine an einer Seite spitz zulaufende Zigarre.\" data-attachment-id=\"2695\" data-type=\"image\" class=\"fg-thumb\"><span class=\"fg-image-wrap\"><img decoding=\"async\" alt=\"A la izquierda un Parejo, un puro que tiene el mismo di\u00e1metro en toda su longitud. A la derecha un Figurado, un puro que se estrecha en un extremo.\" width=\"250\" height=\"473\" class=\"skip-lazy fg-image\" data-src-fg=\"https:\/\/origin-of-cigar.com\/wp-content\/uploads\/cache\/2026\/04\/OOC-Zigarren-Parejo-Figurado\/3376581591.jpg\" src=\"data:image\/svg+xml,%3Csvg%20xmlns%3D%22http%3A%2F%2Fwww.w3.org%2F2000%2Fsvg%22%20width%3D%22250%22%20height%3D%22473%22%20viewBox%3D%220%200%20250%20473%22%3E%3C%2Fsvg%3E\" loading=\"eager\"><\/span><span class=\"fg-image-overlay\"><\/span><\/a><figcaption class=\"fg-caption\"><div class=\"fg-caption-inner\"><div class=\"fg-caption-desc\">A la izquierda un Parejo, un puro que tiene el mismo di\u00e1metro en toda su longitud. A la derecha un Figurado, un puro que se estrecha en un extremo.<\/div><\/div><\/figcaption><\/figure><div class=\"fg-loader\"><\/div><\/div><div class=\"fg-item fg-type-image fg-idle\"><figure class=\"fg-item-inner\"><a href=\"https:\/\/origin-of-cigar.com\/wp-content\/uploads\/2026\/04\/OOC-Zigarren-Partagas-Kiste.jpg\" data-caption-desc=\"Wie unterschiedlich lang fr\u00fcher die Zigarren in einer Kiste waren, kann man sehr gut an dieser Partag\u00e1s-Kiste erkennen, die in Originalbef\u00fcllung aus dem Jahr 1902 stammt. (Quelle: Amir Saarony und Mitwirkende: \u201cPartag\u00e1s \u2013 Das Buch\u201d, ISBN: 978 0 9879290 1 3)\" data-attachment-id=\"2696\" data-type=\"image\" class=\"fg-thumb\"><span class=\"fg-image-wrap\"><img decoding=\"async\" alt=\"Se puede ver muy bien cu\u00e1n diferentes eran las longitudes de los cigarros en una caja anteriormente en esta caja Partag\u00e1s, que data de 1902 en su llenado original.\" width=\"250\" height=\"189\" class=\"skip-lazy fg-image\" data-src-fg=\"https:\/\/origin-of-cigar.com\/wp-content\/uploads\/cache\/2026\/04\/OOC-Zigarren-Partagas-Kiste\/3691326292.jpg\" src=\"data:image\/svg+xml,%3Csvg%20xmlns%3D%22http%3A%2F%2Fwww.w3.org%2F2000%2Fsvg%22%20width%3D%22250%22%20height%3D%22189%22%20viewBox%3D%220%200%20250%20189%22%3E%3C%2Fsvg%3E\" loading=\"eager\"><\/span><span class=\"fg-image-overlay\"><\/span><\/a><figcaption class=\"fg-caption\"><div class=\"fg-caption-inner\"><div class=\"fg-caption-desc\">Se puede ver muy bien cu\u00e1n diferentes eran las longitudes de los cigarros en una caja anteriormente en esta caja Partag\u00e1s, que data de 1902 en su llenado original.<\/div><\/div><\/figcaption><\/figure><div class=\"fg-loader\"><\/div><\/div><\/div>\n\n\n\n<div style=\"height:41px\" aria-hidden=\"true\" class=\"wp-block-spacer\"><\/div>\n\n\n\n<p><strong>Sitio web externo:<\/strong> <a href=\"https:\/\/www.google.com\/search?q=cuaba+geschichte\" target=\"_blank\" rel=\"noopener\">Buscar en Google historia de Cuaba<\/a><\/p>\n\n\n\n<p><\/p>","protected":false},"excerpt":{"rendered":"<p>Fotos Die Bilder zeigen die charakteristischen Doppelfigurados von Cuaba, historische Manufakturen wie Romeo y Julieta und La Corona sowie Details der Zigarrenfertigung. Sie spiegeln die&hellip;<\/p>","protected":false},"author":4,"featured_media":0,"parent":1915,"menu_order":0,"comment_status":"closed","ping_status":"closed","template":"","meta":{"om_disable_all_campaigns":false,"_glsr_average":0,"_glsr_ranking":0,"_glsr_reviews":0,"footnotes":""},"class_list":["post-2720","page","type-page","status-publish","hentry"],"jetpack_sharing_enabled":true,"_links":{"self":[{"href":"https:\/\/origin-of-cigar.com\/es\/wp-json\/wp\/v2\/pages\/2720","targetHints":{"allow":["GET"]}}],"collection":[{"href":"https:\/\/origin-of-cigar.com\/es\/wp-json\/wp\/v2\/pages"}],"about":[{"href":"https:\/\/origin-of-cigar.com\/es\/wp-json\/wp\/v2\/types\/page"}],"author":[{"embeddable":true,"href":"https:\/\/origin-of-cigar.com\/es\/wp-json\/wp\/v2\/users\/4"}],"replies":[{"embeddable":true,"href":"https:\/\/origin-of-cigar.com\/es\/wp-json\/wp\/v2\/comments?post=2720"}],"version-history":[{"count":8,"href":"https:\/\/origin-of-cigar.com\/es\/wp-json\/wp\/v2\/pages\/2720\/revisions"}],"predecessor-version":[{"id":2734,"href":"https:\/\/origin-of-cigar.com\/es\/wp-json\/wp\/v2\/pages\/2720\/revisions\/2734"}],"up":[{"embeddable":true,"href":"https:\/\/origin-of-cigar.com\/es\/wp-json\/wp\/v2\/pages\/1915"}],"wp:attachment":[{"href":"https:\/\/origin-of-cigar.com\/es\/wp-json\/wp\/v2\/media?parent=2720"}],"curies":[{"name":"wp","href":"https:\/\/api.w.org\/{rel}","templated":true}]}}