{"id":2093,"date":"2025-12-12T14:22:51","date_gmt":"2025-12-12T14:22:51","guid":{"rendered":"https:\/\/origin-of-cigar.com\/?page_id=2093"},"modified":"2025-12-22T08:29:27","modified_gmt":"2025-12-22T08:29:27","slug":"fotos-el-rey-del-mundo-historia","status":"publish","type":"page","link":"https:\/\/origin-of-cigar.com\/es\/fotos-geschichte-kubanischer-zigarrenmarken\/fotos-el-rey-del-mundo-geschichte\/","title":{"rendered":"Fotos de la historia de El Rey del Mundo"},"content":{"rendered":"<h2 class=\"wp-block-heading\">Fotos<\/h2>\n\n\n\n<p>Las fotos de El Rey del Mundo muestran lugares y \u00e9pocas que han dado forma a El Rey del Mundo: las primeras f\u00e1bricas, como las de la calle Gervasio y Belascoain, los propietarios de la marca a lo largo de generaciones y los lugares hist\u00f3ricos de producci\u00f3n, desde La Meridiana hasta Carlos Bali\u00f1o. Un recorrido visual por m\u00e1s de 150 a\u00f1os de tradici\u00f3n de la marca.\u00a0<\/p>\n\n\n\n<figure class=\"wp-block-image size-full\"><img loading=\"lazy\" decoding=\"async\" width=\"1000\" height=\"691\" src=\"https:\/\/origin-of-cigar.com\/wp-content\/uploads\/2025\/12\/OOC-El-Rey-del-Mundo-0-Logo-2.jpg\" alt=\"La Vista de la marca El Rey del Mundo, una imagen con muchos detalles: un rey cuya carroza es tirada por un caballo, un elefante, un dromedario (camello), ??? y una oveja. Por supuesto, tambi\u00e9n se incluyen las medallas de oro ganadas. Fotos El Rey del Mundo.\" class=\"wp-image-2075\" srcset=\"https:\/\/origin-of-cigar.com\/wp-content\/uploads\/2025\/12\/OOC-El-Rey-del-Mundo-0-Logo-2.jpg 1000w, https:\/\/origin-of-cigar.com\/wp-content\/uploads\/2025\/12\/OOC-El-Rey-del-Mundo-0-Logo-2-300x207.jpg 300w, https:\/\/origin-of-cigar.com\/wp-content\/uploads\/2025\/12\/OOC-El-Rey-del-Mundo-0-Logo-2-768x531.jpg 768w, https:\/\/origin-of-cigar.com\/wp-content\/uploads\/2025\/12\/OOC-El-Rey-del-Mundo-0-Logo-2-18x12.jpg 18w, https:\/\/origin-of-cigar.com\/wp-content\/uploads\/2025\/12\/OOC-El-Rey-del-Mundo-0-Logo-2-624x431.jpg 624w\" sizes=\"auto, (max-width: 1000px) 100vw, 1000px\" \/><\/figure>\n\n\n\n<h2 class=\"wp-block-heading\">Historia El Rey del Mundo<\/h2>\n\n\n\n<p>El Rey del Mundo es una de las marcas de Habanos m\u00e1s antiguas que a\u00fan existen. Tras haber cambiado de manos varias veces desde 1848, siempre ha mantenido su \u00e9xito y se ha producido en algunas de las f\u00e1bricas m\u00e1s importantes de La Habana. A d\u00eda de hoy, sigue siendo una marca muy apreciada entre los entendidos.\u00a0<\/p>\n\n\n\n<p>\ud83d\udc49 <strong><a href=\"https:\/\/origin-of-cigar.com\/es\/el-rey-del-mundo-historia\/\">Lee ahora \ud83d\udc49 Historia de El Rey del Mundo - La fascinante marca de obras maestras del siglo XIX<\/a><\/strong><\/p>\n\n\n<style type=\"text\/css\">\n#foogallery-gallery-2092.fg-masonry .fg-item { width: 250px; }\n#foogallery-gallery-2092.fg-masonry { --fg-gutter: 10px; }<\/style>\n\t\t\t<div class=\"foogallery foogallery-container foogallery-masonry foogallery-lightbox-foogallery fg-center fg-masonry fg-ready fg-dark fg-border-medium fg-round-small fg-shadow-outline fg-loading-default fg-loaded-fade-in fg-hover-semi-zoomed fg-captions-bottom fg-hover-fade fg-hover-zoom4 fg-fixed\" id=\"foogallery-gallery-2092\" data-foogallery=\"{&quot;item&quot;:{&quot;showCaptionTitle&quot;:true,&quot;showCaptionDescription&quot;:true},&quot;lazy&quot;:true,&quot;template&quot;:{&quot;columnWidth&quot;:250,&quot;gutter&quot;:10}}\" data-foogallery-lightbox=\"{&quot;theme&quot;:&quot;fg-dark&quot;,&quot;thumbs&quot;:&quot;bottom&quot;,&quot;thumbsCaptions&quot;:false,&quot;thumbsBestFit&quot;:false,&quot;thumbsSmall&quot;:false,&quot;thumbsCaptionsAlign&quot;:&quot;default&quot;,&quot;info&quot;:&quot;bottom&quot;,&quot;infoVisible&quot;:true,&quot;infoOverlay&quot;:true,&quot;infoAlign&quot;:&quot;default&quot;,&quot;transition&quot;:&quot;fade&quot;,&quot;hoverButtons&quot;:false,&quot;fitMedia&quot;:false,&quot;noScrollbars&quot;:true,&quot;preserveButtonSpace&quot;:true,&quot;buttons&quot;:{&quot;fullscreen&quot;:true,&quot;info&quot;:true,&quot;thumbs&quot;:false},&quot;video&quot;:{&quot;autoPlay&quot;:true}}\" style=\"--fg-title-line-clamp: 1; --fg-description-line-clamp: 2;\" >\n\t\t<div class=\"fg-item fg-type-image fg-idle\"><figure class=\"fg-item-inner\"><a href=\"https:\/\/origin-of-cigar.com\/wp-content\/uploads\/2025\/12\/OOC-El-Rey-del-Mundo-0-Logo-1.jpg\" data-caption-desc=\"El Rey del Mundo \u2013 Der K\u00f6nig der Welt. Ein wundervoller Name f\u00fcr eine Zigarrenmarke. Die Initialen A y H. (in der Mitte des Logos) lassen sich keinem der zahlreichen Besitzer der Marke zuordnen.\" data-attachment-id=\"2074\" data-type=\"image\" class=\"fg-thumb\"><span class=\"fg-image-wrap\"><img decoding=\"async\" alt=\"El Rey del Mundo. Un nombre maravilloso para una marca de puros. Las iniciales A y H. (en el centro del logotipo) no pueden asignarse a ninguno de los numerosos propietarios de la marca.\" width=\"250\" height=\"192\" class=\"skip-lazy fg-image\" data-src-fg=\"https:\/\/origin-of-cigar.com\/wp-content\/uploads\/cache\/2025\/12\/OOC-El-Rey-del-Mundo-0-Logo-1\/3855688147.jpg\" src=\"data:image\/svg+xml,%3Csvg%20xmlns%3D%22http%3A%2F%2Fwww.w3.org%2F2000%2Fsvg%22%20width%3D%22250%22%20height%3D%22192%22%20viewBox%3D%220%200%20250%20192%22%3E%3C%2Fsvg%3E\" loading=\"eager\"><\/span><span class=\"fg-image-overlay\"><\/span><\/a><figcaption class=\"fg-caption\"><div class=\"fg-caption-inner\"><div class=\"fg-caption-desc\">El Rey del Mundo. Un nombre maravilloso para una marca de puros. Las iniciales A y H. (en el centro del logotipo) no pueden asignarse a ninguno de los numerosos propietarios de la marca.<\/div><\/div><\/figcaption><\/figure><div class=\"fg-loader\"><\/div><\/div><div class=\"fg-item fg-type-image fg-idle\"><figure class=\"fg-item-inner\"><a href=\"https:\/\/origin-of-cigar.com\/wp-content\/uploads\/2025\/12\/OOC-El-Rey-del-Mundo-0-Logo-2.jpg\" data-caption-desc=\"Die Vista der Marke El Rey del Mundo, ein Bild mit vielen Details: ein K\u00f6nig, dessen Wagen von einem Pferd, einem Elefanten, einem Dromedar (Kamel), ??? und einem Schaf gezogen wird. Gewonnene Goldmedaillen d\u00fcrfen nat\u00fcrlich auch nicht fehlen.\" data-attachment-id=\"2075\" data-type=\"image\" class=\"fg-thumb\"><span class=\"fg-image-wrap\"><img decoding=\"async\" alt=\"La Vista de la marca El Rey del Mundo, una imagen con muchos detalles: un rey cuya carroza es tirada por un caballo, un elefante, un dromedario (camello), ??? y una oveja. Por supuesto, tambi\u00e9n se incluyen las medallas de oro ganadas.\" width=\"250\" height=\"173\" class=\"skip-lazy fg-image\" data-src-fg=\"https:\/\/origin-of-cigar.com\/wp-content\/uploads\/cache\/2025\/12\/OOC-El-Rey-del-Mundo-0-Logo-2\/3839734712.jpg\" src=\"data:image\/svg+xml,%3Csvg%20xmlns%3D%22http%3A%2F%2Fwww.w3.org%2F2000%2Fsvg%22%20width%3D%22250%22%20height%3D%22173%22%20viewBox%3D%220%200%20250%20173%22%3E%3C%2Fsvg%3E\" loading=\"eager\"><\/span><span class=\"fg-image-overlay\"><\/span><\/a><figcaption class=\"fg-caption\"><div class=\"fg-caption-inner\"><div class=\"fg-caption-desc\">La Vista de la marca El Rey del Mundo, una imagen con muchos detalles: un rey cuya carroza es tirada por un caballo, un elefante, un dromedario (camello), ??? y una oveja. Por supuesto, tambi\u00e9n se incluyen las medallas de oro ganadas.<\/div><\/div><\/figcaption><\/figure><div class=\"fg-loader\"><\/div><\/div><div class=\"fg-item fg-type-image fg-idle\"><figure class=\"fg-item-inner\"><a href=\"https:\/\/origin-of-cigar.com\/wp-content\/uploads\/2025\/12\/OOC-El-Rey-del-Mundo-1-Zigarre-1.jpg\" data-caption-desc=\"Aktuell geh\u00f6ren zum Standardportfolio der Marke El Rey del Mundo nur zwei Zigarren: die Choix Supreme und die Demi Tasse. F\u00fcr die La Casa del Habano gibt es exklusiv einige weitere Formate.\" data-attachment-id=\"2076\" data-type=\"image\" class=\"fg-thumb\"><span class=\"fg-image-wrap\"><img decoding=\"async\" alt=\"En la actualidad, el portafolio est\u00e1ndar de la marca El Rey del Mundo s\u00f3lo incluye dos cigarros: el Choix Supreme y el Demi Tasse. Para La Casa del Habano existen otros formatos exclusivos.\" width=\"250\" height=\"76\" class=\"skip-lazy fg-image\" data-src-fg=\"https:\/\/origin-of-cigar.com\/wp-content\/uploads\/cache\/2025\/12\/OOC-El-Rey-del-Mundo-1-Zigarre-1\/3793578161.jpg\" src=\"data:image\/svg+xml,%3Csvg%20xmlns%3D%22http%3A%2F%2Fwww.w3.org%2F2000%2Fsvg%22%20width%3D%22250%22%20height%3D%2276%22%20viewBox%3D%220%200%20250%2076%22%3E%3C%2Fsvg%3E\" loading=\"eager\"><\/span><span class=\"fg-image-overlay\"><\/span><\/a><figcaption class=\"fg-caption\"><div class=\"fg-caption-inner\"><div class=\"fg-caption-desc\">En la actualidad, el portafolio est\u00e1ndar de la marca El Rey del Mundo s\u00f3lo incluye dos cigarros: el Choix Supreme y el Demi Tasse. Para La Casa del Habano existen otros formatos exclusivos.<\/div><\/div><\/figcaption><\/figure><div class=\"fg-loader\"><\/div><\/div><div class=\"fg-item fg-type-image fg-idle\"><figure class=\"fg-item-inner\"><a href=\"https:\/\/origin-of-cigar.com\/wp-content\/uploads\/2025\/12\/OOC-El-Rey-del-Mundo-2-Gervasio-1.jpg\" data-caption-desc=\"Fabriken, in denen die Zigarren der Marke El Rey del Mundo hergestellt wurden Nr.1\/6 (1848-1899): Calle Gervasio No. 27 in Havannas Stadtteil Centro Habana.  Wahrscheinlich eine kleine Fabrik, wie es um 1840\/1850 noch \u00fcblich war.\" data-attachment-id=\"2077\" data-type=\"image\" class=\"fg-thumb\"><span class=\"fg-image-wrap\"><img decoding=\"async\" alt=\"F\u00e1bricas donde se elaboraban los cigarros de la marca El Rey del Mundo No. 1\/6 (1848-1899): Calle Gervasio No. 27 en Centro Habana. Probablemente una f\u00e1brica peque\u00f1a, como era com\u00fan hacia 1840\/1850.\" width=\"250\" height=\"188\" class=\"skip-lazy fg-image\" data-src-fg=\"https:\/\/origin-of-cigar.com\/wp-content\/uploads\/cache\/2025\/12\/OOC-El-Rey-del-Mundo-2-Gervasio-1\/301618551.jpg\" src=\"data:image\/svg+xml,%3Csvg%20xmlns%3D%22http%3A%2F%2Fwww.w3.org%2F2000%2Fsvg%22%20width%3D%22250%22%20height%3D%22188%22%20viewBox%3D%220%200%20250%20188%22%3E%3C%2Fsvg%3E\" loading=\"eager\"><\/span><span class=\"fg-image-overlay\"><\/span><\/a><figcaption class=\"fg-caption\"><div class=\"fg-caption-inner\"><div class=\"fg-caption-desc\">F\u00e1bricas donde se elaboraban los cigarros de la marca El Rey del Mundo No. 1\/6 (1848-1899): Calle Gervasio No. 27 en Centro Habana.  Probablemente una f\u00e1brica peque\u00f1a, como era com\u00fan hacia 1840\/1850.<\/div><\/div><\/figcaption><\/figure><div class=\"fg-loader\"><\/div><\/div><div class=\"fg-item fg-type-image fg-idle\"><figure class=\"fg-item-inner\"><a href=\"https:\/\/origin-of-cigar.com\/wp-content\/uploads\/2025\/12\/OOC-El-Rey-del-Mundo-3-Bela-1.jpg\" data-caption-desc=\"Fabriken, in denen die Zigarren der Marke El Rey del Mundo hergestellt wurden Nr.2\/6 (1899-1905): Calle Belascoain (heute Padre Varela) No.2A, die Fabrik von Florentin Mantilla. Ab 1905 war dieses Haus offiziell die Romeo y Julieta-Manufaktur des Don Pepin.\" data-attachment-id=\"2078\" data-type=\"image\" class=\"fg-thumb\"><span class=\"fg-image-wrap\"><img decoding=\"async\" alt=\"F\u00e1bricas donde se elaboraban los cigarros de la marca El Rey del Mundo n\u00ba 2\/6 (1899-1905): Calle Belascoain (hoy Padre Varela) n\u00ba 2A, f\u00e1brica de Florent\u00edn Mantilla. A partir de 1905 esta casa fue oficialmente la f\u00e1brica Romeo y Julieta de Don Pep\u00edn.\" width=\"250\" height=\"166\" class=\"skip-lazy fg-image\" data-src-fg=\"https:\/\/origin-of-cigar.com\/wp-content\/uploads\/cache\/2025\/12\/OOC-El-Rey-del-Mundo-3-Bela-1\/758316457.jpg\" src=\"data:image\/svg+xml,%3Csvg%20xmlns%3D%22http%3A%2F%2Fwww.w3.org%2F2000%2Fsvg%22%20width%3D%22250%22%20height%3D%22166%22%20viewBox%3D%220%200%20250%20166%22%3E%3C%2Fsvg%3E\" loading=\"eager\"><\/span><span class=\"fg-image-overlay\"><\/span><\/a><figcaption class=\"fg-caption\"><div class=\"fg-caption-inner\"><div class=\"fg-caption-desc\">F\u00e1bricas donde se elaboraban los cigarros de la marca El Rey del Mundo n\u00ba 2\/6 (1899-1905): Calle Belascoain (hoy Padre Varela) n\u00ba 2A, f\u00e1brica de Florent\u00edn Mantilla. A partir de 1905 esta casa fue oficialmente la f\u00e1brica Romeo y Julieta de Don Pep\u00edn.<\/div><\/div><\/figcaption><\/figure><div class=\"fg-loader\"><\/div><\/div><div class=\"fg-item fg-type-image fg-idle\"><figure class=\"fg-item-inner\"><a href=\"https:\/\/origin-of-cigar.com\/wp-content\/uploads\/2025\/12\/OOC-El-Rey-del-Mundo-3-Bela-2.jpg\" data-caption-desc=\"In dieser Fabrik auf der Calle Belascoain No.2A wurden von 1899 bis 1905 die El Rey del Mundo-Zigarren gefertigt.\" data-attachment-id=\"2079\" data-type=\"image\" class=\"fg-thumb\"><span class=\"fg-image-wrap\"><img decoding=\"async\" alt=\"En esta f\u00e1brica de la calle Belascoain n\u00ba 2A se elaboraron los cigarros El Rey del Mundo desde 1899 hasta 1905.\" width=\"250\" height=\"166\" class=\"skip-lazy fg-image\" data-src-fg=\"https:\/\/origin-of-cigar.com\/wp-content\/uploads\/cache\/2025\/12\/OOC-El-Rey-del-Mundo-3-Bela-2\/742289346.jpg\" src=\"data:image\/svg+xml,%3Csvg%20xmlns%3D%22http%3A%2F%2Fwww.w3.org%2F2000%2Fsvg%22%20width%3D%22250%22%20height%3D%22166%22%20viewBox%3D%220%200%20250%20166%22%3E%3C%2Fsvg%3E\" loading=\"eager\"><\/span><span class=\"fg-image-overlay\"><\/span><\/a><figcaption class=\"fg-caption\"><div class=\"fg-caption-inner\"><div class=\"fg-caption-desc\">En esta f\u00e1brica de la calle Belascoain n\u00ba 2A se elaboraron los cigarros El Rey del Mundo desde 1899 hasta 1905.<\/div><\/div><\/figcaption><\/figure><div class=\"fg-loader\"><\/div><\/div><div class=\"fg-item fg-type-image fg-idle\"><figure class=\"fg-item-inner\"><a href=\"https:\/\/origin-of-cigar.com\/wp-content\/uploads\/2025\/12\/OOC-El-Rey-del-Mundo-4-Meridiana-1.jpg\" data-caption-desc=\"Fabriken, in denen die Zigarren der Marke El Rey del Mundo hergestellt wurden Nr.3\/6 (1910-1935): die Fabrica de Tabacos El Rey del Mundo auf der Calle Agramonte No.44 unter der Leitung der Diaz Hermanos y Cia.\" data-attachment-id=\"2080\" data-type=\"image\" class=\"fg-thumb\"><span class=\"fg-image-wrap\"><img decoding=\"async\" alt=\"F\u00e1bricas donde se elaboraban los cigarros de la marca El Rey del Mundo n\u00ba 3\/6 (1910-1935): la F\u00e1brica de Tabacos El Rey del Mundo en la calle Agramonte n\u00ba 44 bajo la direcci\u00f3n de Diaz Hermanos y Cia.\" width=\"250\" height=\"161\" class=\"skip-lazy fg-image\" data-src-fg=\"https:\/\/origin-of-cigar.com\/wp-content\/uploads\/cache\/2025\/12\/OOC-El-Rey-del-Mundo-4-Meridiana-1\/3872421373.jpg\" src=\"data:image\/svg+xml,%3Csvg%20xmlns%3D%22http%3A%2F%2Fwww.w3.org%2F2000%2Fsvg%22%20width%3D%22250%22%20height%3D%22161%22%20viewBox%3D%220%200%20250%20161%22%3E%3C%2Fsvg%3E\" loading=\"eager\"><\/span><span class=\"fg-image-overlay\"><\/span><\/a><figcaption class=\"fg-caption\"><div class=\"fg-caption-inner\"><div class=\"fg-caption-desc\">F\u00e1bricas donde se elaboraban los cigarros de la marca El Rey del Mundo n\u00ba 3\/6 (1910-1935): la F\u00e1brica de Tabacos El Rey del Mundo en la calle Agramonte n\u00ba 44 bajo la direcci\u00f3n de Diaz Hermanos y Cia.<\/div><\/div><\/figcaption><\/figure><div class=\"fg-loader\"><\/div><\/div><div class=\"fg-item fg-type-image fg-idle\"><figure class=\"fg-item-inner\"><a href=\"https:\/\/origin-of-cigar.com\/wp-content\/uploads\/2025\/12\/OOC-El-Rey-del-Mundo-4-Meridiana-2.jpg\" data-caption-desc=\"Diese Fabrik war urspr\u00fcnglich die La Meridiana-Manufaktur, gebaut 1882 von Pedro Murias. Von  1905 bis in die 1930er Jahre kamen die El Rey del Mundo-Zigarren aus diesem Haus.\" data-attachment-id=\"2081\" data-type=\"image\" class=\"fg-thumb\"><span class=\"fg-image-wrap\"><img decoding=\"async\" alt=\"Esta f\u00e1brica fue originalmente la f\u00e1brica La Meridiana, construida en 1882 por Pedro Murias. Desde 1905 hasta la d\u00e9cada de 1930, los cigarros El Rey del Mundo salieron de esta f\u00e1brica.\" width=\"250\" height=\"140\" class=\"skip-lazy fg-image\" data-src-fg=\"https:\/\/origin-of-cigar.com\/wp-content\/uploads\/cache\/2025\/12\/OOC-El-Rey-del-Mundo-4-Meridiana-2\/1010809222.jpg\" src=\"data:image\/svg+xml,%3Csvg%20xmlns%3D%22http%3A%2F%2Fwww.w3.org%2F2000%2Fsvg%22%20width%3D%22250%22%20height%3D%22140%22%20viewBox%3D%220%200%20250%20140%22%3E%3C%2Fsvg%3E\" loading=\"eager\"><\/span><span class=\"fg-image-overlay\"><\/span><\/a><figcaption class=\"fg-caption\"><div class=\"fg-caption-inner\"><div class=\"fg-caption-desc\">Esta f\u00e1brica fue originalmente la f\u00e1brica La Meridiana, construida en 1882 por Pedro Murias. Desde 1905 hasta la d\u00e9cada de 1930, los cigarros El Rey del Mundo salieron de esta f\u00e1brica.<\/div><\/div><\/figcaption><\/figure><div class=\"fg-loader\"><\/div><\/div><div class=\"fg-item fg-type-image fg-idle\"><figure class=\"fg-item-inner\"><a href=\"https:\/\/origin-of-cigar.com\/wp-content\/uploads\/2025\/12\/OOC-El-Rey-del-Mundo-5-Bela-1.jpg\" data-caption-desc=\"Fabriken, in denen die Zigarren der Marke El Rey del Mundo hergestellt wurden Nr.4\/6 (1935-ca.1965): Calle Belascoain No.852, von ca. 1935 bis weit nach der Revolution.\" data-attachment-id=\"2082\" data-type=\"image\" class=\"fg-thumb\"><span class=\"fg-image-wrap\"><img decoding=\"async\" alt=\"F\u00e1bricas donde se elaboraban los cigarros de la marca El Rey del Mundo n\u00ba 4\/6 (1935-ca.1965): Calle Belascoain n\u00ba 852, desde aproximadamente 1935 hasta bastante despu\u00e9s de la revoluci\u00f3n.\" width=\"250\" height=\"166\" class=\"skip-lazy fg-image\" data-src-fg=\"https:\/\/origin-of-cigar.com\/wp-content\/uploads\/cache\/2025\/12\/OOC-El-Rey-del-Mundo-5-Bela-1\/3627045286.jpg\" src=\"data:image\/svg+xml,%3Csvg%20xmlns%3D%22http%3A%2F%2Fwww.w3.org%2F2000%2Fsvg%22%20width%3D%22250%22%20height%3D%22166%22%20viewBox%3D%220%200%20250%20166%22%3E%3C%2Fsvg%3E\" loading=\"eager\"><\/span><span class=\"fg-image-overlay\"><\/span><\/a><figcaption class=\"fg-caption\"><div class=\"fg-caption-inner\"><div class=\"fg-caption-desc\">F\u00e1bricas donde se elaboraban los cigarros de la marca El Rey del Mundo n\u00ba 4\/6 (1935-ca.1965): Calle Belascoain n\u00ba 852, desde aproximadamente 1935 hasta bastante despu\u00e9s de la revoluci\u00f3n.<\/div><\/div><\/figcaption><\/figure><div class=\"fg-loader\"><\/div><\/div><div class=\"fg-item fg-type-image fg-idle\"><figure class=\"fg-item-inner\"><a href=\"https:\/\/origin-of-cigar.com\/wp-content\/uploads\/2025\/12\/OOC-El-Rey-del-Mundo-5-Bela-2.jpg\" data-caption-desc=\"Die Manufaktur auf der Calle Belascoain No.852. Die Zigarren der Marke El Rey del Mundo wurden hier hergestellt, als die Fabrik offiziell die Romeo y Julieta-Fabrik war.\" data-attachment-id=\"2083\" data-type=\"image\" class=\"fg-thumb\"><span class=\"fg-image-wrap\"><img fetchpriority=\"high\" decoding=\"async\" alt=\"La f\u00e1brica de la calle Belascoain n\u00ba 852, donde se elaboraban los cigarros de la marca El Rey del Mundo cuando la f\u00e1brica era oficialmente la f\u00e1brica Romeo y Julieta.\" width=\"250\" height=\"376\" class=\"skip-lazy fg-image\" data-src-fg=\"https:\/\/origin-of-cigar.com\/wp-content\/uploads\/cache\/2025\/12\/OOC-El-Rey-del-Mundo-5-Bela-2\/3644638157.jpg\" src=\"data:image\/svg+xml,%3Csvg%20xmlns%3D%22http%3A%2F%2Fwww.w3.org%2F2000%2Fsvg%22%20width%3D%22250%22%20height%3D%22376%22%20viewBox%3D%220%200%20250%20376%22%3E%3C%2Fsvg%3E\" loading=\"eager\"><\/span><span class=\"fg-image-overlay\"><\/span><\/a><figcaption class=\"fg-caption\"><div class=\"fg-caption-inner\"><div class=\"fg-caption-desc\">La f\u00e1brica de la calle Belascoain n\u00ba 852, donde se elaboraban los cigarros de la marca El Rey del Mundo cuando la f\u00e1brica era oficialmente la f\u00e1brica Romeo y Julieta.<\/div><\/div><\/figcaption><\/figure><div class=\"fg-loader\"><\/div><\/div><div class=\"fg-item fg-type-image fg-idle\"><figure class=\"fg-item-inner\"><a href=\"https:\/\/origin-of-cigar.com\/wp-content\/uploads\/2025\/12\/OOC-El-Rey-del-Mundo-5-Bela-3.jpg\" data-caption-desc=\"Die Manufaktur auf der Calle Belascoain No.852, ein Haus, viele Namen: El Rey del Mundo-Fabrik, Romeo y Julieta-Manufaktur, heute (Stand 2025) Heimstatt der Marke H.Upmann. Erbaut ist das Haus wahrscheinlich 1914.\" data-attachment-id=\"2084\" data-type=\"image\" class=\"fg-thumb\"><span class=\"fg-image-wrap\"><img decoding=\"async\" alt=\"La f\u00e1brica de la calle Belascoain n\u00ba 852, una casa, muchos nombres: F\u00e1brica El Rey del Mundo, f\u00e1brica Romeo y Julieta, hoy (a partir de 2025) sede de la marca H.Upmann. La casa se construy\u00f3 probablemente en 1914.\" width=\"250\" height=\"174\" class=\"skip-lazy fg-image\" data-src-fg=\"https:\/\/origin-of-cigar.com\/wp-content\/uploads\/cache\/2025\/12\/OOC-El-Rey-del-Mundo-5-Bela-3\/234760041.jpg\" src=\"data:image\/svg+xml,%3Csvg%20xmlns%3D%22http%3A%2F%2Fwww.w3.org%2F2000%2Fsvg%22%20width%3D%22250%22%20height%3D%22174%22%20viewBox%3D%220%200%20250%20174%22%3E%3C%2Fsvg%3E\" loading=\"eager\"><\/span><span class=\"fg-image-overlay\"><\/span><\/a><figcaption class=\"fg-caption\"><div class=\"fg-caption-inner\"><div class=\"fg-caption-desc\">La f\u00e1brica de la calle Belascoain n\u00ba 852, una casa, muchos nombres: F\u00e1brica El Rey del Mundo, f\u00e1brica Romeo y Julieta, hoy (a partir de 2025) sede de la marca H.Upmann. La casa se construy\u00f3 probablemente en 1914.<\/div><\/div><\/figcaption><\/figure><div class=\"fg-loader\"><\/div><\/div><div class=\"fg-item fg-type-image fg-idle\"><figure class=\"fg-item-inner\"><a href=\"https:\/\/origin-of-cigar.com\/wp-content\/uploads\/2025\/12\/OOC-El-Rey-del-Mundo-6-Carlos-1.jpg\" data-caption-desc=\"Fabriken, in denen die Zigarren der Marke El Rey del Mundo hergestellt wurden Nr.5\/6: Calle San Carlos No.816. Urspr\u00fcnglich ein gro\u00dfes Lagerhaus, dann El Rey del Mundo-Manufaktur, heute die Partag\u00e1s-Manufaktur.\" data-attachment-id=\"2085\" data-type=\"image\" class=\"fg-thumb\"><span class=\"fg-image-wrap\"><img decoding=\"async\" alt=\"F\u00e1bricas donde se elaboraban los cigarros de la marca El Rey del Mundo n\u00ba 5\/6: Calle San Carlos n\u00ba 816, originalmente un gran almac\u00e9n, luego f\u00e1brica de El Rey del Mundo, actualmente f\u00e1brica de Partag\u00e1s.\" width=\"250\" height=\"333\" class=\"skip-lazy fg-image\" data-src-fg=\"https:\/\/origin-of-cigar.com\/wp-content\/uploads\/cache\/2025\/12\/OOC-El-Rey-del-Mundo-6-Carlos-1\/2092461338.jpg\" src=\"data:image\/svg+xml,%3Csvg%20xmlns%3D%22http%3A%2F%2Fwww.w3.org%2F2000%2Fsvg%22%20width%3D%22250%22%20height%3D%22333%22%20viewBox%3D%220%200%20250%20333%22%3E%3C%2Fsvg%3E\" loading=\"eager\"><\/span><span class=\"fg-image-overlay\"><\/span><\/a><figcaption class=\"fg-caption\"><div class=\"fg-caption-inner\"><div class=\"fg-caption-desc\">F\u00e1bricas donde se elaboraban los cigarros de la marca El Rey del Mundo n\u00ba 5\/6: Calle San Carlos n\u00ba 816, originalmente un gran almac\u00e9n, luego f\u00e1brica de El Rey del Mundo, actualmente f\u00e1brica de Partag\u00e1s.<\/div><\/div><\/figcaption><\/figure><div class=\"fg-loader\"><\/div><\/div><\/div>\n\n\n\n<div style=\"height:41px\" aria-hidden=\"true\" class=\"wp-block-spacer\"><\/div>\n\n\n\n<p>\ud83d\udc49 <strong><a href=\"https:\/\/origin-of-cigar.com\/es\/el-rey-del-mundo-historia\/\">Lee ahora \ud83d\udc49 Historia de El Rey del Mundo - La fascinante marca de obras maestras del siglo XIX<\/a><\/strong><\/p>\n\n\n\n<h2 class=\"wp-block-heading\">Curado para usted<\/h2>\n\n\n\n<p><strong>Sitio web externo<\/strong>: <a href=\"https:\/\/www.habanos-club.de\/de\/\" target=\"_blank\" rel=\"noopener\">Vive el Club del Habano en Alemania<\/a><\/p>\n\n\n\n<p><strong>En Origen del Cigarro:<\/strong> <a href=\"#\">THE PLEASURE LETTER de Origin Of Cigar: Un correo electr\u00f3nico que celebra los placeres de la cultura del puro cubano.<\/a><\/p>","protected":false},"excerpt":{"rendered":"<p>Fotos Die Fotos El Rey del Mundo zeigen Orte und Epochen, die El Rey del Mundo gepr\u00e4gt haben: fr\u00fche Fabriken wie Calle Gervasio und Belascoain,&hellip;<\/p>","protected":false},"author":2,"featured_media":0,"parent":1915,"menu_order":0,"comment_status":"closed","ping_status":"closed","template":"","meta":{"om_disable_all_campaigns":false,"_glsr_average":0,"_glsr_ranking":0,"_glsr_reviews":0,"footnotes":""},"class_list":["post-2093","page","type-page","status-publish","hentry"],"jetpack_sharing_enabled":true,"_links":{"self":[{"href":"https:\/\/origin-of-cigar.com\/es\/wp-json\/wp\/v2\/pages\/2093","targetHints":{"allow":["GET"]}}],"collection":[{"href":"https:\/\/origin-of-cigar.com\/es\/wp-json\/wp\/v2\/pages"}],"about":[{"href":"https:\/\/origin-of-cigar.com\/es\/wp-json\/wp\/v2\/types\/page"}],"author":[{"embeddable":true,"href":"https:\/\/origin-of-cigar.com\/es\/wp-json\/wp\/v2\/users\/2"}],"replies":[{"embeddable":true,"href":"https:\/\/origin-of-cigar.com\/es\/wp-json\/wp\/v2\/comments?post=2093"}],"version-history":[{"count":4,"href":"https:\/\/origin-of-cigar.com\/es\/wp-json\/wp\/v2\/pages\/2093\/revisions"}],"predecessor-version":[{"id":2099,"href":"https:\/\/origin-of-cigar.com\/es\/wp-json\/wp\/v2\/pages\/2093\/revisions\/2099"}],"up":[{"embeddable":true,"href":"https:\/\/origin-of-cigar.com\/es\/wp-json\/wp\/v2\/pages\/1915"}],"wp:attachment":[{"href":"https:\/\/origin-of-cigar.com\/es\/wp-json\/wp\/v2\/media?parent=2093"}],"curies":[{"name":"wp","href":"https:\/\/api.w.org\/{rel}","templated":true}]}}