{"id":2773,"date":"2026-04-24T14:58:07","date_gmt":"2026-04-24T14:58:07","guid":{"rendered":"https:\/\/origin-of-cigar.com\/?page_id=2773"},"modified":"2026-04-24T15:03:22","modified_gmt":"2026-04-24T15:03:22","slug":"bolivar-photos-history","status":"publish","type":"page","link":"https:\/\/origin-of-cigar.com\/en\/fotos-geschichte-kubanischer-zigarrenmarken\/fotos-bolivar-geschichte\/","title":{"rendered":"Bol\u00edvar Photos History"},"content":{"rendered":"<h2 class=\"wp-block-heading\">Photos<\/h2>\n\n\n\n<p>Bol\u00edvar cigars are known for their intense flavours, rich tobacco blends, and a long tradition in Havana. They are still produced today in the Partag\u00e1s factory. The connection to the history of Sim\u00f3n Bol\u00edvar, along with their distinctive strength, makes them one of the most prominent brands among Habanos.<\/p>\n\n\n\n<figure class=\"wp-block-image size-full\"><img loading=\"lazy\" decoding=\"async\" width=\"1000\" height=\"894\" src=\"https:\/\/origin-of-cigar.com\/wp-content\/uploads\/2026\/04\/OOC-Bolivar-0-Logo-1.jpg\" alt=\"Sim\u00f3n Bol\u00edvar, El Libertador, the liberator of South or Latin America. He is still present today through his depiction on cigar boxes.\" class=\"wp-image-2742\" srcset=\"https:\/\/origin-of-cigar.com\/wp-content\/uploads\/2026\/04\/OOC-Bolivar-0-Logo-1.jpg 1000w, https:\/\/origin-of-cigar.com\/wp-content\/uploads\/2026\/04\/OOC-Bolivar-0-Logo-1-300x268.jpg 300w, https:\/\/origin-of-cigar.com\/wp-content\/uploads\/2026\/04\/OOC-Bolivar-0-Logo-1-768x687.jpg 768w, https:\/\/origin-of-cigar.com\/wp-content\/uploads\/2026\/04\/OOC-Bolivar-0-Logo-1-13x12.jpg 13w, https:\/\/origin-of-cigar.com\/wp-content\/uploads\/2026\/04\/OOC-Bolivar-0-Logo-1-624x558.jpg 624w\" sizes=\"auto, (max-width: 1000px) 100vw, 1000px\" \/><\/figure>\n\n\n\n<h2 class=\"wp-block-heading\">History<\/h2>\n\n\n\n<p>The Bol\u00edvar brand was officially registered in 1921, although its origins date back to around 1900. After being acquired by the Cifuentes family, it developed into an internationally renowned cigar brand. Its production moved to the Partag\u00e1s factory and continues to shape its reputation to this day.<\/p>\n\n\n\n<p>\ud83d\udc49 <strong><a href=\"https:\/\/origin-of-cigar.com\/en\/bolivar-history\/\">Read now \ud83d\udc49 Bol\u00edvar Cigars \u2013 A powerful icon of the Habanos world with an exciting history<\/a><\/strong><\/p>\n\n\n<style type=\"text\/css\">\n#foogallery-gallery-2756.fg-masonry .fg-item { width: 250px; }\n#foogallery-gallery-2756.fg-masonry { --fg-gutter: 10px; }<\/style>\n\t\t\t<div class=\"foogallery foogallery-container foogallery-masonry foogallery-lightbox-foogallery fg-center fg-masonry fg-ready fg-dark fg-border-medium fg-round-small fg-shadow-outline fg-loading-default fg-loaded-fade-in fg-hover-semi-zoomed fg-captions-bottom fg-hover-fade fg-hover-zoom4 fg-fixed\" id=\"foogallery-gallery-2756\" data-foogallery=\"{&quot;panel&quot;:{&quot;buttons&quot;:{&quot;download&quot;:false}},&quot;item&quot;:{&quot;showCaptionTitle&quot;:true,&quot;showCaptionDescription&quot;:true},&quot;lazy&quot;:true,&quot;template&quot;:{&quot;columnWidth&quot;:250,&quot;gutter&quot;:10}}\" data-foogallery-lightbox=\"{&quot;theme&quot;:&quot;fg-dark&quot;,&quot;thumbs&quot;:&quot;bottom&quot;,&quot;thumbsCaptions&quot;:false,&quot;thumbsBestFit&quot;:false,&quot;thumbsSmall&quot;:false,&quot;thumbsCaptionsAlign&quot;:&quot;default&quot;,&quot;info&quot;:&quot;bottom&quot;,&quot;infoVisible&quot;:true,&quot;infoOverlay&quot;:true,&quot;infoAlign&quot;:&quot;default&quot;,&quot;transition&quot;:&quot;fade&quot;,&quot;hoverButtons&quot;:false,&quot;fitMedia&quot;:false,&quot;noScrollbars&quot;:true,&quot;preserveButtonSpace&quot;:true,&quot;buttons&quot;:{&quot;fullscreen&quot;:true,&quot;info&quot;:true,&quot;thumbs&quot;:false,&quot;download&quot;:false},&quot;video&quot;:{&quot;autoPlay&quot;:true}}\" style=\"--fg-title-line-clamp: 1; --fg-description-line-clamp: 2;\" >\n\t\t<div class=\"fg-item fg-type-image fg-idle\"><figure class=\"fg-item-inner\"><a href=\"https:\/\/origin-of-cigar.com\/wp-content\/uploads\/2026\/04\/OOC-Bolivar-0-Logo-1.jpg\" data-caption-desc=\"Sim\u00f3n Bol\u00edvar, El Libertador, der Befreier S\u00fcd- oder Lateinamerikas. Durch seine Abbildung auf den Zigarrenkisten ist er auch heute noch pr\u00e4sent.\" data-attachment-id=\"2742\" data-type=\"image\" class=\"fg-thumb\"><span class=\"fg-image-wrap\"><img fetchpriority=\"high\" decoding=\"async\" alt=\"Sim\u00f3n Bol\u00edvar, El Libertador, the liberator of South or Latin America. He is still present today through his depiction on cigar boxes.\" width=\"250\" height=\"224\" class=\"skip-lazy fg-image\" data-src-fg=\"https:\/\/origin-of-cigar.com\/wp-content\/uploads\/cache\/2026\/04\/OOC-Bolivar-0-Logo-1\/3918460154.jpg\" src=\"data:image\/svg+xml,%3Csvg%20xmlns%3D%22http%3A%2F%2Fwww.w3.org%2F2000%2Fsvg%22%20width%3D%22250%22%20height%3D%22224%22%20viewBox%3D%220%200%20250%20224%22%3E%3C%2Fsvg%3E\" loading=\"eager\"><\/span><span class=\"fg-image-overlay\"><\/span><\/a><figcaption class=\"fg-caption\"><div class=\"fg-caption-inner\"><div class=\"fg-caption-desc\">Sim\u00f3n Bol\u00edvar, El Libertador, the liberator of South or Latin America. He is still present today through his depiction on cigar boxes.<\/div><\/div><\/figcaption><\/figure><div class=\"fg-loader\"><\/div><\/div><div class=\"fg-item fg-type-image fg-idle\"><figure class=\"fg-item-inner\"><a href=\"https:\/\/origin-of-cigar.com\/wp-content\/uploads\/2026\/04\/OOC-Bolivar-0-Logo-2.jpg\" data-caption-desc=\"Die Marke Bol\u00edvar wurde offiziell 1921 registriert.\" data-attachment-id=\"2743\" data-type=\"image\" class=\"fg-thumb\"><span class=\"fg-image-wrap\"><img decoding=\"async\" alt=\"The Bol\u00edvar brand was officially registered in 1921.\" width=\"250\" height=\"151\" class=\"skip-lazy fg-image\" data-src-fg=\"https:\/\/origin-of-cigar.com\/wp-content\/uploads\/cache\/2026\/04\/OOC-Bolivar-0-Logo-2\/1533321204.jpg\" src=\"data:image\/svg+xml,%3Csvg%20xmlns%3D%22http%3A%2F%2Fwww.w3.org%2F2000%2Fsvg%22%20width%3D%22250%22%20height%3D%22151%22%20viewBox%3D%220%200%20250%20151%22%3E%3C%2Fsvg%3E\" loading=\"eager\"><\/span><span class=\"fg-image-overlay\"><\/span><\/a><figcaption class=\"fg-caption\"><div class=\"fg-caption-inner\"><div class=\"fg-caption-desc\">The Bol\u00edvar brand was officially registered in 1921.<\/div><\/div><\/figcaption><\/figure><div class=\"fg-loader\"><\/div><\/div><div class=\"fg-item fg-type-image fg-idle\"><figure class=\"fg-item-inner\"><a href=\"https:\/\/origin-of-cigar.com\/wp-content\/uploads\/2026\/04\/OOC-Bolivar-1-Zigarren-1.jpg\" data-caption-desc=\"Von der Marke Bol\u00edvar gibt es eine ganze Reihe von Sondereditionen, wie diese Reserva von 2016; aber auch f\u00fcr eine Edici\u00f3n Regional, bisher schon mehr als 30 mal, wird die Marke Bol\u00edvar gern genommen.\" data-attachment-id=\"2744\" data-type=\"image\" class=\"fg-thumb\"><span class=\"fg-image-wrap\"><img decoding=\"async\" alt=\"The Bol\u00edvar brand has a whole range of special editions, such as this 2016 Reserva; however, the Bol\u00edvar brand is also popular for Edici\u00f3n Regional releases, with over 30 of them so far.\" width=\"250\" height=\"378\" class=\"skip-lazy fg-image\" data-src-fg=\"https:\/\/origin-of-cigar.com\/wp-content\/uploads\/cache\/2026\/04\/OOC-Bolivar-1-Zigarren-1\/3391126794.jpg\" src=\"data:image\/svg+xml,%3Csvg%20xmlns%3D%22http%3A%2F%2Fwww.w3.org%2F2000%2Fsvg%22%20width%3D%22250%22%20height%3D%22378%22%20viewBox%3D%220%200%20250%20378%22%3E%3C%2Fsvg%3E\" loading=\"eager\"><\/span><span class=\"fg-image-overlay\"><\/span><\/a><figcaption class=\"fg-caption\"><div class=\"fg-caption-inner\"><div class=\"fg-caption-desc\">The Bol\u00edvar brand has a whole range of special editions, such as this 2016 Reserva; however, the Bol\u00edvar brand is also popular for Edici\u00f3n Regional releases, with over 30 of them so far.<\/div><\/div><\/figcaption><\/figure><div class=\"fg-loader\"><\/div><\/div><div class=\"fg-item fg-type-image fg-idle\"><figure class=\"fg-item-inner\"><a href=\"https:\/\/origin-of-cigar.com\/wp-content\/uploads\/2026\/04\/OOC-Bolivar-1-Zigarren-2.jpg\" data-caption-desc=\"Die Bol\u00edvar Belicosos Finos, eine Piramide mit 52er Ringma\u00df und 140 mm L\u00e4nge, geh\u00f6rt mit zu den absoluten Klassikern der Marke.\" data-attachment-id=\"2745\" data-type=\"image\" class=\"fg-thumb\"><span class=\"fg-image-wrap\"><img decoding=\"async\" alt=\"The Bol\u00edvar Belicosos Finos, a pyramid with a 52 ring gauge and 140 mm length, is one of the brand&#039;s absolute classics.\" width=\"250\" height=\"290\" class=\"skip-lazy fg-image\" data-src-fg=\"https:\/\/origin-of-cigar.com\/wp-content\/uploads\/cache\/2026\/04\/OOC-Bolivar-1-Zigarren-2\/3639886088.jpg\" src=\"data:image\/svg+xml,%3Csvg%20xmlns%3D%22http%3A%2F%2Fwww.w3.org%2F2000%2Fsvg%22%20width%3D%22250%22%20height%3D%22290%22%20viewBox%3D%220%200%20250%20290%22%3E%3C%2Fsvg%3E\" loading=\"eager\"><\/span><span class=\"fg-image-overlay\"><\/span><\/a><figcaption class=\"fg-caption\"><div class=\"fg-caption-inner\"><div class=\"fg-caption-desc\">The Bol\u00edvar Belicosos Finos, a pyramid with a 52 ring gauge and 140 mm length, is one of the brand's absolute classics.<\/div><\/div><\/figcaption><\/figure><div class=\"fg-loader\"><\/div><\/div><div class=\"fg-item fg-type-image fg-idle\"><figure class=\"fg-item-inner\"><a href=\"https:\/\/origin-of-cigar.com\/wp-content\/uploads\/2026\/04\/OOC-Bolivar-1-Zigarren-3.jpg\" data-caption-desc=\"Auch f\u00fcr Sonderserien f\u00fcr die \u201eLa Casa del Habano\u201c wird die Marke Bol\u00edvar gerne genutzt.\" data-attachment-id=\"2746\" data-type=\"image\" class=\"fg-thumb\"><span class=\"fg-image-wrap\"><img decoding=\"async\" alt=\"The Bol\u00edvar brand is also often used for special editions for \u201eLa Casa del Habano\u201c.\" width=\"250\" height=\"166\" class=\"skip-lazy fg-image\" data-src-fg=\"https:\/\/origin-of-cigar.com\/wp-content\/uploads\/cache\/2026\/04\/OOC-Bolivar-1-Zigarren-3\/1807879156.jpg\" src=\"data:image\/svg+xml,%3Csvg%20xmlns%3D%22http%3A%2F%2Fwww.w3.org%2F2000%2Fsvg%22%20width%3D%22250%22%20height%3D%22166%22%20viewBox%3D%220%200%20250%20166%22%3E%3C%2Fsvg%3E\" loading=\"eager\"><\/span><span class=\"fg-image-overlay\"><\/span><\/a><figcaption class=\"fg-caption\"><div class=\"fg-caption-inner\"><div class=\"fg-caption-desc\">The Bol\u00edvar brand is also often used for special editions for \u201eLa Casa del Habano\u201c.<\/div><\/div><\/figcaption><\/figure><div class=\"fg-loader\"><\/div><\/div><div class=\"fg-item fg-type-image fg-idle\"><figure class=\"fg-item-inner\"><a href=\"https:\/\/origin-of-cigar.com\/wp-content\/uploads\/2026\/04\/OOC-Bolivar-1-Zigarren-4.jpg\" data-caption-desc=\"Edici\u00f3n Limitadas der Marke Bol\u00edvar hat es schon mehrere gegeben, diese ist aus dem Jahr 2014.\" data-attachment-id=\"2747\" data-type=\"image\" class=\"fg-thumb\"><span class=\"fg-image-wrap\"><img decoding=\"async\" alt=\"There have been several limited editions from the Bol\u00edvar brand, this one is from 2014.\" width=\"250\" height=\"199\" class=\"skip-lazy fg-image\" data-src-fg=\"https:\/\/origin-of-cigar.com\/wp-content\/uploads\/cache\/2026\/04\/OOC-Bolivar-1-Zigarren-4\/4250679564.jpg\" src=\"data:image\/svg+xml,%3Csvg%20xmlns%3D%22http%3A%2F%2Fwww.w3.org%2F2000%2Fsvg%22%20width%3D%22250%22%20height%3D%22199%22%20viewBox%3D%220%200%20250%20199%22%3E%3C%2Fsvg%3E\" loading=\"eager\"><\/span><span class=\"fg-image-overlay\"><\/span><\/a><figcaption class=\"fg-caption\"><div class=\"fg-caption-inner\"><div class=\"fg-caption-desc\">There have been several limited editions from the Bol\u00edvar brand, this one is from 2014.<\/div><\/div><\/figcaption><\/figure><div class=\"fg-loader\"><\/div><\/div><div class=\"fg-item fg-type-image fg-idle\"><figure class=\"fg-item-inner\"><a href=\"https:\/\/origin-of-cigar.com\/wp-content\/uploads\/2026\/04\/OOC-Bolivar-2-Miguel-1.jpg\" data-caption-desc=\"Der erste Firmensitz der Marke Bol\u00edvar befand sich auf der Calle San Miguel No. 100. Auch Por Larra\u00f1aga, Partag\u00e1s und H. Upmann hatten ihren ersten eingetragenen Firmensitz auf dieser Stra\u00dfe. Im Laufe der Jahre gab es in dieser Stra\u00dfe mehr als 20 verschiedene Manufakturen, allerdings in der Regel kleinere.\" data-attachment-id=\"2748\" data-type=\"image\" class=\"fg-thumb\"><span class=\"fg-image-wrap\"><img decoding=\"async\" alt=\"The first headquarters of the Bol\u00edvar brand was located at Calle San Miguel No. 100. Por Larra\u00f1aga, Partag\u00e1s and H. Upmann also had their first registered headquarters on this street. Over the years, there were more than 20 different cigar factories on this street, although usually smaller ones.\" width=\"250\" height=\"188\" class=\"skip-lazy fg-image\" data-src-fg=\"https:\/\/origin-of-cigar.com\/wp-content\/uploads\/cache\/2026\/04\/OOC-Bolivar-2-Miguel-1\/3182255700.jpg\" src=\"data:image\/svg+xml,%3Csvg%20xmlns%3D%22http%3A%2F%2Fwww.w3.org%2F2000%2Fsvg%22%20width%3D%22250%22%20height%3D%22188%22%20viewBox%3D%220%200%20250%20188%22%3E%3C%2Fsvg%3E\" loading=\"eager\"><\/span><span class=\"fg-image-overlay\"><\/span><\/a><figcaption class=\"fg-caption\"><div class=\"fg-caption-inner\"><div class=\"fg-caption-desc\">The first headquarters of the Bol\u00edvar brand was located at Calle San Miguel No. 100. Por Larra\u00f1aga, Partag\u00e1s and H. Upmann also had their first registered headquarters on this street. Over the years, there were more than 20 different cigar factories on this street, although usually smaller ones.<\/div><\/div><\/figcaption><\/figure><div class=\"fg-loader\"><\/div><\/div><div class=\"fg-item fg-type-image fg-idle\"><figure class=\"fg-item-inner\"><a href=\"https:\/\/origin-of-cigar.com\/wp-content\/uploads\/2026\/04\/OOC-Bolivar-3-Industria-1.jpg\" data-caption-desc=\"Wahrscheinlich 1954 kaufte die Cifuentes-Familie, damals Besitzer der Marke Partag\u00e1s die Marke Bol\u00edvar. Die Fabrik befand sich direkt hinter dem Capitol auf der Calle Industria No. 520.\" data-attachment-id=\"2749\" data-type=\"image\" class=\"fg-thumb\"><span class=\"fg-image-wrap\"><img decoding=\"async\" alt=\"Probably in 1954, the Cifuentes family, who were then owners of the Partag\u00e1s brand, bought the Bol\u00edvar brand. The factory was located directly behind the Capitol building at Calle Industria No. 520.\" width=\"250\" height=\"183\" class=\"skip-lazy fg-image\" data-src-fg=\"https:\/\/origin-of-cigar.com\/wp-content\/uploads\/cache\/2026\/04\/OOC-Bolivar-3-Industria-1\/4212774269.jpg\" src=\"data:image\/svg+xml,%3Csvg%20xmlns%3D%22http%3A%2F%2Fwww.w3.org%2F2000%2Fsvg%22%20width%3D%22250%22%20height%3D%22183%22%20viewBox%3D%220%200%20250%20183%22%3E%3C%2Fsvg%3E\" loading=\"eager\"><\/span><span class=\"fg-image-overlay\"><\/span><\/a><figcaption class=\"fg-caption\"><div class=\"fg-caption-inner\"><div class=\"fg-caption-desc\">Probably in 1954, the Cifuentes family, who were then owners of the Partag\u00e1s brand, bought the Bol\u00edvar brand. The factory was located directly behind the Capitol building at Calle Industria No. 520.<\/div><\/div><\/figcaption><\/figure><div class=\"fg-loader\"><\/div><\/div><div class=\"fg-item fg-type-image fg-idle\"><figure class=\"fg-item-inner\"><a href=\"https:\/\/origin-of-cigar.com\/wp-content\/uploads\/2026\/04\/OOC-Bolivar-3-Industria-2.jpg\" data-caption-desc=\"Im Hause Partag\u00e1s wurde die Marke Bol\u00edvar richtig erfolgreich. In der Fabrik auf der Calle Industria No. 520 wurden die Bol\u00edvar-Zigarren bis 2012 gefertigt.\" data-attachment-id=\"2750\" data-type=\"image\" class=\"fg-thumb\"><span class=\"fg-image-wrap\"><img decoding=\"async\" alt=\"At the Partag\u00e1s house, the Bol\u00edvar brand became truly successful. Bol\u00edvar cigars were produced at the factory on Calle Industria No. 520 until 2012.\" width=\"250\" height=\"218\" class=\"skip-lazy fg-image\" data-src-fg=\"https:\/\/origin-of-cigar.com\/wp-content\/uploads\/cache\/2026\/04\/OOC-Bolivar-3-Industria-2\/1582349684.jpg\" src=\"data:image\/svg+xml,%3Csvg%20xmlns%3D%22http%3A%2F%2Fwww.w3.org%2F2000%2Fsvg%22%20width%3D%22250%22%20height%3D%22218%22%20viewBox%3D%220%200%20250%20218%22%3E%3C%2Fsvg%3E\" loading=\"eager\"><\/span><span class=\"fg-image-overlay\"><\/span><\/a><figcaption class=\"fg-caption\"><div class=\"fg-caption-inner\"><div class=\"fg-caption-desc\">At the Partag\u00e1s house, the Bol\u00edvar brand became truly successful. Bol\u00edvar cigars were produced at the factory on Calle Industria No. 520 until 2012.<\/div><\/div><\/figcaption><\/figure><div class=\"fg-loader\"><\/div><\/div><div class=\"fg-item fg-type-image fg-idle\"><figure class=\"fg-item-inner\"><a href=\"https:\/\/origin-of-cigar.com\/wp-content\/uploads\/2026\/04\/OOC-Bolivar-4-Carlos-1.jpg\" data-caption-desc=\"Seit 2012 werden die Zigarren der Marke Bol\u00edvar in der auch heute noch aktuellen Partag\u00e1s-Fabrik auf der Calle San Carlos No. 816 gefertigt.\" data-attachment-id=\"2751\" data-type=\"image\" class=\"fg-thumb\"><span class=\"fg-image-wrap\"><img decoding=\"async\" alt=\"Since 2012, Bol\u00edvar brand cigars have been produced at the Partag\u00e1s factory at Calle San Carlos No. 816, where they are still manufactured today.\" width=\"250\" height=\"331\" class=\"skip-lazy fg-image\" data-src-fg=\"https:\/\/origin-of-cigar.com\/wp-content\/uploads\/cache\/2026\/04\/OOC-Bolivar-4-Carlos-1\/259230326.jpg\" src=\"data:image\/svg+xml,%3Csvg%20xmlns%3D%22http%3A%2F%2Fwww.w3.org%2F2000%2Fsvg%22%20width%3D%22250%22%20height%3D%22331%22%20viewBox%3D%220%200%20250%20331%22%3E%3C%2Fsvg%3E\" loading=\"eager\"><\/span><span class=\"fg-image-overlay\"><\/span><\/a><figcaption class=\"fg-caption\"><div class=\"fg-caption-inner\"><div class=\"fg-caption-desc\">Since 2012, Bol\u00edvar brand cigars have been produced at the Partag\u00e1s factory at Calle San Carlos No. 816, where they are still manufactured today.<\/div><\/div><\/figcaption><\/figure><div class=\"fg-loader\"><\/div><\/div><div class=\"fg-item fg-type-image fg-idle\"><figure class=\"fg-item-inner\"><a href=\"https:\/\/origin-of-cigar.com\/wp-content\/uploads\/2026\/04\/OOC-Bolivar-4-Carlos-2.jpg\" data-caption-desc=\"Die aktuelle Partag\u00e1s-Fabrik, in der auch die Bol\u00edvar-Zigarren gefertigt werden, war urspr\u00fcnglich einmal ein gro\u00dfes Tabaklagerhaus.\" data-attachment-id=\"2752\" data-type=\"image\" class=\"fg-thumb\"><span class=\"fg-image-wrap\"><img decoding=\"async\" alt=\"The current Partag\u00e1s factory, where Bol\u00edvar cigars are also made, was originally a large tobacco warehouse.\" width=\"250\" height=\"333\" class=\"skip-lazy fg-image\" data-src-fg=\"https:\/\/origin-of-cigar.com\/wp-content\/uploads\/cache\/2026\/04\/OOC-Bolivar-4-Carlos-2\/2130942528.jpg\" src=\"data:image\/svg+xml,%3Csvg%20xmlns%3D%22http%3A%2F%2Fwww.w3.org%2F2000%2Fsvg%22%20width%3D%22250%22%20height%3D%22333%22%20viewBox%3D%220%200%20250%20333%22%3E%3C%2Fsvg%3E\" loading=\"eager\"><\/span><span class=\"fg-image-overlay\"><\/span><\/a><figcaption class=\"fg-caption\"><div class=\"fg-caption-inner\"><div class=\"fg-caption-desc\">The current Partag\u00e1s factory, where Bol\u00edvar cigars are also made, was originally a large tobacco warehouse.<\/div><\/div><\/figcaption><\/figure><div class=\"fg-loader\"><\/div><\/div><div class=\"fg-item fg-type-image fg-idle\"><figure class=\"fg-item-inner\"><a href=\"https:\/\/origin-of-cigar.com\/wp-content\/uploads\/2026\/04\/OOC-Bolivar-4-Carlos-3.jpg\" data-caption-desc=\"Die Marken Bol\u00edvar und Partag\u00e1s geh\u00f6ren seit Jahrzehnten zusammen: auch in dieser Sammlung alter Zigarrenkisten in der Partag\u00e1s-Fabrik auf der Calle San Carlos No. 816.\" data-attachment-id=\"2753\" data-type=\"image\" class=\"fg-thumb\"><span class=\"fg-image-wrap\"><img decoding=\"async\" alt=\"The Bol\u00edvar and Partag\u00e1s brands have been together for decades: also in this collection of old cigar boxes in the Partag\u00e1s factory at Calle San Carlos No. 816.\" width=\"250\" height=\"333\" class=\"skip-lazy fg-image\" data-src-fg=\"https:\/\/origin-of-cigar.com\/wp-content\/uploads\/cache\/2026\/04\/OOC-Bolivar-4-Carlos-3\/3858983021.jpg\" src=\"data:image\/svg+xml,%3Csvg%20xmlns%3D%22http%3A%2F%2Fwww.w3.org%2F2000%2Fsvg%22%20width%3D%22250%22%20height%3D%22333%22%20viewBox%3D%220%200%20250%20333%22%3E%3C%2Fsvg%3E\" loading=\"eager\"><\/span><span class=\"fg-image-overlay\"><\/span><\/a><figcaption class=\"fg-caption\"><div class=\"fg-caption-inner\"><div class=\"fg-caption-desc\">The Bol\u00edvar and Partag\u00e1s brands have been together for decades: also in this collection of old cigar boxes in the Partag\u00e1s factory at Calle San Carlos No. 816.<\/div><\/div><\/figcaption><\/figure><div class=\"fg-loader\"><\/div><\/div><div class=\"fg-item fg-type-image fg-idle\"><figure class=\"fg-item-inner\"><a href=\"https:\/\/origin-of-cigar.com\/wp-content\/uploads\/2026\/04\/OOC-Bolivar-4-Carlos-4.jpg\" data-caption-desc=\"Die Galera in der Partg\u00e1s-Fabrik auf der Calle San Carlos No. 816, in der auch die Zigarren der Marke Bol\u00edvar gefertigt werden.\" data-attachment-id=\"2754\" data-type=\"image\" class=\"fg-thumb\"><span class=\"fg-image-wrap\"><img decoding=\"async\" alt=\"The galera at the Partag\u00e1s factory on Calle San Carlos No. 816, where cigars of the Bol\u00edvar brand are also produced.\" width=\"250\" height=\"333\" class=\"skip-lazy fg-image\" data-src-fg=\"https:\/\/origin-of-cigar.com\/wp-content\/uploads\/cache\/2026\/04\/OOC-Bolivar-4-Carlos-4\/2682501676.jpg\" src=\"data:image\/svg+xml,%3Csvg%20xmlns%3D%22http%3A%2F%2Fwww.w3.org%2F2000%2Fsvg%22%20width%3D%22250%22%20height%3D%22333%22%20viewBox%3D%220%200%20250%20333%22%3E%3C%2Fsvg%3E\" loading=\"eager\"><\/span><span class=\"fg-image-overlay\"><\/span><\/a><figcaption class=\"fg-caption\"><div class=\"fg-caption-inner\"><div class=\"fg-caption-desc\">The galera at the Partag\u00e1s factory on Calle San Carlos No. 816, where cigars of the Bol\u00edvar brand are also produced.<\/div><\/div><\/figcaption><\/figure><div class=\"fg-loader\"><\/div><\/div><div class=\"fg-item fg-type-image fg-idle\"><figure class=\"fg-item-inner\"><a href=\"https:\/\/origin-of-cigar.com\/wp-content\/uploads\/2026\/04\/OOC-Bolivar-4-Carlos-5.jpg\" data-caption-desc=\"Diese Bol\u00edvar-Kisten in der Partag\u00e1s-Fabrik auf der Calle San Carlos No. 816 in Havanna warten darauf, mit Zigarren bef\u00fcllt zu werden.\" data-attachment-id=\"2755\" data-type=\"image\" class=\"fg-thumb\"><span class=\"fg-image-wrap\"><img decoding=\"async\" alt=\"These Bol\u00edvar boxes in the Partag\u00e1s factory on Calle San Carlos No. 816 in Havana are waiting to be filled with cigars.\" width=\"250\" height=\"344\" class=\"skip-lazy fg-image\" data-src-fg=\"https:\/\/origin-of-cigar.com\/wp-content\/uploads\/cache\/2026\/04\/OOC-Bolivar-4-Carlos-5\/115558401.jpg\" src=\"data:image\/svg+xml,%3Csvg%20xmlns%3D%22http%3A%2F%2Fwww.w3.org%2F2000%2Fsvg%22%20width%3D%22250%22%20height%3D%22344%22%20viewBox%3D%220%200%20250%20344%22%3E%3C%2Fsvg%3E\" loading=\"eager\"><\/span><span class=\"fg-image-overlay\"><\/span><\/a><figcaption class=\"fg-caption\"><div class=\"fg-caption-inner\"><div class=\"fg-caption-desc\">These Bol\u00edvar boxes in the Partag\u00e1s factory on Calle San Carlos No. 816 in Havana are waiting to be filled with cigars.<\/div><\/div><\/figcaption><\/figure><div class=\"fg-loader\"><\/div><\/div><\/div>\n\n\n\n<div style=\"height:41px\" aria-hidden=\"true\" class=\"wp-block-spacer\"><\/div>\n\n\n\n<p><strong>External website:<\/strong> <a href=\"https:\/\/www.google.com\/search?q=bolivar+geschichte\" target=\"_blank\" rel=\"noopener\">Search Google for Bol\u00edvar history<\/a><\/p>","protected":false},"excerpt":{"rendered":"<p>Fotos Bol\u00edvar Zigarren stehen f\u00fcr intensive Aromen, kr\u00e4ftige Tabakmischungen und eine lange Tradition in Havanna. Ihre Herstellung erfolgt bis heute in der Partag\u00e1s-Manufaktur. Die Verbindung&hellip;<\/p>","protected":false},"author":4,"featured_media":0,"parent":1915,"menu_order":0,"comment_status":"closed","ping_status":"closed","template":"","meta":{"om_disable_all_campaigns":false,"_glsr_average":0,"_glsr_ranking":0,"_glsr_reviews":0,"footnotes":""},"class_list":["post-2773","page","type-page","status-publish","hentry"],"jetpack_sharing_enabled":true,"_links":{"self":[{"href":"https:\/\/origin-of-cigar.com\/en\/wp-json\/wp\/v2\/pages\/2773","targetHints":{"allow":["GET"]}}],"collection":[{"href":"https:\/\/origin-of-cigar.com\/en\/wp-json\/wp\/v2\/pages"}],"about":[{"href":"https:\/\/origin-of-cigar.com\/en\/wp-json\/wp\/v2\/types\/page"}],"author":[{"embeddable":true,"href":"https:\/\/origin-of-cigar.com\/en\/wp-json\/wp\/v2\/users\/4"}],"replies":[{"embeddable":true,"href":"https:\/\/origin-of-cigar.com\/en\/wp-json\/wp\/v2\/comments?post=2773"}],"version-history":[{"count":7,"href":"https:\/\/origin-of-cigar.com\/en\/wp-json\/wp\/v2\/pages\/2773\/revisions"}],"predecessor-version":[{"id":2786,"href":"https:\/\/origin-of-cigar.com\/en\/wp-json\/wp\/v2\/pages\/2773\/revisions\/2786"}],"up":[{"embeddable":true,"href":"https:\/\/origin-of-cigar.com\/en\/wp-json\/wp\/v2\/pages\/1915"}],"wp:attachment":[{"href":"https:\/\/origin-of-cigar.com\/en\/wp-json\/wp\/v2\/media?parent=2773"}],"curies":[{"name":"wp","href":"https:\/\/api.w.org\/{rel}","templated":true}]}}