{"id":2376,"date":"2026-01-15T09:20:57","date_gmt":"2026-01-15T09:20:57","guid":{"rendered":"https:\/\/origin-of-cigar.com\/?page_id=2376"},"modified":"2026-01-15T09:21:00","modified_gmt":"2026-01-15T09:21:00","slug":"photos-trinidad-history","status":"publish","type":"page","link":"https:\/\/origin-of-cigar.com\/en\/fotos-geschichte-kubanischer-zigarrenmarken\/fotos-trinidad-geschichte\/","title":{"rendered":"Photos Trinidad history"},"content":{"rendered":"<h2 class=\"wp-block-heading\">Photos<\/h2>\n\n\n\n<p>La Sant\u00edsima Trinidad with its red tiled roofs, cobbled streets, squares and staircases; El Laguito, the former villa of a sugar baron in Cubanac\u00e1n; and the \u00abFrancisco Donatien\u00bb factory in Pinar del Rio, a building dating from 1868 that was a hospital, prison and probably also an art school. A stamp between city, manufactories and state gifts.<\/p>\n\n\n\n<figure class=\"wp-block-image size-full\"><img loading=\"lazy\" decoding=\"async\" width=\"980\" height=\"1000\" src=\"https:\/\/origin-of-cigar.com\/wp-content\/uploads\/2026\/01\/OOC-Trinidad-0-Logo-1.jpg\" alt=\"The current logo of the Trinidad brand: \u201eTTT\u201c, also known as Triple-T. Photos Trinidad history.\" class=\"wp-image-2361\" srcset=\"https:\/\/origin-of-cigar.com\/wp-content\/uploads\/2026\/01\/OOC-Trinidad-0-Logo-1.jpg 980w, https:\/\/origin-of-cigar.com\/wp-content\/uploads\/2026\/01\/OOC-Trinidad-0-Logo-1-294x300.jpg 294w, https:\/\/origin-of-cigar.com\/wp-content\/uploads\/2026\/01\/OOC-Trinidad-0-Logo-1-768x784.jpg 768w, https:\/\/origin-of-cigar.com\/wp-content\/uploads\/2026\/01\/OOC-Trinidad-0-Logo-1-12x12.jpg 12w, https:\/\/origin-of-cigar.com\/wp-content\/uploads\/2026\/01\/OOC-Trinidad-0-Logo-1-624x637.jpg 624w\" sizes=\"auto, (max-width: 980px) 100vw, 980px\" \/><\/figure>\n\n\n\n<h2 class=\"wp-block-heading\">History<\/h2>\n\n\n\n<p>Trinidad is a \u201echild of the revolution\u201c: officially available since 1969, for a long time only in limited quantities and not freely available, used as a gift for foreign diplomats and politicians. The international launch did not come until 1997 with the Fundadores and a new blend; other formats followed from 2004, and later the Vigia.<\/p>\n\n\n\n<p>\ud83d\udc49 <strong><a href=\"https:\/\/origin-of-cigar.com\/en\/trinidad-history\/\">Read now \ud83d\udc49 <strong>Trinidad history: Why the brand always remained in the shadow of Cohiba<\/strong><\/a><\/strong><\/p>\n\n\n<style type=\"text\/css\">\n#foogallery-gallery-2375.fg-masonry .fg-item { width: 250px; }\n#foogallery-gallery-2375.fg-masonry { --fg-gutter: 10px; }<\/style>\n\t\t\t<div class=\"foogallery foogallery-container foogallery-masonry foogallery-lightbox-foogallery fg-center fg-masonry fg-ready fg-dark fg-border-medium fg-round-small fg-shadow-outline fg-loading-default fg-loaded-fade-in fg-hover-semi-zoomed fg-captions-bottom fg-hover-fade fg-hover-zoom4 fg-fixed\" id=\"foogallery-gallery-2375\" data-foogallery=\"{&quot;item&quot;:{&quot;showCaptionTitle&quot;:true,&quot;showCaptionDescription&quot;:true},&quot;lazy&quot;:true,&quot;template&quot;:{&quot;columnWidth&quot;:250,&quot;gutter&quot;:10}}\" data-foogallery-lightbox=\"{&quot;theme&quot;:&quot;fg-dark&quot;,&quot;thumbs&quot;:&quot;bottom&quot;,&quot;thumbsCaptions&quot;:false,&quot;thumbsBestFit&quot;:false,&quot;thumbsSmall&quot;:false,&quot;thumbsCaptionsAlign&quot;:&quot;default&quot;,&quot;info&quot;:&quot;bottom&quot;,&quot;infoVisible&quot;:true,&quot;infoOverlay&quot;:true,&quot;infoAlign&quot;:&quot;default&quot;,&quot;transition&quot;:&quot;fade&quot;,&quot;hoverButtons&quot;:false,&quot;fitMedia&quot;:false,&quot;noScrollbars&quot;:true,&quot;preserveButtonSpace&quot;:true,&quot;buttons&quot;:{&quot;fullscreen&quot;:true,&quot;info&quot;:true,&quot;thumbs&quot;:false},&quot;video&quot;:{&quot;autoPlay&quot;:true}}\" style=\"--fg-title-line-clamp: 1; --fg-description-line-clamp: 2;\" >\n\t\t<div class=\"fg-item fg-type-image fg-idle\"><figure class=\"fg-item-inner\"><a href=\"https:\/\/origin-of-cigar.com\/wp-content\/uploads\/2026\/01\/OOC-Trinidad-0-Logo-1.jpg\" data-caption-desc=\"Das aktuelle Logo der Marke Trinidad: \u201eTTT\u201c, auch Triple-T genannt\" data-attachment-id=\"2361\" data-type=\"image\" class=\"fg-thumb\"><span class=\"fg-image-wrap\"><img fetchpriority=\"high\" decoding=\"async\" alt=\"The current logo of the Trinidad brand: \u201eTTT\u201c, also known as Triple-T\" width=\"250\" height=\"255\" class=\"skip-lazy fg-image\" data-src-fg=\"https:\/\/origin-of-cigar.com\/wp-content\/uploads\/cache\/2026\/01\/OOC-Trinidad-0-Logo-1\/1762157196.jpg\" src=\"data:image\/svg+xml,%3Csvg%20xmlns%3D%22http%3A%2F%2Fwww.w3.org%2F2000%2Fsvg%22%20width%3D%22250%22%20height%3D%22255%22%20viewBox%3D%220%200%20250%20255%22%3E%3C%2Fsvg%3E\" loading=\"eager\"><\/span><span class=\"fg-image-overlay\"><\/span><\/a><figcaption class=\"fg-caption\"><div class=\"fg-caption-inner\"><div class=\"fg-caption-desc\">The current logo of the Trinidad brand: \u201eTTT\u201c, also known as Triple-T<\/div><\/div><\/figcaption><\/figure><div class=\"fg-loader\"><\/div><\/div><div class=\"fg-item fg-type-image fg-idle\"><figure class=\"fg-item-inner\"><a href=\"https:\/\/origin-of-cigar.com\/wp-content\/uploads\/2026\/01\/OOC-Trinidad-0-Logo-2.jpg\" data-attachment-id=\"2362\" data-type=\"image\" class=\"fg-thumb\"><span class=\"fg-image-wrap\"><img decoding=\"async\" alt=\"The brand&#039;s original logo also consisted of the three \u201eT \u201cs, but two of them were upside down. This logo was used until around 2003, when new formats and a design relaunch were introduced.\" width=\"250\" height=\"308\" class=\"skip-lazy fg-image\" data-src-fg=\"https:\/\/origin-of-cigar.com\/wp-content\/uploads\/cache\/2026\/01\/OOC-Trinidad-0-Logo-2\/1602121685.jpg\" src=\"data:image\/svg+xml,%3Csvg%20xmlns%3D%22http%3A%2F%2Fwww.w3.org%2F2000%2Fsvg%22%20width%3D%22250%22%20height%3D%22308%22%20viewBox%3D%220%200%20250%20308%22%3E%3C%2Fsvg%3E\" loading=\"eager\"><\/span><span class=\"fg-image-overlay\"><\/span><\/a><\/figure><div class=\"fg-loader\"><\/div><\/div><div class=\"fg-item fg-type-image fg-idle\"><figure class=\"fg-item-inner\"><a href=\"https:\/\/origin-of-cigar.com\/wp-content\/uploads\/2026\/01\/OOC-Trinidad-0-Stadt-1.jpg\" data-caption-desc=\"Mit ihren roten Ziegeld\u00e4chern, kopfsteingepflasterten Stra\u00dfen, Pl\u00e4tzen und Treppen ist die Stadt Trinidad einer der gr\u00f6\u00dften historischen Sch\u00e4tze Kubas.\" data-attachment-id=\"2391\" data-type=\"image\" class=\"fg-thumb\"><span class=\"fg-image-wrap\"><img decoding=\"async\" alt=\"With its red-tiled roofs, cobbled streets, squares and stairways, the city of Trinidad is one of Cuba&#039;s greatest historical treasures.\" width=\"250\" height=\"188\" class=\"skip-lazy fg-image\" data-src-fg=\"https:\/\/origin-of-cigar.com\/wp-content\/uploads\/cache\/2026\/01\/OOC-Trinidad-0-Stadt-1\/1557781867.jpg\" src=\"data:image\/svg+xml,%3Csvg%20xmlns%3D%22http%3A%2F%2Fwww.w3.org%2F2000%2Fsvg%22%20width%3D%22250%22%20height%3D%22188%22%20viewBox%3D%220%200%20250%20188%22%3E%3C%2Fsvg%3E\" loading=\"eager\"><\/span><span class=\"fg-image-overlay\"><\/span><\/a><figcaption class=\"fg-caption\"><div class=\"fg-caption-inner\"><div class=\"fg-caption-desc\">With its red-tiled roofs, cobbled streets, squares and stairways, the city of Trinidad is one of Cuba's greatest historical treasures.<\/div><\/div><\/figcaption><\/figure><div class=\"fg-loader\"><\/div><\/div><div class=\"fg-item fg-type-image fg-idle\"><figure class=\"fg-item-inner\"><a href=\"https:\/\/origin-of-cigar.com\/wp-content\/uploads\/2026\/01\/OOC-Trinidad-1-Zigarren-1.jpg\" data-caption-desc=\"Heute zieren die drei \u201eT\u201c auch den Zigarrenring. Fr\u00fcher stand auf den Zigarrenringen einfach der Name: Trinidad.\" data-attachment-id=\"2363\" data-type=\"image\" class=\"fg-thumb\"><span class=\"fg-image-wrap\"><img decoding=\"async\" alt=\"Today, the three \u201eT \u201cs also adorn the cigar ring. In the past, the cigar rings were simply labelled with the name: Trinidad.\" width=\"250\" height=\"166\" class=\"skip-lazy fg-image\" data-src-fg=\"https:\/\/origin-of-cigar.com\/wp-content\/uploads\/cache\/2026\/01\/OOC-Trinidad-1-Zigarren-1\/4084583701.jpg\" src=\"data:image\/svg+xml,%3Csvg%20xmlns%3D%22http%3A%2F%2Fwww.w3.org%2F2000%2Fsvg%22%20width%3D%22250%22%20height%3D%22166%22%20viewBox%3D%220%200%20250%20166%22%3E%3C%2Fsvg%3E\" loading=\"eager\"><\/span><span class=\"fg-image-overlay\"><\/span><\/a><figcaption class=\"fg-caption\"><div class=\"fg-caption-inner\"><div class=\"fg-caption-desc\">Today, the three \u201eT \u201cs also adorn the cigar ring. In the past, the cigar rings were simply labelled with the name: Trinidad.<\/div><\/div><\/figcaption><\/figure><div class=\"fg-loader\"><\/div><\/div><div class=\"fg-item fg-type-image fg-idle\"><figure class=\"fg-item-inner\"><a href=\"https:\/\/origin-of-cigar.com\/wp-content\/uploads\/2026\/01\/OOC-Trinidad-1-Zigarren-2.jpg\" data-caption-desc=\"Besondere Zigarren der Marke Trinidad gab es schon immer f\u00fcr besondere Anl\u00e4sse, hier ein Jubil\u00e4umshumidor zum 55. Geburtstag der Marke 2024.\" data-attachment-id=\"2364\" data-type=\"image\" class=\"fg-thumb\"><span class=\"fg-image-wrap\"><img decoding=\"async\" alt=\"There have always been special cigars from the Trinidad brand for special occasions, here an anniversary humidor for the brand&#039;s 55th birthday in 2024.\" width=\"250\" height=\"383\" class=\"skip-lazy fg-image\" data-src-fg=\"https:\/\/origin-of-cigar.com\/wp-content\/uploads\/cache\/2026\/01\/OOC-Trinidad-1-Zigarren-2\/916290846.jpg\" src=\"data:image\/svg+xml,%3Csvg%20xmlns%3D%22http%3A%2F%2Fwww.w3.org%2F2000%2Fsvg%22%20width%3D%22250%22%20height%3D%22383%22%20viewBox%3D%220%200%20250%20383%22%3E%3C%2Fsvg%3E\" loading=\"eager\"><\/span><span class=\"fg-image-overlay\"><\/span><\/a><figcaption class=\"fg-caption\"><div class=\"fg-caption-inner\"><div class=\"fg-caption-desc\">There have always been special cigars from the Trinidad brand for special occasions, here an anniversary humidor for the brand's 55th birthday in 2024.<\/div><\/div><\/figcaption><\/figure><div class=\"fg-loader\"><\/div><\/div><div class=\"fg-item fg-type-image fg-idle\"><figure class=\"fg-item-inner\"><a href=\"https:\/\/origin-of-cigar.com\/wp-content\/uploads\/2026\/01\/OOC-Trinidad-1-Zigarren-3.jpg\" data-attachment-id=\"2365\" data-type=\"image\" class=\"fg-thumb\"><span class=\"fg-image-wrap\"><img decoding=\"async\" alt=\"It does not necessarily have to be a new format of the Trinidad brand, but for example the degree of ageing: Vintage Trinidad cigars for the 55th anniversary. .\" width=\"250\" height=\"381\" class=\"skip-lazy fg-image\" data-src-fg=\"https:\/\/origin-of-cigar.com\/wp-content\/uploads\/cache\/2026\/01\/OOC-Trinidad-1-Zigarren-3\/765916245.jpg\" src=\"data:image\/svg+xml,%3Csvg%20xmlns%3D%22http%3A%2F%2Fwww.w3.org%2F2000%2Fsvg%22%20width%3D%22250%22%20height%3D%22381%22%20viewBox%3D%220%200%20250%20381%22%3E%3C%2Fsvg%3E\" loading=\"eager\"><\/span><span class=\"fg-image-overlay\"><\/span><\/a><\/figure><div class=\"fg-loader\"><\/div><\/div><div class=\"fg-item fg-type-image fg-idle\"><figure class=\"fg-item-inner\"><a href=\"https:\/\/origin-of-cigar.com\/wp-content\/uploads\/2026\/01\/OOC-Trinidad-2-Laguito-1.jpg\" data-caption-desc=\"Die Trinidad Geschichte beginnt in der ber\u00fchmten Manufaktur El Laguito.\" data-attachment-id=\"2366\" data-type=\"image\" class=\"fg-thumb\"><span class=\"fg-image-wrap\"><img decoding=\"async\" alt=\"The Trinidad story begins in the famous El Laguito factory.\" width=\"250\" height=\"166\" class=\"skip-lazy fg-image\" data-src-fg=\"https:\/\/origin-of-cigar.com\/wp-content\/uploads\/cache\/2026\/01\/OOC-Trinidad-2-Laguito-1\/3204904852.jpg\" src=\"data:image\/svg+xml,%3Csvg%20xmlns%3D%22http%3A%2F%2Fwww.w3.org%2F2000%2Fsvg%22%20width%3D%22250%22%20height%3D%22166%22%20viewBox%3D%220%200%20250%20166%22%3E%3C%2Fsvg%3E\" loading=\"eager\"><\/span><span class=\"fg-image-overlay\"><\/span><\/a><figcaption class=\"fg-caption\"><div class=\"fg-caption-inner\"><div class=\"fg-caption-desc\">The Trinidad story begins in the famous El Laguito factory.<\/div><\/div><\/figcaption><\/figure><div class=\"fg-loader\"><\/div><\/div><div class=\"fg-item fg-type-image fg-idle\"><figure class=\"fg-item-inner\"><a href=\"https:\/\/origin-of-cigar.com\/wp-content\/uploads\/2026\/01\/OOC-Trinidad-2-Laguito-2.jpg\" data-caption-desc=\"In der Cohiba-Manufaktur El Laguito ist man auf die Fertigung langer schlanker Formate spezialisiert, damals wie heute, so auch f\u00fcr die erste Trinidad-Zigarre, die seit 1969 gefertigt wurde.\" data-attachment-id=\"2367\" data-type=\"image\" class=\"fg-thumb\"><span class=\"fg-image-wrap\"><img decoding=\"async\" alt=\"The Cohiba manufactory El Laguito specialises in the production of long, slim formats, then as now, including the first Trinidad cigar, which has been produced since 1969.\" width=\"250\" height=\"310\" class=\"skip-lazy fg-image\" data-src-fg=\"https:\/\/origin-of-cigar.com\/wp-content\/uploads\/cache\/2026\/01\/OOC-Trinidad-2-Laguito-2\/2916273046.jpg\" src=\"data:image\/svg+xml,%3Csvg%20xmlns%3D%22http%3A%2F%2Fwww.w3.org%2F2000%2Fsvg%22%20width%3D%22250%22%20height%3D%22310%22%20viewBox%3D%220%200%20250%20310%22%3E%3C%2Fsvg%3E\" loading=\"eager\"><\/span><span class=\"fg-image-overlay\"><\/span><\/a><figcaption class=\"fg-caption\"><div class=\"fg-caption-inner\"><div class=\"fg-caption-desc\">The Cohiba manufactory El Laguito specialises in the production of long, slim formats, then as now, including the first Trinidad cigar, which has been produced since 1969.<\/div><\/div><\/figcaption><\/figure><div class=\"fg-loader\"><\/div><\/div><div class=\"fg-item fg-type-image fg-idle\"><figure class=\"fg-item-inner\"><a href=\"https:\/\/origin-of-cigar.com\/wp-content\/uploads\/2026\/01\/OOC-Trinidad-2-Laguito-3.jpg\" data-caption-desc=\"Fluch und\/oder Segen? Die Trinidad steht auch heute noch im Schatten ihrer \u201egro\u00dfen Schwester\u201c, ist aber auch weltweit bekannt und erfreut ihre Liebhaber.\" data-attachment-id=\"2368\" data-type=\"image\" class=\"fg-thumb\"><span class=\"fg-image-wrap\"><img decoding=\"async\" alt=\"A curse and\/or a blessing? The Trinidad still stands in the shadow of its \u201ebig sister\u201c today, but is also known worldwide and delights its lovers.\" width=\"250\" height=\"333\" class=\"skip-lazy fg-image\" data-src-fg=\"https:\/\/origin-of-cigar.com\/wp-content\/uploads\/cache\/2026\/01\/OOC-Trinidad-2-Laguito-3\/1004842659.jpg\" src=\"data:image\/svg+xml,%3Csvg%20xmlns%3D%22http%3A%2F%2Fwww.w3.org%2F2000%2Fsvg%22%20width%3D%22250%22%20height%3D%22333%22%20viewBox%3D%220%200%20250%20333%22%3E%3C%2Fsvg%3E\" loading=\"eager\"><\/span><span class=\"fg-image-overlay\"><\/span><\/a><figcaption class=\"fg-caption\"><div class=\"fg-caption-inner\"><div class=\"fg-caption-desc\">A curse and\/or a blessing? The Trinidad still stands in the shadow of its \u201ebig sister\u201c today, but is also known worldwide and delights its lovers.<\/div><\/div><\/figcaption><\/figure><div class=\"fg-loader\"><\/div><\/div><div class=\"fg-item fg-type-image fg-idle\"><figure class=\"fg-item-inner\"><a href=\"https:\/\/origin-of-cigar.com\/wp-content\/uploads\/2026\/01\/OOC-Trinidad-2-Laguito-4.jpg\" data-caption-desc=\"Lange und schlanke Formate sind ein wenig aus der Mode gekommen, jedoch stehen die Marken Trinidad und Cohiba in ihrem Ursprung gerade f\u00fcr diese. So auch die erste Trinidad mit einer L\u00e4nge von 192 mm und einem 38er Ringma\u00df.\" data-attachment-id=\"2369\" data-type=\"image\" class=\"fg-thumb\"><span class=\"fg-image-wrap\"><img decoding=\"async\" alt=\"Long and slim formats have gone a little out of fashion, but the Trinidad and Cohiba brands originally stood for them. This also applies to the first Trinidad with a length of 192 mm and a 38 ring gauge.\" width=\"250\" height=\"333\" class=\"skip-lazy fg-image\" data-src-fg=\"https:\/\/origin-of-cigar.com\/wp-content\/uploads\/cache\/2026\/01\/OOC-Trinidad-2-Laguito-4\/2910493787.jpg\" src=\"data:image\/svg+xml,%3Csvg%20xmlns%3D%22http%3A%2F%2Fwww.w3.org%2F2000%2Fsvg%22%20width%3D%22250%22%20height%3D%22333%22%20viewBox%3D%220%200%20250%20333%22%3E%3C%2Fsvg%3E\" loading=\"eager\"><\/span><span class=\"fg-image-overlay\"><\/span><\/a><figcaption class=\"fg-caption\"><div class=\"fg-caption-inner\"><div class=\"fg-caption-desc\">Long and slim formats have gone a little out of fashion, but the Trinidad and Cohiba brands originally stood for them. This also applies to the first Trinidad with a length of 192 mm and a 38 ring gauge.<\/div><\/div><\/figcaption><\/figure><div class=\"fg-loader\"><\/div><\/div><div class=\"fg-item fg-type-image fg-idle\"><figure class=\"fg-item-inner\"><a href=\"https:\/\/origin-of-cigar.com\/wp-content\/uploads\/2026\/01\/OOC-Trinidad-3-Donatien-1.jpg\" data-caption-desc=\"Die heutige Trinidad-Manufaktur in Pinar del Rio, im Herzen der Tabakplantagen.\" data-attachment-id=\"2370\" data-type=\"image\" class=\"fg-thumb\"><span class=\"fg-image-wrap\"><img decoding=\"async\" alt=\"Today&#039;s Trinidad factory in Pinar del Rio, in the heart of the tobacco plantations.\" width=\"250\" height=\"167\" class=\"skip-lazy fg-image\" data-src-fg=\"https:\/\/origin-of-cigar.com\/wp-content\/uploads\/cache\/2026\/01\/OOC-Trinidad-3-Donatien-1\/2090166599.jpg\" src=\"data:image\/svg+xml,%3Csvg%20xmlns%3D%22http%3A%2F%2Fwww.w3.org%2F2000%2Fsvg%22%20width%3D%22250%22%20height%3D%22167%22%20viewBox%3D%220%200%20250%20167%22%3E%3C%2Fsvg%3E\" loading=\"eager\"><\/span><span class=\"fg-image-overlay\"><\/span><\/a><figcaption class=\"fg-caption\"><div class=\"fg-caption-inner\"><div class=\"fg-caption-desc\">Today's Trinidad factory in Pinar del Rio, in the heart of the tobacco plantations.<\/div><\/div><\/figcaption><\/figure><div class=\"fg-loader\"><\/div><\/div><div class=\"fg-item fg-type-image fg-idle\"><figure class=\"fg-item-inner\"><a href=\"https:\/\/origin-of-cigar.com\/wp-content\/uploads\/2026\/01\/OOC-Trinidad-3-Donatien-2.jpg\" data-caption-desc=\"Der offizielle Name der Trinidad-Manufaktur ist \u201eFabrica de Tabacos Francisco Donatien\u201c. Hier werden auch die Zigarren der Marke Vegueros gefertigt.\" data-attachment-id=\"2371\" data-type=\"image\" class=\"fg-thumb\"><span class=\"fg-image-wrap\"><img decoding=\"async\" alt=\"The official name of the Trinidad factory is \u201eFabrica de Tabacos Francisco Donatien\u201c. This is also where the Vegueros brand cigars are made.\" width=\"250\" height=\"188\" class=\"skip-lazy fg-image\" data-src-fg=\"https:\/\/origin-of-cigar.com\/wp-content\/uploads\/cache\/2026\/01\/OOC-Trinidad-3-Donatien-2\/629925745.jpg\" src=\"data:image\/svg+xml,%3Csvg%20xmlns%3D%22http%3A%2F%2Fwww.w3.org%2F2000%2Fsvg%22%20width%3D%22250%22%20height%3D%22188%22%20viewBox%3D%220%200%20250%20188%22%3E%3C%2Fsvg%3E\" loading=\"eager\"><\/span><span class=\"fg-image-overlay\"><\/span><\/a><figcaption class=\"fg-caption\"><div class=\"fg-caption-inner\"><div class=\"fg-caption-desc\">The official name of the Trinidad factory is \u201eFabrica de Tabacos Francisco Donatien\u201c. This is also where the Vegueros brand cigars are made.<\/div><\/div><\/figcaption><\/figure><div class=\"fg-loader\"><\/div><\/div><div class=\"fg-item fg-type-image fg-idle\"><figure class=\"fg-item-inner\"><a href=\"https:\/\/origin-of-cigar.com\/wp-content\/uploads\/2026\/01\/OOC-Trinidad-3-Donatien-3.jpg\" data-caption-desc=\"Das Geb\u00e4ude der heutigen Trinidad-Manufaktur mitten in der Stadt war urspr\u00fcnglich ein Hospital, sp\u00e4ter ein Gef\u00e4ngnis. F\u00fcr kurze Zeit soll es auch eine Kunstschule beherbergt haben.\" data-attachment-id=\"2372\" data-type=\"image\" class=\"fg-thumb\"><span class=\"fg-image-wrap\"><img decoding=\"async\" alt=\"The building that now houses the Trinidad Manufactory in the centre of the city was originally a hospital and later a prison. For a short time, it is also said to have housed an art school.\" width=\"250\" height=\"188\" class=\"skip-lazy fg-image\" data-src-fg=\"https:\/\/origin-of-cigar.com\/wp-content\/uploads\/cache\/2026\/01\/OOC-Trinidad-3-Donatien-3\/1256356817.jpg\" src=\"data:image\/svg+xml,%3Csvg%20xmlns%3D%22http%3A%2F%2Fwww.w3.org%2F2000%2Fsvg%22%20width%3D%22250%22%20height%3D%22188%22%20viewBox%3D%220%200%20250%20188%22%3E%3C%2Fsvg%3E\" loading=\"eager\"><\/span><span class=\"fg-image-overlay\"><\/span><\/a><figcaption class=\"fg-caption\"><div class=\"fg-caption-inner\"><div class=\"fg-caption-desc\">The building that now houses the Trinidad Manufactory in the centre of the city was originally a hospital and later a prison. For a short time, it is also said to have housed an art school.<\/div><\/div><\/figcaption><\/figure><div class=\"fg-loader\"><\/div><\/div><div class=\"fg-item fg-type-image fg-idle\"><figure class=\"fg-item-inner\"><a href=\"https:\/\/origin-of-cigar.com\/wp-content\/uploads\/2026\/01\/OOC-Trinidad-3-Donatien-4.jpg\" data-caption-desc=\"Die Galera in der Trinidad-Manufaktur in Pinar del Rio.\" data-attachment-id=\"2373\" data-type=\"image\" class=\"fg-thumb\"><span class=\"fg-image-wrap\"><img decoding=\"async\" alt=\"The Galera in the Trinidad factory in Pinar del Rio.\" width=\"250\" height=\"161\" class=\"skip-lazy fg-image\" data-src-fg=\"https:\/\/origin-of-cigar.com\/wp-content\/uploads\/cache\/2026\/01\/OOC-Trinidad-3-Donatien-4\/2545351453.jpg\" src=\"data:image\/svg+xml,%3Csvg%20xmlns%3D%22http%3A%2F%2Fwww.w3.org%2F2000%2Fsvg%22%20width%3D%22250%22%20height%3D%22161%22%20viewBox%3D%220%200%20250%20161%22%3E%3C%2Fsvg%3E\" loading=\"eager\"><\/span><span class=\"fg-image-overlay\"><\/span><\/a><figcaption class=\"fg-caption\"><div class=\"fg-caption-inner\"><div class=\"fg-caption-desc\">The Galera in the Trinidad factory in Pinar del Rio.<\/div><\/div><\/figcaption><\/figure><div class=\"fg-loader\"><\/div><\/div><div class=\"fg-item fg-type-image fg-idle\"><figure class=\"fg-item-inner\"><a href=\"https:\/\/origin-of-cigar.com\/wp-content\/uploads\/2026\/01\/OOC-Trinidad-3-Donatien-5.jpg\" data-caption-desc=\"Die Torcedores beherrschen auch heute noch die Herstellung langer und schlanker Formate wie die Trinidad Fumadores und genie\u00dfen diese auch, wie man hier sehen kann.\" data-attachment-id=\"2374\" data-type=\"image\" class=\"fg-thumb\"><span class=\"fg-image-wrap\"><img decoding=\"async\" alt=\"The torcedores still master the production of long and slender formats such as the Trinidad Fumadores and enjoy them, as you can see here.\" width=\"250\" height=\"375\" class=\"skip-lazy fg-image\" data-src-fg=\"https:\/\/origin-of-cigar.com\/wp-content\/uploads\/cache\/2026\/01\/OOC-Trinidad-3-Donatien-5\/276515947.jpg\" src=\"data:image\/svg+xml,%3Csvg%20xmlns%3D%22http%3A%2F%2Fwww.w3.org%2F2000%2Fsvg%22%20width%3D%22250%22%20height%3D%22375%22%20viewBox%3D%220%200%20250%20375%22%3E%3C%2Fsvg%3E\" loading=\"eager\"><\/span><span class=\"fg-image-overlay\"><\/span><\/a><figcaption class=\"fg-caption\"><div class=\"fg-caption-inner\"><div class=\"fg-caption-desc\">The torcedores still master the production of long and slender formats such as the Trinidad Fumadores and enjoy them, as you can see here.<\/div><\/div><\/figcaption><\/figure><div class=\"fg-loader\"><\/div><\/div><\/div>\n\n\n\n<div style=\"height:41px\" aria-hidden=\"true\" class=\"wp-block-spacer\"><\/div>\n\n\n\n<p>\ud83d\udc49 <strong><a href=\"https:\/\/origin-of-cigar.com\/en\/trinidad-history\/\">Read now \ud83d\udc49 <strong>Trinidad history: Why the brand always remained in the shadow of Cohiba<\/strong><\/a><\/strong><\/p>\n\n\n\n<p><strong>External website:<\/strong> <a href=\"https:\/\/de.wikipedia.org\/wiki\/Trinidad_(Zigarre)\" target=\"_blank\" rel=\"noreferrer noopener\">Trinidad cigar brand, information on Wikipedia<\/a><\/p>","protected":false},"excerpt":{"rendered":"<p>Fotos La Sant\u00edsima Trinidad mit roten Ziegeld\u00e4chern, kopfsteingepflasterten Stra\u00dfen, Pl\u00e4tzen und Treppen; El Laguito als ehemalige Villa eines Zuckerbarons in Cubanac\u00e1n; und die Manufaktur \u00abFrancisco&hellip;<\/p>","protected":false},"author":2,"featured_media":0,"parent":1915,"menu_order":0,"comment_status":"closed","ping_status":"closed","template":"","meta":{"om_disable_all_campaigns":false,"_glsr_average":0,"_glsr_ranking":0,"_glsr_reviews":0,"footnotes":""},"class_list":["post-2376","page","type-page","status-publish","hentry"],"jetpack_sharing_enabled":true,"_links":{"self":[{"href":"https:\/\/origin-of-cigar.com\/en\/wp-json\/wp\/v2\/pages\/2376","targetHints":{"allow":["GET"]}}],"collection":[{"href":"https:\/\/origin-of-cigar.com\/en\/wp-json\/wp\/v2\/pages"}],"about":[{"href":"https:\/\/origin-of-cigar.com\/en\/wp-json\/wp\/v2\/types\/page"}],"author":[{"embeddable":true,"href":"https:\/\/origin-of-cigar.com\/en\/wp-json\/wp\/v2\/users\/2"}],"replies":[{"embeddable":true,"href":"https:\/\/origin-of-cigar.com\/en\/wp-json\/wp\/v2\/comments?post=2376"}],"version-history":[{"count":6,"href":"https:\/\/origin-of-cigar.com\/en\/wp-json\/wp\/v2\/pages\/2376\/revisions"}],"predecessor-version":[{"id":2387,"href":"https:\/\/origin-of-cigar.com\/en\/wp-json\/wp\/v2\/pages\/2376\/revisions\/2387"}],"up":[{"embeddable":true,"href":"https:\/\/origin-of-cigar.com\/en\/wp-json\/wp\/v2\/pages\/1915"}],"wp:attachment":[{"href":"https:\/\/origin-of-cigar.com\/en\/wp-json\/wp\/v2\/media?parent=2376"}],"curies":[{"name":"wp","href":"https:\/\/api.w.org\/{rel}","templated":true}]}}