{"id":2093,"date":"2025-12-12T14:22:51","date_gmt":"2025-12-12T14:22:51","guid":{"rendered":"https:\/\/origin-of-cigar.com\/?page_id=2093"},"modified":"2025-12-22T08:29:27","modified_gmt":"2025-12-22T08:29:27","slug":"photos-el-rey-del-mundo-history","status":"publish","type":"page","link":"https:\/\/origin-of-cigar.com\/en\/fotos-geschichte-kubanischer-zigarrenmarken\/fotos-el-rey-del-mundo-geschichte\/","title":{"rendered":"Photos El Rey del Mundo history"},"content":{"rendered":"<h2 class=\"wp-block-heading\">Photos<\/h2>\n\n\n\n<p>The El Rey del Mundo photos show places and eras that have shaped El Rey del Mundo: early factories such as Calle Gervasio and Belascoain, brand owners over generations and the historic production sites from La Meridiana to Carlos Bali\u00f1o. A visual tour through over 150 years of brand tradition.\u00a0<\/p>\n\n\n\n<figure class=\"wp-block-image size-full\"><img loading=\"lazy\" decoding=\"async\" width=\"1000\" height=\"691\" src=\"https:\/\/origin-of-cigar.com\/wp-content\/uploads\/2025\/12\/OOC-El-Rey-del-Mundo-0-Logo-2.jpg\" alt=\"The Vista of the El Rey del Mundo brand, an image with many details: a king whose chariot is pulled by a horse, an elephant, a dromedary (camel), ??? and a sheep. Of course, the gold medals won are also included. Photos El Rey del Mundo.\" class=\"wp-image-2075\" srcset=\"https:\/\/origin-of-cigar.com\/wp-content\/uploads\/2025\/12\/OOC-El-Rey-del-Mundo-0-Logo-2.jpg 1000w, https:\/\/origin-of-cigar.com\/wp-content\/uploads\/2025\/12\/OOC-El-Rey-del-Mundo-0-Logo-2-300x207.jpg 300w, https:\/\/origin-of-cigar.com\/wp-content\/uploads\/2025\/12\/OOC-El-Rey-del-Mundo-0-Logo-2-768x531.jpg 768w, https:\/\/origin-of-cigar.com\/wp-content\/uploads\/2025\/12\/OOC-El-Rey-del-Mundo-0-Logo-2-18x12.jpg 18w, https:\/\/origin-of-cigar.com\/wp-content\/uploads\/2025\/12\/OOC-El-Rey-del-Mundo-0-Logo-2-624x431.jpg 624w\" sizes=\"auto, (max-width: 1000px) 100vw, 1000px\" \/><\/figure>\n\n\n\n<h2 class=\"wp-block-heading\">History El Rey del Mundo<\/h2>\n\n\n\n<p>El Rey del Mundo is one of the oldest Habanos brands still in existence. Having changed hands several times since 1848, it has always remained successful and has been produced in some of Havana's most important factories. To this day, it remains a highly regarded brand among connoisseurs.\u00a0<\/p>\n\n\n\n<p>\ud83d\udc49 <strong><a href=\"https:\/\/origin-of-cigar.com\/en\/el-rey-del-mundo-history\/\">Read now \ud83d\udc49 El Rey del Mundo history - The fascinating masterpiece brand of the 19th century<\/a><\/strong><\/p>\n\n\n<style type=\"text\/css\">\n#foogallery-gallery-2092.fg-masonry .fg-item { width: 250px; }\n#foogallery-gallery-2092.fg-masonry { --fg-gutter: 10px; }<\/style>\n\t\t\t<div class=\"foogallery foogallery-container foogallery-masonry foogallery-lightbox-foogallery fg-center fg-masonry fg-ready fg-dark fg-border-medium fg-round-small fg-shadow-outline fg-loading-default fg-loaded-fade-in fg-hover-semi-zoomed fg-captions-bottom fg-hover-fade fg-hover-zoom4 fg-fixed\" id=\"foogallery-gallery-2092\" data-foogallery=\"{&quot;item&quot;:{&quot;showCaptionTitle&quot;:true,&quot;showCaptionDescription&quot;:true},&quot;lazy&quot;:true,&quot;template&quot;:{&quot;columnWidth&quot;:250,&quot;gutter&quot;:10}}\" data-foogallery-lightbox=\"{&quot;theme&quot;:&quot;fg-dark&quot;,&quot;thumbs&quot;:&quot;bottom&quot;,&quot;thumbsCaptions&quot;:false,&quot;thumbsBestFit&quot;:false,&quot;thumbsSmall&quot;:false,&quot;thumbsCaptionsAlign&quot;:&quot;default&quot;,&quot;info&quot;:&quot;bottom&quot;,&quot;infoVisible&quot;:true,&quot;infoOverlay&quot;:true,&quot;infoAlign&quot;:&quot;default&quot;,&quot;transition&quot;:&quot;fade&quot;,&quot;hoverButtons&quot;:false,&quot;fitMedia&quot;:false,&quot;noScrollbars&quot;:true,&quot;preserveButtonSpace&quot;:true,&quot;buttons&quot;:{&quot;fullscreen&quot;:true,&quot;info&quot;:true,&quot;thumbs&quot;:false},&quot;video&quot;:{&quot;autoPlay&quot;:true}}\" style=\"--fg-title-line-clamp: 1; --fg-description-line-clamp: 2;\" >\n\t\t<div class=\"fg-item fg-type-image fg-idle\"><figure class=\"fg-item-inner\"><a href=\"https:\/\/origin-of-cigar.com\/wp-content\/uploads\/2025\/12\/OOC-El-Rey-del-Mundo-0-Logo-1.jpg\" data-caption-desc=\"El Rey del Mundo \u2013 Der K\u00f6nig der Welt. Ein wundervoller Name f\u00fcr eine Zigarrenmarke. Die Initialen A y H. (in der Mitte des Logos) lassen sich keinem der zahlreichen Besitzer der Marke zuordnen.\" data-attachment-id=\"2074\" data-type=\"image\" class=\"fg-thumb\"><span class=\"fg-image-wrap\"><img decoding=\"async\" alt=\"El Rey del Mundo - The King of the World. A wonderful name for a cigar brand. The initials A y H. (in the centre of the logo) cannot be assigned to any of the brand&#039;s numerous owners.\" width=\"250\" height=\"192\" class=\"skip-lazy fg-image\" data-src-fg=\"https:\/\/origin-of-cigar.com\/wp-content\/uploads\/cache\/2025\/12\/OOC-El-Rey-del-Mundo-0-Logo-1\/3855688147.jpg\" src=\"data:image\/svg+xml,%3Csvg%20xmlns%3D%22http%3A%2F%2Fwww.w3.org%2F2000%2Fsvg%22%20width%3D%22250%22%20height%3D%22192%22%20viewBox%3D%220%200%20250%20192%22%3E%3C%2Fsvg%3E\" loading=\"eager\"><\/span><span class=\"fg-image-overlay\"><\/span><\/a><figcaption class=\"fg-caption\"><div class=\"fg-caption-inner\"><div class=\"fg-caption-desc\">El Rey del Mundo - The King of the World. A wonderful name for a cigar brand. The initials A y H. (in the centre of the logo) cannot be assigned to any of the brand's numerous owners.<\/div><\/div><\/figcaption><\/figure><div class=\"fg-loader\"><\/div><\/div><div class=\"fg-item fg-type-image fg-idle\"><figure class=\"fg-item-inner\"><a href=\"https:\/\/origin-of-cigar.com\/wp-content\/uploads\/2025\/12\/OOC-El-Rey-del-Mundo-0-Logo-2.jpg\" data-caption-desc=\"Die Vista der Marke El Rey del Mundo, ein Bild mit vielen Details: ein K\u00f6nig, dessen Wagen von einem Pferd, einem Elefanten, einem Dromedar (Kamel), ??? und einem Schaf gezogen wird. Gewonnene Goldmedaillen d\u00fcrfen nat\u00fcrlich auch nicht fehlen.\" data-attachment-id=\"2075\" data-type=\"image\" class=\"fg-thumb\"><span class=\"fg-image-wrap\"><img decoding=\"async\" alt=\"The Vista of the El Rey del Mundo brand, an image with many details: a king whose chariot is pulled by a horse, an elephant, a dromedary (camel), ??? and a sheep. Of course, the gold medals won are also included.\" width=\"250\" height=\"173\" class=\"skip-lazy fg-image\" data-src-fg=\"https:\/\/origin-of-cigar.com\/wp-content\/uploads\/cache\/2025\/12\/OOC-El-Rey-del-Mundo-0-Logo-2\/3839734712.jpg\" src=\"data:image\/svg+xml,%3Csvg%20xmlns%3D%22http%3A%2F%2Fwww.w3.org%2F2000%2Fsvg%22%20width%3D%22250%22%20height%3D%22173%22%20viewBox%3D%220%200%20250%20173%22%3E%3C%2Fsvg%3E\" loading=\"eager\"><\/span><span class=\"fg-image-overlay\"><\/span><\/a><figcaption class=\"fg-caption\"><div class=\"fg-caption-inner\"><div class=\"fg-caption-desc\">The Vista of the El Rey del Mundo brand, an image with many details: a king whose chariot is pulled by a horse, an elephant, a dromedary (camel), ??? and a sheep. Of course, the gold medals won are also included.<\/div><\/div><\/figcaption><\/figure><div class=\"fg-loader\"><\/div><\/div><div class=\"fg-item fg-type-image fg-idle\"><figure class=\"fg-item-inner\"><a href=\"https:\/\/origin-of-cigar.com\/wp-content\/uploads\/2025\/12\/OOC-El-Rey-del-Mundo-1-Zigarre-1.jpg\" data-caption-desc=\"Aktuell geh\u00f6ren zum Standardportfolio der Marke El Rey del Mundo nur zwei Zigarren: die Choix Supreme und die Demi Tasse. F\u00fcr die La Casa del Habano gibt es exklusiv einige weitere Formate.\" data-attachment-id=\"2076\" data-type=\"image\" class=\"fg-thumb\"><span class=\"fg-image-wrap\"><img decoding=\"async\" alt=\"The standard portfolio of the El Rey del Mundo brand currently only includes two cigars: the Choix Supreme and the Demi Tasse. For La Casa del Habano, there are several other exclusive formats.\" width=\"250\" height=\"76\" class=\"skip-lazy fg-image\" data-src-fg=\"https:\/\/origin-of-cigar.com\/wp-content\/uploads\/cache\/2025\/12\/OOC-El-Rey-del-Mundo-1-Zigarre-1\/3793578161.jpg\" src=\"data:image\/svg+xml,%3Csvg%20xmlns%3D%22http%3A%2F%2Fwww.w3.org%2F2000%2Fsvg%22%20width%3D%22250%22%20height%3D%2276%22%20viewBox%3D%220%200%20250%2076%22%3E%3C%2Fsvg%3E\" loading=\"eager\"><\/span><span class=\"fg-image-overlay\"><\/span><\/a><figcaption class=\"fg-caption\"><div class=\"fg-caption-inner\"><div class=\"fg-caption-desc\">The standard portfolio of the El Rey del Mundo brand currently only includes two cigars: the Choix Supreme and the Demi Tasse. For La Casa del Habano, there are several other exclusive formats.<\/div><\/div><\/figcaption><\/figure><div class=\"fg-loader\"><\/div><\/div><div class=\"fg-item fg-type-image fg-idle\"><figure class=\"fg-item-inner\"><a href=\"https:\/\/origin-of-cigar.com\/wp-content\/uploads\/2025\/12\/OOC-El-Rey-del-Mundo-2-Gervasio-1.jpg\" data-caption-desc=\"Fabriken, in denen die Zigarren der Marke El Rey del Mundo hergestellt wurden Nr.1\/6 (1848-1899): Calle Gervasio No. 27 in Havannas Stadtteil Centro Habana.  Wahrscheinlich eine kleine Fabrik, wie es um 1840\/1850 noch \u00fcblich war.\" data-attachment-id=\"2077\" data-type=\"image\" class=\"fg-thumb\"><span class=\"fg-image-wrap\"><img decoding=\"async\" alt=\"Factories where El Rey del Mundo brand cigars were made No. 1\/6 (1848-1899): Calle Gervasio No. 27 in Havana&#039;s Centro Habana district. Probably a small factory, as was common around 1840\/1850.\" width=\"250\" height=\"188\" class=\"skip-lazy fg-image\" data-src-fg=\"https:\/\/origin-of-cigar.com\/wp-content\/uploads\/cache\/2025\/12\/OOC-El-Rey-del-Mundo-2-Gervasio-1\/301618551.jpg\" src=\"data:image\/svg+xml,%3Csvg%20xmlns%3D%22http%3A%2F%2Fwww.w3.org%2F2000%2Fsvg%22%20width%3D%22250%22%20height%3D%22188%22%20viewBox%3D%220%200%20250%20188%22%3E%3C%2Fsvg%3E\" loading=\"eager\"><\/span><span class=\"fg-image-overlay\"><\/span><\/a><figcaption class=\"fg-caption\"><div class=\"fg-caption-inner\"><div class=\"fg-caption-desc\">Factories where El Rey del Mundo brand cigars were made No. 1\/6 (1848-1899): Calle Gervasio No. 27 in Havana's Centro Habana district.  Probably a small factory, as was common around 1840\/1850.<\/div><\/div><\/figcaption><\/figure><div class=\"fg-loader\"><\/div><\/div><div class=\"fg-item fg-type-image fg-idle\"><figure class=\"fg-item-inner\"><a href=\"https:\/\/origin-of-cigar.com\/wp-content\/uploads\/2025\/12\/OOC-El-Rey-del-Mundo-3-Bela-1.jpg\" data-caption-desc=\"Fabriken, in denen die Zigarren der Marke El Rey del Mundo hergestellt wurden Nr.2\/6 (1899-1905): Calle Belascoain (heute Padre Varela) No.2A, die Fabrik von Florentin Mantilla. Ab 1905 war dieses Haus offiziell die Romeo y Julieta-Manufaktur des Don Pepin.\" data-attachment-id=\"2078\" data-type=\"image\" class=\"fg-thumb\"><span class=\"fg-image-wrap\"><img decoding=\"async\" alt=\"Factories where El Rey del Mundo brand cigars were made No.2\/6 (1899-1905): Calle Belascoain (today Padre Varela) No.2A, the factory of Florentin Mantilla. From 1905 this house was officially the Romeo y Julieta factory of Don Pepin.\" width=\"250\" height=\"166\" class=\"skip-lazy fg-image\" data-src-fg=\"https:\/\/origin-of-cigar.com\/wp-content\/uploads\/cache\/2025\/12\/OOC-El-Rey-del-Mundo-3-Bela-1\/758316457.jpg\" src=\"data:image\/svg+xml,%3Csvg%20xmlns%3D%22http%3A%2F%2Fwww.w3.org%2F2000%2Fsvg%22%20width%3D%22250%22%20height%3D%22166%22%20viewBox%3D%220%200%20250%20166%22%3E%3C%2Fsvg%3E\" loading=\"eager\"><\/span><span class=\"fg-image-overlay\"><\/span><\/a><figcaption class=\"fg-caption\"><div class=\"fg-caption-inner\"><div class=\"fg-caption-desc\">Factories where El Rey del Mundo brand cigars were made No.2\/6 (1899-1905): Calle Belascoain (today Padre Varela) No.2A, the factory of Florentin Mantilla. From 1905 this house was officially the Romeo y Julieta factory of Don Pepin.<\/div><\/div><\/figcaption><\/figure><div class=\"fg-loader\"><\/div><\/div><div class=\"fg-item fg-type-image fg-idle\"><figure class=\"fg-item-inner\"><a href=\"https:\/\/origin-of-cigar.com\/wp-content\/uploads\/2025\/12\/OOC-El-Rey-del-Mundo-3-Bela-2.jpg\" data-caption-desc=\"In dieser Fabrik auf der Calle Belascoain No.2A wurden von 1899 bis 1905 die El Rey del Mundo-Zigarren gefertigt.\" data-attachment-id=\"2079\" data-type=\"image\" class=\"fg-thumb\"><span class=\"fg-image-wrap\"><img decoding=\"async\" alt=\"El Rey del Mundo cigars were made in this factory on Calle Belascoain No. 2A from 1899 to 1905.\" width=\"250\" height=\"166\" class=\"skip-lazy fg-image\" data-src-fg=\"https:\/\/origin-of-cigar.com\/wp-content\/uploads\/cache\/2025\/12\/OOC-El-Rey-del-Mundo-3-Bela-2\/742289346.jpg\" src=\"data:image\/svg+xml,%3Csvg%20xmlns%3D%22http%3A%2F%2Fwww.w3.org%2F2000%2Fsvg%22%20width%3D%22250%22%20height%3D%22166%22%20viewBox%3D%220%200%20250%20166%22%3E%3C%2Fsvg%3E\" loading=\"eager\"><\/span><span class=\"fg-image-overlay\"><\/span><\/a><figcaption class=\"fg-caption\"><div class=\"fg-caption-inner\"><div class=\"fg-caption-desc\">El Rey del Mundo cigars were made in this factory on Calle Belascoain No. 2A from 1899 to 1905.<\/div><\/div><\/figcaption><\/figure><div class=\"fg-loader\"><\/div><\/div><div class=\"fg-item fg-type-image fg-idle\"><figure class=\"fg-item-inner\"><a href=\"https:\/\/origin-of-cigar.com\/wp-content\/uploads\/2025\/12\/OOC-El-Rey-del-Mundo-4-Meridiana-1.jpg\" data-caption-desc=\"Fabriken, in denen die Zigarren der Marke El Rey del Mundo hergestellt wurden Nr.3\/6 (1910-1935): die Fabrica de Tabacos El Rey del Mundo auf der Calle Agramonte No.44 unter der Leitung der Diaz Hermanos y Cia.\" data-attachment-id=\"2080\" data-type=\"image\" class=\"fg-thumb\"><span class=\"fg-image-wrap\"><img decoding=\"async\" alt=\"Factories where El Rey del Mundo brand cigars were made No.3\/6 (1910-1935): the Fabrica de Tabacos El Rey del Mundo on Calle Agramonte No.44 under the management of Diaz Hermanos y Cia.\" width=\"250\" height=\"161\" class=\"skip-lazy fg-image\" data-src-fg=\"https:\/\/origin-of-cigar.com\/wp-content\/uploads\/cache\/2025\/12\/OOC-El-Rey-del-Mundo-4-Meridiana-1\/3872421373.jpg\" src=\"data:image\/svg+xml,%3Csvg%20xmlns%3D%22http%3A%2F%2Fwww.w3.org%2F2000%2Fsvg%22%20width%3D%22250%22%20height%3D%22161%22%20viewBox%3D%220%200%20250%20161%22%3E%3C%2Fsvg%3E\" loading=\"eager\"><\/span><span class=\"fg-image-overlay\"><\/span><\/a><figcaption class=\"fg-caption\"><div class=\"fg-caption-inner\"><div class=\"fg-caption-desc\">Factories where El Rey del Mundo brand cigars were made No.3\/6 (1910-1935): the Fabrica de Tabacos El Rey del Mundo on Calle Agramonte No.44 under the management of Diaz Hermanos y Cia.<\/div><\/div><\/figcaption><\/figure><div class=\"fg-loader\"><\/div><\/div><div class=\"fg-item fg-type-image fg-idle\"><figure class=\"fg-item-inner\"><a href=\"https:\/\/origin-of-cigar.com\/wp-content\/uploads\/2025\/12\/OOC-El-Rey-del-Mundo-4-Meridiana-2.jpg\" data-caption-desc=\"Diese Fabrik war urspr\u00fcnglich die La Meridiana-Manufaktur, gebaut 1882 von Pedro Murias. Von  1905 bis in die 1930er Jahre kamen die El Rey del Mundo-Zigarren aus diesem Haus.\" data-attachment-id=\"2081\" data-type=\"image\" class=\"fg-thumb\"><span class=\"fg-image-wrap\"><img decoding=\"async\" alt=\"This factory was originally the La Meridiana factory, built in 1882 by Pedro Murias. From 1905 until the 1930s, El Rey del Mundo cigars came from this factory.\" width=\"250\" height=\"140\" class=\"skip-lazy fg-image\" data-src-fg=\"https:\/\/origin-of-cigar.com\/wp-content\/uploads\/cache\/2025\/12\/OOC-El-Rey-del-Mundo-4-Meridiana-2\/1010809222.jpg\" src=\"data:image\/svg+xml,%3Csvg%20xmlns%3D%22http%3A%2F%2Fwww.w3.org%2F2000%2Fsvg%22%20width%3D%22250%22%20height%3D%22140%22%20viewBox%3D%220%200%20250%20140%22%3E%3C%2Fsvg%3E\" loading=\"eager\"><\/span><span class=\"fg-image-overlay\"><\/span><\/a><figcaption class=\"fg-caption\"><div class=\"fg-caption-inner\"><div class=\"fg-caption-desc\">This factory was originally the La Meridiana factory, built in 1882 by Pedro Murias. From 1905 until the 1930s, El Rey del Mundo cigars came from this factory.<\/div><\/div><\/figcaption><\/figure><div class=\"fg-loader\"><\/div><\/div><div class=\"fg-item fg-type-image fg-idle\"><figure class=\"fg-item-inner\"><a href=\"https:\/\/origin-of-cigar.com\/wp-content\/uploads\/2025\/12\/OOC-El-Rey-del-Mundo-5-Bela-1.jpg\" data-caption-desc=\"Fabriken, in denen die Zigarren der Marke El Rey del Mundo hergestellt wurden Nr.4\/6 (1935-ca.1965): Calle Belascoain No.852, von ca. 1935 bis weit nach der Revolution.\" data-attachment-id=\"2082\" data-type=\"image\" class=\"fg-thumb\"><span class=\"fg-image-wrap\"><img decoding=\"async\" alt=\"Factories where El Rey del Mundo brand cigars were made No.4\/6 (1935-ca.1965): Calle Belascoain No.852, from around 1935 until well after the revolution.\" width=\"250\" height=\"166\" class=\"skip-lazy fg-image\" data-src-fg=\"https:\/\/origin-of-cigar.com\/wp-content\/uploads\/cache\/2025\/12\/OOC-El-Rey-del-Mundo-5-Bela-1\/3627045286.jpg\" src=\"data:image\/svg+xml,%3Csvg%20xmlns%3D%22http%3A%2F%2Fwww.w3.org%2F2000%2Fsvg%22%20width%3D%22250%22%20height%3D%22166%22%20viewBox%3D%220%200%20250%20166%22%3E%3C%2Fsvg%3E\" loading=\"eager\"><\/span><span class=\"fg-image-overlay\"><\/span><\/a><figcaption class=\"fg-caption\"><div class=\"fg-caption-inner\"><div class=\"fg-caption-desc\">Factories where El Rey del Mundo brand cigars were made No.4\/6 (1935-ca.1965): Calle Belascoain No.852, from around 1935 until well after the revolution.<\/div><\/div><\/figcaption><\/figure><div class=\"fg-loader\"><\/div><\/div><div class=\"fg-item fg-type-image fg-idle\"><figure class=\"fg-item-inner\"><a href=\"https:\/\/origin-of-cigar.com\/wp-content\/uploads\/2025\/12\/OOC-El-Rey-del-Mundo-5-Bela-2.jpg\" data-caption-desc=\"Die Manufaktur auf der Calle Belascoain No.852. Die Zigarren der Marke El Rey del Mundo wurden hier hergestellt, als die Fabrik offiziell die Romeo y Julieta-Fabrik war.\" data-attachment-id=\"2083\" data-type=\"image\" class=\"fg-thumb\"><span class=\"fg-image-wrap\"><img fetchpriority=\"high\" decoding=\"async\" alt=\"The factory on Calle Belascoain No. 852, where El Rey del Mundo brand cigars were made when the factory was officially the Romeo y Julieta factory.\" width=\"250\" height=\"376\" class=\"skip-lazy fg-image\" data-src-fg=\"https:\/\/origin-of-cigar.com\/wp-content\/uploads\/cache\/2025\/12\/OOC-El-Rey-del-Mundo-5-Bela-2\/3644638157.jpg\" src=\"data:image\/svg+xml,%3Csvg%20xmlns%3D%22http%3A%2F%2Fwww.w3.org%2F2000%2Fsvg%22%20width%3D%22250%22%20height%3D%22376%22%20viewBox%3D%220%200%20250%20376%22%3E%3C%2Fsvg%3E\" loading=\"eager\"><\/span><span class=\"fg-image-overlay\"><\/span><\/a><figcaption class=\"fg-caption\"><div class=\"fg-caption-inner\"><div class=\"fg-caption-desc\">The factory on Calle Belascoain No. 852, where El Rey del Mundo brand cigars were made when the factory was officially the Romeo y Julieta factory.<\/div><\/div><\/figcaption><\/figure><div class=\"fg-loader\"><\/div><\/div><div class=\"fg-item fg-type-image fg-idle\"><figure class=\"fg-item-inner\"><a href=\"https:\/\/origin-of-cigar.com\/wp-content\/uploads\/2025\/12\/OOC-El-Rey-del-Mundo-5-Bela-3.jpg\" data-caption-desc=\"Die Manufaktur auf der Calle Belascoain No.852, ein Haus, viele Namen: El Rey del Mundo-Fabrik, Romeo y Julieta-Manufaktur, heute (Stand 2025) Heimstatt der Marke H.Upmann. Erbaut ist das Haus wahrscheinlich 1914.\" data-attachment-id=\"2084\" data-type=\"image\" class=\"fg-thumb\"><span class=\"fg-image-wrap\"><img decoding=\"async\" alt=\"The factory on Calle Belascoain No. 852, one house, many names: El Rey del Mundo factory, Romeo y Julieta factory, today (as of 2025) home to the H.Upmann brand. The house was probably built in 1914.\" width=\"250\" height=\"174\" class=\"skip-lazy fg-image\" data-src-fg=\"https:\/\/origin-of-cigar.com\/wp-content\/uploads\/cache\/2025\/12\/OOC-El-Rey-del-Mundo-5-Bela-3\/234760041.jpg\" src=\"data:image\/svg+xml,%3Csvg%20xmlns%3D%22http%3A%2F%2Fwww.w3.org%2F2000%2Fsvg%22%20width%3D%22250%22%20height%3D%22174%22%20viewBox%3D%220%200%20250%20174%22%3E%3C%2Fsvg%3E\" loading=\"eager\"><\/span><span class=\"fg-image-overlay\"><\/span><\/a><figcaption class=\"fg-caption\"><div class=\"fg-caption-inner\"><div class=\"fg-caption-desc\">The factory on Calle Belascoain No. 852, one house, many names: El Rey del Mundo factory, Romeo y Julieta factory, today (as of 2025) home to the H.Upmann brand. The house was probably built in 1914.<\/div><\/div><\/figcaption><\/figure><div class=\"fg-loader\"><\/div><\/div><div class=\"fg-item fg-type-image fg-idle\"><figure class=\"fg-item-inner\"><a href=\"https:\/\/origin-of-cigar.com\/wp-content\/uploads\/2025\/12\/OOC-El-Rey-del-Mundo-6-Carlos-1.jpg\" data-caption-desc=\"Fabriken, in denen die Zigarren der Marke El Rey del Mundo hergestellt wurden Nr.5\/6: Calle San Carlos No.816. Urspr\u00fcnglich ein gro\u00dfes Lagerhaus, dann El Rey del Mundo-Manufaktur, heute die Partag\u00e1s-Manufaktur.\" data-attachment-id=\"2085\" data-type=\"image\" class=\"fg-thumb\"><span class=\"fg-image-wrap\"><img decoding=\"async\" alt=\"Factories where El Rey del Mundo brand cigars were made No.5\/6: Calle San Carlos No.816, originally a large warehouse, then El Rey del Mundo factory, now the Partag\u00e1s factory.\" width=\"250\" height=\"333\" class=\"skip-lazy fg-image\" data-src-fg=\"https:\/\/origin-of-cigar.com\/wp-content\/uploads\/cache\/2025\/12\/OOC-El-Rey-del-Mundo-6-Carlos-1\/2092461338.jpg\" src=\"data:image\/svg+xml,%3Csvg%20xmlns%3D%22http%3A%2F%2Fwww.w3.org%2F2000%2Fsvg%22%20width%3D%22250%22%20height%3D%22333%22%20viewBox%3D%220%200%20250%20333%22%3E%3C%2Fsvg%3E\" loading=\"eager\"><\/span><span class=\"fg-image-overlay\"><\/span><\/a><figcaption class=\"fg-caption\"><div class=\"fg-caption-inner\"><div class=\"fg-caption-desc\">Factories where El Rey del Mundo brand cigars were made No.5\/6: Calle San Carlos No.816, originally a large warehouse, then El Rey del Mundo factory, now the Partag\u00e1s factory.<\/div><\/div><\/figcaption><\/figure><div class=\"fg-loader\"><\/div><\/div><\/div>\n\n\n\n<div style=\"height:41px\" aria-hidden=\"true\" class=\"wp-block-spacer\"><\/div>\n\n\n\n<p>\ud83d\udc49 <strong><a href=\"https:\/\/origin-of-cigar.com\/en\/el-rey-del-mundo-history\/\">Read now \ud83d\udc49 El Rey del Mundo history - The fascinating masterpiece brand of the 19th century<\/a><\/strong><\/p>\n\n\n\n<h2 class=\"wp-block-heading\">Curated for you<\/h2>\n\n\n\n<p><strong>External website<\/strong>: <a href=\"https:\/\/www.habanos-club.de\/de\/\" target=\"_blank\" rel=\"noopener\">Experience the Habanos Club in Germany<\/a><\/p>\n\n\n\n<p><strong>At Origin Of Cigar:<\/strong> <a href=\"#\">THE PLEASURE LETTER by Origin Of Cigar: A curated email celebrating the fine pleasures of Cuban cigar culture.<\/a><\/p>","protected":false},"excerpt":{"rendered":"<p>Photos The El Rey del Mundo photos show places and eras that have characterised El Rey del Mundo: early factories such as Calle Gervasio and Belascoain,...<\/p>","protected":false},"author":2,"featured_media":0,"parent":1915,"menu_order":0,"comment_status":"closed","ping_status":"closed","template":"","meta":{"om_disable_all_campaigns":false,"_glsr_average":0,"_glsr_ranking":0,"_glsr_reviews":0,"footnotes":""},"class_list":["post-2093","page","type-page","status-publish","hentry"],"jetpack_sharing_enabled":true,"_links":{"self":[{"href":"https:\/\/origin-of-cigar.com\/en\/wp-json\/wp\/v2\/pages\/2093","targetHints":{"allow":["GET"]}}],"collection":[{"href":"https:\/\/origin-of-cigar.com\/en\/wp-json\/wp\/v2\/pages"}],"about":[{"href":"https:\/\/origin-of-cigar.com\/en\/wp-json\/wp\/v2\/types\/page"}],"author":[{"embeddable":true,"href":"https:\/\/origin-of-cigar.com\/en\/wp-json\/wp\/v2\/users\/2"}],"replies":[{"embeddable":true,"href":"https:\/\/origin-of-cigar.com\/en\/wp-json\/wp\/v2\/comments?post=2093"}],"version-history":[{"count":4,"href":"https:\/\/origin-of-cigar.com\/en\/wp-json\/wp\/v2\/pages\/2093\/revisions"}],"predecessor-version":[{"id":2099,"href":"https:\/\/origin-of-cigar.com\/en\/wp-json\/wp\/v2\/pages\/2093\/revisions\/2099"}],"up":[{"embeddable":true,"href":"https:\/\/origin-of-cigar.com\/en\/wp-json\/wp\/v2\/pages\/1915"}],"wp:attachment":[{"href":"https:\/\/origin-of-cigar.com\/en\/wp-json\/wp\/v2\/media?parent=2093"}],"curies":[{"name":"wp","href":"https:\/\/api.w.org\/{rel}","templated":true}]}}