{"id":1818,"date":"2025-11-27T15:56:04","date_gmt":"2025-11-27T15:56:04","guid":{"rendered":"https:\/\/origin-of-cigar.com\/?page_id=1818"},"modified":"2026-03-07T09:21:01","modified_gmt":"2026-03-07T09:21:01","slug":"kubanische-zigarrenmarken","status":"publish","type":"page","link":"https:\/\/origin-of-cigar.com\/en\/","title":{"rendered":"Cuban cigar brands - The historical brand archive of Origin Of Cigar"},"content":{"rendered":"\n<h2 class=\"wp-block-heading\">Neu bei Origin Of Cigar? Starten Sie hier, klicken Sie auf das History-Bild:<\/h2>\n\n\n\n<figure class=\"wp-block-image size-full\"><a href=\"https:\/\/origin-of-cigar.com\/zigarren-geschichte-serie-start\/\"><img loading=\"lazy\" decoding=\"async\" width=\"400\" height=\"200\" src=\"https:\/\/origin-of-cigar.com\/wp-content\/uploads\/2025\/12\/01-History.jpg\" alt=\"marcas de puros cubanos.\" class=\"wp-image-2122\" srcset=\"https:\/\/origin-of-cigar.com\/wp-content\/uploads\/2025\/12\/01-History.jpg 400w, https:\/\/origin-of-cigar.com\/wp-content\/uploads\/2025\/12\/01-History-300x150.jpg 300w, https:\/\/origin-of-cigar.com\/wp-content\/uploads\/2025\/12\/01-History-18x9.jpg 18w\" sizes=\"auto, (max-width: 400px) 100vw, 400px\" \/><\/a><\/figure>\n\n\n\n<p>Kubanische Zigarrenmarken: Willkommen im historischen Markenarchiv von <em>Origin Of Cigar<\/em> \u2013 Ihrer umfassendsten Anlaufstelle f\u00fcr fundiertes Wissen \u00fcber kubanische Zigarrenmarken. Dieses Archiv verbindet sorgf\u00e4ltig recherchierte Markenbiografien, historische Quellen, Bildmaterial aus Manufakturen und eine klare Einordnung der wichtigsten Entwicklungen seit dem 19. Jahrhundert.<\/p>\n\n\n\n<h2 class=\"wp-block-heading\">Was liegt in Ihren Schubladen &#8211; Infos \u00fcber kubanische Zigarrenmarken?<\/h2>\n\n\n\n<p>Manche Kapitel der Zigarrengeschichte liegen noch immer in <strong>Schubladen, Archiven oder privaten Sammlungen verborgen<\/strong>. Besitzen Sie <strong>Unterlagen, Dokumente oder Hinweise zu kubanischen Zigarrenmarken<\/strong>? Oder kennen Sie <strong>Quellen<\/strong>, die bei der historischen Forschung helfen k\u00f6nnten?<\/p>\n\n\n\n<p>Dann schreiben Sie uns bitte eine E-Mail. <strong>Claudia Puszkar<\/strong> wird sich pers\u00f6nlich bei Ihnen melden und alles Weitere mit Ihnen besprechen. Gemeinsam k\u00f6nnen wir <strong>versch\u00fcttete Geschichten wieder ans Licht bringen<\/strong>. \ud83d\udc49 <strong>admin@origin-of-cigar.com<\/strong> Also, falls Sie Infos, Quellen, Fotos, etc. \u00fcber <strong>kubanische Zigarrenmarken<\/strong> haben, dann her damit \ud83e\udd17 Danke!<\/p>\n\n\n\n<div style=\"height:36px\" aria-hidden=\"true\" class=\"wp-block-spacer\"><\/div>\n\n\n\n<figure class=\"wp-block-image size-full\"><img loading=\"lazy\" decoding=\"async\" width=\"1000\" height=\"666\" src=\"https:\/\/origin-of-cigar.com\/wp-content\/uploads\/2025\/10\/Claudia-und-Vasilij_\u00a9csf-321_0104_b_2.jpg\" alt=\"marcas de puros cubanos\" class=\"wp-image-962\" srcset=\"https:\/\/origin-of-cigar.com\/wp-content\/uploads\/2025\/10\/Claudia-und-Vasilij_\u00a9csf-321_0104_b_2.jpg 1000w, https:\/\/origin-of-cigar.com\/wp-content\/uploads\/2025\/10\/Claudia-und-Vasilij_\u00a9csf-321_0104_b_2-300x200.jpg 300w, https:\/\/origin-of-cigar.com\/wp-content\/uploads\/2025\/10\/Claudia-und-Vasilij_\u00a9csf-321_0104_b_2-768x511.jpg 768w, https:\/\/origin-of-cigar.com\/wp-content\/uploads\/2025\/10\/Claudia-und-Vasilij_\u00a9csf-321_0104_b_2-18x12.jpg 18w, https:\/\/origin-of-cigar.com\/wp-content\/uploads\/2025\/10\/Claudia-und-Vasilij_\u00a9csf-321_0104_b_2-624x416.jpg 624w\" sizes=\"auto, (max-width: 1000px) 100vw, 1000px\" \/><\/figure>\n\n\n\n<p><strong>Claudia Puszkar und Vasilij Ratej<\/strong>, das Herausgeberduo von Origin Of Cigar, vereinen Leidenschaft, Wissen und auch feinen Humor &#8211; alles im Dienst f\u00fcr <strong>kubanische Zigarrenmarken<\/strong>. Gemeinsam schaffen sie ein Online-Magazin, das Kennern wie Neugierigen gleicherma\u00dfen einen echten Mehrwert bietet \u2013 fundierte Einblicke, seltene Hintergrundgeschichten und die Faszination der kubanischen Zigarre in all ihren Facetten.<\/p>\n\n\n\n<p>Unser Ziel: Ihnen nicht nur die Geschichte einer Marke zu zeigen, sondern ihre Bedeutung im gesamten Gef\u00fcge der kubanischen Tabakindustrie verst\u00e4ndlich zu machen \u2013 von den gro\u00dfen Pionieren wie Partag\u00e1s bis hin zu seltenen, verschwundenen Marken des fr\u00fchen 20. Jahrhunderts. Jede Markenstory basiert auf gepr\u00fcften Daten, Prim\u00e4rquellen und der jahrzehntelangen Expertise unseres Herausgeberduos, Vasilij Ratej und Claudia Puszkar. Kubanische Zigarrenmarken, das ist unsere Leidenschaft.<\/p>\n\n\n\n<div style=\"height:29px\" aria-hidden=\"true\" class=\"wp-block-spacer\"><\/div>\n\n\n\n<h2 class=\"wp-block-heading\" id=\"start-am-01-01-2026-wenn-sie-unseren-the-pleasure-letter-jetzt-abonnieren-bekommen-sie-den-zugang-zu-allen-artikeln-schon-am-16-12-2025\">THE PLEASURE LETTER f\u00fcr kubanische Zigarrenmarken<\/h2>\n\n\n<!-- This site is converting visitors into subscribers and customers with OptinMonster - https:\/\/optinmonster.com :: Campaign Title: Nur Homepage -->\n<div id=\"om-iwd7e9whbnzauouqar4x-holder\"><\/div>\n<script>(function(d,u,ac){var s=d.createElement('script');s.type='text\/javascript';s.src='https:\/\/a.omappapi.com\/app\/js\/api.min.js';s.async=true;s.dataset.user=u;s.dataset.campaign=ac;d.getElementsByTagName('head')[0].appendChild(s);})(document,372951,'iwd7e9whbnzauouqar4x');<\/script>\n<!-- \/ OptinMonster -->\n\n\n\n<div style=\"height:36px\" aria-hidden=\"true\" class=\"wp-block-spacer\"><\/div>\n\n\n\n<figure class=\"wp-block-image size-full\"><img loading=\"lazy\" decoding=\"async\" width=\"1000\" height=\"664\" src=\"https:\/\/origin-of-cigar.com\/wp-content\/uploads\/2025\/10\/Partagas-Tabakfeld_NEU.jpg\" alt=\"Jaime Partag\u00e1s war im Besitz einiger der besten Plantagen der Vuelta Abajo und hatte daher immer Zugriff auf besten Tabak. Kubanische Zigarrenmarken. marcas de puros cubanos\" class=\"wp-image-804\" srcset=\"https:\/\/origin-of-cigar.com\/wp-content\/uploads\/2025\/10\/Partagas-Tabakfeld_NEU.jpg 1000w, https:\/\/origin-of-cigar.com\/wp-content\/uploads\/2025\/10\/Partagas-Tabakfeld_NEU-300x199.jpg 300w, https:\/\/origin-of-cigar.com\/wp-content\/uploads\/2025\/10\/Partagas-Tabakfeld_NEU-768x510.jpg 768w, https:\/\/origin-of-cigar.com\/wp-content\/uploads\/2025\/10\/Partagas-Tabakfeld_NEU-18x12.jpg 18w, https:\/\/origin-of-cigar.com\/wp-content\/uploads\/2025\/10\/Partagas-Tabakfeld_NEU-624x414.jpg 624w\" sizes=\"auto, (max-width: 1000px) 100vw, 1000px\" \/><\/figure>\n\n\n\n<h2 class=\"wp-block-heading\" id=\"das-komplette-verzeichnis-kubanische-zigarrenmarken\">Das komplette Verzeichnis kubanische Zigarrenmarken<\/h2>\n\n\n\n<p>Die History \u00fcber <a href=\"https:\/\/origin-of-cigar.com\/kuba-zigarren-marken\/\">kubanische Zigarrenmarken finden Sie hier<\/a>.<\/p>\n\n\n\n<p>Die History von <a href=\"https:\/\/origin-of-cigar.com\/history-kuba-zigarren-serie-start\/\">Kolumbus bis heute finden Sie hier.<\/a><\/p>\n\n\n\n<h2 class=\"wp-block-heading\" id=\"kubanische-zigarrenmarken-des-19-jahrhunderts-die-geburtsstunde-der-habanos\">Kubanische Zigarrenmarken des 19. Jahrhunderts \u2013 Die Geburtsstunde der Habanos<\/h2>\n\n\n\n<p>Im 19. Jahrhundert entstanden jene Zigarrenmarken, die heute als Grundpfeiler der Habanos-Kultur gelten. Sie formten das Image Kubas als Premium-Herkunft und etablierten die klassischen Produktionsstandards, die bis heute g\u00fcltig sind.<\/p>\n\n\n\n<h2 class=\"wp-block-heading\" id=\"zu-diesen-historischen-marken-gehoren\">Zu diesen historischen Marken geh\u00f6ren:<\/h2>\n\n\n\n<h3 class=\"wp-block-heading\" id=\"partagas-geschichte\">Partag\u00e1s \u2013 Geschichte<\/h3>\n\n\n\n<p>Die 1845 gegr\u00fcndete Marke z\u00e4hlt zu den \u00e4ltesten und aromatisch kr\u00e4ftigsten Kubas. Ihre Fabrik an der Calle Industria wurde zum Zentrum der Zigarrenwelt. <a href=\"https:\/\/origin-of-cigar.com\/partagas-geschichte\/\"><strong>Zur Partagas Geschichte<\/strong><\/a><\/p>\n\n\n\n<h3 class=\"wp-block-heading\" id=\"hoyo-de-monterrey-geschichte\">Hoyo de Monterrey \u2013 Geschichte<\/h3>\n\n\n\n<p>Seit 1865 ein Inbegriff f\u00fcr milde bis mittelkr\u00e4ftige Aromen aus einer der ber\u00fchmtesten Plantagen der Vuelta Abajo. <a href=\"https:\/\/origin-of-cigar.com\/le-hoyo-de-monterrey-geschichte\/\"><strong>Zur Le Hoyo de Monterrey Geschichte<\/strong><\/a><\/p>\n\n\n\n<h3 class=\"wp-block-heading\" id=\"romeo-y-julieta-geschichte\">Romeo y Julieta \u2013 Geschichte<\/h3>\n\n\n\n<p>Gegr\u00fcndet 1875. Ber\u00fchmt f\u00fcr elegante Mischungen und die gr\u00f6\u00dfte Format-Vielfalt des gesamten Habanos-Portfolios. <a href=\"https:\/\/origin-of-cigar.com\/romeo-y-julieta-geschichte\/\"><strong>Zur Romeo y Julieta Geschichte<\/strong><\/a><\/p>\n\n\n\n<h3 class=\"wp-block-heading\" id=\"h-upmann-geschichte\">H.Upmann &#8211; Geschichte<\/h3>\n\n\n\n<p>1844 gegr\u00fcndet. H.Upmann Geschichte&nbsp;beginnt mit einer Erfolgsspur, die ihresgleichen sucht. Die Familie Upmann hat alles richtig gemacht \u2013 mit Weitsicht, Disziplin und Leidenschaft. Doch manchmal schl\u00e4gt das Schicksal unerbittlich zu, und selbst die erfolgreichsten Unternehmen geraten unter die R\u00e4der der Weltpolitik.&nbsp; <a href=\"https:\/\/origin-of-cigar.com\/h-upmann-geschichte\/\"><strong>Zur H.Upmann Geschichte<\/strong><\/a><\/p>\n\n\n\n<h3 class=\"wp-block-heading\" id=\"la-corona-geschichte\">La Corona \u2013 Geschichte<\/h3>\n\n\n\n<p>Eine Marke mit britischen Wurzeln, die im 19. Jahrhundert zu einem der beliebtesten Exportprodukte wurde und heute durch ihre ausgewogene St\u00e4rke \u00fcberzeugt. <a href=\"https:\/\/origin-of-cigar.com\/la-corona-geschichte\/\"><strong>Zur La Corona Geschichte<\/strong><\/a><\/p>\n\n\n\n<h3 class=\"wp-block-heading\" id=\"montecristo-geschichte\">Montecristo &#8211; Geschichte<\/h3>\n\n\n\n<p>Die Montecristo Geschichte&nbsp;ist gepr\u00e4gt von Stil, Planung und bestem Tabak. Obwohl sie j\u00fcnger ist als viele andere kubanische Marken, gilt sie als Inbegriff f\u00fcr Eleganz, Wissen und handwerkliche Perfektion. <a href=\"https:\/\/origin-of-cigar.com\/montecristo-geschichte\/\"><strong>Zur Montecristo Geschichte<\/strong><\/a><\/p>\n\n\n\n<h3 class=\"wp-block-heading\" id=\"fonseca-geschichte\">Fonseca &#8211; Geschichte<\/h3>\n\n\n\n<p>Die Fonseca Geschichte steht f\u00fcr die Verschmelzung von Stil, Luxus und Tradition. Ende des 19. Jahrhunderts kam Francisco E. Fonseca nach Kuba \u2013 und schuf mit seiner Marke eine Legende, die bis heute f\u00fcr Eleganz und Kultiviertheit steht.  <a href=\"https:\/\/origin-of-cigar.com\/fonseca-geschichte\/\"><strong>Zur Fonseca Geschichte<\/strong><\/a><\/p>\n\n\n\n<h2 class=\"wp-block-heading\" id=\"marken-des-20-jahrhunderts-die-ikonen-der-moderne\"><strong>Marken des 20. Jahrhunderts \u2013 Die Ikonen der Moderne<\/strong><\/h2>\n\n\n\n<p>Das 20. Jahrhundert brachte Marken hervor, die nicht nur geschmacklich, sondern auch politisch und kulturell eine neue \u00c4ra einl\u00e4uteten. Einige entstanden als diplomatische Geschenke, andere als moderne Erg\u00e4nzung des Portfolios.<\/p>\n\n\n\n<h3 class=\"wp-block-heading\" id=\"cohiba-geschichte\">Cohiba \u2013 Geschichte<\/h3>\n\n\n\n<p>Seit 1966 die Staatsmarke Kubas. Dreifache Fermentation, streng selektierte Tabake und die ikonische Behike-Linie. <a href=\"https:\/\/origin-of-cigar.com\/cohiba-geschichte\/\"><strong>Zur Cohiba Geschichte<\/strong><\/a><\/p>\n\n\n\n<h3 class=\"wp-block-heading\" id=\"trinidad-geschichte\">Trinidad \u2013 Geschichte<\/h3>\n\n\n\n<p>Urspr\u00fcnglich ausschlie\u00dflich f\u00fcr diplomatische Zwecke gefertigt und erst ab den 1990er-Jahren \u00f6ffentlich erh\u00e4ltlich. <strong><a href=\"https:\/\/origin-of-cigar.com\/trinidad-geschichte\/\">Zur Trinidad Geschichte<\/a><\/strong><\/p>\n\n\n\n<h3 class=\"wp-block-heading\" id=\"vegas-robaina-geschichte\">Vegas Robaina \u2013 Geschichte<\/h3>\n\n\n\n<p>Zu Ehren des legend\u00e4ren Tabakbauern Alejandro Robaina gegr\u00fcndet und als Hommage an die Vuelta Abajo.<\/p>\n\n\n\n<h3 class=\"wp-block-heading\" id=\"quai-d-orsay-geschichte\">Quai d\u2019Orsay \u2013 Geschichte<\/h3>\n\n\n\n<p>Die franz\u00f6sisch inspirierte Marke entstand in Zusammenarbeit mit SEITA und bringt eine weichere, elegante Mischung hervor. <strong><a href=\"https:\/\/origin-of-cigar.com\/quai-dorsay-geschichte\/\" data-type=\"post\" data-id=\"1964\">Zur Quai d&#8217;Orsay Geschichte<\/a><\/strong><\/p>\n\n\n\n<h3 class=\"wp-block-heading\" id=\"diplomaticos-geschichte\">Diplom\u00e1ticos \u2013 Geschichte<\/h3>\n\n\n\n<p>Eine Marke der 1970er-Jahre, eng verwandt mit Montecristo, jedoch milder und in kleinerem Portfolio.<\/p>\n\n\n\n<h3 class=\"wp-block-heading\" id=\"vegueros-geschichte\">Vegueros \u2013 Geschichte<\/h3>\n\n\n\n<p>Eine Hommage an die kubanischen Tabakbauern selbst \u2013 modern, zug\u00e4nglich und authentisch.<\/p>\n\n\n\n<p>Diese Marken spiegeln die Entwicklungen Kubas im 20. Jahrhundert wider: staatliche Kontrolle, Exportmodernisierung und internationale Kooperation. <strong><a href=\"https:\/\/origin-of-cigar.com\/vegueros-geschichte\/\" data-type=\"post\" data-id=\"2479\">Zur Vegueros Geschichte<\/a><\/strong><\/p>\n\n\n\n<h2 class=\"wp-block-heading\" id=\"historische-pioniere-vergangene-marken\"><strong>Historische Pioniere &amp; Vergangene Marken<\/strong><\/h2>\n\n\n\n<p>Einige Marken existieren heute nicht mehr, haben jedoch bedeutende Spuren hinterlassen. Sie pr\u00e4gten Produktionsmethoden, Designs oder setzten fr\u00fche Qualit\u00e4tsstandards.<\/p>\n\n\n\n<h3 class=\"wp-block-heading\" id=\"cabanas-geschichte\">Caba\u00f1as \u2013 Geschichte<\/h3>\n\n\n\n<p>Eine der \u00e4ltesten bekannten Marken, die als Pionier des industriellen Zigarrenhandels gilt.<\/p>\n\n\n\n<h3 class=\"wp-block-heading\" id=\"henry-clay-geschichte\">Henry Clay \u2013 Geschichte<\/h3>\n\n\n\n<p>Eine Marke mit starker Exportausrichtung, ber\u00fchmt f\u00fcr ihre au\u00dfergew\u00f6hnliche Popularit\u00e4t in den USA des 19. Jahrhunderts. <strong><a href=\"https:\/\/origin-of-cigar.com\/henry-clay-geschichte-faszinierend-von-kuba-1850-bis-zur-rueckkehr-in-den-1980ern\/\">Zur Henry Clay Geschichte<\/a><\/strong><\/p>\n\n\n\n<h2 class=\"wp-block-heading\" id=\"fabriken-regionen-terroir-das-fundament-jeder-habano\"><strong>Fabriken, Regionen &amp; Terroir \u2013 Das Fundament jeder Habano<\/strong><\/h2>\n\n\n\n<p>Die Identit\u00e4t jeder Marke ist untrennbar mit ihrer Herkunft verbunden. Region, Boden, Klima und Herstellungsort bestimmen den Charakter der Zigarre.<\/p>\n\n\n\n<h2 class=\"wp-block-heading\" id=\"wichtige-regionen-und-orte\">Wichtige Regionen und Orte f\u00fcr kubanische Zigarrenmarken:<\/h2>\n\n\n\n<ul class=\"wp-block-list\">\n<li><strong>Vuelta Abajo<\/strong> \u2013 Das Herz des besten Tabaks der Welt.<\/li>\n\n\n\n<li><strong>Pinar del R\u00edo<\/strong> \u2013 Zentrum der Tabakpflanzung und Verarbeitung.<\/li>\n\n\n\n<li><strong>Partag\u00e1s-Fabrik \/ Calle Industria<\/strong> \u2013 Historische Kathedrale der Zigarrenwelt.<\/li>\n\n\n\n<li><strong>El Laguito<\/strong> \u2013 Die legend\u00e4re Cohiba-Manufaktur.<\/li>\n\n\n\n<li><strong>San Juan y Mart\u00ednez<\/strong> \u2013 Heimat vieler ber\u00fchmter Plantagen.<\/li>\n<\/ul>\n\n\n\n<p>Diese Bereiche zeigen, warum kubanischer Tabak geschmacklich einzigartig ist und wie sich regionale Unterschiede auspr\u00e4gen.<\/p>\n\n\n\n<h2 class=\"wp-block-heading\" id=\"glossar-kubanische-zigarren-alles-was-sie-wissen-mussen\"><strong>Glossar kubanische Zigarren \u2013 Alles, was Sie wissen m\u00fcssen<\/strong><\/h2>\n\n\n\n<p>F\u00fcr ein tieferes Verst\u00e4ndnis empfehlen wir unser umfangreiches Glossar. Es erkl\u00e4rt \u00fcber 150 Fachbegriffe \u2013 von <em>vitola de galera<\/em> bis <em>medio tiempo<\/em> \u2013 pr\u00e4zise, historisch korrekt und einfach verst\u00e4ndlich.<\/p>\n\n\n\n<p><strong>Zum Glossar:<\/strong> <strong><a href=\"https:\/\/origin-of-cigar.com\/glossar-kubanische-zigarren\/\" data-type=\"page\" data-id=\"606\">Glossar kubanische Zigarren \u00f6ffnen<\/a><\/strong><\/p>\n\n\n\n<h2 class=\"wp-block-heading\" id=\"bildergalerien-historische-archive\"><strong>Bildergalerien &amp; historische Archive<\/strong><\/h2>\n\n\n\n<p>Unsere exklusiven Bildarchive dokumentieren die Geschichten der Zigarrenmarken. Sie erg\u00e4nzen die Markenberichte visuell und zeigen die Entwicklung der kubanischen Zigarrenkunst im Detail.<\/p>\n\n\n\n<p><strong><a href=\"https:\/\/origin-of-cigar.com\/fotos-geschichte-kubanischer-zigarrenmarken\/\">Bildergalerien ansehen und Artikel lesen<\/a><\/strong><\/p>\n\n\n\n<h2 class=\"wp-block-heading\" id=\"ihre-reise-durch-die-kubanische-zigarrengeschichte-beginnt-hier\"><strong>Ihre Reise durch die kubanische Zigarrengeschichte beginnt hier<\/strong><\/h2>\n\n\n\n<p>Dieses Markenarchiv ist lebendig: Wir erweitern, korrigieren und erg\u00e4nzen fortlaufend. Wenn Sie eine Markenhistorie vermissen oder eine Frage zu einer bestimmten Epoche haben, freuen wir uns \u00fcber Ihre Nachricht.<\/p>\n\n\n\n<p><a href=\"https:\/\/origin-of-cigar.com\/kontakt\/\"><strong>Kontakt: Hier erreichen Sie uns und erfahren, wer wir sind<\/strong><\/a><\/p>\n\n\n\n<h2 class=\"wp-block-heading\" id=\"ressourcen-zum-thema\">Ressourcen zum Thema<\/h2>\n\n\n\n<p><a href=\"https:\/\/www.habanos-club.de\/\" target=\"_blank\" rel=\"noopener\">Habanos-Club Deutschland<\/a><\/p>\n\n\n\n<p><a href=\"https:\/\/www.google.com\/search?q=zigarren+kuba+history\" target=\"_blank\" rel=\"noopener\">Google Suche &#8222;History Zigarren Kuba&#8220;<\/a> und <a href=\"https:\/\/www.google.com\/search?q=kubanische+Zigarrenmarken\" target=\"_blank\" rel=\"noopener\">&#8222;kubanische Zigarrenmarken&#8220;<\/a><\/p>\n\n\n\n<div style=\"height:243px\" aria-hidden=\"true\" class=\"wp-block-spacer\"><\/div>\n\n\n\n<p>marcas de puros cubanos<\/p>\n","protected":false},"excerpt":{"rendered":"<p>New to Origin Of Cigar? Start here, click on the history image: Cuban cigar brands: Welcome to the historical brand archive of Origin Of Cigar - your...<\/p>","protected":false},"author":2,"featured_media":1091,"parent":0,"menu_order":0,"comment_status":"closed","ping_status":"closed","template":"","meta":{"om_disable_all_campaigns":false,"_glsr_average":0,"_glsr_ranking":0,"_glsr_reviews":0,"footnotes":""},"class_list":["post-1818","page","type-page","status-publish","has-post-thumbnail","hentry"],"jetpack_sharing_enabled":true,"_links":{"self":[{"href":"https:\/\/origin-of-cigar.com\/en\/wp-json\/wp\/v2\/pages\/1818","targetHints":{"allow":["GET"]}}],"collection":[{"href":"https:\/\/origin-of-cigar.com\/en\/wp-json\/wp\/v2\/pages"}],"about":[{"href":"https:\/\/origin-of-cigar.com\/en\/wp-json\/wp\/v2\/types\/page"}],"author":[{"embeddable":true,"href":"https:\/\/origin-of-cigar.com\/en\/wp-json\/wp\/v2\/users\/2"}],"replies":[{"embeddable":true,"href":"https:\/\/origin-of-cigar.com\/en\/wp-json\/wp\/v2\/comments?post=1818"}],"version-history":[{"count":67,"href":"https:\/\/origin-of-cigar.com\/en\/wp-json\/wp\/v2\/pages\/1818\/revisions"}],"predecessor-version":[{"id":2594,"href":"https:\/\/origin-of-cigar.com\/en\/wp-json\/wp\/v2\/pages\/1818\/revisions\/2594"}],"wp:featuredmedia":[{"embeddable":true,"href":"https:\/\/origin-of-cigar.com\/en\/wp-json\/wp\/v2\/media\/1091"}],"wp:attachment":[{"href":"https:\/\/origin-of-cigar.com\/en\/wp-json\/wp\/v2\/media?parent=1818"}],"curies":[{"name":"wp","href":"https:\/\/api.w.org\/{rel}","templated":true}]}}