{"id":1510,"date":"2025-11-06T13:53:15","date_gmt":"2025-11-06T13:53:15","guid":{"rendered":"https:\/\/origin-of-cigar.com\/?page_id=1510"},"modified":"2025-12-02T14:04:43","modified_gmt":"2025-12-02T14:04:43","slug":"photos-fonseca-history","status":"publish","type":"page","link":"https:\/\/origin-of-cigar.com\/en\/fotos-geschichte-kubanischer-zigarrenmarken\/fotos-fonseca-geschichte\/","title":{"rendered":"Photos Fonseca history"},"content":{"rendered":"<h2 class=\"wp-block-heading\">Photos<\/h2>\n\n\n\n<p>This Fotos Fonseca gallery shows the brand in its quiet elegance - with photos from a time when the historic building could still be entered. Exterior facades, workshops and small architectural details give an idea of the spirit of Francisco E. Fonseca and his love of style. Where once fine cigars were carefully packaged and labelled, silence reigns today - but the atmosphere remains.<\/p>\n\n\n\n<figure class=\"wp-block-image size-full\"><img loading=\"lazy\" decoding=\"async\" width=\"1000\" height=\"660\" src=\"https:\/\/origin-of-cigar.com\/wp-content\/uploads\/2025\/11\/OOC-Fonseca-0-Logo-4.jpg\" alt=\"Although there are \u201eonly\u201c four formats of the Fonseca brand, the Cosacos, Delicias, Cadetes and the Fonseca No.1, these are still very popular and continue to be wrapped in the finest paper. Photos Fonseca.\" class=\"wp-image-1481\" srcset=\"https:\/\/origin-of-cigar.com\/wp-content\/uploads\/2025\/11\/OOC-Fonseca-0-Logo-4.jpg 1000w, https:\/\/origin-of-cigar.com\/wp-content\/uploads\/2025\/11\/OOC-Fonseca-0-Logo-4-300x198.jpg 300w, https:\/\/origin-of-cigar.com\/wp-content\/uploads\/2025\/11\/OOC-Fonseca-0-Logo-4-768x507.jpg 768w, https:\/\/origin-of-cigar.com\/wp-content\/uploads\/2025\/11\/OOC-Fonseca-0-Logo-4-18x12.jpg 18w, https:\/\/origin-of-cigar.com\/wp-content\/uploads\/2025\/11\/OOC-Fonseca-0-Logo-4-624x412.jpg 624w\" sizes=\"auto, (max-width: 1000px) 100vw, 1000px\" \/><\/figure>\n\n\n\n<h2 class=\"wp-block-heading\">History<\/h2>\n\n\n\n<p>Our photos focus on exterior shots of the buildings. In the picture gallery, aficionadas and aficionados get a small visual impression of the famous and less famous buildings - a nice introduction to the Fonseca story without historical archive pictures, but with a real sense of place.<\/p>\n\n\n\n<p>\ud83d\udc49 <strong><a href=\"https:\/\/origin-of-cigar.com\/en\/fonseca-history\/\">Read now \ud83d\udc49 Fonseca history - the timeless elegance of a Cuban legend<\/a><\/strong><\/p>\n\n\n<style type=\"text\/css\">\n#foogallery-gallery-1495.fg-masonry .fg-item { width: 250px; }\n#foogallery-gallery-1495.fg-masonry { --fg-gutter: 10px; }<\/style>\n\t\t\t<div class=\"foogallery foogallery-container foogallery-masonry foogallery-lightbox-foogallery fg-center fg-masonry fg-ready fg-dark fg-border-medium fg-round-small fg-shadow-outline fg-loading-default fg-loaded-fade-in fg-hover-semi-zoomed fg-captions-bottom fg-hover-fade fg-hover-zoom4 fg-fixed\" id=\"foogallery-gallery-1495\" data-foogallery=\"{&quot;item&quot;:{&quot;showCaptionTitle&quot;:true,&quot;showCaptionDescription&quot;:true},&quot;lazy&quot;:true,&quot;template&quot;:{&quot;columnWidth&quot;:250,&quot;gutter&quot;:10}}\" data-foogallery-lightbox=\"{&quot;thumbs&quot;:&quot;bottom&quot;,&quot;thumbsCaptions&quot;:false,&quot;thumbsBestFit&quot;:false,&quot;thumbsSmall&quot;:false,&quot;thumbsCaptionsAlign&quot;:&quot;default&quot;,&quot;info&quot;:&quot;bottom&quot;,&quot;infoVisible&quot;:true,&quot;infoOverlay&quot;:true,&quot;infoAlign&quot;:&quot;default&quot;,&quot;transition&quot;:&quot;fade&quot;,&quot;hoverButtons&quot;:false,&quot;fitMedia&quot;:false,&quot;noScrollbars&quot;:true,&quot;preserveButtonSpace&quot;:true,&quot;buttons&quot;:{&quot;fullscreen&quot;:true,&quot;info&quot;:true,&quot;thumbs&quot;:false},&quot;video&quot;:{&quot;autoPlay&quot;:true}}\" style=\"--fg-title-line-clamp: 1; --fg-description-line-clamp: 2;\" >\n\t\t<div class=\"fg-item fg-type-image fg-idle\"><figure class=\"fg-item-inner\"><a href=\"https:\/\/origin-of-cigar.com\/wp-content\/uploads\/2025\/11\/OOC-Fonseca-0-Logo-1.jpg\" data-caption-desc=\"La Cabeza Rubia: Francisco E. Fonseca, der Gr\u00fcnder der Marke Fonseca, stets gut gekleidet und elegant. H\u00f6chste Qualit\u00e4t auch bei den Zigarren.\" data-attachment-id=\"1478\" data-type=\"image\" class=\"fg-thumb\"><span class=\"fg-image-wrap\"><img fetchpriority=\"high\" decoding=\"async\" alt=\"La Cabeza Rubia: Francisco E. Fonseca, the founder of the Fonseca brand, always well-dressed and elegant. Top quality cigars too.\" width=\"250\" height=\"252\" class=\"skip-lazy fg-image\" data-src-fg=\"https:\/\/origin-of-cigar.com\/wp-content\/uploads\/cache\/2025\/11\/OOC-Fonseca-0-Logo-1\/2120548274.jpg\" src=\"data:image\/svg+xml,%3Csvg%20xmlns%3D%22http%3A%2F%2Fwww.w3.org%2F2000%2Fsvg%22%20width%3D%22250%22%20height%3D%22252%22%20viewBox%3D%220%200%20250%20252%22%3E%3C%2Fsvg%3E\" loading=\"eager\"><\/span><span class=\"fg-image-overlay\"><\/span><\/a><figcaption class=\"fg-caption\"><div class=\"fg-caption-inner\"><div class=\"fg-caption-desc\">La Cabeza Rubia: Francisco E. Fonseca, the founder of the Fonseca brand, always well-dressed and elegant. Top quality cigars too.<\/div><\/div><\/figcaption><\/figure><div class=\"fg-loader\"><\/div><\/div><div class=\"fg-item fg-type-image fg-idle\"><figure class=\"fg-item-inner\"><a href=\"https:\/\/origin-of-cigar.com\/wp-content\/uploads\/2025\/11\/OOC-Fonseca-0-Logo-2.jpg\" data-caption-desc=\"Das Logo der Marke Fonseca, gegr\u00fcndet offiziell 1907 in Havanna.\" data-attachment-id=\"1479\" data-type=\"image\" class=\"fg-thumb\"><span class=\"fg-image-wrap\"><img decoding=\"async\" alt=\"The logo of the Fonseca brand, officially founded in Havana in 1907.\" width=\"250\" height=\"166\" class=\"skip-lazy fg-image\" data-src-fg=\"https:\/\/origin-of-cigar.com\/wp-content\/uploads\/cache\/2025\/11\/OOC-Fonseca-0-Logo-2\/3431896252.jpg\" src=\"data:image\/svg+xml,%3Csvg%20xmlns%3D%22http%3A%2F%2Fwww.w3.org%2F2000%2Fsvg%22%20width%3D%22250%22%20height%3D%22166%22%20viewBox%3D%220%200%20250%20166%22%3E%3C%2Fsvg%3E\" loading=\"eager\"><\/span><span class=\"fg-image-overlay\"><\/span><\/a><figcaption class=\"fg-caption\"><div class=\"fg-caption-inner\"><div class=\"fg-caption-desc\">The logo of the Fonseca brand, officially founded in Havana in 1907.<\/div><\/div><\/figcaption><\/figure><div class=\"fg-loader\"><\/div><\/div><div class=\"fg-item fg-type-image fg-idle\"><figure class=\"fg-item-inner\"><a href=\"https:\/\/origin-of-cigar.com\/wp-content\/uploads\/2025\/11\/OOC-Fonseca-0-Logo-3.jpg\" data-caption-desc=\"Fonseca \u2013 der Name steht f\u00fcr Zigarren der h\u00f6chsten Qualit\u00e4t. Das war stets das Ziel des Firmengr\u00fcnders und dieses wird auch heute noch umgesetzt.\" data-attachment-id=\"1480\" data-type=\"image\" class=\"fg-thumb\"><span class=\"fg-image-wrap\"><img decoding=\"async\" alt=\"Fonseca - the name stands for cigars of the highest quality. This was always the aim of the company founder and is still realised today.\" width=\"250\" height=\"153\" class=\"skip-lazy fg-image\" data-src-fg=\"https:\/\/origin-of-cigar.com\/wp-content\/uploads\/cache\/2025\/11\/OOC-Fonseca-0-Logo-3\/848671607.jpg\" src=\"data:image\/svg+xml,%3Csvg%20xmlns%3D%22http%3A%2F%2Fwww.w3.org%2F2000%2Fsvg%22%20width%3D%22250%22%20height%3D%22153%22%20viewBox%3D%220%200%20250%20153%22%3E%3C%2Fsvg%3E\" loading=\"eager\"><\/span><span class=\"fg-image-overlay\"><\/span><\/a><figcaption class=\"fg-caption\"><div class=\"fg-caption-inner\"><div class=\"fg-caption-desc\">Fonseca - the name stands for cigars of the highest quality. This was always the aim of the company founder and is still realised today.<\/div><\/div><\/figcaption><\/figure><div class=\"fg-loader\"><\/div><\/div><div class=\"fg-item fg-type-image fg-idle\"><figure class=\"fg-item-inner\"><a href=\"https:\/\/origin-of-cigar.com\/wp-content\/uploads\/2025\/11\/OOC-Fonseca-0-Logo-4.jpg\" data-caption-desc=\"Obwohl es von der Marke Fonseca \u201enur\u201c vier Formate gibt, die Cosacos, Delicias, Cadetes und die Fonseca No.1, sind diese doch sehr beliebt und nach wie vor in feinstes Papier eingewickelt.\" data-attachment-id=\"1481\" data-type=\"image\" class=\"fg-thumb\"><span class=\"fg-image-wrap\"><img decoding=\"async\" alt=\"Although there are \u201eonly\u201c four formats of the Fonseca brand, the Cosacos, Delicias, Cadetes and the Fonseca No.1, these are still very popular and continue to be wrapped in the finest paper.\" width=\"250\" height=\"165\" class=\"skip-lazy fg-image\" data-src-fg=\"https:\/\/origin-of-cigar.com\/wp-content\/uploads\/cache\/2025\/11\/OOC-Fonseca-0-Logo-4\/70637187.jpg\" src=\"data:image\/svg+xml,%3Csvg%20xmlns%3D%22http%3A%2F%2Fwww.w3.org%2F2000%2Fsvg%22%20width%3D%22250%22%20height%3D%22165%22%20viewBox%3D%220%200%20250%20165%22%3E%3C%2Fsvg%3E\" loading=\"eager\"><\/span><span class=\"fg-image-overlay\"><\/span><\/a><figcaption class=\"fg-caption\"><div class=\"fg-caption-inner\"><div class=\"fg-caption-desc\">Although there are \u201eonly\u201c four formats of the Fonseca brand, the Cosacos, Delicias, Cadetes and the Fonseca No.1, these are still very popular and continue to be wrapped in the finest paper.<\/div><\/div><\/figcaption><\/figure><div class=\"fg-loader\"><\/div><\/div><div class=\"fg-item fg-type-image fg-idle\"><figure class=\"fg-item-inner\"><a href=\"https:\/\/origin-of-cigar.com\/wp-content\/uploads\/2025\/11\/OOC-Fonseca-1-Dragones-1.jpg\" data-caption-desc=\"Auf der Calle Dragones No.39 hatte Fonseca seinen ersten Firmensitz. Hier ein Blick in die Stra\u00dfe, in diesem Haus k\u00f6nnte die erste Manufaktur gewesen sein.\" data-attachment-id=\"1482\" data-type=\"image\" class=\"fg-thumb\"><span class=\"fg-image-wrap\"><img decoding=\"async\" alt=\"Fonseca had its first company headquarters at Calle Dragones No. 39. Here is a view of the street; the first factory could have been in this house.\" width=\"250\" height=\"188\" class=\"skip-lazy fg-image\" data-src-fg=\"https:\/\/origin-of-cigar.com\/wp-content\/uploads\/cache\/2025\/11\/OOC-Fonseca-1-Dragones-1\/1555284304.jpg\" src=\"data:image\/svg+xml,%3Csvg%20xmlns%3D%22http%3A%2F%2Fwww.w3.org%2F2000%2Fsvg%22%20width%3D%22250%22%20height%3D%22188%22%20viewBox%3D%220%200%20250%20188%22%3E%3C%2Fsvg%3E\" loading=\"eager\"><\/span><span class=\"fg-image-overlay\"><\/span><\/a><figcaption class=\"fg-caption\"><div class=\"fg-caption-inner\"><div class=\"fg-caption-desc\">Fonseca had its first company headquarters at Calle Dragones No. 39. Here is a view of the street; the first factory could have been in this house.<\/div><\/div><\/figcaption><\/figure><div class=\"fg-loader\"><\/div><\/div><div class=\"fg-item fg-type-image fg-idle\"><figure class=\"fg-item-inner\"><a href=\"https:\/\/origin-of-cigar.com\/wp-content\/uploads\/2025\/11\/OOC-Fonseca-2-Gervasio-1.jpg\" data-caption-desc=\"Die Calle Gervasio befindet sich genau wie die Calle Dragones in Havannas Stadtteil Centro Habana. Auf dieser Stra\u00dfe, der genaue Standort ist nicht mehr bestimmbar, befand sich eine weitere Manufaktur der Marke Fonseca.\" data-attachment-id=\"1483\" data-type=\"image\" class=\"fg-thumb\"><span class=\"fg-image-wrap\"><img decoding=\"async\" alt=\"Like Calle Dragones, Calle Gervasio is located in Havana&#039;s Centro Habana district. Another Fonseca brand factory was located on this street, the exact location of which can no longer be determined.\" width=\"250\" height=\"188\" class=\"skip-lazy fg-image\" data-src-fg=\"https:\/\/origin-of-cigar.com\/wp-content\/uploads\/cache\/2025\/11\/OOC-Fonseca-2-Gervasio-1\/3665943128.jpg\" src=\"data:image\/svg+xml,%3Csvg%20xmlns%3D%22http%3A%2F%2Fwww.w3.org%2F2000%2Fsvg%22%20width%3D%22250%22%20height%3D%22188%22%20viewBox%3D%220%200%20250%20188%22%3E%3C%2Fsvg%3E\" loading=\"eager\"><\/span><span class=\"fg-image-overlay\"><\/span><\/a><figcaption class=\"fg-caption\"><div class=\"fg-caption-inner\"><div class=\"fg-caption-desc\">Like Calle Dragones, Calle Gervasio is located in Havana's Centro Habana district. Another Fonseca brand factory was located on this street, the exact location of which can no longer be determined.<\/div><\/div><\/figcaption><\/figure><div class=\"fg-loader\"><\/div><\/div><div class=\"fg-item fg-type-image fg-idle\"><figure class=\"fg-item-inner\"><a href=\"https:\/\/origin-of-cigar.com\/wp-content\/uploads\/2025\/11\/OOC-Fonseca-3-Galiano-1.jpg\" data-caption-desc=\"Die Manufaktur Fonseca auf der Calle Galiano No.466 (fr\u00fcher die No.102). In diesem auch heute noch wundersch\u00f6nen Haus befand sich die Manufaktur.\" data-attachment-id=\"1484\" data-type=\"image\" class=\"fg-thumb\"><span class=\"fg-image-wrap\"><img decoding=\"async\" alt=\"The Fonseca factory on Calle Galiano No.466 (formerly No.102). The factory was located in this house, which is still beautiful today.\" width=\"250\" height=\"333\" class=\"skip-lazy fg-image\" data-src-fg=\"https:\/\/origin-of-cigar.com\/wp-content\/uploads\/cache\/2025\/11\/OOC-Fonseca-3-Galiano-1\/968057666.jpg\" src=\"data:image\/svg+xml,%3Csvg%20xmlns%3D%22http%3A%2F%2Fwww.w3.org%2F2000%2Fsvg%22%20width%3D%22250%22%20height%3D%22333%22%20viewBox%3D%220%200%20250%20333%22%3E%3C%2Fsvg%3E\" loading=\"eager\"><\/span><span class=\"fg-image-overlay\"><\/span><\/a><figcaption class=\"fg-caption\"><div class=\"fg-caption-inner\"><div class=\"fg-caption-desc\">The Fonseca factory on Calle Galiano No.466 (formerly No.102). The factory was located in this house, which is still beautiful today.<\/div><\/div><\/figcaption><\/figure><div class=\"fg-loader\"><\/div><\/div><div class=\"fg-item fg-type-image fg-idle\"><figure class=\"fg-item-inner\"><a href=\"https:\/\/origin-of-cigar.com\/wp-content\/uploads\/2025\/11\/OOC-Fonseca-3-Galiano-2.jpg\" data-caption-desc=\"Die Inschrift am Giebel der ehemaligen Fonseca Manufaktur ist leider nicht mehr erhalten oder lesbar. \u201eFlor de Fonseca. Fabrica de Tabacos\u201c lautete die Aufschrift.\" data-attachment-id=\"1485\" data-type=\"image\" class=\"fg-thumb\"><span class=\"fg-image-wrap\"><img decoding=\"async\" alt=\"Unfortunately, the inscription on the gable of the former Fonseca factory is no longer preserved or legible. \u201eFlor de Fonseca. Fabrica de Tabacos\u201c was the inscription.\" width=\"250\" height=\"188\" class=\"skip-lazy fg-image\" data-src-fg=\"https:\/\/origin-of-cigar.com\/wp-content\/uploads\/cache\/2025\/11\/OOC-Fonseca-3-Galiano-2\/3842059365.jpg\" src=\"data:image\/svg+xml,%3Csvg%20xmlns%3D%22http%3A%2F%2Fwww.w3.org%2F2000%2Fsvg%22%20width%3D%22250%22%20height%3D%22188%22%20viewBox%3D%220%200%20250%20188%22%3E%3C%2Fsvg%3E\" loading=\"eager\"><\/span><span class=\"fg-image-overlay\"><\/span><\/a><figcaption class=\"fg-caption\"><div class=\"fg-caption-inner\"><div class=\"fg-caption-desc\">Unfortunately, the inscription on the gable of the former Fonseca factory is no longer preserved or legible. \u201eFlor de Fonseca. Fabrica de Tabacos\u201c was the inscription.<\/div><\/div><\/figcaption><\/figure><div class=\"fg-loader\"><\/div><\/div><div class=\"fg-item fg-type-image fg-idle\"><figure class=\"fg-item-inner\"><a href=\"https:\/\/origin-of-cigar.com\/wp-content\/uploads\/2025\/11\/OOC-Fonseca-3-Galiano-3.jpg\" data-caption-desc=\"Die massive und noch im Original erhaltene Eingangst\u00fcr der Fonseca Manufaktur wurde vor ein paar Jahren restauriert. Das Nummernschild befindet sich nun direkt auf der T\u00fcr.\" data-attachment-id=\"1486\" data-type=\"image\" class=\"fg-thumb\"><span class=\"fg-image-wrap\"><img decoding=\"async\" alt=\"The massive entrance door of the Fonseca Manufaktur was restored a few years ago and is still in its original condition. The licence plate is now located directly on the door.\" width=\"250\" height=\"297\" class=\"skip-lazy fg-image\" data-src-fg=\"https:\/\/origin-of-cigar.com\/wp-content\/uploads\/cache\/2025\/11\/OOC-Fonseca-3-Galiano-3\/3756848567.jpg\" src=\"data:image\/svg+xml,%3Csvg%20xmlns%3D%22http%3A%2F%2Fwww.w3.org%2F2000%2Fsvg%22%20width%3D%22250%22%20height%3D%22297%22%20viewBox%3D%220%200%20250%20297%22%3E%3C%2Fsvg%3E\" loading=\"eager\"><\/span><span class=\"fg-image-overlay\"><\/span><\/a><figcaption class=\"fg-caption\"><div class=\"fg-caption-inner\"><div class=\"fg-caption-desc\">The massive entrance door of the Fonseca Manufaktur was restored a few years ago and is still in its original condition. The licence plate is now located directly on the door.<\/div><\/div><\/figcaption><\/figure><div class=\"fg-loader\"><\/div><\/div><div class=\"fg-item fg-type-image fg-idle\"><figure class=\"fg-item-inner\"><a href=\"https:\/\/origin-of-cigar.com\/wp-content\/uploads\/2025\/11\/OOC-Fonseca-3-Galiano-4.jpg\" data-caption-desc=\"Einer der T\u00fcrpfosten zum Eingang der ehemaligen Fonseca Manufaktur auf der Calle Galiano No.466 (fr\u00fcher No.102).\" data-attachment-id=\"1487\" data-type=\"image\" class=\"fg-thumb\"><span class=\"fg-image-wrap\"><img decoding=\"async\" alt=\"One of the doorposts to the entrance of the former Fonseca factory on Calle Galiano No.466 (formerly No.102).\" width=\"250\" height=\"376\" class=\"skip-lazy fg-image\" data-src-fg=\"https:\/\/origin-of-cigar.com\/wp-content\/uploads\/cache\/2025\/11\/OOC-Fonseca-3-Galiano-4\/2266281066.jpg\" src=\"data:image\/svg+xml,%3Csvg%20xmlns%3D%22http%3A%2F%2Fwww.w3.org%2F2000%2Fsvg%22%20width%3D%22250%22%20height%3D%22376%22%20viewBox%3D%220%200%20250%20376%22%3E%3C%2Fsvg%3E\" loading=\"eager\"><\/span><span class=\"fg-image-overlay\"><\/span><\/a><figcaption class=\"fg-caption\"><div class=\"fg-caption-inner\"><div class=\"fg-caption-desc\">One of the doorposts to the entrance of the former Fonseca factory on Calle Galiano No.466 (formerly No.102).<\/div><\/div><\/figcaption><\/figure><div class=\"fg-loader\"><\/div><\/div><div class=\"fg-item fg-type-image fg-idle\"><figure class=\"fg-item-inner\"><a href=\"https:\/\/origin-of-cigar.com\/wp-content\/uploads\/2025\/11\/OOC-Fonseca-3-Galiano-5.jpg\" data-caption-desc=\"Die ehemalige Fonseca Manufaktur, heute ein Wohnhaus, ist ein wundersch\u00f6nes Geb\u00e4ude mit schmiedeeisernen Gel\u00e4ndern entlang der oberen Etagen.\" data-attachment-id=\"1488\" data-type=\"image\" class=\"fg-thumb\"><span class=\"fg-image-wrap\"><img decoding=\"async\" alt=\"The former Fonseca factory, now a residential building, is a beautiful building with wrought-iron railings along the upper floors.\" width=\"250\" height=\"188\" class=\"skip-lazy fg-image\" data-src-fg=\"https:\/\/origin-of-cigar.com\/wp-content\/uploads\/cache\/2025\/11\/OOC-Fonseca-3-Galiano-5\/3523478538.jpg\" src=\"data:image\/svg+xml,%3Csvg%20xmlns%3D%22http%3A%2F%2Fwww.w3.org%2F2000%2Fsvg%22%20width%3D%22250%22%20height%3D%22188%22%20viewBox%3D%220%200%20250%20188%22%3E%3C%2Fsvg%3E\" loading=\"eager\"><\/span><span class=\"fg-image-overlay\"><\/span><\/a><figcaption class=\"fg-caption\"><div class=\"fg-caption-inner\"><div class=\"fg-caption-desc\">The former Fonseca factory, now a residential building, is a beautiful building with wrought-iron railings along the upper floors.<\/div><\/div><\/figcaption><\/figure><div class=\"fg-loader\"><\/div><\/div><div class=\"fg-item fg-type-image fg-idle\"><figure class=\"fg-item-inner\"><a href=\"https:\/\/origin-of-cigar.com\/wp-content\/uploads\/2025\/11\/OOC-Fonseca-3-Galiano-6.jpg\" data-caption-desc=\"So sah die Eingangst\u00fcr der Fonseca Manufaktur vor der Sanierung vor ein paar Jahren aus. Der Hauseingang auf dieser belebten Stra\u00dfe wird gerne zum Verweilen genutzt.\" data-attachment-id=\"1489\" data-type=\"image\" class=\"fg-thumb\"><span class=\"fg-image-wrap\"><img decoding=\"async\" alt=\"This is what the entrance to Fonseca Manufaktur looked like before it was renovated a few years ago. The entrance to the building on this busy street is a popular place to linger.\" width=\"250\" height=\"376\" class=\"skip-lazy fg-image\" data-src-fg=\"https:\/\/origin-of-cigar.com\/wp-content\/uploads\/cache\/2025\/11\/OOC-Fonseca-3-Galiano-6\/246827821.jpg\" src=\"data:image\/svg+xml,%3Csvg%20xmlns%3D%22http%3A%2F%2Fwww.w3.org%2F2000%2Fsvg%22%20width%3D%22250%22%20height%3D%22376%22%20viewBox%3D%220%200%20250%20376%22%3E%3C%2Fsvg%3E\" loading=\"eager\"><\/span><span class=\"fg-image-overlay\"><\/span><\/a><figcaption class=\"fg-caption\"><div class=\"fg-caption-inner\"><div class=\"fg-caption-desc\">This is what the entrance to Fonseca Manufaktur looked like before it was renovated a few years ago. The entrance to the building on this busy street is a popular place to linger.<\/div><\/div><\/figcaption><\/figure><div class=\"fg-loader\"><\/div><\/div><div class=\"fg-item fg-type-image fg-idle\"><figure class=\"fg-item-inner\"><a href=\"https:\/\/origin-of-cigar.com\/wp-content\/uploads\/2025\/11\/OOC-Fonseca-3-Galiano-7.jpg\" data-caption-desc=\"Stuckarbeiten zieren das Geb\u00e4ude der ehemaligen Fonseca Manufaktur auf der Calle Galiano. Die Stra\u00dfe hie\u00df fr\u00fcher Avenida de Galcano, danach und auch heute noch Avenida de Italia (Italia steht meist auf den Stra\u00dfenschildern) oder Galiano.\" data-attachment-id=\"1490\" data-type=\"image\" class=\"fg-thumb\"><span class=\"fg-image-wrap\"><img decoding=\"async\" alt=\"Stucco work adorns the building of the former Fonseca factory on Calle Galiano. The street used to be called Avenida de Galcano, then and still today Avenida de Italia (Italia is usually written on the street signs) or Galiano.\" width=\"250\" height=\"333\" class=\"skip-lazy fg-image\" data-src-fg=\"https:\/\/origin-of-cigar.com\/wp-content\/uploads\/cache\/2025\/11\/OOC-Fonseca-3-Galiano-7\/4026758261.jpg\" src=\"data:image\/svg+xml,%3Csvg%20xmlns%3D%22http%3A%2F%2Fwww.w3.org%2F2000%2Fsvg%22%20width%3D%22250%22%20height%3D%22333%22%20viewBox%3D%220%200%20250%20333%22%3E%3C%2Fsvg%3E\" loading=\"eager\"><\/span><span class=\"fg-image-overlay\"><\/span><\/a><figcaption class=\"fg-caption\"><div class=\"fg-caption-inner\"><div class=\"fg-caption-desc\">Stucco work adorns the building of the former Fonseca factory on Calle Galiano. The street used to be called Avenida de Galcano, then and still today Avenida de Italia (Italia is usually written on the street signs) or Galiano.<\/div><\/div><\/figcaption><\/figure><div class=\"fg-loader\"><\/div><\/div><div class=\"fg-item fg-type-image fg-idle\"><figure class=\"fg-item-inner\"><a href=\"https:\/\/origin-of-cigar.com\/wp-content\/uploads\/2025\/11\/OOC-Fonseca-3-Galiano-8.jpg\" data-caption-desc=\"Das Geb\u00e4ude der ehemaligen Fonseca Manufaktur ist solide gebaut, wie man an dieser Holzdecke im Durchgang zwischen dem Eingang und den Torb\u00f6gen sehen kann.\" data-attachment-id=\"1491\" data-type=\"image\" class=\"fg-thumb\"><span class=\"fg-image-wrap\"><img decoding=\"async\" alt=\"The building of the former Fonseca manufactory is solidly built, as you can see from this wooden ceiling in the passageway between the entrance and the archways.\" width=\"250\" height=\"333\" class=\"skip-lazy fg-image\" data-src-fg=\"https:\/\/origin-of-cigar.com\/wp-content\/uploads\/cache\/2025\/11\/OOC-Fonseca-3-Galiano-8\/2065575453.jpg\" src=\"data:image\/svg+xml,%3Csvg%20xmlns%3D%22http%3A%2F%2Fwww.w3.org%2F2000%2Fsvg%22%20width%3D%22250%22%20height%3D%22333%22%20viewBox%3D%220%200%20250%20333%22%3E%3C%2Fsvg%3E\" loading=\"eager\"><\/span><span class=\"fg-image-overlay\"><\/span><\/a><figcaption class=\"fg-caption\"><div class=\"fg-caption-inner\"><div class=\"fg-caption-desc\">The building of the former Fonseca manufactory is solidly built, as you can see from this wooden ceiling in the passageway between the entrance and the archways.<\/div><\/div><\/figcaption><\/figure><div class=\"fg-loader\"><\/div><\/div><div class=\"fg-item fg-type-image fg-idle\"><figure class=\"fg-item-inner\"><a href=\"https:\/\/origin-of-cigar.com\/wp-content\/uploads\/2025\/11\/OOC-Fonseca-3-Galiano-9.jpg\" data-caption-desc=\"Die Calle Galiano (oder auch Avenida de Italia) ist eine sehr belebte Stra\u00dfe, die direkt zum Malecon f\u00fchrt. Die Manufaktur von Fonseca befindet sich hier auf der rechten Stra\u00dfenseite, erkennbar am runden Giebel.\" data-attachment-id=\"1492\" data-type=\"image\" class=\"fg-thumb\"><span class=\"fg-image-wrap\"><img decoding=\"async\" alt=\"Calle Galiano (or Avenida de Italia) is a very busy street that leads directly to the Malecon. The Fonseca factory is located here on the right-hand side of the street, recognisable by its round gable.\" width=\"250\" height=\"188\" class=\"skip-lazy fg-image\" data-src-fg=\"https:\/\/origin-of-cigar.com\/wp-content\/uploads\/cache\/2025\/11\/OOC-Fonseca-3-Galiano-9\/1106507727.jpg\" src=\"data:image\/svg+xml,%3Csvg%20xmlns%3D%22http%3A%2F%2Fwww.w3.org%2F2000%2Fsvg%22%20width%3D%22250%22%20height%3D%22188%22%20viewBox%3D%220%200%20250%20188%22%3E%3C%2Fsvg%3E\" loading=\"eager\"><\/span><span class=\"fg-image-overlay\"><\/span><\/a><figcaption class=\"fg-caption\"><div class=\"fg-caption-inner\"><div class=\"fg-caption-desc\">Calle Galiano (or Avenida de Italia) is a very busy street that leads directly to the Malecon. The Fonseca factory is located here on the right-hand side of the street, recognisable by its round gable.<\/div><\/div><\/figcaption><\/figure><div class=\"fg-loader\"><\/div><\/div><\/div>\n\n\n\n<div style=\"height:41px\" aria-hidden=\"true\" class=\"wp-block-spacer\"><\/div>\n\n\n\n<p>\ud83d\udc49 <strong><a href=\"https:\/\/origin-of-cigar.com\/en\/partagas-history\/\"><strong><a href=\"https:\/\/origin-of-cigar.com\/en\/fonseca-history\/\">Read now \ud83d\udc49 Fonseca history - the timeless elegance of a Cuban legend<\/a><\/strong><\/a><\/strong><\/p>\n\n\n\n<p><strong>External website:<\/strong> <a href=\"https:\/\/www.youtube.com\/watch?v=Tv0W_jfk7Iw\" target=\"_blank\" rel=\"noopener\">YouTube: Film documentary Historical Habanos Manufactories<\/a><\/p>","protected":false},"excerpt":{"rendered":"<p>Fotos Diese Fotos Fonseca Galerie zeigt die Marke in ihrer stillen Eleganz \u2013 mit Aufnahmen aus einer Zeit, als das historische Geb\u00e4ude noch betreten werden&hellip;<\/p>","protected":false},"author":2,"featured_media":0,"parent":1915,"menu_order":0,"comment_status":"closed","ping_status":"closed","template":"","meta":{"om_disable_all_campaigns":false,"_glsr_average":0,"_glsr_ranking":0,"_glsr_reviews":0,"footnotes":""},"class_list":["post-1510","page","type-page","status-publish","hentry"],"jetpack_sharing_enabled":true,"_links":{"self":[{"href":"https:\/\/origin-of-cigar.com\/en\/wp-json\/wp\/v2\/pages\/1510","targetHints":{"allow":["GET"]}}],"collection":[{"href":"https:\/\/origin-of-cigar.com\/en\/wp-json\/wp\/v2\/pages"}],"about":[{"href":"https:\/\/origin-of-cigar.com\/en\/wp-json\/wp\/v2\/types\/page"}],"author":[{"embeddable":true,"href":"https:\/\/origin-of-cigar.com\/en\/wp-json\/wp\/v2\/users\/2"}],"replies":[{"embeddable":true,"href":"https:\/\/origin-of-cigar.com\/en\/wp-json\/wp\/v2\/comments?post=1510"}],"version-history":[{"count":5,"href":"https:\/\/origin-of-cigar.com\/en\/wp-json\/wp\/v2\/pages\/1510\/revisions"}],"predecessor-version":[{"id":1516,"href":"https:\/\/origin-of-cigar.com\/en\/wp-json\/wp\/v2\/pages\/1510\/revisions\/1516"}],"up":[{"embeddable":true,"href":"https:\/\/origin-of-cigar.com\/en\/wp-json\/wp\/v2\/pages\/1915"}],"wp:attachment":[{"href":"https:\/\/origin-of-cigar.com\/en\/wp-json\/wp\/v2\/media?parent=1510"}],"curies":[{"name":"wp","href":"https:\/\/api.w.org\/{rel}","templated":true}]}}