{"id":1317,"date":"2025-10-26T18:00:47","date_gmt":"2025-10-26T18:00:47","guid":{"rendered":"https:\/\/origin-of-cigar.com\/?page_id=1317"},"modified":"2025-12-02T13:33:24","modified_gmt":"2025-12-02T13:33:24","slug":"photos-montecristo","status":"publish","type":"page","link":"https:\/\/origin-of-cigar.com\/en\/fotos-geschichte-kubanischer-zigarrenmarken\/fotos-montecristo\/","title":{"rendered":"Photos Montecristo history"},"content":{"rendered":"<h2 class=\"wp-block-heading\">Photos<\/h2>\n\n\n\n<p>These photos of Montecristo provide an insight into the history of one of Cuba's most famous brands. Workshops, old production rooms and architectural details convey the special flair that has surrounded Montecristo for decades. The photographs capture the atmosphere in which legends were created - between tradition, craftsmanship and myth.<\/p>\n\n\n\n<figure class=\"wp-block-image size-full\"><img loading=\"lazy\" decoding=\"async\" width=\"1000\" height=\"893\" src=\"https:\/\/origin-of-cigar.com\/wp-content\/uploads\/2025\/10\/OOC-Montecristo-Logo.jpg\" alt=\"Simple and elegant: six crossed swords, with the fleur-de-lis in the centre. Photos Montecristo.\" class=\"wp-image-1281\" srcset=\"https:\/\/origin-of-cigar.com\/wp-content\/uploads\/2025\/10\/OOC-Montecristo-Logo.jpg 1000w, https:\/\/origin-of-cigar.com\/wp-content\/uploads\/2025\/10\/OOC-Montecristo-Logo-300x268.jpg 300w, https:\/\/origin-of-cigar.com\/wp-content\/uploads\/2025\/10\/OOC-Montecristo-Logo-768x686.jpg 768w, https:\/\/origin-of-cigar.com\/wp-content\/uploads\/2025\/10\/OOC-Montecristo-Logo-13x12.jpg 13w, https:\/\/origin-of-cigar.com\/wp-content\/uploads\/2025\/10\/OOC-Montecristo-Logo-624x557.jpg 624w\" sizes=\"auto, (max-width: 1000px) 100vw, 1000px\" \/><\/figure>\n\n\n\n<h2 class=\"wp-block-heading\">History<\/h2>\n\n\n\n<p><br>The gallery conveys a sense of atmosphere and history - from the brand's beginnings to the cigars that have become legendary. For lovers of <strong>Montecristo<\/strong> this is a rare visual journey through the world of cigars whose name has been synonymous with excitement, elegance and Cuban soul for generations.<br><\/p>\n\n\n\n<p>\ud83d\udc49 <strong><a href=\"https:\/\/origin-of-cigar.com\/en\/montecristo-history\/\">Read now \ud83d\udc49 Montecristo history - a fascinating saga of success full of style and precision<\/a><\/strong><\/p>\n\n\n<style type=\"text\/css\">\n#foogallery-gallery-1295.fg-masonry .fg-item { width: 250px; }\n#foogallery-gallery-1295.fg-masonry { --fg-gutter: 10px; }<\/style>\n\t\t\t<div class=\"foogallery foogallery-container foogallery-masonry foogallery-lightbox-foogallery fg-center fg-masonry fg-ready fg-dark fg-border-medium fg-round-small fg-shadow-outline fg-loading-default fg-loaded-fade-in fg-hover-semi-zoomed fg-captions-bottom fg-hover-fade fg-hover-zoom4 fg-fixed\" id=\"foogallery-gallery-1295\" data-foogallery=\"{&quot;item&quot;:{&quot;showCaptionTitle&quot;:true,&quot;showCaptionDescription&quot;:true},&quot;lazy&quot;:true,&quot;template&quot;:{&quot;columnWidth&quot;:250,&quot;gutter&quot;:10}}\" data-foogallery-lightbox=\"{&quot;thumbs&quot;:&quot;bottom&quot;,&quot;thumbsCaptions&quot;:false,&quot;thumbsBestFit&quot;:false,&quot;thumbsSmall&quot;:false,&quot;thumbsCaptionsAlign&quot;:&quot;default&quot;,&quot;info&quot;:&quot;bottom&quot;,&quot;infoVisible&quot;:true,&quot;infoOverlay&quot;:true,&quot;infoAlign&quot;:&quot;default&quot;,&quot;transition&quot;:&quot;fade&quot;,&quot;hoverButtons&quot;:false,&quot;fitMedia&quot;:false,&quot;noScrollbars&quot;:true,&quot;preserveButtonSpace&quot;:true,&quot;buttons&quot;:{&quot;fullscreen&quot;:true,&quot;info&quot;:true,&quot;thumbs&quot;:false},&quot;video&quot;:{&quot;autoPlay&quot;:true}}\" style=\"--fg-title-line-clamp: 1; --fg-description-line-clamp: 2;\" >\n\t\t<div class=\"fg-item fg-type-image fg-idle\"><figure class=\"fg-item-inner\"><a href=\"https:\/\/origin-of-cigar.com\/wp-content\/uploads\/2025\/10\/OOC-Montecristo-Banner.jpg\" data-caption-desc=\"Auch heute noch geh\u00f6ren sie zusammen: die Marken Montecristo und H.Upmann, gefertigt in derselben Fabrik.\" data-attachment-id=\"1278\" data-type=\"image\" class=\"fg-thumb\"><span class=\"fg-image-wrap\"><img fetchpriority=\"high\" decoding=\"async\" alt=\"They still belong together today: the Montecristo and H.Upmann brands, manufactured in the same factory.\" width=\"250\" height=\"365\" class=\"skip-lazy fg-image\" data-src-fg=\"https:\/\/origin-of-cigar.com\/wp-content\/uploads\/cache\/2025\/10\/OOC-Montecristo-Banner\/3681830033.jpg\" src=\"data:image\/svg+xml,%3Csvg%20xmlns%3D%22http%3A%2F%2Fwww.w3.org%2F2000%2Fsvg%22%20width%3D%22250%22%20height%3D%22365%22%20viewBox%3D%220%200%20250%20365%22%3E%3C%2Fsvg%3E\" loading=\"eager\"><\/span><span class=\"fg-image-overlay\"><\/span><\/a><figcaption class=\"fg-caption\"><div class=\"fg-caption-inner\"><div class=\"fg-caption-desc\">They still belong together today: the Montecristo and H.Upmann brands, manufactured in the same factory.<\/div><\/div><\/figcaption><\/figure><div class=\"fg-loader\"><\/div><\/div><div class=\"fg-item fg-type-image fg-idle\"><figure class=\"fg-item-inner\"><a href=\"https:\/\/origin-of-cigar.com\/wp-content\/uploads\/2025\/10\/OOC-Montecristo-Kisten-1.jpg\" data-caption-desc=\"Der gelbe Hintergrund, davor das schlichte Logo in mattem Gold und Rot. Als das Logo entworfen wurde, war das ein Novum. Die Logos der anderen Marken waren reich bebildert, mit viel Gold und sehr \u00fcppig.\" data-attachment-id=\"1279\" data-type=\"image\" class=\"fg-thumb\"><span class=\"fg-image-wrap\"><img decoding=\"async\" alt=\"The yellow background with the simple logo in matt gold and red in front of it. When the logo was designed, this was a novelty. The logos of the other brands were richly illustrated, with lots of gold and very opulent.\" width=\"250\" height=\"363\" class=\"skip-lazy fg-image\" data-src-fg=\"https:\/\/origin-of-cigar.com\/wp-content\/uploads\/cache\/2025\/10\/OOC-Montecristo-Kisten-1\/3060471147.jpg\" src=\"data:image\/svg+xml,%3Csvg%20xmlns%3D%22http%3A%2F%2Fwww.w3.org%2F2000%2Fsvg%22%20width%3D%22250%22%20height%3D%22363%22%20viewBox%3D%220%200%20250%20363%22%3E%3C%2Fsvg%3E\" loading=\"eager\"><\/span><span class=\"fg-image-overlay\"><\/span><\/a><figcaption class=\"fg-caption\"><div class=\"fg-caption-inner\"><div class=\"fg-caption-desc\">The yellow background with the simple logo in matt gold and red in front of it. When the logo was designed, this was a novelty. The logos of the other brands were richly illustrated, with lots of gold and very opulent.<\/div><\/div><\/figcaption><\/figure><div class=\"fg-loader\"><\/div><\/div><div class=\"fg-item fg-type-image fg-idle\"><figure class=\"fg-item-inner\"><a href=\"https:\/\/origin-of-cigar.com\/wp-content\/uploads\/2025\/10\/OOC-Montecristo-Kisten-2.jpg\" data-caption-desc=\"Die Marke Montecristo geh\u00f6rt zu den so genannten Global Brands der Habanos Marken.\" data-attachment-id=\"1280\" data-type=\"image\" class=\"fg-thumb\"><span class=\"fg-image-wrap\"><img decoding=\"async\" alt=\"The Montecristo brand is one of the so-called Global Brands of Habanos brands.\" width=\"250\" height=\"157\" class=\"skip-lazy fg-image\" data-src-fg=\"https:\/\/origin-of-cigar.com\/wp-content\/uploads\/cache\/2025\/10\/OOC-Montecristo-Kisten-2\/3692955106.jpg\" src=\"data:image\/svg+xml,%3Csvg%20xmlns%3D%22http%3A%2F%2Fwww.w3.org%2F2000%2Fsvg%22%20width%3D%22250%22%20height%3D%22157%22%20viewBox%3D%220%200%20250%20157%22%3E%3C%2Fsvg%3E\" loading=\"eager\"><\/span><span class=\"fg-image-overlay\"><\/span><\/a><figcaption class=\"fg-caption\"><div class=\"fg-caption-inner\"><div class=\"fg-caption-desc\">The Montecristo brand is one of the so-called Global Brands of Habanos brands.<\/div><\/div><\/figcaption><\/figure><div class=\"fg-loader\"><\/div><\/div><div class=\"fg-item fg-type-image fg-idle\"><figure class=\"fg-item-inner\"><a href=\"https:\/\/origin-of-cigar.com\/wp-content\/uploads\/2025\/10\/OOC-Montecristo-Logo.jpg\" data-caption-desc=\"Schlicht und elegant: sechs gekreuzte Schwerter, in der Mitte die Lilie.\" data-attachment-id=\"1281\" data-type=\"image\" class=\"fg-thumb\"><span class=\"fg-image-wrap\"><img decoding=\"async\" alt=\"Simple and elegant: six crossed swords, with the fleur-de-lis in the centre.\" width=\"250\" height=\"223\" class=\"skip-lazy fg-image\" data-src-fg=\"https:\/\/origin-of-cigar.com\/wp-content\/uploads\/cache\/2025\/10\/OOC-Montecristo-Logo\/3255294113.jpg\" src=\"data:image\/svg+xml,%3Csvg%20xmlns%3D%22http%3A%2F%2Fwww.w3.org%2F2000%2Fsvg%22%20width%3D%22250%22%20height%3D%22223%22%20viewBox%3D%220%200%20250%20223%22%3E%3C%2Fsvg%3E\" loading=\"eager\"><\/span><span class=\"fg-image-overlay\"><\/span><\/a><figcaption class=\"fg-caption\"><div class=\"fg-caption-inner\"><div class=\"fg-caption-desc\">Simple and elegant: six crossed swords, with the fleur-de-lis in the centre.<\/div><\/div><\/figcaption><\/figure><div class=\"fg-loader\"><\/div><\/div><div class=\"fg-item fg-type-image fg-idle\"><figure class=\"fg-item-inner\"><a href=\"https:\/\/origin-of-cigar.com\/wp-content\/uploads\/2025\/10\/OOC-Montecristo-Menendez.jpg\" data-caption-desc=\"Alonso Men\u00e9ndez, einer der Gr\u00fcnder der Marke Montecristo. Foto: Habano Magazin 1935.\" data-attachment-id=\"1282\" data-type=\"image\" class=\"fg-thumb\"><span class=\"fg-image-wrap\"><img decoding=\"async\" alt=\"Alonso Men\u00e9ndez, one of the founders of the Montecristo brand. Photo: Habano Magazine 1935.\" width=\"250\" height=\"411\" class=\"skip-lazy fg-image\" data-src-fg=\"https:\/\/origin-of-cigar.com\/wp-content\/uploads\/cache\/2025\/10\/OOC-Montecristo-Menendez\/4168169795.jpg\" src=\"data:image\/svg+xml,%3Csvg%20xmlns%3D%22http%3A%2F%2Fwww.w3.org%2F2000%2Fsvg%22%20width%3D%22250%22%20height%3D%22411%22%20viewBox%3D%220%200%20250%20411%22%3E%3C%2Fsvg%3E\" loading=\"eager\"><\/span><span class=\"fg-image-overlay\"><\/span><\/a><figcaption class=\"fg-caption\"><div class=\"fg-caption-inner\"><div class=\"fg-caption-desc\">Alonso Men\u00e9ndez, one of the founders of the Montecristo brand. Photo: Habano Magazine 1935.<\/div><\/div><\/figcaption><\/figure><div class=\"fg-loader\"><\/div><\/div><div class=\"fg-item fg-type-image fg-idle\"><figure class=\"fg-item-inner\"><a href=\"https:\/\/origin-of-cigar.com\/wp-content\/uploads\/2025\/10\/OOC-Montecristo-Ringe.jpg\" data-caption-desc=\"Die Zigarrenringe der Marke Montecristo haben in der Mitte, in Anlehnung an das Logo der Marke, eine goldene Lilie.\" data-attachment-id=\"1283\" data-type=\"image\" class=\"fg-thumb\"><span class=\"fg-image-wrap\"><img decoding=\"async\" alt=\"The Montecristo brand cigar rings have a golden lily in the centre, in reference to the brand logo.\" width=\"250\" height=\"375\" class=\"skip-lazy fg-image\" data-src-fg=\"https:\/\/origin-of-cigar.com\/wp-content\/uploads\/cache\/2025\/10\/OOC-Montecristo-Ringe\/35514114.jpg\" src=\"data:image\/svg+xml,%3Csvg%20xmlns%3D%22http%3A%2F%2Fwww.w3.org%2F2000%2Fsvg%22%20width%3D%22250%22%20height%3D%22375%22%20viewBox%3D%220%200%20250%20375%22%3E%3C%2Fsvg%3E\" loading=\"eager\"><\/span><span class=\"fg-image-overlay\"><\/span><\/a><figcaption class=\"fg-caption\"><div class=\"fg-caption-inner\"><div class=\"fg-caption-desc\">The Montecristo brand cigar rings have a golden lily in the centre, in reference to the brand logo.<\/div><\/div><\/figcaption><\/figure><div class=\"fg-loader\"><\/div><\/div><div class=\"fg-item fg-type-image fg-idle\"><figure class=\"fg-item-inner\"><a href=\"https:\/\/origin-of-cigar.com\/wp-content\/uploads\/2025\/10\/OOC-Montecristo-Zigarre-1.jpg\" data-caption-desc=\"Die lange Jahre meistverkaufte Montecristo: die Montecristo No.4\" data-attachment-id=\"1284\" data-type=\"image\" class=\"fg-thumb\"><span class=\"fg-image-wrap\"><img decoding=\"async\" alt=\"The best-selling Montecristo for many years: the Montecristo No.4\" width=\"250\" height=\"199\" class=\"skip-lazy fg-image\" data-src-fg=\"https:\/\/origin-of-cigar.com\/wp-content\/uploads\/cache\/2025\/10\/OOC-Montecristo-Zigarre-1\/1610314814.jpg\" src=\"data:image\/svg+xml,%3Csvg%20xmlns%3D%22http%3A%2F%2Fwww.w3.org%2F2000%2Fsvg%22%20width%3D%22250%22%20height%3D%22199%22%20viewBox%3D%220%200%20250%20199%22%3E%3C%2Fsvg%3E\" loading=\"eager\"><\/span><span class=\"fg-image-overlay\"><\/span><\/a><figcaption class=\"fg-caption\"><div class=\"fg-caption-inner\"><div class=\"fg-caption-desc\">The best-selling Montecristo for many years: the Montecristo No.4<\/div><\/div><\/figcaption><\/figure><div class=\"fg-loader\"><\/div><\/div><div class=\"fg-item fg-type-image fg-idle\"><figure class=\"fg-item-inner\"><a href=\"https:\/\/origin-of-cigar.com\/wp-content\/uploads\/2025\/10\/OOC-Montecristo1-Calle23-1.jpg\" data-caption-desc=\"Aus dieser Fabrik auf der Calle 23 kommen 1935 die allerersten Montecristo. Damals war dies noch die Particulares-Fabrik. Menendez und Garcia hatten diese gerade gekauft. Von 2003 bis 2011 wurden sowohl die H.Upmann wie auch die Montecristo (noch mal) hier gefertigt.\" data-attachment-id=\"1285\" data-type=\"image\" class=\"fg-thumb\"><span class=\"fg-image-wrap\"><img decoding=\"async\" alt=\"The very first Montecristos came from this factory on Calle 23 in 1935. At that time, this was still the Particulares factory. Menendez and Garcia had just bought it. From 2003 to 2011, both the H.Upmann and the Montecristo were (once again) manufactured here.\" width=\"250\" height=\"239\" class=\"skip-lazy fg-image\" data-src-fg=\"https:\/\/origin-of-cigar.com\/wp-content\/uploads\/cache\/2025\/10\/OOC-Montecristo1-Calle23-1\/296159958.jpg\" src=\"data:image\/svg+xml,%3Csvg%20xmlns%3D%22http%3A%2F%2Fwww.w3.org%2F2000%2Fsvg%22%20width%3D%22250%22%20height%3D%22239%22%20viewBox%3D%220%200%20250%20239%22%3E%3C%2Fsvg%3E\" loading=\"eager\"><\/span><span class=\"fg-image-overlay\"><\/span><\/a><figcaption class=\"fg-caption\"><div class=\"fg-caption-inner\"><div class=\"fg-caption-desc\">The very first Montecristos came from this factory on Calle 23 in 1935. At that time, this was still the Particulares factory. Menendez and Garcia had just bought it. From 2003 to 2011, both the H.Upmann and the Montecristo were (once again) manufactured here.<\/div><\/div><\/figcaption><\/figure><div class=\"fg-loader\"><\/div><\/div><div class=\"fg-item fg-type-image fg-idle\"><figure class=\"fg-item-inner\"><a href=\"https:\/\/origin-of-cigar.com\/wp-content\/uploads\/2025\/10\/OOC-Montecristo2-Virtudes-1.jpg\" data-caption-desc=\"Ab 1937 werden die Montecristo Zigarren auf der Calle Virtudes No.609 hergestellt.\" data-attachment-id=\"1286\" data-type=\"image\" class=\"fg-thumb\"><span class=\"fg-image-wrap\"><img decoding=\"async\" alt=\"Montecristo cigars have been produced at Calle Virtudes No. 609 since 1937.\" width=\"250\" height=\"376\" class=\"skip-lazy fg-image\" data-src-fg=\"https:\/\/origin-of-cigar.com\/wp-content\/uploads\/cache\/2025\/10\/OOC-Montecristo2-Virtudes-1\/347784657.jpg\" src=\"data:image\/svg+xml,%3Csvg%20xmlns%3D%22http%3A%2F%2Fwww.w3.org%2F2000%2Fsvg%22%20width%3D%22250%22%20height%3D%22376%22%20viewBox%3D%220%200%20250%20376%22%3E%3C%2Fsvg%3E\" loading=\"eager\"><\/span><span class=\"fg-image-overlay\"><\/span><\/a><figcaption class=\"fg-caption\"><div class=\"fg-caption-inner\"><div class=\"fg-caption-desc\">Montecristo cigars have been produced at Calle Virtudes No. 609 since 1937.<\/div><\/div><\/figcaption><\/figure><div class=\"fg-loader\"><\/div><\/div><div class=\"fg-item fg-type-image fg-idle\"><figure class=\"fg-item-inner\"><a href=\"https:\/\/origin-of-cigar.com\/wp-content\/uploads\/2025\/10\/OOC-Montecristo2-Virtudes-2.jpg\" data-caption-desc=\"Diese Fabrik war gleichzeitig die H.Upmann-Fabrik, diese beiden Marken stammen ab 1937 aus einem Haus.\" data-attachment-id=\"1287\" data-type=\"image\" class=\"fg-thumb\"><span class=\"fg-image-wrap\"><img decoding=\"async\" alt=\"This factory was also the H.Upmann factory; these two brands came from the same company from 1937 onwards.\" width=\"250\" height=\"376\" class=\"skip-lazy fg-image\" data-src-fg=\"https:\/\/origin-of-cigar.com\/wp-content\/uploads\/cache\/2025\/10\/OOC-Montecristo2-Virtudes-2\/4062060413.jpg\" src=\"data:image\/svg+xml,%3Csvg%20xmlns%3D%22http%3A%2F%2Fwww.w3.org%2F2000%2Fsvg%22%20width%3D%22250%22%20height%3D%22376%22%20viewBox%3D%220%200%20250%20376%22%3E%3C%2Fsvg%3E\" loading=\"eager\"><\/span><span class=\"fg-image-overlay\"><\/span><\/a><figcaption class=\"fg-caption\"><div class=\"fg-caption-inner\"><div class=\"fg-caption-desc\">This factory was also the H.Upmann factory; these two brands came from the same company from 1937 onwards.<\/div><\/div><\/figcaption><\/figure><div class=\"fg-loader\"><\/div><\/div><div class=\"fg-item fg-type-image fg-idle\"><figure class=\"fg-item-inner\"><a href=\"https:\/\/origin-of-cigar.com\/wp-content\/uploads\/2025\/10\/OOC-Montecristo2-Virtudes-3.jpg\" data-caption-desc=\"Die Calle Virtudes befindet sich in Havannas Stadtteil Centro Habana, direkt angrenzend an die Altstadt.\" data-attachment-id=\"1288\" data-type=\"image\" class=\"fg-thumb\"><span class=\"fg-image-wrap\"><img decoding=\"async\" alt=\"Calle Virtudes is located in Havana&#039;s Centro Habana neighbourhood, directly adjacent to the old town.\" width=\"250\" height=\"376\" class=\"skip-lazy fg-image\" data-src-fg=\"https:\/\/origin-of-cigar.com\/wp-content\/uploads\/cache\/2025\/10\/OOC-Montecristo2-Virtudes-3\/178974133.jpg\" src=\"data:image\/svg+xml,%3Csvg%20xmlns%3D%22http%3A%2F%2Fwww.w3.org%2F2000%2Fsvg%22%20width%3D%22250%22%20height%3D%22376%22%20viewBox%3D%220%200%20250%20376%22%3E%3C%2Fsvg%3E\" loading=\"eager\"><\/span><span class=\"fg-image-overlay\"><\/span><\/a><figcaption class=\"fg-caption\"><div class=\"fg-caption-inner\"><div class=\"fg-caption-desc\">Calle Virtudes is located in Havana's Centro Habana neighbourhood, directly adjacent to the old town.<\/div><\/div><\/figcaption><\/figure><div class=\"fg-loader\"><\/div><\/div><div class=\"fg-item fg-type-image fg-idle\"><figure class=\"fg-item-inner\"><a href=\"https:\/\/origin-of-cigar.com\/wp-content\/uploads\/2025\/10\/OOC-Montecristo3-Amistad-1.jpg\" data-caption-desc=\"1944 wurde die Produktion der Montecristo Zigarren auf die Calle Amistad verlagert.\" data-attachment-id=\"1289\" data-type=\"image\" class=\"fg-thumb\"><span class=\"fg-image-wrap\"><img decoding=\"async\" alt=\"In 1944, the production of Montecristo cigars was relocated to Calle Amistad.\" width=\"250\" height=\"412\" class=\"skip-lazy fg-image\" data-src-fg=\"https:\/\/origin-of-cigar.com\/wp-content\/uploads\/cache\/2025\/10\/OOC-Montecristo3-Amistad-1\/1563558793.jpg\" src=\"data:image\/svg+xml,%3Csvg%20xmlns%3D%22http%3A%2F%2Fwww.w3.org%2F2000%2Fsvg%22%20width%3D%22250%22%20height%3D%22412%22%20viewBox%3D%220%200%20250%20412%22%3E%3C%2Fsvg%3E\" loading=\"eager\"><\/span><span class=\"fg-image-overlay\"><\/span><\/a><figcaption class=\"fg-caption\"><div class=\"fg-caption-inner\"><div class=\"fg-caption-desc\">In 1944, the production of Montecristo cigars was relocated to Calle Amistad.<\/div><\/div><\/figcaption><\/figure><div class=\"fg-loader\"><\/div><\/div><div class=\"fg-item fg-type-image fg-idle\"><figure class=\"fg-item-inner\"><a href=\"https:\/\/origin-of-cigar.com\/wp-content\/uploads\/2025\/10\/OOC-Montecristo3-Amistad-2.jpg\" data-caption-desc=\"Bekannter ist diese Fabrik unter dem Namen \u201eH.Upmann-Manufaktur\u201c. \u00dcberall im Haus finden sich Hinweise auf diese Marke.\" data-attachment-id=\"1290\" data-type=\"image\" class=\"fg-thumb\"><span class=\"fg-image-wrap\"><img decoding=\"async\" alt=\"This factory is better known under the name \u201eH.Upmann-Manufaktur\u201c. References to this brand can be found everywhere in the house.\" width=\"250\" height=\"166\" class=\"skip-lazy fg-image\" data-src-fg=\"https:\/\/origin-of-cigar.com\/wp-content\/uploads\/cache\/2025\/10\/OOC-Montecristo3-Amistad-2\/2471086435.jpg\" src=\"data:image\/svg+xml,%3Csvg%20xmlns%3D%22http%3A%2F%2Fwww.w3.org%2F2000%2Fsvg%22%20width%3D%22250%22%20height%3D%22166%22%20viewBox%3D%220%200%20250%20166%22%3E%3C%2Fsvg%3E\" loading=\"eager\"><\/span><span class=\"fg-image-overlay\"><\/span><\/a><figcaption class=\"fg-caption\"><div class=\"fg-caption-inner\"><div class=\"fg-caption-desc\">This factory is better known under the name \u201eH.Upmann-Manufaktur\u201c. References to this brand can be found everywhere in the house.<\/div><\/div><\/figcaption><\/figure><div class=\"fg-loader\"><\/div><\/div><div class=\"fg-item fg-type-image fg-idle\"><figure class=\"fg-item-inner\"><a href=\"https:\/\/origin-of-cigar.com\/wp-content\/uploads\/2025\/10\/OOC-Montecristo3-Amistad-3.jpg\" data-caption-desc=\"Die Fabrik befindet sich beinahe R\u00fccken an R\u00fccken zur ehemaligen Partag\u00e1s-Manufaktur, direkt hinter dem Capitol zu finden.\" data-attachment-id=\"1291\" data-type=\"image\" class=\"fg-thumb\"><span class=\"fg-image-wrap\"><img decoding=\"async\" alt=\"The factory is located almost back to back with the former Partag\u00e1s factory, directly behind the Capitol.\" width=\"250\" height=\"333\" class=\"skip-lazy fg-image\" data-src-fg=\"https:\/\/origin-of-cigar.com\/wp-content\/uploads\/cache\/2025\/10\/OOC-Montecristo3-Amistad-3\/2844622383.jpg\" src=\"data:image\/svg+xml,%3Csvg%20xmlns%3D%22http%3A%2F%2Fwww.w3.org%2F2000%2Fsvg%22%20width%3D%22250%22%20height%3D%22333%22%20viewBox%3D%220%200%20250%20333%22%3E%3C%2Fsvg%3E\" loading=\"eager\"><\/span><span class=\"fg-image-overlay\"><\/span><\/a><figcaption class=\"fg-caption\"><div class=\"fg-caption-inner\"><div class=\"fg-caption-desc\">The factory is located almost back to back with the former Partag\u00e1s factory, directly behind the Capitol.<\/div><\/div><\/figcaption><\/figure><div class=\"fg-loader\"><\/div><\/div><div class=\"fg-item fg-type-image fg-idle\"><figure class=\"fg-item-inner\"><a href=\"https:\/\/origin-of-cigar.com\/wp-content\/uploads\/2025\/10\/OOC-Montecristo4-Bela-1.jpg\" data-caption-desc=\"Seit 2011 werden die Montecristo in der H.Upmann-Fabrik auf der Calle Belascoain No.852 gefertigt.\" data-attachment-id=\"1292\" data-type=\"image\" class=\"fg-thumb\"><span class=\"fg-image-wrap\"><img decoding=\"async\" alt=\"The Montecristo has been produced in the H.Upmann factory on Calle Belascoain No.852 since 2011.\" width=\"250\" height=\"333\" class=\"skip-lazy fg-image\" data-src-fg=\"https:\/\/origin-of-cigar.com\/wp-content\/uploads\/cache\/2025\/10\/OOC-Montecristo4-Bela-1\/3035093926.jpg\" src=\"data:image\/svg+xml,%3Csvg%20xmlns%3D%22http%3A%2F%2Fwww.w3.org%2F2000%2Fsvg%22%20width%3D%22250%22%20height%3D%22333%22%20viewBox%3D%220%200%20250%20333%22%3E%3C%2Fsvg%3E\" loading=\"eager\"><\/span><span class=\"fg-image-overlay\"><\/span><\/a><figcaption class=\"fg-caption\"><div class=\"fg-caption-inner\"><div class=\"fg-caption-desc\">The Montecristo has been produced in the H.Upmann factory on Calle Belascoain No.852 since 2011.<\/div><\/div><\/figcaption><\/figure><div class=\"fg-loader\"><\/div><\/div><div class=\"fg-item fg-type-image fg-idle\"><figure class=\"fg-item-inner\"><a href=\"https:\/\/origin-of-cigar.com\/wp-content\/uploads\/2025\/10\/OOC-Montecristo4-Bela-2.jpg\" data-caption-desc=\"Diese Fabrik, innen wundersch\u00f6n, war mal die El Rey del Mundo-Fabrik, danach war es die Romeo y Julieta-Fabrik, jetzt hei\u00dft sie H.Upmann-Fabrik.\" data-attachment-id=\"1293\" data-type=\"image\" class=\"fg-thumb\"><span class=\"fg-image-wrap\"><img decoding=\"async\" alt=\"This factory, beautiful inside, used to be the El Rey del Mundo factory, then it was the Romeo y Julieta factory, now it&#039;s called the H.Upmann factory.\" width=\"250\" height=\"333\" class=\"skip-lazy fg-image\" data-src-fg=\"https:\/\/origin-of-cigar.com\/wp-content\/uploads\/cache\/2025\/10\/OOC-Montecristo4-Bela-2\/1750439041.jpg\" src=\"data:image\/svg+xml,%3Csvg%20xmlns%3D%22http%3A%2F%2Fwww.w3.org%2F2000%2Fsvg%22%20width%3D%22250%22%20height%3D%22333%22%20viewBox%3D%220%200%20250%20333%22%3E%3C%2Fsvg%3E\" loading=\"eager\"><\/span><span class=\"fg-image-overlay\"><\/span><\/a><figcaption class=\"fg-caption\"><div class=\"fg-caption-inner\"><div class=\"fg-caption-desc\">This factory, beautiful inside, used to be the El Rey del Mundo factory, then it was the Romeo y Julieta factory, now it's called the H.Upmann factory.<\/div><\/div><\/figcaption><\/figure><div class=\"fg-loader\"><\/div><\/div><div class=\"fg-item fg-type-image fg-idle\"><figure class=\"fg-item-inner\"><a href=\"https:\/\/origin-of-cigar.com\/wp-content\/uploads\/2025\/10\/OOC-Montecristo4-Bela-3.jpg\" data-caption-desc=\"Die H.Upmann-Fabrik ist aber auch die Casa Matriz, das Mutterhaus, der Marke Montecristo.\" data-attachment-id=\"1294\" data-type=\"image\" class=\"fg-thumb\"><span class=\"fg-image-wrap\"><img decoding=\"async\" alt=\"The H.Upmann factory is also the Casa Matriz, the parent company of the Montecristo brand.\" width=\"250\" height=\"330\" class=\"skip-lazy fg-image\" data-src-fg=\"https:\/\/origin-of-cigar.com\/wp-content\/uploads\/cache\/2025\/10\/OOC-Montecristo4-Bela-3\/3241961474.jpg\" src=\"data:image\/svg+xml,%3Csvg%20xmlns%3D%22http%3A%2F%2Fwww.w3.org%2F2000%2Fsvg%22%20width%3D%22250%22%20height%3D%22330%22%20viewBox%3D%220%200%20250%20330%22%3E%3C%2Fsvg%3E\" loading=\"eager\"><\/span><span class=\"fg-image-overlay\"><\/span><\/a><figcaption class=\"fg-caption\"><div class=\"fg-caption-inner\"><div class=\"fg-caption-desc\">The H.Upmann factory is also the Casa Matriz, the parent company of the Montecristo brand.<\/div><\/div><\/figcaption><\/figure><div class=\"fg-loader\"><\/div><\/div><\/div>\n\n\n\n<div style=\"height:41px\" aria-hidden=\"true\" class=\"wp-block-spacer\"><\/div>\n\n\n\n<p>\ud83d\udc49 <strong><a href=\"https:\/\/origin-of-cigar.com\/en\/montecristo-history\/\">Read now \ud83d\udc49 Montecristo history - a fascinating saga of success full of style and precision<\/a><\/strong><\/p>\n\n\n\n<p><strong>External website:<\/strong> <a href=\"https:\/\/de.wikipedia.org\/wiki\/Montecristo_(Zigarre)\" target=\"_blank\" rel=\"noopener\">Montecristo history at Wikipedia<\/a><\/p>","protected":false},"excerpt":{"rendered":"<p>Fotos Diese Fotos Montecristo zeigt Einblicke in die Geschichte einer der ber\u00fchmtesten Marken Kubas. Werkst\u00e4tten, alte Produktionsr\u00e4ume und architektonische Details vermitteln das besondere Flair, das&hellip;<\/p>","protected":false},"author":2,"featured_media":0,"parent":1915,"menu_order":0,"comment_status":"closed","ping_status":"closed","template":"","meta":{"om_disable_all_campaigns":false,"_glsr_average":0,"_glsr_ranking":0,"_glsr_reviews":0,"footnotes":""},"class_list":["post-1317","page","type-page","status-publish","hentry"],"jetpack_sharing_enabled":true,"_links":{"self":[{"href":"https:\/\/origin-of-cigar.com\/en\/wp-json\/wp\/v2\/pages\/1317","targetHints":{"allow":["GET"]}}],"collection":[{"href":"https:\/\/origin-of-cigar.com\/en\/wp-json\/wp\/v2\/pages"}],"about":[{"href":"https:\/\/origin-of-cigar.com\/en\/wp-json\/wp\/v2\/types\/page"}],"author":[{"embeddable":true,"href":"https:\/\/origin-of-cigar.com\/en\/wp-json\/wp\/v2\/users\/2"}],"replies":[{"embeddable":true,"href":"https:\/\/origin-of-cigar.com\/en\/wp-json\/wp\/v2\/comments?post=1317"}],"version-history":[{"count":5,"href":"https:\/\/origin-of-cigar.com\/en\/wp-json\/wp\/v2\/pages\/1317\/revisions"}],"predecessor-version":[{"id":1327,"href":"https:\/\/origin-of-cigar.com\/en\/wp-json\/wp\/v2\/pages\/1317\/revisions\/1327"}],"up":[{"embeddable":true,"href":"https:\/\/origin-of-cigar.com\/en\/wp-json\/wp\/v2\/pages\/1915"}],"wp:attachment":[{"href":"https:\/\/origin-of-cigar.com\/en\/wp-json\/wp\/v2\/media?parent=1317"}],"curies":[{"name":"wp","href":"https:\/\/api.w.org\/{rel}","templated":true}]}}